{"id":505,"date":"2015-12-29T19:05:15","date_gmt":"2015-12-29T18:05:15","guid":{"rendered":"http:\/\/semmelweis.hu\/fulorrgegeszet\/?page_id=505"},"modified":"2023-05-24T15:45:43","modified_gmt":"2023-05-24T13:45:43","slug":"oknkologiai-ellatas","status":"publish","type":"page","link":"https:\/\/semmelweis.hu\/fulorrgegeszet\/betegeinknek\/jarobeteg-ellatas\/oknkologiai-ellatas\/","title":{"rendered":"Onkol\u00f3giai ell\u00e1t\u00e1s"},"content":{"rendered":"<p style=\"text-align: justify\">Klinik\u00e1nk egyik vezet\u0151 profilja a f<strong>ej-nyaki daganatos betegs\u00e9gek<\/strong> diagn\u00f3zisa, kezel\u00e9se, ill. kieg\u00e9sz\u00edt\u0151 ter\u00e1pi\u00e1ja.<\/p>\n<p style=\"text-align: justify\">\u00c9vente mintegy 150-200 \u00faj fej-nyaki daganatos betegs\u00e9get diagnosztiz\u00e1lunk \u00e9s kezel\u00fcnk. <br \/>\nA ter\u00e1pia meghat\u00e1roz\u00e1sa &#8211; <strong>a legkorszer\u0171bb elveknek megfelel\u0151en<\/strong> &#8211; a klinik\u00e1n heti rendszeress\u00e9ggel m\u0171k\u00f6d\u0151 \u00fan. onko-team (onkol\u00f3giai bizotts\u00e1g) feladata, amelynek tagja <strong>f\u00fcl-orr-g\u00e9g\u00e9sz fej-nyakseb\u00e9sz koll\u00e9ga, sug\u00e1rter\u00e1pi\u00e1s szakorvos, onkol\u00f3gus szakorvos, radiol\u00f3gus, valamint patol\u00f3gus. <\/strong><\/p>\n<p style=\"text-align: justify\">Int\u00e9zet\u00fcnkben igen <strong>sz\u00e9les spektrum\u00fa onkol\u00f3giai seb\u00e9szet zajlik<\/strong>, nagy sz\u00e1mban v\u00e9gz\u00fcnk l\u00e9zeres \u00fan. minim\u00e1lisan invaz\u00edv tumorm\u0171t\u00e9teket, r\u00e9szleges (funkci\u00f3megtart\u00f3) g\u00e9gem\u0171t\u00e9teket, ill. \u00a0 &#8211; amennyiben a betegs\u00e9g st\u00e1diuma megk\u00edv\u00e1nja &#8211; <strong>kiterjesztett, radik\u00e1lis m\u0171t\u00e9teket, gyakran sz\u00f6vetp\u00f3tl\u00e1ssal<\/strong>.<\/p>\n<p style=\"text-align: justify\">Klinik\u00e1nk tev\u00e9kenys\u00e9gi k\u00f6r\u00e9be tartozik tov\u00e1bb\u00e1 a daganatos betegek kemoter\u00e1pi\u00e1s kezel\u00e9se, emellett <strong>t\u00f6bb onkol\u00f3giai klinikai vizsg\u00e1lat is zajlik klinik\u00e1nkon<\/strong>, \u00edgy &#8211; ezek keretein bel\u00fcl &#8211; lehet\u0151s\u00e9g\u00fcnk van arra, hogy a betegeinket leg\u00fajabb, c\u00e9lzott ter\u00e1pi\u00e1s vagy immunter\u00e1pi\u00e1s gy\u00f3gyszerekkel kezelj\u00fck. <br \/>\nAmennyiben \u00d6nn\u00e9l az ambul\u00e1ns vizsg\u00e1lat sor\u00e1n felmer\u00fcl daganatos betegs\u00e9g lehet\u0151s\u00e9ge, koll\u00e9g\u00e1nk <strong>elind\u00edtja a sz\u00fcks\u00e9ges vizsg\u00e1latsorozatot<\/strong>, majd ezek eredm\u00e9ny\u00e9vel mutatja be \u00d6nt az onko-team ambulanci\u00e1nkon.<\/p>\n","protected":false},"excerpt":{"rendered":"<p>Klinik\u00e1nk egyik vezet\u0151 profilja a fej-nyaki daganatos betegs\u00e9gek diagn\u00f3zisa, kezel\u00e9se, ill. kieg\u00e9sz\u00edt\u0151 ter\u00e1pi\u00e1ja. \u00c9vente mintegy 150-200 \u00faj fej-nyaki daganatos betegs\u00e9get diagnosztiz\u00e1lunk \u00e9s kezel\u00fcnk. A ter\u00e1pia meghat\u00e1roz\u00e1sa &#8211; a legkorszer\u0171bb elveknek megfelel\u0151en &#8211; a klinik\u00e1n heti rendszeress\u00e9ggel m\u0171k\u00f6d\u0151 \u00fan. onko-team (onkol\u00f3giai bizotts\u00e1g) feladata, amelynek tagja f\u00fcl-orr-g\u00e9g\u00e9sz fej-nyakseb\u00e9sz koll\u00e9ga, sug\u00e1rter\u00e1pi\u00e1s szakorvos, onkol\u00f3gus szakorvos, radiol\u00f3gus, valamint patol\u00f3gus. Int\u00e9zet\u00fcnkben &hellip;<\/p>\n","protected":false},"author":335,"featured_media":0,"parent":223,"menu_order":6,"comment_status":"closed","ping_status":"closed","template":"","meta":{"_acf_changed":false,"footnotes":""},"categories":[],"tags":[],"class_list":["post-505","page","type-page","status-publish","hentry"],"acf":[],"_links":{"self":[{"href":"https:\/\/semmelweis.hu\/fulorrgegeszet\/wp-json\/wp\/v2\/pages\/505","targetHints":{"allow":["GET"]}}],"collection":[{"href":"https:\/\/semmelweis.hu\/fulorrgegeszet\/wp-json\/wp\/v2\/pages"}],"about":[{"href":"https:\/\/semmelweis.hu\/fulorrgegeszet\/wp-json\/wp\/v2\/types\/page"}],"author":[{"embeddable":true,"href":"https:\/\/semmelweis.hu\/fulorrgegeszet\/wp-json\/wp\/v2\/users\/335"}],"replies":[{"embeddable":true,"href":"https:\/\/semmelweis.hu\/fulorrgegeszet\/wp-json\/wp\/v2\/comments?post=505"}],"version-history":[{"count":10,"href":"https:\/\/semmelweis.hu\/fulorrgegeszet\/wp-json\/wp\/v2\/pages\/505\/revisions"}],"predecessor-version":[{"id":2079,"href":"https:\/\/semmelweis.hu\/fulorrgegeszet\/wp-json\/wp\/v2\/pages\/505\/revisions\/2079"}],"up":[{"embeddable":true,"href":"https:\/\/semmelweis.hu\/fulorrgegeszet\/wp-json\/wp\/v2\/pages\/223"}],"wp:attachment":[{"href":"https:\/\/semmelweis.hu\/fulorrgegeszet\/wp-json\/wp\/v2\/media?parent=505"}],"wp:term":[{"taxonomy":"category","embeddable":true,"href":"https:\/\/semmelweis.hu\/fulorrgegeszet\/wp-json\/wp\/v2\/categories?post=505"},{"taxonomy":"post_tag","embeddable":true,"href":"https:\/\/semmelweis.hu\/fulorrgegeszet\/wp-json\/wp\/v2\/tags?post=505"}],"curies":[{"name":"wp","href":"https:\/\/api.w.org\/{rel}","templated":true}]}}