{"id":5,"date":"2012-02-02T13:25:35","date_gmt":"2012-02-02T13:25:35","guid":{"rendered":"http:\/\/semmelweis-egyetem.hu\/fulorrgegeszet\/?page_id=5"},"modified":"2025-07-02T10:14:09","modified_gmt":"2025-07-02T08:14:09","slug":"elerhetoseg","status":"publish","type":"page","link":"https:\/\/semmelweis.hu\/fulorrgegeszet\/elerhetoseg\/","title":{"rendered":"El\u00e9rhet\u0151s\u00e9g"},"content":{"rendered":"<p><strong>C\u00edm<\/strong>: 1083 Budapest, VIII. Szigony u. 36.<br \/>\n<strong>Titk\u00e1rs\u00e1g \/ Fax<\/strong>: (06-1) 333-3316<br \/>\n<strong>Porta<\/strong>: (06-1) 459-1500\/52350-es mell\u00e9k<br \/>\n<strong>E-mail<\/strong>: titkarsag.fulo@semmelweis.hu<br \/>\n<strong>Levelez\u00e9si c\u00edm<\/strong>:\u00a01085 Budapest, \u00dcll\u0151i \u00fat 26.; Postafi\u00f3k: 1428 Budapest, Pf.2.<\/p>\n<p>\n<!-- iframe plugin v.4.9 wordpress.org\/plugins\/iframe\/ -->\n<iframe loading=\"lazy\" src=\"https:\/\/www.google.hu\/maps?f=q&#038;source=s_q&#038;hl=hu&#038;geocode=&#038;q=1083+Budapest,+VIII.+Szigony+u.+36.&#038;aq=&#038;sll=47.481214,19.130303&#038;sspn=0.351291,0.792389&#038;ie=UTF8&#038;hq=&#038;hnear=1083+Budapest,+VIII.+ker%C3%BClet,+Szigony+utca+36&#038;t=m&#038;z=14&#038;ll=47.483533,19.079936&#038;output=embed\" width=\"600\" height=\"450\" scrolling=\"yes\" class=\"iframe-class\" frameborder=\"0\"><\/iframe>\n<br \/>\n<small><a href=\"https:\/\/www.google.hu\/maps?f=q&amp;source=embed&amp;hl=hu&amp;geocode=&amp;q=1083+Budapest,+VIII.+Szigony+u.+36.&amp;aq=&amp;sll=47.481214,19.130303&amp;sspn=0.351291,0.792389&amp;ie=UTF8&amp;hq=&amp;hnear=1083+Budapest,+VIII.+ker%C3%BClet,+Szigony+utca+36&amp;t=m&amp;z=14&amp;ll=47.483533,19.079936\">Nagyobb t\u00e9rk\u00e9pre v\u00e1lt\u00e1s<\/a><\/small><\/p>\n<p>&nbsp;<\/p>\n<p align=\"CENTER\"><span style=\"font-family: Times New Roman,serif\"><span style=\"font-size: medium\"><b><br \/>\n<\/b><br \/>\n<\/span><\/span><\/p>\n<p align=\"CENTER\">\u00a0<\/p>\n","protected":false},"excerpt":{"rendered":"<p>C\u00edm: 1083 Budapest, VIII. Szigony u. 36.<br \/>\nTitk\u00e1rs\u00e1g \/ Fax: (06-1) 333-3316<br \/>\nPorta: (06-1) 459-1500\/52350-es mell\u00e9k<br \/>\nE-mail: titkarsag.fulo@semmelweis.hu<br \/>\nLevelez\u00e9si c\u00edm:\u00a01085 Budapest, \u00dcll\u0151i \u00fat 26.; Postafi\u00f3k: 1428 Budapest, Pf.2.<\/p>\n<p><a href=\"https:\/\/www.google.hu\/maps?f=q&amp;source=embed&amp;hl=hu&amp;geocode=&amp;q=1083+Budapest,+VIII.+Szigony+u.+36.&amp;aq=&amp;sll=47.481214,19.130303&amp;sspn=0.351291,0.792389&amp;ie=UTF8&amp;hq=&amp;hnear=1083+Budapest,+VIII.+ker%C3%BClet,+Szigony+utca+36&amp;t=m&amp;z=14&amp;ll=47.483533,19.079936\">Nagyobb t\u00e9rk\u00e9pre v\u00e1lt\u00e1s<\/a><br \/>\n&nbsp;<\/p>\n<p>\u00a0<\/p>\n","protected":false},"author":101505,"featured_media":0,"parent":0,"menu_order":5,"comment_status":"closed","ping_status":"closed","template":"","meta":{"_acf_changed":false,"footnotes":""},"categories":[],"tags":[],"class_list":["post-5","page","type-page","status-publish","hentry"],"acf":[],"_links":{"self":[{"href":"https:\/\/semmelweis.hu\/fulorrgegeszet\/wp-json\/wp\/v2\/pages\/5","targetHints":{"allow":["GET"]}}],"collection":[{"href":"https:\/\/semmelweis.hu\/fulorrgegeszet\/wp-json\/wp\/v2\/pages"}],"about":[{"href":"https:\/\/semmelweis.hu\/fulorrgegeszet\/wp-json\/wp\/v2\/types\/page"}],"author":[{"embeddable":true,"href":"https:\/\/semmelweis.hu\/fulorrgegeszet\/wp-json\/wp\/v2\/users\/101505"}],"replies":[{"embeddable":true,"href":"https:\/\/semmelweis.hu\/fulorrgegeszet\/wp-json\/wp\/v2\/comments?post=5"}],"version-history":[{"count":11,"href":"https:\/\/semmelweis.hu\/fulorrgegeszet\/wp-json\/wp\/v2\/pages\/5\/revisions"}],"predecessor-version":[{"id":2265,"href":"https:\/\/semmelweis.hu\/fulorrgegeszet\/wp-json\/wp\/v2\/pages\/5\/revisions\/2265"}],"wp:attachment":[{"href":"https:\/\/semmelweis.hu\/fulorrgegeszet\/wp-json\/wp\/v2\/media?parent=5"}],"wp:term":[{"taxonomy":"category","embeddable":true,"href":"https:\/\/semmelweis.hu\/fulorrgegeszet\/wp-json\/wp\/v2\/categories?post=5"},{"taxonomy":"post_tag","embeddable":true,"href":"https:\/\/semmelweis.hu\/fulorrgegeszet\/wp-json\/wp\/v2\/tags?post=5"}],"curies":[{"name":"wp","href":"https:\/\/api.w.org\/{rel}","templated":true}]}}