{"id":275,"date":"2015-06-11T20:26:42","date_gmt":"2015-06-11T18:26:42","guid":{"rendered":"http:\/\/semmelweis.hu\/fulorrgegeszet\/?page_id=275"},"modified":"2025-07-02T10:11:12","modified_gmt":"2025-07-02T08:11:12","slug":"elojegyzesi-rend-es-elerhetosegek","status":"publish","type":"page","link":"https:\/\/semmelweis.hu\/fulorrgegeszet\/betegeinknek\/elojegyzesi-rend-es-elerhetosegek\/","title":{"rendered":"El\u0151jegyz\u00e9si rend \u00e9s el\u00e9rhet\u0151s\u00e9gek"},"content":{"rendered":"<p><strong>\u00c1ltal\u00e1nos Ambulancia\u00a0<br \/>\n<\/strong>Rendel\u00e9si id\u0151: <br \/>\nH\u00e9tf\u0151 &#8211; P\u00e9ntek\u00a0 09:00 -14:30<\/p>\n<p>Telefon (id\u0151ponthoz): <br \/>\n0620\/825-0722<br \/>\nId\u0151pontk\u00e9r\u00e9s 09:00 &#8211; 12:00 k\u00f6z\u00f6tt<\/p>\n<p>Beutal\u00f3: nem <br \/>\nEl\u0151jegyz\u00e9s: igen<\/p>\n<hr \/>\n<p><strong>Otoneurol\u00f3gia<\/strong><br \/>\n<strong>Tinnitus ambulancia<br \/>\n<\/strong>Rendel\u00e9si id\u0151:<br \/>\nH\u00e9tf\u0151 &#8211; P\u00e9ntek: 09:00 &#8211; 15:00<\/p>\n<p>Telefon (id\u0151ponthoz): 0620\/825-8712 vagy +361\/459-1497<br \/>\nId\u0151pontk\u00e9r\u00e9s: 13:00 &#8211; 15:00 k\u00f6z\u00f6tt<br \/>\nBeutal\u00f3: igen<br \/>\nEl\u0151jegyz\u00e9s: igen<\/p>\n<hr \/>\n<p><strong>Carotis Vertebralis Doppler \/ <\/strong><strong>UH \/<\/strong><strong>FNAB \/ <\/strong><strong>MR\/ <\/strong><strong>CT\u00a0<br \/>\n<\/strong>Klinika orvosai \u00e1ltal javasolt vizsg\u00e1lat eset\u00e9n<\/p>\n<p>Id\u0151pontk\u00e9r\u00e9s: 08:00 &#8211; 15:00<br \/>\nTelefon (id\u0151ponthoz): 0620\/670-1504<br \/>\nBeutal\u00f3: igen<br \/>\nEl\u0151jegyz\u00e9s: igen<\/p>\n<hr \/>\n<div>\u00a0<\/div>\n<p><strong>Foni\u00e1tria<br \/>\n<\/strong>Rendel\u00e9si id\u0151: Kedd, Szerda<br \/>\nTelefon (id\u0151ponthoz): 0630\/016-4253 &#8211; 8:00 &#8211; 14:30 k\u00f6z\u00f6tt<br \/>\nBeutal\u00f3: nem <br \/>\nEl\u0151jegyz\u00e9s: igen<\/p>\n<hr \/>\n<p><strong>Logop\u00e9dia\u00a0<br \/>\n<\/strong>Rendel\u00e9si id\u0151: H\u00e9tf\u0151 &#8211; P\u00e9ntek\u00a0<\/p>\n<p>Id\u0151pontk\u00e9r\u00e9s:<br \/>\n0620\/221-7997 &#8211; 09:00 \u2013 15:00 k\u00f6z\u00f6tt<\/p>\n<p>Beutal\u00f3: nem <br \/>\nEl\u0151jegyz\u00e9s: igen<\/p>\n<hr \/>\n<p><strong>Anaesthesia (altat\u00f3orvosi ambulancia)<br \/>\n<\/strong>Rendel\u00e9si id\u0151: <br \/>\nH\u00e9tf\u0151 &#8211; P\u00e9ntek\u00a0\u00a006:30 &#8211; 07:30\u00a0<br \/>\nId\u0151pontk\u00e9r\u00e9s: 0620\/666-3967 &#8211; 08:00 &#8211; 14:30 k\u00f6z\u00f6tt<br \/>\nBeutal\u00f3: nem <br \/>\nEl\u0151jegyz\u00e9s: igen<\/p>\n<hr \/>\n<p><strong>Allergol\u00f3gia <br \/>\n<\/strong>Rendel\u00e9si id\u0151:<br \/>\nSzerda\u00a0 \u00a008:00 &#8211; 16:00<br \/>\nId\u0151pontk\u00e9r\u00e9s<br \/>\n0620\/670-1174 &#8211; 08:00 &#8211; 09:00 \u00e9s 13:00 &#8211; 14:00 k\u00f6z\u00f6tt<br \/>\nBeutal\u00f3: nem <br \/>\nEl\u0151jegyz\u00e9s: igen<\/p>\n<hr \/>\n<p><strong>Szagl\u00e1s ambulancia<br \/>\n<\/strong>Rendel\u00e9si id\u0151:\u00a0<br \/>\nH\u00e9tf\u0151, Kedd, Cs\u00fct\u00f6rt\u00f6k, P\u00e9ntek:\u00a0 08:00 &#8211; 16:00 <br \/>\nId\u0151pontk\u00e9r\u00e9s:<br \/>\n0630\/016-4150 (08:00 &#8211; 15:00 k\u00f6z\u00f6tt)<br \/>\nBeutal\u00f3: nem <br \/>\nEl\u0151jegyz\u00e9s: igen<\/p>\n<hr \/>\n<p><span style=\"color: #ff0000\">Kedves Betegek!<\/span><\/p>\n<p><span style=\"color: #ff0000\">Audiol\u00f3gia szakrendel\u00e9sre a mai napt\u00f3l (2025.03.03.) a lent megjelen\u00edtett telefonsz\u00e1mon tudnak id\u0151pontot k\u00e9rni.\u00a0<\/span><br \/>\n<span style=\"color: #ff0000\">S\u00falyos hall\u00e1s s\u00e9r\u00fclt \u00e9s siket betegek SMS-ben k\u00e9rhetnek id\u0151pontot.\u00a0<\/span><\/p>\n<p><strong>Audiol\u00f3gia <br \/>\n<\/strong>Rendel\u00e9si id\u0151:<br \/>\nH\u00e9tk\u00f6znap: 07:00 &#8211; 15:00 <br \/>\nId\u0151pontk\u00e9r\u00e9s: 0630\/877-6050 12:00 &#8211; 14:00 k\u00f6z\u00f6tt\u00a0<br \/>\nBeutal\u00f3: igen (f\u00fcl-orr-g\u00e9g\u00e9szeti javaslat)<br \/>\nEl\u0151jegyz\u00e9s: igen<\/p>\n<hr \/>\n<p><strong>Cochle\u00e1ris Implant\u00e1ci\u00f3 Ambulancia\u00a0<br \/>\n<\/strong>Rendel\u00e9si id\u0151:\u00a0<br \/>\nCs\u00fct\u00f6rt\u00f6k:\u00a0 09:00 14:00 <br \/>\nTelefon (id\u0151ponthoz):<br \/>\n08:00-15:00 k\u00f6z\u00f6tt: 0620\/825-8726\u00a0<br \/>\nBeutal\u00f3: nem <br \/>\nEl\u0151jegyz\u00e9s: igen<\/p>\n<hr \/>\n<p><strong>Onkol\u00f3gia ambulancia\u00a0<br \/>\n<\/strong>Rendel\u00e9si id\u0151 <br \/>\nKedd:\u00a0 09:00 &#8211; 13:00<br \/>\nTelefon (id\u0151ponthoz):<br \/>\n08:00 &#8211; 15:00 k\u00f6z\u00f6tt: 0630\/016-4619\u00a0<br \/>\nBeutal\u00f3: nem <br \/>\nEl\u0151jegyz\u00e9s: igen<\/p>\n<hr \/>\n<p><strong>Id\u0151pont foglal\u00e1s Cochlearis Implant\u00e1ci\u00f3 Processzor be\u00e1ll\u00edt\u00e1sra az al\u00e1bbi linken lehets\u00e9ges:<\/strong><\/p>\n<p><a href=\"https:\/\/outlook.office365.com\/book\/Paksidm@unisemmelweis.onmicrosoft.com\/\">https:\/\/outlook.office365.com\/book\/Paksidm@unisemmelweis.onmicrosoft.com\/<\/a><\/p>\n","protected":false},"excerpt":{"rendered":"<p>\u00c1ltal\u00e1nos Ambulancia\u00a0 Rendel\u00e9si id\u0151: H\u00e9tf\u0151 &#8211; P\u00e9ntek\u00a0 09:00 -14:30 Telefon (id\u0151ponthoz): 0620\/825-0722 Id\u0151pontk\u00e9r\u00e9s 09:00 &#8211; 12:00 k\u00f6z\u00f6tt Beutal\u00f3: nem El\u0151jegyz\u00e9s: igen Otoneurol\u00f3gia Tinnitus ambulancia Rendel\u00e9si id\u0151: H\u00e9tf\u0151 &#8211; P\u00e9ntek: 09:00 &#8211; 15:00 Telefon (id\u0151ponthoz): 0620\/825-8712 vagy +361\/459-1497 Id\u0151pontk\u00e9r\u00e9s: 13:00 &#8211; 15:00 k\u00f6z\u00f6tt Beutal\u00f3: igen El\u0151jegyz\u00e9s: igen Carotis Vertebralis Doppler \/ UH \/FNAB \/ MR\/ CT\u00a0 &hellip;<\/p>\n","protected":false},"author":335,"featured_media":0,"parent":218,"menu_order":3,"comment_status":"closed","ping_status":"closed","template":"","meta":{"_acf_changed":false,"footnotes":""},"categories":[],"tags":[],"class_list":["post-275","page","type-page","status-publish","hentry"],"acf":[],"_links":{"self":[{"href":"https:\/\/semmelweis.hu\/fulorrgegeszet\/wp-json\/wp\/v2\/pages\/275","targetHints":{"allow":["GET"]}}],"collection":[{"href":"https:\/\/semmelweis.hu\/fulorrgegeszet\/wp-json\/wp\/v2\/pages"}],"about":[{"href":"https:\/\/semmelweis.hu\/fulorrgegeszet\/wp-json\/wp\/v2\/types\/page"}],"author":[{"embeddable":true,"href":"https:\/\/semmelweis.hu\/fulorrgegeszet\/wp-json\/wp\/v2\/users\/335"}],"replies":[{"embeddable":true,"href":"https:\/\/semmelweis.hu\/fulorrgegeszet\/wp-json\/wp\/v2\/comments?post=275"}],"version-history":[{"count":12,"href":"https:\/\/semmelweis.hu\/fulorrgegeszet\/wp-json\/wp\/v2\/pages\/275\/revisions"}],"predecessor-version":[{"id":2284,"href":"https:\/\/semmelweis.hu\/fulorrgegeszet\/wp-json\/wp\/v2\/pages\/275\/revisions\/2284"}],"up":[{"embeddable":true,"href":"https:\/\/semmelweis.hu\/fulorrgegeszet\/wp-json\/wp\/v2\/pages\/218"}],"wp:attachment":[{"href":"https:\/\/semmelweis.hu\/fulorrgegeszet\/wp-json\/wp\/v2\/media?parent=275"}],"wp:term":[{"taxonomy":"category","embeddable":true,"href":"https:\/\/semmelweis.hu\/fulorrgegeszet\/wp-json\/wp\/v2\/categories?post=275"},{"taxonomy":"post_tag","embeddable":true,"href":"https:\/\/semmelweis.hu\/fulorrgegeszet\/wp-json\/wp\/v2\/tags?post=275"}],"curies":[{"name":"wp","href":"https:\/\/api.w.org\/{rel}","templated":true}]}}