{"id":247,"date":"2015-02-13T08:04:35","date_gmt":"2015-02-13T07:04:35","guid":{"rendered":"http:\/\/semmelweis.hu\/fulorrgegeszet\/?page_id=247"},"modified":"2018-10-12T14:21:25","modified_gmt":"2018-10-12T12:21:25","slug":"a-gyermekkori-natha-felso-leguti-hurut","status":"publish","type":"page","link":"https:\/\/semmelweis.hu\/fulorrgegeszet\/betegeinknek\/betegsegekrol\/a-gyermekkori-natha-felso-leguti-hurut\/","title":{"rendered":"A gyermekkori n\u00e1tha, fels\u0151 l\u00e9g\u00fati hurut"},"content":{"rendered":"<p style=\"text-align: justify\">Dr. Krasznai Magdolna<\/p>\n<p style=\"text-align: justify\">A gyerekek egy r\u00e9sze mindk\u00e9t oldali orrfelet egyszerre, nagy er\u0151vel f\u00fajja ki, \u00edgy az orrv\u00e1lad\u00e9k ak\u00e1r a mell\u00e9k\u00fcregbe, vagy a f\u00fclk\u00fcrt\u00f6n \u00e1t a dob\u00fcregbe is \u00e1ramolhat. Helyes orrf\u00fav\u00e1skor mindk\u00e9t oldali orrfelet k\u00fcl\u00f6n-k\u00fcl\u00f6n k\u00f6zepes er\u0151vel v\u00e9gezz\u00fck.<\/p>\n<p style=\"text-align: justify\">Dr. Krasznai Magda, a Semmelweis Egyetem F\u00fcl-Orr-G\u00e9g\u00e9szet \u00e9s Fej-Nyakseb\u00e9szeti Klinika adjunktusa szerint vil\u00e1gszerte az egyik leggyakoribb megbeteged\u00e9s a n\u00e1tha. A kiskor\u00fa gyermekek \u00e9vente ak\u00e1r 8-10 alkalommal is megfert\u0151z\u0151dhetnek. Ez okozza a legt\u00f6bb iskolai hi\u00e1nyz\u00e1st, a legt\u00f6bb t\u00e1pp\u00e9nzes napok sz\u00e1m\u00e1t. T\u00f6bb mint 200 olyan v\u00edrust ismer\u00fcnk, amelyek n\u00e1th\u00e1t okoznak. Ezek cseppfert\u0151z\u00e9ssel terjednek, \u00edgy a k\u00f6z\u00f6ss\u00e9gbe j\u00e1r\u00f3 gyerekek egym\u00e1st \u00e9s k\u00f6rnyezet\u00fcket, csal\u00e1dtagjaikat is megfert\u0151zik.<\/p>\n<p style=\"text-align: justify\">A fels\u0151 l\u00e9g\u00fati megbeteged\u00e9sek sz\u00e1ma az \u00e9letkorral ford\u00edtottan ar\u00e1nyos, hiszen az \u00e1tv\u00e9szelt fert\u0151z\u00e9sek ut\u00e1n bizonyos immunit\u00e1s alakul ki. A v\u00edrusfert\u0151z\u00e9sek n\u00e9h\u00e1ny nap alatt \u00e1ltal\u00e1ban meggy\u00f3gyulnak, a gyermekek panaszmentess\u00e9 v\u00e1lnak, de gyakori a bakteri\u00e1lis fel\u00fclfert\u0151z\u0151d\u00e9s is. A gyermekkori fels\u0151 l\u00e9g\u00fati megbeteged\u00e9sek egy\u00e9bk\u00e9nt az immunrendszer \u00e9r\u00e9se szempontj\u00e1b\u00f3l kifejezetten fontosak.<\/p>\n<p style=\"text-align: justify\">Az, hogy egy kisgyermek mennyire \u00e9rz\u00e9keny a fert\u0151z\u00e9sekre, f\u00fcgg az immunrendszer\u00e9t\u0151l, fizikai, alkati \u00e9s lelki t\u00e9nyez\u0151it\u0151l. Az immunrendszer m\u0171k\u00f6d\u00e9s\u00e9t sok t\u00e9nyez\u0151 hat\u00e1rozza meg, \u00edgy a m\u00e9hen bel\u00fcli \u00e9let t\u00f6rt\u00e9n\u00e9sei, a terhess\u00e9g lefoly\u00e1sa, magzat fejl\u0151d\u00e9se, a sz\u00fclet\u00e9si s\u00faly, az anyatejes t\u00e1pl\u00e1l\u00e1s id\u0151tartama, a mama doh\u00e1nyz\u00e1sa \u00e9s \u00e9tkez\u00e9se a terhess\u00e9g alatt, k\u00f6rnyezeti t\u00e9nyez\u0151k. A sz\u00fclet\u00e9s ut\u00e1ni id\u0151szakban is meghat\u00e1roz\u00f3 a gyermek \u00e9tkez\u00e9se, (alul vagy t\u00falt\u00e1pl\u00e1lts\u00e1g, folyad\u00e9k, vitamin, nyomelem hi\u00e1ny), egy\u00e9b megbeteged\u00e9sek jelenl\u00e9te, mint vashi\u00e1ny, reflux, l\u00e9gz\u0151szervi allergia, amely miatt a n\u00e1tha t\u00f6bbsz\u00f6r v\u00e1lik s\u00falyoss\u00e1, elh\u00faz\u00f3d\u00f3v\u00e1.<\/p>\n<p style=\"text-align: justify\">A kisgyermekkori egyszer\u0171 n\u00e1tha az anat\u00f3miai viszonyok \u2013 az orrj\u00e1ratok \u00e9s az arc\u00fcregek k\u00f6zvetlen szomsz\u00e9ds\u00e1ga \u2013 miatt nemcsak az orr, hanem az arc\u00fcregek ny\u00e1lkah\u00e1rty\u00e1j\u00e1nak vizeny\u0151s duzzanat\u00e1t is okozza. Ez\u00e9rt a gyermekkori n\u00e1tha szinte mindig arc\u00fcreggyullad\u00e1ssal j\u00e1r egy\u00fctt, orrfoly\u00e1s, orrdugul\u00e1s, h\u00e1ts\u00f3 v\u00e1lad\u00e9kcsorg\u00e1s k\u00eds\u00e9ret\u00e9ben.<\/p>\n<p style=\"text-align: justify\">A n\u00e1tha tov\u00e1bbi t\u00e1rsbetegs\u00e9ge a f\u00fclk\u00fcrthurut. A f\u00fclk\u00fcrt az orrgaratot k\u00f6ti \u00f6ssze a dob\u00fcreggel, szerepe a norm\u00e1l dob\u00fcregi nyom\u00e1s biztos\u00edt\u00e1sa, mely a hall\u00e1s szempontj\u00e1b\u00f3l kiemelked\u0151en fontos. Amennyiben az orrny\u00e1lkah\u00e1rtya tart\u00f3s duzzanata miatt a f\u00fclk\u00fcrt m\u0171k\u00f6d\u00e9se akad\u00e1lyozott (leggyakrabban tart\u00f3san megnagyobbodott orrmandula miatt) ez\u00e1ltal a dob\u00fcregi nyom\u00e1s cs\u00f6kken, mely a k\u00f6z\u00e9pf\u00fcl m\u0171k\u00f6d\u00e9si zavar\u00e1t okozza. Ilyenkor a gyermek figyelmetlen, gyakran visszak\u00e9rdez, hangosan besz\u00e9l. A f\u00fclk\u00fcrthurut tart\u00f3s fenn\u00e1ll\u00e1sa eset\u00e9n a negat\u00edv dob\u00fcregi nyom\u00e1s miatt a dob\u00fcregi ny\u00e1lkah\u00e1rty\u00e1b\u00f3l ki\u00e1raml\u00f3 folyad\u00e9k miatt sav\u00f3s k\u00f6z\u00e9pf\u00fclgyullad\u00e1s j\u00f6het l\u00e9tre, ami tov\u00e1bb ronthatja a hall\u00e1st.<\/p>\n<p style=\"text-align: justify\">A k\u00f6z\u00f6ns\u00e9ges, sz\u00f6v\u0151dm\u00e9nymentes n\u00e1tha p\u00e1r nap alatt mag\u00e1t\u00f3l, spont\u00e1n is meggy\u00f3gyulhat. Term\u00e9szetesen gyermekkorban a t\u00fcneti kezel\u00e9st miel\u0151bb kezdj\u00fck el. Rendszeresen tiszt\u00edtsuk az orrj\u00e1ratokat \u00e9s haszn\u00e1ljuk ny\u00e1lkah\u00e1rtya lohaszt\u00f3 orrcseppeket, de l\u00e9nyeges, hogy egy h\u00e9tn\u00e9l ne adjuk tov\u00e1bb. Fontos a b\u0151 folyad\u00e9kbevitel, sz\u00fcks\u00e9g szerint l\u00e1zcsillap\u00edt\u00f3, ny\u00e1kold\u00f3k\u00f6ptet\u0151, vitaminok, m\u00e9zes tea ad\u00e1sa, arc \u00e9s f\u00fcl meleg\u00edt\u00e9se- emelte ki Dr. Krasznai Magda. Lehet\u0151leg a gyermek K\u00f6z\u00f6ss\u00e9gbe ne menjen , a szob\u00e1t p\u00e1r\u00e1s\u00edtsuk, gyakran szell\u0151ztess\u00fck.<\/p>\n<p style=\"text-align: justify\">Antibiotikumos kezel\u00e9st kiz\u00e1r\u00f3lag bakteri\u00e1lis fel\u00fclfert\u0151z\u00e9s, legyeng\u00fclt, elesett \u00e1llapot\u00fa gyermek eset\u00e9ben haszn\u00e1ljunk. A t\u00falz\u00e1sba vitt antibiotikum fogyaszt\u00e1ssal t\u00f6bbet \u00e1rthatunk, mint haszn\u00e1lhatunk \u00e9s az antibiotikumok hat\u00e9konys\u00e1ga is cs\u00f6kkehet.<\/p>\n<p style=\"text-align: justify\">\u0150szt\u0151l tavaszig terjed\u0151 id\u0151szakban a k\u00f6z\u00f6ss\u00e9ge j\u00e1r\u00f3 gyermekekn\u00e9l nem ritka, hogy ak\u00e1r minden m\u00e1sodik-harmadik h\u00e9ten p\u00e1r napra megbetegszik. Amennyiben folyamatosan n\u00e1th\u00e1s, hurutos mindenf\u00e9lek\u00e9ppen javasoljuk a gyermek kivizsg\u00e1l\u00e1s\u00e1t, g\u00f3ckeres\u00e9st.<\/p>\n<p style=\"text-align: justify\">Mi \u00e1llhat m\u00e9g a gyakori, elh\u00faz\u00f3d\u00f3 n\u00e1tha h\u00e1tter\u00e9ben?<\/p>\n<p style=\"text-align: justify\">Ha a gyermek gyakran n\u00e1th\u00e1s, hurutos, orra rendszeresen eldugul, orrhangon besz\u00e9l, folyamatosan nyitva van a sz\u00e1ja, \u00e9jszaka nyitott sz\u00e1jjal horkolva alszik, figyelmetlen, gyakran visszak\u00e9rdez, rendszeresen k\u00f6h\u00f6g, szemei karik\u00e1sak, al\u00e1\u00e1rkoltak \u2013 e t\u00fcnetek az orrmandula megnagyobbod\u00e1s\u00e1ra utalnak. Az orrmandula id\u00fclt gyullad\u00e1sa g\u00e1tolja az orrl\u00e9gz\u00e9st, rontja az \u00e9letmin\u0151s\u00e9g\u00e9t, zavarja a pihen\u00e9st, az alv\u00e1st. K\u00f6vetkezm\u00e9nyes f\u00fclk\u00fcrt hurutot, ez\u00e1ltal hall\u00e1scs\u00f6kken\u00e9st \u00e9s ak\u00e1r besz\u00e9dfejl\u0151d\u00e9si zavart is okozhat. A h\u00e1ts\u00f3 v\u00e1lad\u00e9kcsorg\u00e1s miatt \u00e9jjel-nappal k\u00f6h\u00f6g a gyermek.<\/p>\n<p style=\"text-align: justify\">Mit tehet\u00fcnk, milyen vizsg\u00e1latokat kell elv\u00e9gezni, mire kell m\u00e9g gondolni?<\/p>\n<p style=\"text-align: justify\">A gyakori, elh\u00faz\u00f3d\u00f3 n\u00e1tha miatt f\u00fcl-orr-g\u00e9g\u00e9szeti szakvizsg\u00e1lat esetleg hall\u00e1svizsg\u00e1lattal. Klinikai k\u00e9pt\u0151l f\u00fcgg\u0151en allergol\u00f3giai \u00e9s gastroenterol\u00f3giai kivizsg\u00e1l\u00e1s is sz\u00f3ba j\u00f6het.<\/p>\n<p style=\"text-align: justify\">Mikor gondoljuk gyermekkori allergi\u00e1s n\u00e1th\u00e1ra?<\/p>\n<p style=\"text-align: justify\">Amennyiben a sz\u00fcl\u0151k anamn\u00e9zis\u00e9ben allergi\u00e1s megbeteged\u00e9s (allergi\u00e1s n\u00e1tha, ) szerepel, gondoljunk gyermek\u00fcnkn\u00e9l is gyakran el\u0151fordul\u00f3 hurut eset\u00e9ben allergi\u00e1s n\u00e1th\u00e1ra. A megfigyel\u00e9sek alapj\u00e1n amennyiben az egyik sz\u00fcl\u0151 allergi\u00e1s 25 %, ha mindk\u00e9t sz\u00fcl\u0151 allergi\u00e1s 50%, amennyiben s\u00falyos asthma bronchiale is szerepel a k\u00f3rel\u0151zm\u00e9nyben ak\u00e1r 70%-os a val\u00f3sz\u00edn\u0171s\u00e9ge, hogy a gyermek allergi\u00e1s megbeteged\u00e9sben szenved. F\u0151k\u00e9nt akkor gondoljunk r\u00e1, ha csecsem\u0151kor\u00e1ban at\u00f3pi\u00e1s dermatitis, ekc\u00e9ma, vagy \u00e9telallergia szerepelt a gyermek k\u00f3rel\u0151zm\u00e9ny\u00e9ben. Ilyen k\u00f3rel\u0151zm\u00e9ny alapj\u00e1n, ha a sz\u00fcl\u0151k allergi\u00e1sok nagyon fontos az \u00fajsz\u00fcl\u00f6tt megfelel\u0151 ideig (3-6 h\u00f3napig) tart\u00f3 anyatejes t\u00e1pl\u00e1l\u00e1sa \u00e9s megfelel\u0151 k\u00f6rnyezeti kontroll betart\u00e1sa. Az allergi\u00e1s n\u00e1th\u00e1nak k\u00e9t f\u0151 form\u00e1ja ismert, a szezon\u00e1lis, meghat\u00e1rozott id\u0151szakban jelentkez\u0151, ill. eg\u00e9sz \u00e9vben fenn\u00e1ll\u00f3. Haz\u00e1nkban az \u00e9ghajlati \u00e9s f\u00f6ldrajzi viszonyok alapj\u00e1n h\u00e1rom f\u0151 szezont k\u00fcl\u00f6n\u00edthet\u00fcnk el, melyet a kor\u00e1n vir\u00e1gz\u00f3 f\u00e1k, f\u00fcvek \u00e9s gyomn\u00f6v\u00e9nyek pollenjei okozz\u00e1k. A szezon\u00e1lis allergi\u00e1s n\u00e1th\u00e1ra jellemz\u0151, hogy \u00e1ltal\u00e1ban minden \u00e9ben ugyanabban az id\u0151szakban jelentkeznek a t\u00fcnetek, ahol a t\u00fcssz\u00f6g\u00e9s, orrfoly\u00e1s \u00e9s szemt\u00fcnetek domin\u00e1lnak. A perenni\u00e1lis, vagy eg\u00e9sz \u00e9vben folyamatosan panaszt okoz\u00f3 allerg\u00e9nek lehetnek a h\u00e1zipor, h\u00e1ziporatka, pen\u00e9szgombaf\u00e9l\u00e9k, cs\u00f3t\u00e1ny valamint a h\u00e1zi\u00e1llatok allerg\u00e9njei, melyek f\u0151k\u00e9nt orrdugul\u00e1st \u00e9s k\u00f6h\u00f6g\u00e9st okoznak. Amennyiben allergi\u00e1s n\u00e1tha lehet\u0151s\u00e9ge felmer\u00fcl, nagyon fontos a csal\u00e1di \u00e9s k\u00f6rnyezeti anamn\u00e9zis gondos felv\u00e9tele \u00e9s a f\u00fcl-orr-g\u00e9g\u00e9szeti vizsg\u00e1lat ut\u00e1n egy b\u0151rteszt, un. prick teszt elv\u00e9gz\u00e9se. Ez a leggyakoribb allerg\u00e9nek b\u0151rre csepegtet\u00e9s\u00e9b\u0151l \u00e9s karcol\u00e1s\u00e1b\u00f3l \u00e1ll. Az eredm\u00e9nyt r\u00f6vid v\u00e1rakoz\u00e1si id\u0151 ut\u00e1n olvashatjuk le. Amennyiben az allergaigazol\u00f3dott fontos a miel\u0151bbi gy\u00f3gyszeres kezel\u00e9s megkezd\u00e9se. A b\u00e1zister\u00e1pia alapj\u00e1t az antihisztaminok \u00e9s lok\u00e1lis szteroidok k\u00e9pezik a megfelel\u0151 kieg\u00e9sz\u00edt\u0151 kezel\u00e9sekkel, pl. szemcsepp.<\/p>\n<p style=\"text-align: justify\">Az allergi\u00e1s rhinitis \u00e9s az asthma bronchiale egy\u00fcttes el\u0151fordul\u00e1sa eset\u00e9ben egym\u00e1s \u00e1llapot\u00e1t rontj\u00e1k, \u00edgy a s\u00falyosabb betegs\u00e9gnek v\u00e9lt asthma mellett az orr funkci\u00f3inak helyre\u00e1ll\u00edt\u00e1sa is fontos t\u00f6rekv\u00e9s.<\/p>\n<p style=\"text-align: justify\">A gyermek allergol\u00f3giai kivizsg\u00e1l\u00e1st, a prick tesztet lehet\u0151leg ne szezonban, a t\u00fcnetekl cs\u00facs\u00e1n v\u00e9gezz\u00fck el. Ilyenkor a panaszok alapj\u00e1n kezelj\u00fck a beteget \u00e9s a szezon elm\u00falt\u00e1val v\u00e9gezz\u00fck el a kivizsg\u00e1l\u00e1st. Fontos, hogy a b\u0151rpr\u00f3ba alkalmaz\u00e1sa el\u0151tt p\u00e1r nappal antihisztamint a gyermek ne szedjen. Amennyiben a b\u0151rteszt tart\u00f3s betegs\u00e9g, antihisztamin szed\u00e9s, vagy b\u0151rgy\u00f3gy\u00e1szati megbeteged\u00e9s miatt nem v\u00e9gezhet\u0151 el, \u00fagy laborat\u00f3riumi vizsg\u00e1lattal is kimutathatjuk az allergi\u00e1t.<\/p>\n<p style=\"text-align: justify\">Mi okozhat m\u00e9g \u00e9jszakai k\u00f6h\u00f6g\u00e9st, mire kell gondolnunk?<\/p>\n<p style=\"text-align: justify\">Kifejezett \u00e9jszakai k\u00f6h\u00f6g\u00e9s reflux (gyomortartalom visszacsorg\u00e1sa a nyel\u0151cs\u0151be, garatba) jele is lehet melyre \u00e9rdemes gondolni, f\u0151k\u00e9nt akkor, ha a panasz a gyermek lefekv\u00e9se ut\u00e1n jelentkezik. Emiatt ker\u00fclend\u0151 a k\u00e9s\u0151i vacsora, a kaka\u00f3 iv\u00e1sa, \u00e9dess\u00e9g fogyaszt\u00e1sa, nassol\u00e1s. Ilyen panasz esetben k\u00e9rdezz\u00fcnk r\u00e1, hogy a gyermek csecsem\u0151korban buk\u00f3s volt, most hogyan \u00e9tkezik, mikor vacsor\u00e1zik, mit eszik. A t\u00fals\u00faly, mozg\u00e1sszeg\u00e9ny \u00e9letm\u00f3d, stressz szint\u00e9n hajlamos\u00edt refluxra. Amennyiben reflux lehet\u0151s\u00e9ge felmer\u00fcl \u00e9letm\u00f3dbeli \u00e9s \u00e9tkez\u00e9si tan\u00e1csok betart\u00e1sa, sportol\u00e1s valamint savlek\u00f6t\u0151k alkalmaz\u00e1sa sokat seg\u00edthet.<\/p>\n<p style=\"text-align: justify\">Minden el\u0151zm\u00e9ny n\u00e9lkk\u00fcl, hirtelen kialakult k\u00f6h\u00f6g\u00e9s h\u00e1tter\u00e9ben idegentestre is gondolhatunk.<\/p>\n<p style=\"text-align: justify\">Abban az esetben, ha gyermek\u00fcnk \u00e1lland\u00f3an n\u00e1th\u00e1s, hurutos, gyakran k\u00f6h\u00f6g gondoljunk ezen betegs\u00e9gek ak\u00e1r egy\u00fcttes el\u0151fordul\u00e1s\u00e1ra is. Fontos a szakorvosi vizsg\u00e1lat, majd a diagn\u00f3zis miel\u0151bbi fel\u00e1ll\u00edt\u00e1sa ut\u00e1n a modern, korszer\u0171 kezel\u00e9s megkezd\u00e9se. Tudnunk kell, hogy valamennyi t\u00fcnet rontja az \u00e9letmin\u0151s\u00e9get, figyelmet, alv\u00e1st, koncentr\u00e1ci\u00f3t.<\/p>\n<p style=\"text-align: justify\">Mit csin\u00e1ljunk, ha gyakran beteg a gyermek?<\/p>\n<p style=\"text-align: justify\">F\u00fcl-orr-g\u00e9g\u00e9szeti kivizsg\u00e1l\u00e1s, javaslat alapj\u00e1n hall\u00e1svizsg\u00e1lat<\/p>\n<p style=\"text-align: justify\">Laborat\u00f3rium, allergol\u00f3giai kivizsg\u00e1l\u00e1s<\/p>\n<p style=\"text-align: justify\">Gastroenterol\u00f3giai kivizsg\u00e1l\u00e1s<\/p>\n<p style=\"text-align: justify\">Amennyiben az orrmandula megnagyobbodott, javasoljuk annak kiv\u00e9tel\u00e9t.<\/p>\n<p style=\"text-align: justify\">Valamennyi orrv\u00e1lad\u00e9koz\u00e1ssal j\u00e1r (fels\u0151 l\u00e9g\u00fati hurut, mell\u00e9k\u00fcreg gyullad\u00e1s, allergi\u00e1s rhinitis) k\u00f3rk\u00e9pben javasoljuk az orrmos\u00e1st (tengeri-, fiziol\u00f3gi\u00e1s s\u00f3oldattal t\u00f6rt\u00e9n\u0151) mellyel elt\u00e1vol\u00edtjuk a k\u00f6z\u00f6s orrj\u00e1ratokban l\u00e9v\u0151 orrv\u00e1lad\u00e9kot, az ott megtapadt polleneket, leveg\u0151szennyez\u0151d\u00e9st egyar\u00e1nt. Ezt k\u00f6vet\u0151en b\u00e1tran haszn\u00e1ljuk gyermekkorban lok\u00e1lis szteroidot, mely gyullad\u00e1scs\u00f6kkent\u0151 hat\u00e1sa r\u00e9v\u00e9n j\u00f3t\u00e9kony hat\u00e1s\u00fa valamennyi fels\u0151 l\u00e9g\u00fati megbeteged\u00e9sben. Orrmos\u00e1st k\u00f6vet\u0151en a spray hat\u00e9konyabban, gyorsabban, fejti ki hat\u00e1s\u00e1t.<\/p>\n","protected":false},"excerpt":{"rendered":"<p>Dr. Krasznai Magdolna A gyerekek egy r\u00e9sze mindk\u00e9t oldali orrfelet egyszerre, nagy er\u0151vel f\u00fajja ki, \u00edgy az orrv\u00e1lad\u00e9k ak\u00e1r a mell\u00e9k\u00fcregbe, vagy a f\u00fclk\u00fcrt\u00f6n \u00e1t a dob\u00fcregbe is \u00e1ramolhat. Helyes orrf\u00fav\u00e1skor mindk\u00e9t oldali orrfelet k\u00fcl\u00f6n-k\u00fcl\u00f6n k\u00f6zepes er\u0151vel v\u00e9gezz\u00fck. Dr. Krasznai Magda, a Semmelweis Egyetem F\u00fcl-Orr-G\u00e9g\u00e9szet \u00e9s Fej-Nyakseb\u00e9szeti Klinika adjunktusa szerint vil\u00e1gszerte az egyik leggyakoribb megbeteged\u00e9s &hellip;<\/p>\n","protected":false},"author":335,"featured_media":0,"parent":226,"menu_order":7,"comment_status":"open","ping_status":"closed","template":"","meta":{"_acf_changed":false,"footnotes":""},"categories":[],"tags":[],"class_list":["post-247","page","type-page","status-publish","hentry"],"acf":[],"_links":{"self":[{"href":"https:\/\/semmelweis.hu\/fulorrgegeszet\/wp-json\/wp\/v2\/pages\/247","targetHints":{"allow":["GET"]}}],"collection":[{"href":"https:\/\/semmelweis.hu\/fulorrgegeszet\/wp-json\/wp\/v2\/pages"}],"about":[{"href":"https:\/\/semmelweis.hu\/fulorrgegeszet\/wp-json\/wp\/v2\/types\/page"}],"author":[{"embeddable":true,"href":"https:\/\/semmelweis.hu\/fulorrgegeszet\/wp-json\/wp\/v2\/users\/335"}],"replies":[{"embeddable":true,"href":"https:\/\/semmelweis.hu\/fulorrgegeszet\/wp-json\/wp\/v2\/comments?post=247"}],"version-history":[{"count":2,"href":"https:\/\/semmelweis.hu\/fulorrgegeszet\/wp-json\/wp\/v2\/pages\/247\/revisions"}],"predecessor-version":[{"id":1009,"href":"https:\/\/semmelweis.hu\/fulorrgegeszet\/wp-json\/wp\/v2\/pages\/247\/revisions\/1009"}],"up":[{"embeddable":true,"href":"https:\/\/semmelweis.hu\/fulorrgegeszet\/wp-json\/wp\/v2\/pages\/226"}],"wp:attachment":[{"href":"https:\/\/semmelweis.hu\/fulorrgegeszet\/wp-json\/wp\/v2\/media?parent=247"}],"wp:term":[{"taxonomy":"category","embeddable":true,"href":"https:\/\/semmelweis.hu\/fulorrgegeszet\/wp-json\/wp\/v2\/categories?post=247"},{"taxonomy":"post_tag","embeddable":true,"href":"https:\/\/semmelweis.hu\/fulorrgegeszet\/wp-json\/wp\/v2\/tags?post=247"}],"curies":[{"name":"wp","href":"https:\/\/api.w.org\/{rel}","templated":true}]}}