{"id":245,"date":"2015-02-13T08:03:33","date_gmt":"2015-02-13T07:03:33","guid":{"rendered":"http:\/\/semmelweis.hu\/fulorrgegeszet\/?page_id=245"},"modified":"2018-10-12T14:20:42","modified_gmt":"2018-10-12T12:20:42","slug":"nem-mindegy-meddig-es-hogyan-kohogunk","status":"publish","type":"page","link":"https:\/\/semmelweis.hu\/fulorrgegeszet\/betegeinknek\/betegsegekrol\/nem-mindegy-meddig-es-hogyan-kohogunk\/","title":{"rendered":"Nem mindegy, meddig \u00e9s hogyan k\u00f6h\u00f6g\u00fcnk!"},"content":{"rendered":"<p style=\"text-align: justify\">Az \u0151szi-t\u00e9li h\u00f3napokban gyakoriak a fels\u0151l\u00e9g\u00fati megbeteged\u00e9sek, amelyeknek egyik velej\u00e1r\u00f3ja a k\u00f6h\u00f6g\u00e9s.<\/p>\n<p style=\"text-align: justify\">Mint dr. Krasznai Magda, a Semmelweis Egyetem F\u00fcl-Orr-G\u00e9g\u00e9szeti \u00e9s Nyakseb\u00e9szeti Klinik\u00e1j\u00e1nak adjunktusa mondja, ezt a reflexes \u201etev\u00e9kenys\u00e9get\u201d val\u00f3j\u00e1ban a l\u00e9gz\u0151szerv alapvet\u0151 \u00e9s egyben term\u00e9szetes v\u00e9dekez\u0151 mechanizmusa id\u00e9zi el\u0151, amely a l\u00e9gutakba ker\u00fclt l\u00e9gszennyez\u0151, irrit\u00e1l\u00f3 anyagokt\u00f3l, pollenekt\u0151l val\u00f3 megszabadul\u00e1st szolg\u00e1lja.<\/p>\n<p style=\"text-align: justify\">A k\u00f6h\u00f6g\u00e9st a szezon\u00e1lis n\u00e1th\u00e1n, influenz\u00e1n k\u00edv\u00fcl az asztma, az allergi\u00e1s n\u00e1tha, az id\u00fclt h\u00f6rghurut, s olyan ny\u00e1lkah\u00e1rtya-elt\u00e1voz\u00e1sok is el\u0151h\u00edvhatj\u00e1k, mint p\u00e9ld\u00e1ul az orrpolip. A fels\u0151 l\u00e9gutak akut, bakt\u00e9riumok, v\u00edrusok \u00e1ltal el\u0151id\u00e9zett gyullad\u00e1sos megbeteged\u00e9sei \u2013 sok m\u00e1s t\u00fcnet mellett \u2013 a h\u00e1ts\u00f3 garatfali v\u00e1lad\u00e9kcsorg\u00e1sban is megnyilv\u00e1nulnak.<\/p>\n<p style=\"text-align: justify\">Elh\u00faz\u00f3d\u00f3 fels\u0151l\u00e9g\u00fati gyullad\u00e1s eset\u00e9n az arc\u00fcregben vagy az orrgaratban termel\u0151d\u0151 \u00e9s felhalmoz\u00f3d\u00f3 ny\u00e1k szint\u00e9n k\u00f6h\u00f6g\u00e9st provok\u00e1lhat.<\/p>\n<p style=\"text-align: justify\">Nem el\u00e9gg\u00e9 k\u00f6ztudott, hogy ez a reflexes folyamat j\u00f3csk\u00e1n hozz\u00e1j\u00e1rulhat az akut fels\u0151l\u00e9g\u00fati fert\u0151z\u00e9sek eset\u00e9ben a gy\u00f3gyul\u00e1shoz, mivel a l\u00e9gutakban termel\u0151d\u0151 hurutos ny\u00e1k t\u00e1voz\u00e1s\u00e1t seg\u00edti el\u0151. A ban\u00e1lis n\u00e1tha, az influenza \u00e1ltal\u00e1ban nyolc h\u00e9t alatt gy\u00f3gyul. A nedves, \u00fan. produkt\u00edv k\u00f6h\u00f6g\u00e9s seg\u00edti a v\u00e1lad\u00e9k felszakad\u00e1s\u00e1t \u00e9s t\u00e1voz\u00e1s\u00e1t, ez\u00e9rt ezt a folyamatot nem szabad k\u00f6h\u00f6g\u00e9scsillap\u00edt\u00f3 k\u00e9sz\u00edtm\u00e9nyekkel megg\u00e1tolni.<\/p>\n<p style=\"text-align: justify\">A sz\u00e1raz, k\u00ednz\u00f3 k\u00f6h\u00f6g\u00e9s okainak kider\u00edt\u00e9s\u00e9hez \u00e9s c\u00e9lir\u00e1nyos kezel\u00e9s\u00e9hez sz\u00fcks\u00e9ges lehet a szakorvos k\u00f6zrem\u0171k\u00f6d\u00e9s\u00e9re, az \u00e1ltala javasolt k\u00f6ptet\u0151, ny\u00e1kold\u00f3 k\u00e9sz\u00edtm\u00e9nyek alkalmaz\u00e1s\u00e1ra, amelynek hat\u00f3anyagai seg\u00edtik a l\u00e9gutakban lerak\u00f3dott v\u00e1lad\u00e9k old\u00e1s\u00e1t, a k\u00f6pet\u00fcr\u00edt\u00e9st. Esti haszn\u00e1latuk azonban nem javasolt, mert a v\u00e1lad\u00e9k felszakad\u00e1s\u00e1t serkent\u0151 alapanyagaik a ny\u00e1lkah\u00e1rty\u00e1n l\u00e9v\u0151 k\u00f6h\u00f6g\u00e9si receptorokon kereszt\u00fcl az agyban l\u00e9v\u0151 k\u00f6h\u00f6g\u00e9si k\u00f6zpontot ingerlik, ez\u00e1ltal pedig megzavarj\u00e1k az \u00e9jszakai alv\u00e1st.<\/p>\n<p style=\"text-align: justify\">Mint a szakorvos mondja, aj\u00e1nlatos f\u00fcl-orr-g\u00e9g\u00e9szhez fordulni akkor is, ha a k\u00f6h\u00f6g\u00e9s \u2013 legyen az nedves, vagy sz\u00e1raz \u2013 k\u00e9t-h\u00e1rom h\u00f3napon \u00e1t tart\u00f3v\u00e1, vagy m\u00e9g tart\u00f3sabb\u00e1 v\u00e1lik.<\/p>\n<p style=\"text-align: justify\">A kr\u00f3nikus k\u00f6h\u00f6g\u00e9sre az\u00e9rt is kell odafigyelni, mert e t\u00fcnetet sz\u00e1mtalan ok id\u00e9zheti el\u0151.<\/p>\n<p style=\"text-align: justify\">Egyes l\u00e9g\u00fati anat\u00f3miai, illetve ny\u00e1lkah\u00e1rtya-elv\u00e1ltoz\u00e1sok (orrpolip, orrs\u00f6v\u00e9nyferd\u00fcl\u00e9s, als\u00f3 kagyl\u00f3-duzzanat, orrmandula megnagyobbod\u00e1s, a t\u00fal hossz\u00fa, leny\u00fal\u00f3 nyelvcsap) bakteri\u00e1lis fel\u00fclfert\u0151z\u0151d\u00e9shez \u00e9s makacs k\u00f6h\u00f6g\u00e9shez vezetnek.<\/p>\n<p style=\"text-align: justify\">A k\u00f6h\u00f6g\u00e9st fenntartja a folyamatosan fenn\u00e1ll\u00f3 orrny\u00e1lkah\u00e1rtya-duzzanat \u00e9s orr-,illetve arcmell\u00e9k\u00fcreg-gyullad\u00e1s, de a g\u00e9ge gyullad\u00e1sa, valamint annak daganatos megbeteged\u00e9se is. A kr\u00f3nikuss\u00e1 v\u00e1lt k\u00f6h\u00f6g\u00e9s \u00e9s a folyamatos v\u00e1lad\u00e9ktermel\u00e9s, k\u00f6pet\u00fcr\u00edt\u00e9s olyan sz\u00f6v\u0151dm\u00e9nyekre, s\u00falyosabb l\u00e9g\u00fati betegs\u00e9gekre is utalhat, mint p\u00e9ld\u00e1ul a gennyes h\u00f6rg\u0151gyullad\u00e1s, t\u00fcd\u0151t\u00e1gulat, t\u00fcd\u0151t\u00e1lyog, s\u00falyosabb esetben pedig a t\u00fcd\u0151baj. A mellh\u00e1rtya megbeteged\u00e9seink t\u00fcnete lehet az id\u00fclt produkt\u00edv k\u00f6h\u00f6g\u00e9s, m\u00edg az sz\u00e1raz \u201eforma\u201d asztm\u00e1ra vagy asztmatikus h\u00f6rghurutra utalhat.<\/p>\n<p style=\"text-align: justify\">Amennyiben teh\u00e1t ak\u00e1r a nedves, ak\u00e1r a sz\u00e1raz k\u00f6h\u00f6g\u00e9s- a gy\u00f3gyszeres kezel\u00e9s ellen\u00e9re \u2013 k\u00e9t h\u00f3napn\u00e1l tov\u00e1bb tart, nem csak indokolt hanem sz\u00fcks\u00e9ges is az alapos f\u00fcl-orr-g\u00e9g\u00e9szeti (mell\u00e9k\u00fcreg CT \u00e9s az orr-endoszk\u00f3pia), allergiol\u00f3gia, esetleg t\u00fcd\u0151gy\u00f3gy\u00e1szati, belgy\u00f3gy\u00e1szati kivizsg\u00e1l\u00e1s.<\/p>\n<p style=\"text-align: justify\">A szakorvos a vizsg\u00e1latok el\u0151tt felveszi a beteg anamn\u00e9zis\u00e9t, r\u00e1k\u00e9rdez a folyamat kialakul\u00e1\u00e9s\u00e1nak idej\u00e9re, a k\u00f6h\u00f6g\u00e9s jelleg\u00e9re (sz\u00e1raz, nedves, ugat\u00f3, l\u00e9gszomjjal j\u00e1r\u00f3 stb.), az azt k\u00eds\u00e9r\u0151 t\u00fcnetekre, a beteg k\u00f6z\u00e9rzet\u00e9re, esetleges m\u00e1s betegs\u00e9g(ek) megl\u00e9t\u00e9re, valamintaz(azok) kezel\u00e9s\u00e9re szolg\u00e1l\u00f3, rendszersen szedett gy\u00f3gyszerekre is \u2013 magyar\u00e1zza a SOTE f\u00fcl-orr-g\u00e9ge klinik\u00e1j\u00e1nak adjunktusa.<\/p>\n<p style=\"text-align: justify\">A k\u00e9rd\u00e9sre, hogy mit tegy\u00fcnk elker\u00fclend\u0151 a n\u00e1th\u00e1t, az influenz\u00e1t, a szakorvos az eg\u00e9szs\u00e9ges \u00e9letm\u00f3dot (pl. rendszeres testmozg\u00e1s), az \u00e9vszaknak megfelel\u0151 \u00f6lt\u00f6zk\u00f6d\u00e9st, a vitaminokban, nyomelemekben gazdag, kiegyens\u00falyozott t\u00e1pl\u00e1lkoz\u00e1st, a b\u0151 folyad\u00e9kfogyaszt\u00e1st \u2013 \u00e9s nem utols\u00f3sorban \u2013 az alapvet\u0151 hig\u00e9n\u00e9s szok\u00e1sok, mint a gyakori k\u00e9zmos\u00e1s, a t\u00f6meg ker\u00fcl\u00e9se, a belt\u00e9ri leveg\u0151 gyakori szell\u0151ztet\u00e9se, p\u00e1r\u00e1s\u00edt\u00e1sa, zsebkend\u0151be k\u00f6h\u00f6g\u00e9s, t\u00fcsszent\u00e9s \u201eillemszab\u00e1lyok\u201d betart\u00e1s\u00e1t javasolja.<\/p>\n<p style=\"text-align: justify\">A klinikai szakorvos arra is figyelmeztet, hogy az akt\u00edv \u00e9s passz\u00edv doh\u00e1nyz\u00e1s, a t\u00falzott alkoholfogyaszt\u00e1s, valamint a fizikai, szellemi t\u00falterhel\u00e9s is gyeng\u00edti a szervezet v\u00e9dekez\u0151 k\u00e9pess\u00e9g\u00e9t a szezon\u00e1lis megbeteged\u00e9sek kialakul\u00e1s\u00e1ban f\u0151szerepet j\u00e1tsz\u00f3 bakt\u00e9riumokkal, v\u00edrusokkal szemben.<\/p>\n<p style=\"text-align: justify\">Ha m\u00e9gis utol\u00e9rt benn\u00fcnket a fels\u0151l\u00e9g\u00fati megbeteged\u00e9s, a sz\u00e1raz k\u00f6h\u00f6g\u00e9s kezel\u00e9s\u00e9re a ny\u00e1kold\u00f3, k\u00f6ptet\u0151, orvosi rendelv\u00e9ny n\u00e9lk\u00fcl is kaphat\u00f3 k\u00e9sz\u00edtm\u00e9nyek alkalmaz\u00e1s\u00e1t javasolja. Er\u0151s orrdugul\u00e1s eset\u00e9ben \u00fan. lohaszt\u00f3 orrcseppek seg\u00edthetnek megsz\u00fcntetni az orrl\u00e9gz\u00e9st akad\u00e1lyoz\u00f3 ny\u00e1lkah\u00e1rtya-duzzanatot, \u00e9s k\u00f6nnyebb\u00e9 tenni a v\u00e1lad\u00e9k \u00fcr\u00fcl\u00e9s\u00e9t.<\/p>\n<p style=\"text-align: justify\">A magas v\u00e9rnyom\u00e1s, illetve id\u0151s betegeknek azonban az \u00f6ngy\u00f3gyszerez\u00e9s helyett azt tan\u00e1csolja a szakorvos: a v\u00e9ny n\u00e9lk\u00fcl kaphat\u00f3 orrcseppek, k\u00f6h\u00f6g\u00e9st csillap\u00edt\u00f3 k\u00e9sz\u00edtm\u00e9nyek alkalmaz\u00e1sa el\u0151tt konzult\u00e1ljanak h\u00e1zi\/kezel\u0151 orvosukkal, a gy\u00f3gyszerel\u00e9ssel, mert ezen gy\u00f3gyszerek \u2013 \u00e9r\u00f6sszeh\u00faz\u00f3d\u00f3 hat\u00e1suk miatt \u2013 v\u00e9rnyom\u00e1s-emelked\u00e9st okozhatnak. A helyes orrf\u00fav\u00e1si technik\u00e1ra) el\u0151sz\u00f6r az egyik, majd a m\u00e1sik orrj\u00e1rat \u201e\u00fcr\u00edt\u00e9se\u201d) ugyancsak felh\u00edvja a figyelmet. Az orrcsepp-haszn\u00e1lat el\u0151tt javasolja a gyorsabb gy\u00f3gyul\u00e1s \u00e9rdek\u00e9ben az orrj\u00e1ratok \u00e1t\u00f6bl\u00edt\u00e9s\u00e9t (enyh\u00e9n s\u00f3s, langyos v\u00edzzel). \u00c9jszakai k\u00f6h\u00f6g\u00e9sn\u00e9l langyos Salvus v\u00edzzel t\u00f6rt\u00e9n\u0151 \u00e1tmos\u00e1sukat, illetve mag\u00e1nak a gy\u00f3gyv\u00edznek a fogyaszt\u00e1s\u00e1t is aj\u00e1nlja. A hagyom\u00e1nyos \u201en\u00e9pi\u201d gy\u00f3gym\u00f3dok k\u00f6z\u00fcl a z\u00f6ld tea, a citrus-f\u00e9l\u00e9k, a m\u00e9z \u00e9s a fokhagyma fogyaszt\u00e1sa is seg\u00edtheti a mihamarabbi fel\u00e9p\u00fcl\u00e9st. Az adjunktus asszony az orrcseppek h\u00e9t-t\u00edz napn\u00e1l tov\u00e1bbi alkalmaz\u00e1s\u00e1nak vesz\u00e9lyeire is figyelmeztet. Tart\u00f3s haszn\u00e1latuk ugyanis hozz\u00e1szok\u00e1st okozhat (vagyis a beteg k\u00e9sztet\u00e9st \u00e9rez arra, hogy szabad orrl\u00e9gz\u00e9se \u00e9rdek\u00e9ben min\u00e9l gyakrabban cseppentsen az orrj\u00e1rataiba a szerb\u0151l), ami miatt k\u00e1rosodik a ny\u00e1lkah\u00e1rtya, \u00e9s nemhogy megsz\u0171nik, hanem \u00e1lland\u00f3sul az orrny\u00e1lkah\u00e1rtya-duzzanat, \u00edgy az orrdugul\u00e1s-\u00e9rzet.<\/p>\n<p style=\"text-align: justify\"><a><\/a> Keretes:<\/p>\n<p style=\"text-align: justify\">J\u00f3, ha tudod!<\/p>\n<ul style=\"text-align: justify\">\n<li>\n<p>l\u00e9gz\u0151szerveken k\u00edv\u00fcli okok, amelyek kr\u00f3nikus k\u00f6h\u00f6g\u00e9ssel j\u00e1rnak:<\/p>\n<\/li>\n<\/ul>\n<p style=\"text-align: justify\">a sz\u00edv-, m\u00e1j-, vesebetegs\u00e9g, a reflux, a magas v\u00e9rnyom\u00e1sra szedett ACE g\u00e1tl\u00f3k. Szenzibilisebb emberekn\u00e9l a fesz\u00fclts\u00e9g jele lehet az \u00fan. ideges k\u00f6h\u00e9csel\u00e9s.<\/p>\n<ul>\n<li style=\"text-align: justify\">\n<p>Haz\u00e1nkban az \u00e9ghajlati \u00e9s f\u00f6ldrajzi viszonyok alapj\u00e1n h\u00e1rom f\u0151 allergi\u00e1s id\u0151szakot k\u00fcl\u00f6n\u00edthet\u00fcnk el (kor\u00e1n vir\u00e1gz\u00f3 f\u00e1k, f\u00fcvek, gyomn\u00f6v\u00e9nyek). A kora tavaszt\u00f3l, okt\u00f3ber v\u00e9g\u00e9ig tart\u00f3 id\u0151szakban a szezon\u00e1lis allergi\u00e1s n\u00e1tha t\u00fcnetei (vizes orrfoly\u00e1s, orrdugul\u00e1s, szemt\u00fcnetek, k\u00f6h\u00f6g\u00e9s) jelentkeznek. A perenni\u00e1lis, vagyis eg\u00e9sz \u00e9vben fenn\u00e1ll\u00f3 allergi\u00e1s n\u00e1tha f\u0151 t\u00fcnete a tart\u00f3s orrdugul\u00e1s, a h\u00e1ts\u00f3 garati v\u00e1lad\u00e9kcsorg\u00e1s. Leggyakoribb, t\u00fal\u00e9rz\u00e9kenys\u00e9get kiv\u00e1lt\u00f3 anyagok a h\u00e1zipor, h\u00e1ziporatka, pen\u00e9szgomba, kutya- \u00e9s macskasz\u0151r. A pen\u00e9szgomba \u2013 kis \u2013 s\u00falya miatt \u2013 a fels\u0151 l\u00e9g\u00fati allergi\u00e1s panaszok mellett gyakran okoz az als\u00f3 l\u00e9gutakban asztm\u00e1s t\u00fcneteket \u00e9s tart\u00f3s k\u00f6h\u00f6g\u00e9st.<\/p>\n<\/li>\n<li>\n<p style=\"text-align: justify\">Bizonyos \u00e9telek, italok \u00e9s gy\u00f3gyszerek is okozhatnak allergi\u00e1s, k\u00f6h\u00f6g\u00e9ssel j\u00e1r\u00f3 t\u00fcneteket.<\/p>\n<\/li>\n<\/ul>\n","protected":false},"excerpt":{"rendered":"<p>Az \u0151szi-t\u00e9li h\u00f3napokban gyakoriak a fels\u0151l\u00e9g\u00fati megbeteged\u00e9sek, amelyeknek egyik velej\u00e1r\u00f3ja a k\u00f6h\u00f6g\u00e9s. Mint dr. Krasznai Magda, a Semmelweis Egyetem F\u00fcl-Orr-G\u00e9g\u00e9szeti \u00e9s Nyakseb\u00e9szeti Klinik\u00e1j\u00e1nak adjunktusa mondja, ezt a reflexes \u201etev\u00e9kenys\u00e9get\u201d val\u00f3j\u00e1ban a l\u00e9gz\u0151szerv alapvet\u0151 \u00e9s egyben term\u00e9szetes v\u00e9dekez\u0151 mechanizmusa id\u00e9zi el\u0151, amely a l\u00e9gutakba ker\u00fclt l\u00e9gszennyez\u0151, irrit\u00e1l\u00f3 anyagokt\u00f3l, pollenekt\u0151l val\u00f3 megszabadul\u00e1st szolg\u00e1lja. A k\u00f6h\u00f6g\u00e9st a szezon\u00e1lis &hellip;<\/p>\n","protected":false},"author":335,"featured_media":0,"parent":226,"menu_order":6,"comment_status":"open","ping_status":"closed","template":"","meta":{"_acf_changed":false,"footnotes":""},"categories":[],"tags":[],"class_list":["post-245","page","type-page","status-publish","hentry"],"acf":[],"_links":{"self":[{"href":"https:\/\/semmelweis.hu\/fulorrgegeszet\/wp-json\/wp\/v2\/pages\/245","targetHints":{"allow":["GET"]}}],"collection":[{"href":"https:\/\/semmelweis.hu\/fulorrgegeszet\/wp-json\/wp\/v2\/pages"}],"about":[{"href":"https:\/\/semmelweis.hu\/fulorrgegeszet\/wp-json\/wp\/v2\/types\/page"}],"author":[{"embeddable":true,"href":"https:\/\/semmelweis.hu\/fulorrgegeszet\/wp-json\/wp\/v2\/users\/335"}],"replies":[{"embeddable":true,"href":"https:\/\/semmelweis.hu\/fulorrgegeszet\/wp-json\/wp\/v2\/comments?post=245"}],"version-history":[{"count":2,"href":"https:\/\/semmelweis.hu\/fulorrgegeszet\/wp-json\/wp\/v2\/pages\/245\/revisions"}],"predecessor-version":[{"id":1014,"href":"https:\/\/semmelweis.hu\/fulorrgegeszet\/wp-json\/wp\/v2\/pages\/245\/revisions\/1014"}],"up":[{"embeddable":true,"href":"https:\/\/semmelweis.hu\/fulorrgegeszet\/wp-json\/wp\/v2\/pages\/226"}],"wp:attachment":[{"href":"https:\/\/semmelweis.hu\/fulorrgegeszet\/wp-json\/wp\/v2\/media?parent=245"}],"wp:term":[{"taxonomy":"category","embeddable":true,"href":"https:\/\/semmelweis.hu\/fulorrgegeszet\/wp-json\/wp\/v2\/categories?post=245"},{"taxonomy":"post_tag","embeddable":true,"href":"https:\/\/semmelweis.hu\/fulorrgegeszet\/wp-json\/wp\/v2\/tags?post=245"}],"curies":[{"name":"wp","href":"https:\/\/api.w.org\/{rel}","templated":true}]}}