{"id":239,"date":"2015-02-13T07:58:59","date_gmt":"2015-02-13T06:58:59","guid":{"rendered":"http:\/\/semmelweis.hu\/fulorrgegeszet\/?page_id=239"},"modified":"2018-10-12T14:20:28","modified_gmt":"2018-10-12T12:20:28","slug":"nem-csak-a-gyerek-lehet-fules","status":"publish","type":"page","link":"https:\/\/semmelweis.hu\/fulorrgegeszet\/betegeinknek\/betegsegekrol\/nem-csak-a-gyerek-lehet-fules\/","title":{"rendered":"Nem csak a gyerek lehet \u201ef\u00fcles\u201d!"},"content":{"rendered":"<p style=\"text-align: justify\">\u00c1ltal\u00e1ban a strandszezon \u00e9s az \u00fasz\u00e1skedvel\u0151k betegs\u00e9gek\u00e9nt tartjuk sz\u00e1mon a hall\u00f3j\u00e1ratgyullad\u00e1st, de sokan vannak, akik \u00e9vszakt\u00f3l f\u00fcggetlen\u00fcl vissza-visszat\u00e9r\u0151en bajl\u00f3dnak ezzel a f\u00fclbetegs\u00e9ggel.<\/p>\n<p style=\"text-align: justify\">A k\u00fcls\u0151 hall\u00f3j\u00e1rat l\u00e9nyeg\u00e9ben egy meglehet\u0151sen sz\u0171k, m\u00e9lyre ny\u00fal\u00f3, elszarusod\u00f3 h\u00e1mmal, b\u0151rrel b\u00e9lelt test\u00fcreg. A testmeleg \u00fcregben a k\u00f3rokoz\u00f3k k\u00f6nnyen elszaporodnak, ha t\u00e1ptalajhoz \u00e9s v\u00edzhez jutnak. L\u00e9trej\u00f6tt\u00e9ben a k\u00fcls\u0151 hall\u00f3j\u00e1ratba ker\u00fclt v\u00edznek, az ott felgy\u00fclemlett nagyobb mennyis\u00e9g\u0171 f\u00fclzs\u00edrnak valamint a helytelen f\u00fcltiszt\u00edt\u00e1snak van \u201ekit\u00fcntetett\u201d szerepe, \u00e1m egyes anyagcsere, immun-\u00e9s b\u0151rbetegs\u00e9gek is hajlamos\u00edtanak r\u00e1.<\/p>\n<p style=\"text-align: justify\">Arr\u00f3l, hogy mindezen hat\u00e1sok hogyan vezetnek ennek a f\u00fclbetegs\u00e9gnek a kialakul\u00e1s\u00e1hoz, dr. Krasznai Magd\u00e1t, a Semmelweis Egyetem F\u00fcl-Orr-G\u00e9g\u00e9szeti \u00e9s Nyakseb\u00e9szeti Klinik\u00e1j\u00e1nak adjunktus\u00e1t k\u00e9rdezt\u00fck. A leend\u0151 orvosokat is \u00e9vtizedek \u00f3ta ok\u00edt\u00f3 szakorvos el\u00f6lj\u00e1r\u00f3ban fontosnak tartja megeml\u00edteni mindazon anat\u00f3miai ismereteket, amelyek annak meg\u00e9rt\u00e9s\u00e9ben seg\u00edtenek, hogy mi\u00e9rt hat k\u00e1rosan a hall\u00f3j\u00e1ratra az abba jut\u00f3 v\u00edz, a helytelen f\u00fcl\u00e1pol\u00e1s, illetve milyen m\u00e1s okok vezethetnek az akut, \u00e1m \u2013 sok esetben \u2013 gyakran \u00e9s sokakn\u00e1l visszat\u00e9r\u0151 betegs\u00e9ghez.<\/p>\n<p style=\"text-align: justify\">A k\u00fcls\u0151 f\u00fclh\u00f6z tartoz\u00f3 f\u00fclkagyl\u00f3 t\u00f6lcs\u00e9rszer\u0171en veszi k\u00f6r\u00fcl a k\u00fcls\u0151 hall\u00f3j\u00e1rat bemenet\u00e9t, amely egy \u2013 S alak\u00fa \u2013 \u00edvelt cs\u0151h\u00f6z hasonl\u00edthat\u00f3. A hall\u00f3j\u00e1rat bemenet\u00e9t f\u0151k\u00e9nt id\u0151sebb f\u00e9rfiakn\u00e1l sz\u0151r\u00f6k fedik. A hall\u00f3j\u00e1rat hossz\u00fas\u00e1ga egy\u00e9nileg v\u00e1ltoz\u00f3, 2,5-3,5 cm hossz\u00fa, enyh\u00e9n g\u00f6rb\u00fclt. Ennek a \u201ek\u00fcrt\u0151nek\u201d a k\u00fcls\u0151 k\u00e9tharmada porcos, a bels\u0151 egyharmada csontos, a kett\u0151 k\u00f6z\u00f6tt egy sz\u0171k\u00fclet tal\u00e1lhat\u00f3. A porcos hall\u00f3j\u00e1rat b\u0151re faggy\u00fat \u00e9s speci\u00e1lis verejt\u00e9kmirigyeket tartalmaz, ezek v\u00e1lad\u00e9ka er\u0151sen zs\u00edrtartalm\u00fa. Ez a zs\u00edros anyag a cerumen m\u00e1s n\u00e9ven f\u00fclzs\u00edr.<\/p>\n","protected":false},"excerpt":{"rendered":"<p>\u00c1ltal\u00e1ban a strandszezon \u00e9s az \u00fasz\u00e1skedvel\u0151k betegs\u00e9gek\u00e9nt tartjuk sz\u00e1mon a hall\u00f3j\u00e1ratgyullad\u00e1st, de sokan vannak, akik \u00e9vszakt\u00f3l f\u00fcggetlen\u00fcl vissza-visszat\u00e9r\u0151en bajl\u00f3dnak ezzel a f\u00fclbetegs\u00e9ggel. A k\u00fcls\u0151 hall\u00f3j\u00e1rat l\u00e9nyeg\u00e9ben egy meglehet\u0151sen sz\u0171k, m\u00e9lyre ny\u00fal\u00f3, elszarusod\u00f3 h\u00e1mmal, b\u0151rrel b\u00e9lelt test\u00fcreg. A testmeleg \u00fcregben a k\u00f3rokoz\u00f3k k\u00f6nnyen elszaporodnak, ha t\u00e1ptalajhoz \u00e9s v\u00edzhez jutnak. L\u00e9trej\u00f6tt\u00e9ben a k\u00fcls\u0151 hall\u00f3j\u00e1ratba ker\u00fclt v\u00edznek, az &hellip;<\/p>\n","protected":false},"author":335,"featured_media":0,"parent":226,"menu_order":5,"comment_status":"open","ping_status":"closed","template":"","meta":{"_acf_changed":false,"footnotes":""},"categories":[],"tags":[],"class_list":["post-239","page","type-page","status-publish","hentry"],"acf":[],"_links":{"self":[{"href":"https:\/\/semmelweis.hu\/fulorrgegeszet\/wp-json\/wp\/v2\/pages\/239","targetHints":{"allow":["GET"]}}],"collection":[{"href":"https:\/\/semmelweis.hu\/fulorrgegeszet\/wp-json\/wp\/v2\/pages"}],"about":[{"href":"https:\/\/semmelweis.hu\/fulorrgegeszet\/wp-json\/wp\/v2\/types\/page"}],"author":[{"embeddable":true,"href":"https:\/\/semmelweis.hu\/fulorrgegeszet\/wp-json\/wp\/v2\/users\/335"}],"replies":[{"embeddable":true,"href":"https:\/\/semmelweis.hu\/fulorrgegeszet\/wp-json\/wp\/v2\/comments?post=239"}],"version-history":[{"count":2,"href":"https:\/\/semmelweis.hu\/fulorrgegeszet\/wp-json\/wp\/v2\/pages\/239\/revisions"}],"predecessor-version":[{"id":1013,"href":"https:\/\/semmelweis.hu\/fulorrgegeszet\/wp-json\/wp\/v2\/pages\/239\/revisions\/1013"}],"up":[{"embeddable":true,"href":"https:\/\/semmelweis.hu\/fulorrgegeszet\/wp-json\/wp\/v2\/pages\/226"}],"wp:attachment":[{"href":"https:\/\/semmelweis.hu\/fulorrgegeszet\/wp-json\/wp\/v2\/media?parent=239"}],"wp:term":[{"taxonomy":"category","embeddable":true,"href":"https:\/\/semmelweis.hu\/fulorrgegeszet\/wp-json\/wp\/v2\/categories?post=239"},{"taxonomy":"post_tag","embeddable":true,"href":"https:\/\/semmelweis.hu\/fulorrgegeszet\/wp-json\/wp\/v2\/tags?post=239"}],"curies":[{"name":"wp","href":"https:\/\/api.w.org\/{rel}","templated":true}]}}