{"id":2321,"date":"2026-01-19T14:31:01","date_gmt":"2026-01-19T13:31:01","guid":{"rendered":"https:\/\/semmelweis.hu\/fulorrgegeszet\/?page_id=2321"},"modified":"2026-01-19T14:39:49","modified_gmt":"2026-01-19T13:39:49","slug":"meghivo-hallo-jarat-rendezvenysorozatunkra","status":"publish","type":"page","link":"https:\/\/semmelweis.hu\/fulorrgegeszet\/meghivo-hallo-jarat-rendezvenysorozatunkra\/","title":{"rendered":"MEGH\u00cdV\u00d3 &#8211; &#8222;Hall\u00f3-j\u00e1rat\u201d rendezv\u00e9nysorozatunkra"},"content":{"rendered":"<p><a href=\"https:\/\/semmelweis.hu\/fulorrgegeszet\/files\/2026\/01\/Meghivo-1.pdf\"> MEGH\u00cdV\u00d3 \u2013 \u201eHall\u00f3-j\u00e1rat\u201d rendezv\u00e9nysorozatunkra<\/a><\/p>\n<p>A Semmelweis Egyetem F\u00fcl-Orr-G\u00e9g\u00e9szeti \u00e9s Fej-Nyakseb\u00e9szeti Klinika Cochlearis Implant\u00e1ci\u00f3s Teamje hagyom\u00e1nyteremt\u0151 c\u00e9llal szeretettel h\u00edv minden \u00e9rdekl\u0151d\u0151t egy hossz\u00fa, k\u00f6z\u00f6s utaz\u00e1sra.<\/p>\n<p>\u201eHall\u00f3-j\u00e1rat\u201d rendezv\u00e9nysorozatunk minden egyes \u00e1llom\u00e1s\u00e1n a cochlearis implant\u00e1ci\u00f3 vil\u00e1g\u00e1ba kalauzoljuk \u00d6n\u00f6ket. A k\u00fcl\u00f6nb\u00f6z\u0151 t\u00e9m\u00e1k megvitat\u00e1sa sor\u00e1n lehet\u0151s\u00e9get teremt\u00fcnk a szakemberek \u00e9s \u00e9rintettek, valamint a m\u0171t\u00e9t el\u0151tt \u00e1ll\u00f3k \u00e9s \u00e9rdekl\u0151d\u00f6k k\u00f6z\u00f6tti p\u00e1rbesz\u00e9dre, tapasztalatcser\u00e9re.<\/p>\n<p><strong>Rendezv\u00e9ny\u00fcnk id\u0151pontja: 2026. janu\u00e1r 29-e, cs\u00fct\u00f6rt\u00f6k, 16h-18h<\/strong><\/p>\n<p>Helysz\u00edne: 1083 Budapest, Szigony u. 36. (Tanterem)<\/p>\n<p><strong><u>Program<\/u><\/strong><\/p>\n<p>A rendezv\u00e9nyt megnyitja: Prof. Dr. Tam\u00e1s L\u00e1szl\u00f3 PhD<\/p>\n<p><u><strong>Els\u0151 t\u00e9m\u00e1nk:<\/strong> <\/u><\/p>\n<p><strong><em>\u201eT\u00fal a 40-en\u201d, Id\u0151utaz\u00e1s a cochlearis implant\u00e1ci\u00f3 m\u00faltj\u00e1ban, jelen\u00e9ben, j\u00f6v\u0151j\u00e9ben<\/em><\/strong><\/p>\n<p>El\u0151ad\u00f3: Dr. Polony G\u00e1bor PhD<\/p>\n<ul>\n<li>K\u00e9rd\u00e9sek \u00e9s v\u00e1laszok\u00a0<\/li>\n<li>K\u00f6tetlen besz\u00e9lget\u00e9s<\/li>\n<\/ul>\n<p>&nbsp;<\/p>\n<p><em><strong>R\u00e9szv\u00e9teli sz\u00e1nd\u00e9k\u00e1t k\u00e9rj\u00fck az al\u00e1bbi linken jelezze:<\/strong><\/em><\/p>\n<p><a href=\"https:\/\/docs.google.com\/forms\/d\/e\/1FAIpQLScfVuCJQm-WDca37wcmpH9YGMSVeHU1Lcn3y0Ikvg6ei5or8Q\/viewform?usp=publish-editor\">https:\/\/docs.google.com\/forms\/d\/e\/1FAIpQLScfVuCJQm-WDca37wcmpH9YGMSVeHU1Lcn3y0Ikvg6ei5or8Q\/viewform?usp=publish-editor<\/a><\/p>\n<p>&nbsp;<\/p>\n<p>Rendezv\u00e9ny\u00fcnket a Magyar Cochlearis Implant\u00e1ltak Egyes\u00fclete t\u00e1mogatja.<\/p>\n<p>B\u00edzunk benne, hogy min\u00e9l t\u00f6bben felsz\u00e1llnak a \u201eHall\u00f3-j\u00e1ratunkra\u201d, minden \u00e9rdekl\u0151d\u0151t v\u00e1runk szeretettel!<\/p>\n<p>&nbsp;<\/p>\n<p>CI Team csapata<\/p>\n","protected":false},"excerpt":{"rendered":"<p><a href=\"https:\/\/semmelweis.hu\/fulorrgegeszet\/files\/2026\/01\/Meghivo-1.pdf\"> MEGH\u00cdV\u00d3 \u2013 \u201eHall\u00f3-j\u00e1rat\u201d rendezv\u00e9nysorozatunkra<\/a> A Semmelweis Egyetem F\u00fcl-Orr-G\u00e9g\u00e9szeti \u00e9s Fej-Nyakseb\u00e9szeti Klinika Cochlearis Implant\u00e1ci\u00f3s Teamje hagyom\u00e1nyteremt\u0151 c\u00e9llal szeretettel h\u00edv minden \u00e9rdekl\u0151d\u0151t egy hossz\u00fa, k\u00f6z\u00f6s utaz\u00e1sra. \u201eHall\u00f3-j\u00e1rat\u201d rendezv\u00e9nysorozatunk minden egyes \u00e1llom\u00e1s\u00e1n a cochlearis implant\u00e1ci\u00f3 vil\u00e1g\u00e1ba kalauzoljuk \u00d6n\u00f6ket. A k\u00fcl\u00f6nb\u00f6z\u0151 t\u00e9m\u00e1k megvitat\u00e1sa sor\u00e1n lehet\u0151s\u00e9get teremt\u00fcnk a szakemberek \u00e9s \u00e9rintettek, valamint a m\u0171t\u00e9t el\u0151tt \u00e1ll\u00f3k \u00e9s \u00e9rdekl\u0151d\u00f6k k\u00f6z\u00f6tti p\u00e1rbesz\u00e9dre, tapasztalatcser\u00e9re. Rendezv\u00e9ny\u00fcnk id\u0151pontja: 2026. &hellip;<\/p>\n","protected":false},"author":101505,"featured_media":2333,"parent":0,"menu_order":0,"comment_status":"closed","ping_status":"closed","template":"","meta":{"_acf_changed":false,"footnotes":""},"categories":[6],"tags":[],"class_list":["post-2321","page","type-page","status-publish","has-post-thumbnail","hentry","category-hirek"],"acf":[],"_links":{"self":[{"href":"https:\/\/semmelweis.hu\/fulorrgegeszet\/wp-json\/wp\/v2\/pages\/2321","targetHints":{"allow":["GET"]}}],"collection":[{"href":"https:\/\/semmelweis.hu\/fulorrgegeszet\/wp-json\/wp\/v2\/pages"}],"about":[{"href":"https:\/\/semmelweis.hu\/fulorrgegeszet\/wp-json\/wp\/v2\/types\/page"}],"author":[{"embeddable":true,"href":"https:\/\/semmelweis.hu\/fulorrgegeszet\/wp-json\/wp\/v2\/users\/101505"}],"replies":[{"embeddable":true,"href":"https:\/\/semmelweis.hu\/fulorrgegeszet\/wp-json\/wp\/v2\/comments?post=2321"}],"version-history":[{"count":10,"href":"https:\/\/semmelweis.hu\/fulorrgegeszet\/wp-json\/wp\/v2\/pages\/2321\/revisions"}],"predecessor-version":[{"id":2334,"href":"https:\/\/semmelweis.hu\/fulorrgegeszet\/wp-json\/wp\/v2\/pages\/2321\/revisions\/2334"}],"wp:featuredmedia":[{"embeddable":true,"href":"https:\/\/semmelweis.hu\/fulorrgegeszet\/wp-json\/wp\/v2\/media\/2333"}],"wp:attachment":[{"href":"https:\/\/semmelweis.hu\/fulorrgegeszet\/wp-json\/wp\/v2\/media?parent=2321"}],"wp:term":[{"taxonomy":"category","embeddable":true,"href":"https:\/\/semmelweis.hu\/fulorrgegeszet\/wp-json\/wp\/v2\/categories?post=2321"},{"taxonomy":"post_tag","embeddable":true,"href":"https:\/\/semmelweis.hu\/fulorrgegeszet\/wp-json\/wp\/v2\/tags?post=2321"}],"curies":[{"name":"wp","href":"https:\/\/api.w.org\/{rel}","templated":true}]}}