{"id":2274,"date":"2025-04-03T11:36:21","date_gmt":"2025-04-03T09:36:21","guid":{"rendered":"https:\/\/semmelweis.hu\/fulorrgegeszet\/?page_id=2274"},"modified":"2025-04-03T12:15:23","modified_gmt":"2025-04-03T10:15:23","slug":"japan-professzor-volt-a-ful-orr-gegeszeti-es-fej-nyaksebeszeti-klinika-vendege","status":"publish","type":"page","link":"https:\/\/semmelweis.hu\/fulorrgegeszet\/japan-professzor-volt-a-ful-orr-gegeszeti-es-fej-nyaksebeszeti-klinika-vendege\/","title":{"rendered":"Jap\u00e1n Professzor volt a F\u00fcl-orr-g\u00e9g\u00e9szeti \u00e9s Fej-nyakseb\u00e9szeti Klinika vend\u00e9ge"},"content":{"rendered":"<p>Prof. Sho Kanzaki\u00a0 audiol\u00f3gus professzor (Director, Laboratory Auditory Disorder, National Institute of Sensory Organ, National Hospital Organization of Tokyo Medical Center (Otolaryngology ) volt a F\u00fcl-orr-g\u00e9g\u00e9szeti Klinika vend\u00e9ge 2025. m\u00e1rcius 24-\u00e9n.<\/p>\n<p>D\u00e9lel\u0151tt a k\u00f6z\u00e9p \u00e9s bels\u0151f\u00fclr\u0151l tartott el\u0151ad\u00e1st az angol nyelven tanul\u00f3 orvostanhallgat\u00f3knak, d\u00e9lut\u00e1n pedig a hall\u00e1s, demencia, \u00e9s hall\u00f3k\u00e9sz\u00fcl\u00e9k-visel\u00e9s \u00f6sszef\u00fcgg\u00e9seir\u0151l tartott el\u0151ad\u00e1st,. &#8222;Otology and neurotology symposium &#8211; \u201c hearing device and prevention of cognition \u201c c\u00edmmel.<\/p>\n<p>A kicsiny, de lelkes hallgat\u00f3s\u00e1g sz\u00e1mos k\u00e9rd\u00e9st tett fel.<\/p>\n<p>A professzor felh\u00edvta a figyelmet arra, hogy Jap\u00e1nban lesz (Kawagoe, Tok\u00edo mellett) a Neurootol\u00f3giai \u00e9s Equilibriometriai Ta\u00e1rsas\u00e1g soron k\u00f6vetkez\u0151 kongresszusa 2025.augusztus 27-30ig. <a href=\"https:\/\/nes2025.com\/program\/\">https:\/\/nes2025.com\/program\/<\/a>.<\/p>\n<p>K\u00f6sz\u00f6nj\u00fck Professzor \u00darnak, hogy megosztotta vel\u00fcnk \u00e9rt\u00e9kes gondolatait.<\/p>\n<p>Prof. Dr. Szirmai \u00c1gnes<\/p>\n<p><img loading=\"lazy\" decoding=\"async\" class=\" wp-image-2276 alignleft\" src=\"https:\/\/semmelweis.hu\/fulorrgegeszet\/files\/2025\/04\/Kep3-400x300.jpg\" alt=\"\" width=\"413\" height=\"310\" srcset=\"https:\/\/semmelweis.hu\/fulorrgegeszet\/files\/2025\/04\/Kep3-400x300.jpg 400w, https:\/\/semmelweis.hu\/fulorrgegeszet\/files\/2025\/04\/Kep3-1024x768.jpg 1024w, https:\/\/semmelweis.hu\/fulorrgegeszet\/files\/2025\/04\/Kep3-768x576.jpg 768w, https:\/\/semmelweis.hu\/fulorrgegeszet\/files\/2025\/04\/Kep3-753x565.jpg 753w, https:\/\/semmelweis.hu\/fulorrgegeszet\/files\/2025\/04\/Kep3.jpg 1227w\" sizes=\"auto, (max-width: 413px) 100vw, 413px\" \/> <img loading=\"lazy\" decoding=\"async\" class=\"alignleft wp-image-2277 size-medium\" src=\"https:\/\/semmelweis.hu\/fulorrgegeszet\/files\/2025\/04\/Kep2-300x400.jpg\" alt=\"\" width=\"300\" height=\"400\" srcset=\"https:\/\/semmelweis.hu\/fulorrgegeszet\/files\/2025\/04\/Kep2-300x400.jpg 300w, https:\/\/semmelweis.hu\/fulorrgegeszet\/files\/2025\/04\/Kep2-768x1024.jpg 768w, https:\/\/semmelweis.hu\/fulorrgegeszet\/files\/2025\/04\/Kep2-753x1004.jpg 753w, https:\/\/semmelweis.hu\/fulorrgegeszet\/files\/2025\/04\/Kep2.jpg 1092w\" sizes=\"auto, (max-width: 300px) 100vw, 300px\" \/> <img loading=\"lazy\" decoding=\"async\" class=\"alignnone size-medium wp-image-2278\" src=\"https:\/\/semmelweis.hu\/fulorrgegeszet\/files\/2025\/04\/Kep1-400x300.png\" alt=\"\" width=\"400\" height=\"300\" srcset=\"https:\/\/semmelweis.hu\/fulorrgegeszet\/files\/2025\/04\/Kep1-400x300.png 400w, https:\/\/semmelweis.hu\/fulorrgegeszet\/files\/2025\/04\/Kep1.png 454w\" sizes=\"auto, (max-width: 400px) 100vw, 400px\" \/><\/p>\n<p>&nbsp;<\/p>\n<p>&nbsp;<\/p>\n","protected":false},"excerpt":{"rendered":"<p>Prof. Sho Kanzaki\u00a0 audiol\u00f3gus professzor (Director, Laboratory Auditory Disorder, National Institute of Sensory Organ, National Hospital Organization of Tokyo Medical Center (Otolaryngology ) volt a F\u00fcl-orr-g\u00e9g\u00e9szeti Klinika vend\u00e9ge 2025. m\u00e1rcius 24-\u00e9n. D\u00e9lel\u0151tt a k\u00f6z\u00e9p \u00e9s bels\u0151f\u00fclr\u0151l tartott el\u0151ad\u00e1st az angol nyelven tanul\u00f3 orvostanhallgat\u00f3knak, d\u00e9lut\u00e1n pedig a hall\u00e1s, demencia, \u00e9s hall\u00f3k\u00e9sz\u00fcl\u00e9k-visel\u00e9s \u00f6sszef\u00fcgg\u00e9seir\u0151l tartott el\u0151ad\u00e1st,. &#8222;Otology and &hellip;<\/p>\n","protected":false},"author":101505,"featured_media":2276,"parent":0,"menu_order":0,"comment_status":"closed","ping_status":"closed","template":"","meta":{"_acf_changed":false,"footnotes":""},"categories":[6],"tags":[],"class_list":["post-2274","page","type-page","status-publish","has-post-thumbnail","hentry","category-hirek"],"acf":[],"_links":{"self":[{"href":"https:\/\/semmelweis.hu\/fulorrgegeszet\/wp-json\/wp\/v2\/pages\/2274","targetHints":{"allow":["GET"]}}],"collection":[{"href":"https:\/\/semmelweis.hu\/fulorrgegeszet\/wp-json\/wp\/v2\/pages"}],"about":[{"href":"https:\/\/semmelweis.hu\/fulorrgegeszet\/wp-json\/wp\/v2\/types\/page"}],"author":[{"embeddable":true,"href":"https:\/\/semmelweis.hu\/fulorrgegeszet\/wp-json\/wp\/v2\/users\/101505"}],"replies":[{"embeddable":true,"href":"https:\/\/semmelweis.hu\/fulorrgegeszet\/wp-json\/wp\/v2\/comments?post=2274"}],"version-history":[{"count":6,"href":"https:\/\/semmelweis.hu\/fulorrgegeszet\/wp-json\/wp\/v2\/pages\/2274\/revisions"}],"predecessor-version":[{"id":2283,"href":"https:\/\/semmelweis.hu\/fulorrgegeszet\/wp-json\/wp\/v2\/pages\/2274\/revisions\/2283"}],"wp:featuredmedia":[{"embeddable":true,"href":"https:\/\/semmelweis.hu\/fulorrgegeszet\/wp-json\/wp\/v2\/media\/2276"}],"wp:attachment":[{"href":"https:\/\/semmelweis.hu\/fulorrgegeszet\/wp-json\/wp\/v2\/media?parent=2274"}],"wp:term":[{"taxonomy":"category","embeddable":true,"href":"https:\/\/semmelweis.hu\/fulorrgegeszet\/wp-json\/wp\/v2\/categories?post=2274"},{"taxonomy":"post_tag","embeddable":true,"href":"https:\/\/semmelweis.hu\/fulorrgegeszet\/wp-json\/wp\/v2\/tags?post=2274"}],"curies":[{"name":"wp","href":"https:\/\/api.w.org\/{rel}","templated":true}]}}