{"id":2241,"date":"2024-12-10T11:48:26","date_gmt":"2024-12-10T10:48:26","guid":{"rendered":"https:\/\/semmelweis.hu\/fulorrgegeszet\/?page_id=2241"},"modified":"2024-12-10T12:03:35","modified_gmt":"2024-12-10T11:03:35","slug":"utmutato-cochlearis-implantatumokhoz-mri-vizsgalat-elott","status":"publish","type":"page","link":"https:\/\/semmelweis.hu\/fulorrgegeszet\/utmutato-cochlearis-implantatumokhoz-mri-vizsgalat-elott\/","title":{"rendered":"\u00datmutat\u00f3 Cochle\u00e1ris Implant\u00e1tumokhoz MRI Vizsg\u00e1lat El\u0151tt"},"content":{"rendered":"<p><span style=\"font-size: 14pt\"><strong><a href=\"https:\/\/semmelweis.hu\/fulorrgegeszet\/files\/2024\/12\/Utmutato-Cochlearis-Implantatumokhoz-MRI-Vizsgalat-Elott.pdf\">\u00datmutat\u00f3 Cochle\u00e1ris Implant\u00e1tumokhoz MRI Vizsg\u00e1lat El\u0151tt<\/a><\/strong><\/span><\/p>\n<p><strong>Kedves Betegeink!<\/strong><\/p>\n<p>Cochle\u00e1ris implant\u00e1tummal rendelkez\u0151 betegek sz\u00e1m\u00e1ra az MRI (M\u00e1gneses Rezonancia K\u00e9palkot\u00e1s) vizsg\u00e1lat k\u00fcl\u00f6n odafigyel\u00e9st ig\u00e9nyel. Ez az \u00fatmutat\u00f3 \u00f6sszefoglalja a legfontosabb biztons\u00e1gi tudnival\u00f3kat, figyelmeztet\u00e9seket \u00e9s azt, hogy kihez fordulhat k\u00e9rd\u00e9seivel.<\/p>\n<p><span style=\"text-decoration: underline\"><strong>\u00c1ltal\u00e1nos tudnival\u00f3k<\/strong><\/span><\/p>\n<p><strong>1. Milyen implant\u00e1tuma van?<\/strong><\/p>\n<p>Fontos, hogy a beteg mindig tudja, pontosan milyen t\u00edpus\u00fa cochle\u00e1ris implant\u00e1tuma van (nem csak a gy\u00e1rt\u00f3, hanem a bels\u0151 egys\u00e9g pontos t\u00edpusa). Ez az inform\u00e1ci\u00f3 megtal\u00e1lhat\u00f3 az implant\u00e1tumhoz tartoz\u00f3 azonos\u00edt\u00f3 k\u00e1rty\u00e1n, melyet a m\u0171t\u00e9tet k\u00f6vet\u0151en minden beteg\u00fcnk megkap.<\/p>\n<ol>\n<li style=\"list-style-type: none\">\n<ul style=\"list-style-type: disc\">\n<li>Ellen\u0151rizze a betegazonos\u00edt\u00f3 k\u00e1rty\u00e1t, amelyet a be\u00fcltet\u00e9s ut\u00e1n kapott!<\/li>\n<li>Olvassa el az implant\u00e1tumhoz vagy processzor\u00e1hoz tartoz\u00f3 dokument\u00e1ci\u00f3t, melyet a klinik\u00e1n kapott!<\/li>\n<li>Amennyiben elvesztette vagy nem tal\u00e1lja azonos\u00edt\u00f3 k\u00e1rty\u00e1j\u00e1t, k\u00e9rjen seg\u00edts\u00e9get az oper\u00e1l\u00f3 klinik\u00e1t\u00f3l, a forgalmaz\u00f3t\u00f3l vagy a gy\u00e1rt\u00f3t\u00f3l!<\/li>\n<\/ul>\n<\/li>\n<\/ol>\n<p><strong>2. Mi\u00e9rt fontos tudni az implant\u00e1tum t\u00edpus\u00e1t?<\/strong><br \/>\nAz MRI vizsg\u00e1lat biztons\u00e1ga nagym\u00e9rt\u00e9kben f\u00fcgg a be\u00fcltetett implant\u00e1tum t\u00edpus\u00e1t\u00f3l. Nem minden cochle\u00e1ris implant\u00e1tummal v\u00e9gezhet\u0151 MRI vizsg\u00e1lat! Amelyikkel v\u00e9gezhet\u0151, az is csak <strong>bizonyos felt\u00e9telek mellett! <\/strong><\/p>\n<p><strong>3. Fontos tudni, hogy egyetlen k\u00fcls\u0151 egys\u00e9g sem MRI kompatibilis! <\/strong>A besz\u00e9dproccesszort a vizsg\u00e1l\u00f3 helyis\u00e9gbe nem szabad bevinni. <strong>A besz\u00e9dprocesszor lev\u00e9tele el\u0151tt mindenk\u00e9ppen jelezze az MRI vizsg\u00e1latot v\u00e9gz\u0151 szem\u00e9lyeknek a v\u00e1rhat\u00f3 kommunik\u00e1ci\u00f3s neh\u00e9z\u00e9geit!<\/strong><\/p>\n<p>&nbsp;<\/p>\n<p><span style=\"text-decoration: underline\"><em><strong>MRI besorol\u00e1sok<\/strong><\/em><\/span><\/p>\n<p>Cochle\u00e1ris implant\u00e1tumok MRI kompatibilit\u00e1sa h\u00e1rom kateg\u00f3ri\u00e1ba sorolhat\u00f3:<\/p>\n<p><strong>1. MRI Felt\u00e9teles (MR Conditional):<\/strong><\/p>\n<p>A legt\u00f6bb modern cochle\u00e1ris implant\u00e1tum ebbe a kateg\u00f3ri\u00e1ba tartozik. Ez azt jelenti, hogy az implant\u00e1tum haszn\u00e1lata MRI sor\u00e1n csak bizonyos felt\u00e9telek mellett biztons\u00e1gos. P\u00e9ld\u00e1ul: a m\u00e1gneses t\u00e9r er\u0151ss\u00e9g\u00e9t\u0151l\u00a0 f\u00fcgg\u0151en (1,5 T vagy 3 T), az implant\u00e1tum megfelel\u0151 poz\u00edci\u00f3ban val\u00f3 r\u00f6gz\u00edt\u00e9se sz\u00fcks\u00e9ges, vagy a m\u00e1gnes el\u0151zetes elt\u00e1vol\u00edt\u00e1sa sz\u00fcks\u00e9ges.<\/p>\n<p><strong>2. MRI Vesz\u00e9lyes (MR Unsafe):<\/strong><\/p>\n<p>Az ilyen implant\u00e1tumok nem haszn\u00e1lhat\u00f3k MRI sor\u00e1n, mivel s\u00falyos s\u00e9r\u00fcl\u00e9seket okozhatnak. A r\u00e9gebbi t\u00edpus\u00fa implant\u00e1tumok gyakran ide tartoznak. Az implant\u00e1tumhoz tartoz\u00f3 \u00f6sszes k\u00fcls\u0151 tartoz\u00e9k ebbe a csoportba tartozik, ez\u00e9rt <strong>miel\u0151tt bel\u00e9p az MRI helyis\u00e9gbe, k\u00f6telez\u0151 elt\u00e1vol\u00edtani a besz\u00e9dprocesszorokat.<\/strong><\/p>\n<p><strong>3. MRI Biztons\u00e1gos (MR Safe):<\/strong><\/p>\n<p>Az ilyen eszk\u00f6z\u00f6k b\u00e1rmilyen MRI k\u00f6rnyezetben biztons\u00e1gosan haszn\u00e1lhat\u00f3k. <strong>Jelenleg nincs teljesen MRI biztons\u00e1gos cochle\u00e1ris implant\u00e1tum.<\/strong><\/p>\n<p>&nbsp;<\/p>\n<p><span style=\"text-decoration: underline\"><strong>Biztons\u00e1gi tudnival\u00f3k<\/strong><\/span><\/p>\n<p><strong>1. MRI vizsg\u00e1lat el\u0151tt mindenk\u00e9pp k\u00e9rje ki gondoz\u00f3 orvos v\u00e9lem\u00e9ny\u00e9t!<\/strong><\/p>\n<p>Ha MRI-re van sz\u00fcks\u00e9ge, konzult\u00e1ljon orvos\u00e1val vagy audiol\u00f3gus\u00e1val, akik seg\u00edtenek pontos t\u00e1j\u00e9koztat\u00e1st adni, hogy az MRI vizsg\u00e1lat sor\u00e1n milyen felt\u00e9telek mellett haszn\u00e1lhat\u00f3 az \u00d6n k\u00e9sz\u00fcl\u00e9ke biztons\u00e1gosan.<\/p>\n<p>Ha nem megfelel\u0151ek a vizsg\u00e1lati k\u00f6r\u00fclm\u00e9nyek vagy a gy\u00e1rt\u00f3i \u00fatmutat\u00e1sokat nem tartj\u00e1k be, az MRI m\u00e1gneses ter\u00e9nek hat\u00e1s\u00e1ra elmozdulhat az implant\u00e1tum vagy a benne tal\u00e1lhat\u00f3 m\u00e1gnes, esetleg h\u0151 termel\u0151dhet, mely az implant\u00e1tum k\u00f6r\u00fcl a sz\u00f6vetekben meleged\u00e9st okozhat, vagy zavarhatja az implant\u00e1tum k\u00e9s\u0151bbi m\u0171k\u00f6d\u00e9s\u00e9t.<\/p>\n<p><strong>2. Gy\u0151z\u0151dj\u00f6n meg r\u00f3la, hogy a vizsg\u00e1latot v\u00e9gz\u0151 szem\u00e9lyzet tud az implant\u00e1tum\u00e1r\u00f3l \u00e9s a r\u00e1 vonatkoz\u00f3 gy\u00e1rt\u00f3i \u00fatmutat\u00e1sokr\u00f3l!<\/strong><\/p>\n<p>Minden esetben t\u00e1j\u00e9koztassa az MRI technikust \u00e9s a radiol\u00f3gus orvost az implant\u00e1tum\u00e1r\u00f3l, \u00e9s mutassa be az implant\u00e1tumhoz tartoz\u00f3 biztons\u00e1gi inform\u00e1ci\u00f3kat.<\/p>\n<p><strong>Figyelmeztet\u00e9sek<\/strong><\/p>\n<ul>\n<li><strong>Ne vegyen r\u00e9szt MRI vizsg\u00e1laton, ha az MRI k\u00e9sz\u00fcl\u00e9k nem felel meg az implant\u00e1tum el\u0151\u00edr\u00e1sainak!<\/strong><\/li>\n<\/ul>\n<p>Az implant\u00e1tum \u00e9s az MRI k\u00e9sz\u00fcl\u00e9k nem megfelel\u0151 p\u00e1ros\u00edt\u00e1sa s\u00falyos k\u00f6vetkezm\u00e9nyekkel j\u00e1rhat.<\/p>\n<ul>\n<li><strong>Bizonyos esetekben r\u00f6gz\u00edt\u0151 k\u00f6t\u00e9s felhelyez\u00e9se sz\u00fcks\u00e9ges a vizsg\u00e1lathoz <\/strong><\/li>\n<\/ul>\n<p>R\u00f6gz\u00edt\u0151 k\u00f6t\u00e9s v\u00e1lhat sz\u00fcks\u00e9gess\u00e9 bizonyos implant\u00e1tum t\u00edpusokn\u00e1l. Ebben az esetben a gy\u00e1rt\u00f3 c\u00e9gt\u0151l kaphat\u00f3 k\u00f6t\u00e9s vagy orvos \u00e1ltal felhelyezett fejk\u00f6t\u00e9s sz\u00fcks\u00e9ges az implant\u00e1tum t\u00edpus\u00e1t\u00f3l f\u00fcgg\u0151en.<\/p>\n<ul>\n<li><strong>El\u0151fordulhat, hogy az MRI el\u0151tt el kell t\u00e1vol\u00edtani vagy el kell forgatni a m\u00e1gneses r\u00e9szt.<\/strong><\/li>\n<\/ul>\n<p>Egyes modern implant\u00e1tumok m\u00e1gneses r\u00e9szei elt\u00e1vol\u00edthat\u00f3k vagy mozgathat\u00f3k, hogy cs\u00f6kkents\u00e9k a kock\u00e1zatot MRI sor\u00e1n. Err\u0151l mindig egyeztessen az orvos\u00e1val. Az implant\u00e1tum m\u00e1gnes\u00e9nek elt\u00e1vol\u00edt\u00e1sa csak nagyon indokolt esetben akkor j\u00f6n sz\u00f3ba, ha az MRI vizsg\u00e1latot m\u00e1s k\u00e9palkot\u00f3 vizsg\u00e1lattal (pl CT) nem lehet helyettes\u00edteni. <u>A m\u00e1gnes elt\u00e1vol\u00edt\u00e1sa \u00e9s k\u00e9s\u0151bbi visszahelyez\u00e9se csak m\u0171t\u00e9ti \u00faton lehets\u00e9ges.<\/u><\/p>\n<ul>\n<li><strong>Amennyiben lehet, ker\u00fclje az MRI vizsg\u00e1latokat!<\/strong><\/li>\n<\/ul>\n<p>Konzult\u00e1ljon a vizsg\u00e1latot k\u00e9r\u0151 orvos\u00e1val m\u00e1s k\u00e9palkot\u00f3 vizsg\u00e1latok (pl.: CT, R\u00f6ntgen, ultrahang) lehet\u0151s\u00e9g\u00e9r\u0151l, az MRI helyettes\u00edthet\u0151s\u00e9g\u00e9r\u0151l. Amennyiben lehet\u0151s\u00e9g van r\u00e1, m\u00e1s k\u00e9palkot\u00f3 vizsg\u00e1lati lehet\u0151s\u00e9g r\u00e9szes\u00edtend\u0151 el\u0151nyben!<\/p>\n<ul>\n<li><strong>Amennyiben az MRI vizsg\u00e1lat sor\u00e1n er\u0151s f\u00e1jdalmat, az implant\u00e1tum k\u00f6r\u00fcli forr\u00f3s\u00e1got tapasztal, a vizsg\u00e1latot azonnal meg kell szak\u00edtani!<\/strong><\/li>\n<\/ul>\n<ul>\n<li><strong>Ha az MRI vizsg\u00e1latot k\u00f6vet\u0151en a k\u00e9sz\u00fcl\u00e9k m\u0171k\u00f6d\u00e9s\u00e9ben v\u00e1ltoz\u00e1s \u00e1llt be, az implant\u00e1tum k\u00f6r\u00fcl duzzanat jelentkezik, akkor halad\u00e9ktalanul keresse fel a gondoz\u00f3 Klinik\u00e1t!<\/strong><\/li>\n<\/ul>\n<p>&nbsp;<\/p>\n<p><span style=\"text-decoration: underline\"><strong>Kihez forduljon<\/strong><\/span><\/p>\n<p><strong>1. Az implant\u00e1ci\u00f3t v\u00e9gz\u0151 Klinik\u00e1hoz, valamint a vizsg\u00e1latot v\u00e9gz\u0151 radiol\u00f3gushoz:<\/strong><br \/>\n\u0150k a legjobb forr\u00e1sai annak, hogy megtudja, hogyan haszn\u00e1lhat\u00f3 biztons\u00e1gosan az MRI vizsg\u00e1lat az \u00d6n eset\u00e9ben.<\/p>\n<p><strong>2. Gy\u00e1rt\u00f3i \u00datmutat\u00f3k:<\/strong><\/p>\n<p>Minden cochle\u00e1ris implant\u00e1tumhoz tartozik egy gy\u00e1rt\u00f3i \u00fatmutat\u00f3, amely r\u00e9szletesen le\u00edrja az MRI kompatibilit\u00e1st \u00e9s a biztons\u00e1gi el\u0151\u00edr\u00e1sokat. Ezeket \u00e1ltal\u00e1ban tartalmazza az implant\u00e1tumhoz j\u00e1r\u00f3 dokumentum csomag, de online is el\u00e9rhet\u0151ek magyar nyelven.<\/p>\n<ol>\n<li style=\"list-style-type: none\">\n<ul>\n<li>L\u00e1togassa meg a gy\u00e1rt\u00f3 hivatalos weboldal\u00e1t (pl.: <a href=\"https:\/\/www.medel.com\/important-safety-information\">Med-El<\/a>, <a href=\"https:\/\/www.cochlear.com\/hu\/hu\/home\/ongoing-care-and-support\/device-support\/mri-considerations\/mri-nucleus\">Cochlear<\/a> vagy <a href=\"https:\/\/www.advancedbionics.com\/us\/en\/portals\/professional-portal\/products\/mri-safety.html\">Advanced Bionics<\/a>).<\/li>\n<li>K\u00e9rje el a dokument\u00e1ci\u00f3t k\u00f6zvetlen\u00fcl az implant\u00e1tumot be\u00fcltet\u0151 klinik\u00e1t\u00f3l vagy implant\u00e1tuma forgalmaz\u00f3j\u00e1t\u00f3l. Ezen dokument\u00e1ci\u00f3 k\u00e9s\u0151bbi MRI vizsg\u00e1latokhoz is ism\u00e9telten haszn\u00e1lhat\u00f3!<\/li>\n<\/ul>\n<\/li>\n<\/ol>\n<p><strong>3. MRI Biztons\u00e1gi Adatb\u00e1zisok:<\/strong><\/p>\n<p>Az olyan weboldalak, mint a <a href=\"http:\/\/www.mrisafety.com\">www.mrisafety.com<\/a>, r\u00e9szletes inform\u00e1ci\u00f3kat ny\u00fajtanak az implant\u00e1tumok MRI kompatibilit\u00e1s\u00e1r\u00f3l.<\/p>\n<p>&nbsp;<\/p>\n<p><span style=\"text-decoration: underline\"><strong>\u00d6sszegz\u00e9s<\/strong><\/span><\/p>\n<p>Az <strong>MRI vizsg\u00e1lat cochle\u00e1ris implant\u00e1tumot visel\u0151 betegeken <\/strong>biztons\u00e1gosan v\u00e9gezhet\u0151, de csak a megfelel\u0151 felt\u00e9telek mellett. Mindig t\u00e1j\u00e9koz\u00f3djon az implant\u00e1tuma t\u00edpus\u00e1r\u00f3l, tartsa be a gy\u00e1rt\u00f3i el\u0151\u00edr\u00e1sokat, \u00e9s konzult\u00e1ljon a szakemberekkel a vizsg\u00e1lat el\u0151tt. Ha b\u00e1rmilyen k\u00e9rd\u00e9se van, forduljon bizalommal az implant teamhez vagy az implant\u00e1tum gy\u00e1rt\u00f3j\u00e1hoz.<\/p>\n<p>&nbsp;<\/p>\n<p style=\"text-align: right\"><span style=\"font-size: 14pt\">Hat\u00e1lyos:2024.okt\u00f3ber 15.<\/span><\/p>\n","protected":false},"excerpt":{"rendered":"<p><a href=\"https:\/\/semmelweis.hu\/fulorrgegeszet\/files\/2024\/12\/Utmutato-Cochlearis-Implantatumokhoz-MRI-Vizsgalat-Elott.pdf\">\u00datmutat\u00f3 Cochle\u00e1ris Implant\u00e1tumokhoz MRI Vizsg\u00e1lat El\u0151tt<\/a> Kedves Betegeink! Cochle\u00e1ris implant\u00e1tummal rendelkez\u0151 betegek sz\u00e1m\u00e1ra az MRI (M\u00e1gneses Rezonancia K\u00e9palkot\u00e1s) vizsg\u00e1lat k\u00fcl\u00f6n odafigyel\u00e9st ig\u00e9nyel. Ez az \u00fatmutat\u00f3 \u00f6sszefoglalja a legfontosabb biztons\u00e1gi tudnival\u00f3kat, figyelmeztet\u00e9seket \u00e9s azt, hogy kihez fordulhat k\u00e9rd\u00e9seivel. \u00c1ltal\u00e1nos tudnival\u00f3k 1. Milyen implant\u00e1tuma van? Fontos, hogy a beteg mindig tudja, pontosan milyen t\u00edpus\u00fa cochle\u00e1ris implant\u00e1tuma van (nem csak a gy\u00e1rt\u00f3, hanem a &hellip;<\/p>\n","protected":false},"author":101505,"featured_media":0,"parent":0,"menu_order":0,"comment_status":"closed","ping_status":"closed","template":"","meta":{"_acf_changed":false,"footnotes":""},"categories":[],"tags":[],"class_list":["post-2241","page","type-page","status-publish","hentry"],"acf":[],"_links":{"self":[{"href":"https:\/\/semmelweis.hu\/fulorrgegeszet\/wp-json\/wp\/v2\/pages\/2241","targetHints":{"allow":["GET"]}}],"collection":[{"href":"https:\/\/semmelweis.hu\/fulorrgegeszet\/wp-json\/wp\/v2\/pages"}],"about":[{"href":"https:\/\/semmelweis.hu\/fulorrgegeszet\/wp-json\/wp\/v2\/types\/page"}],"author":[{"embeddable":true,"href":"https:\/\/semmelweis.hu\/fulorrgegeszet\/wp-json\/wp\/v2\/users\/101505"}],"replies":[{"embeddable":true,"href":"https:\/\/semmelweis.hu\/fulorrgegeszet\/wp-json\/wp\/v2\/comments?post=2241"}],"version-history":[{"count":10,"href":"https:\/\/semmelweis.hu\/fulorrgegeszet\/wp-json\/wp\/v2\/pages\/2241\/revisions"}],"predecessor-version":[{"id":2253,"href":"https:\/\/semmelweis.hu\/fulorrgegeszet\/wp-json\/wp\/v2\/pages\/2241\/revisions\/2253"}],"wp:attachment":[{"href":"https:\/\/semmelweis.hu\/fulorrgegeszet\/wp-json\/wp\/v2\/media?parent=2241"}],"wp:term":[{"taxonomy":"category","embeddable":true,"href":"https:\/\/semmelweis.hu\/fulorrgegeszet\/wp-json\/wp\/v2\/categories?post=2241"},{"taxonomy":"post_tag","embeddable":true,"href":"https:\/\/semmelweis.hu\/fulorrgegeszet\/wp-json\/wp\/v2\/tags?post=2241"}],"curies":[{"name":"wp","href":"https:\/\/api.w.org\/{rel}","templated":true}]}}