{"id":223,"date":"2015-02-10T20:25:46","date_gmt":"2015-02-10T19:25:46","guid":{"rendered":"http:\/\/semmelweis.hu\/fulorrgegeszet\/?page_id=223"},"modified":"2024-12-10T11:33:17","modified_gmt":"2024-12-10T10:33:17","slug":"jarobeteg-ellatas","status":"publish","type":"page","link":"https:\/\/semmelweis.hu\/fulorrgegeszet\/betegeinknek\/jarobeteg-ellatas\/","title":{"rendered":"J\u00e1r\u00f3beteg ell\u00e1t\u00e1s"},"content":{"rendered":"<div class=\"keretes w-100\">\n<p>Amennyiben f\u00fcl-orr-g\u00e9g\u00e9szeti panasza van, <strong>h\u00e9tk\u00f6znapokon 9 \u00e9s 14 \u00f3ra k\u00f6z\u00f6tt<\/strong> h\u00edvja a <strong>06-20-825-0722 telefonsz\u00e1mot.<\/strong><\/p>\n<p>Az el\u0151jegyzett id\u0151ponttal bejelentkez\u00e9s h\u00e9tk\u00f6znapokon: <strong>9:00 &#8211; 14:00 \u00f3ra k\u00f6z\u00f6tt a Klinika magasf\u00f6ldszintj\u00e9n <\/strong>(Szigony u. 36.)<\/p>\n<p>Munkasz\u00fcneti napokon 00 &#8211; 24 \u00f3r\u00e1ig \u00fcgyeleti ell\u00e1t\u00e1s t\u00f6rt\u00e9nik.<\/p>\n<\/div>\n<p style=\"text-align: justify\">Klinik\u00e1nk ambulanci\u00e1j\u00e1ra \u00e9rkez\u0151 betegek a magasf\u00f6ldszinten tal\u00e1lhat\u00f3 j\u00e1r\u00f3beteg felv\u00e9teli ablakn\u00e1l (1.ablak) jelentkezhetnek be <strong>9 \u00e9s 14 \u00f3ra k\u00f6z\u00f6tt<\/strong>. A bejelentkez\u00e9shez <strong>TAJ- k\u00e1rtya, szem\u00e9lyigazolv\u00e1ny \u00e9s lakc\u00edmk\u00e1rtya<\/strong> sz\u00fcks\u00e9ges.<\/p>\n<p style=\"text-align: justify\">Az ambul\u00e1ns rendel\u00e9si id\u0151 kezdete 9 \u00f3ra, a betegek beh\u00edv\u00e1sa el\u0151re egyeztetett id\u0151pontra t\u00f6rt\u00e9nik, mely al\u00f3l <strong>kiv\u00e9telt k\u00e9peznek a s\u00fcrg\u0151ss\u00e9gi ell\u00e1t\u00e1st ig\u00e9nyl\u0151 betegek<\/strong> (v\u00e9rz\u0151, fullad\u00f3 betegek), kisgyermekek.<\/p>\n<p style=\"text-align: justify\">Az ambulanci\u00e1n egyidej\u0171leg t\u00f6bb rendel\u00e9s folyik, ez\u00e9rt <strong>a v\u00e1rakoz\u00e1si id\u0151 elt\u00e9r\u0151 lehet<\/strong>, amennyiben a betegek ambul\u00e1ns rendel\u00e9sre vagy kezel\u0151orvosukhoz \u00e9rkeztek vizsg\u00e1latra. A fizik\u00e1lis vizsg\u00e1latot k\u00f6vet\u0151en a vizsg\u00e1l\u00f3 orvos d\u00f6nt kieg\u00e9sz\u00edt\u0151 vizsg\u00e1latok (labor, audiol\u00f3giai \u00e9s k\u00e9palkot\u00f3 vizsg\u00e1lat) sz\u00fcks\u00e9gess\u00e9g\u00e9r\u0151l. A vizsg\u00e1lat v\u00e9g\u00e9n a betegek ambul\u00e1ns lapot kapnak, melynek \u00e1tv\u00e9tel\u00e9t al\u00e1\u00edr\u00e1sukkal igazolj\u00e1k.<\/p>\n<p style=\"text-align: justify\">Az ambulancia ad helyet reggelente <strong>06:30- 08:00 k\u00f6z\u00f6tt zajl\u00f3 aneszteziol\u00f3giai ambulanci\u00e1nak<\/strong>, mely el\u0151zetes id\u0151pontegyeztet\u00e9ssel m\u0171k\u00f6dik. A betegek az aneszteziol\u00f3gus orvosnak mutatj\u00e1k be az el\u0151zetesen kit\u00f6lt\u00f6tt beleegyez\u0151 dokumentumokat, elk\u00e9sz\u00fclt leleteket.<\/p>\n<p style=\"text-align: justify\">\n<del><\/del><\/p>\n","protected":false},"excerpt":{"rendered":"<p>Amennyiben f\u00fcl-orr-g\u00e9g\u00e9szeti panasza van, h\u00e9tk\u00f6znapokon 9 \u00e9s 14 \u00f3ra k\u00f6z\u00f6tt h\u00edvja a 06-20-825-0722 telefonsz\u00e1mot. Az el\u0151jegyzett id\u0151ponttal bejelentkez\u00e9s h\u00e9tk\u00f6znapokon: 9:00 &#8211; 14:00 \u00f3ra k\u00f6z\u00f6tt a Klinika magasf\u00f6ldszintj\u00e9n (Szigony u. 36.) Munkasz\u00fcneti napokon 00 &#8211; 24 \u00f3r\u00e1ig \u00fcgyeleti ell\u00e1t\u00e1s t\u00f6rt\u00e9nik. Klinik\u00e1nk ambulanci\u00e1j\u00e1ra \u00e9rkez\u0151 betegek a magasf\u00f6ldszinten tal\u00e1lhat\u00f3 j\u00e1r\u00f3beteg felv\u00e9teli ablakn\u00e1l (1.ablak) jelentkezhetnek be 9 \u00e9s 14 &hellip;<\/p>\n","protected":false},"author":335,"featured_media":0,"parent":218,"menu_order":1,"comment_status":"closed","ping_status":"closed","template":"","meta":{"_acf_changed":false,"footnotes":""},"categories":[],"tags":[],"class_list":["post-223","page","type-page","status-publish","hentry"],"acf":[],"_links":{"self":[{"href":"https:\/\/semmelweis.hu\/fulorrgegeszet\/wp-json\/wp\/v2\/pages\/223","targetHints":{"allow":["GET"]}}],"collection":[{"href":"https:\/\/semmelweis.hu\/fulorrgegeszet\/wp-json\/wp\/v2\/pages"}],"about":[{"href":"https:\/\/semmelweis.hu\/fulorrgegeszet\/wp-json\/wp\/v2\/types\/page"}],"author":[{"embeddable":true,"href":"https:\/\/semmelweis.hu\/fulorrgegeszet\/wp-json\/wp\/v2\/users\/335"}],"replies":[{"embeddable":true,"href":"https:\/\/semmelweis.hu\/fulorrgegeszet\/wp-json\/wp\/v2\/comments?post=223"}],"version-history":[{"count":13,"href":"https:\/\/semmelweis.hu\/fulorrgegeszet\/wp-json\/wp\/v2\/pages\/223\/revisions"}],"predecessor-version":[{"id":2240,"href":"https:\/\/semmelweis.hu\/fulorrgegeszet\/wp-json\/wp\/v2\/pages\/223\/revisions\/2240"}],"up":[{"embeddable":true,"href":"https:\/\/semmelweis.hu\/fulorrgegeszet\/wp-json\/wp\/v2\/pages\/218"}],"wp:attachment":[{"href":"https:\/\/semmelweis.hu\/fulorrgegeszet\/wp-json\/wp\/v2\/media?parent=223"}],"wp:term":[{"taxonomy":"category","embeddable":true,"href":"https:\/\/semmelweis.hu\/fulorrgegeszet\/wp-json\/wp\/v2\/categories?post=223"},{"taxonomy":"post_tag","embeddable":true,"href":"https:\/\/semmelweis.hu\/fulorrgegeszet\/wp-json\/wp\/v2\/tags?post=223"}],"curies":[{"name":"wp","href":"https:\/\/api.w.org\/{rel}","templated":true}]}}