{"id":202,"date":"2015-01-12T19:53:19","date_gmt":"2015-01-12T18:53:19","guid":{"rendered":"http:\/\/semmelweis.hu\/fulorrgegeszet\/?page_id=202"},"modified":"2023-05-25T11:32:03","modified_gmt":"2023-05-25T09:32:03","slug":"egy-szazalek","status":"publish","type":"page","link":"https:\/\/semmelweis.hu\/fulorrgegeszet\/egy-szazalek\/","title":{"rendered":"Budapesti F\u00fcl-Orr-G\u00e9geklinik\u00e1\u00e9rt Alap\u00edtv\u00e1ny"},"content":{"rendered":"<h4><strong>BUDAPESTI F\u00dcL-ORR-G\u00c9GEKLINIK\u00c1\u00c9RT ALAP\u00cdTV\u00c1NY<\/strong><\/h4>\n<div class=\"fontos_div\">\n<p>Az ad\u00f3 1%- az\u00e9rt egyed\u00fcl\u00e1ll\u00f3 t\u00e1mogat\u00e1si forma, mert nem von el p\u00e9nzt a csal\u00e1di kassz\u00e1t\u00f3l. Ebben \u00d6n is r\u00e9szt vehet!<\/p>\n<\/div>\n<p><strong>A kurat\u00f3rium eln\u00f6ke:<\/strong> Prof. Dr. Tam\u00e1s L\u00e1szl\u00f3<br \/>\n<strong>C\u00edm:<\/strong> 1083 Budapest, Szigony u. 36.<\/p>\n<p><strong>Az Alap\u00edtv\u00e1ny k\u00f6zhaszn\u00fa, tev\u00e9kenys\u00e9g\u00e9nek c\u00e9lja:<\/strong><\/p>\n<ul style=\"list-style-type: square\">\n<li>A Semmelweis Egyetem F\u00fcl-Orr-G\u00e9g\u00e9szeti \u00e9s Fej-Nyakseb\u00e9szeti Klinika leromlott m\u0171eml\u00e9k-\u00e9p\u00fclet\u00e9nek \u00e9s m\u0171szerparkj\u00e1nak rekonstrukci\u00f3j\u00e1hoz t\u00e1mogat\u00e1st ny\u00fajtani<\/li>\n<li>A Klinik\u00e1n foly\u00f3 gy\u00f3gy\u00edt\u00f3 tev\u00e9kenys\u00e9g t\u00e1mogat\u00e1sa<\/li>\n<li>Klinik\u00e1nkon foly\u00f3 tudom\u00e1nyos kutat\u00e1sok t\u00e1mogat\u00e1sa<\/li>\n<li>Az eg\u00e9szs\u00e9g\u00fcgyi szak-\u00e9s tov\u00e1bbk\u00e9pz\u00e9s t\u00e1mogat\u00e1sa.<\/li>\n<\/ul>\n<div class=\"keretes w-100\">\n<p><strong>Az Alap\u00edtv\u00e1ny sz\u00e1mla sz\u00e1ma:<\/strong> <br \/>\nRaiffeisen Bank Zrt: 12011265-01199529-00100007<\/p>\n<p><strong>Ad\u00f3sz\u00e1ma:<\/strong> 18028159-1-42<\/p>\n<p><strong>B\u00edr\u00f3s\u00e1gi bejegyz\u00e9s sz\u00e1ma:<\/strong> 11046\/2010 febru\u00e1r 23.<\/p>\n<\/div>\n","protected":false},"excerpt":{"rendered":"<p>BUDAPESTI F\u00dcL-ORR-G\u00c9GEKLINIK\u00c1\u00c9RT ALAP\u00cdTV\u00c1NY Az ad\u00f3 1%- az\u00e9rt egyed\u00fcl\u00e1ll\u00f3 t\u00e1mogat\u00e1si forma, mert nem von el p\u00e9nzt a csal\u00e1di kassz\u00e1t\u00f3l. Ebben \u00d6n is r\u00e9szt vehet! A kurat\u00f3rium eln\u00f6ke: Prof. Dr. Tam\u00e1s L\u00e1szl\u00f3 C\u00edm: 1083 Budapest, Szigony u. 36. Az Alap\u00edtv\u00e1ny k\u00f6zhaszn\u00fa, tev\u00e9kenys\u00e9g\u00e9nek c\u00e9lja: A Semmelweis Egyetem F\u00fcl-Orr-G\u00e9g\u00e9szeti \u00e9s Fej-Nyakseb\u00e9szeti Klinika leromlott m\u0171eml\u00e9k-\u00e9p\u00fclet\u00e9nek \u00e9s m\u0171szerparkj\u00e1nak rekonstrukci\u00f3j\u00e1hoz t\u00e1mogat\u00e1st ny\u00fajtani &hellip;<\/p>\n","protected":false},"author":335,"featured_media":0,"parent":0,"menu_order":4,"comment_status":"closed","ping_status":"closed","template":"","meta":{"_acf_changed":false,"footnotes":""},"categories":[],"tags":[],"class_list":["post-202","page","type-page","status-publish","hentry"],"acf":[],"_links":{"self":[{"href":"https:\/\/semmelweis.hu\/fulorrgegeszet\/wp-json\/wp\/v2\/pages\/202","targetHints":{"allow":["GET"]}}],"collection":[{"href":"https:\/\/semmelweis.hu\/fulorrgegeszet\/wp-json\/wp\/v2\/pages"}],"about":[{"href":"https:\/\/semmelweis.hu\/fulorrgegeszet\/wp-json\/wp\/v2\/types\/page"}],"author":[{"embeddable":true,"href":"https:\/\/semmelweis.hu\/fulorrgegeszet\/wp-json\/wp\/v2\/users\/335"}],"replies":[{"embeddable":true,"href":"https:\/\/semmelweis.hu\/fulorrgegeszet\/wp-json\/wp\/v2\/comments?post=202"}],"version-history":[{"count":10,"href":"https:\/\/semmelweis.hu\/fulorrgegeszet\/wp-json\/wp\/v2\/pages\/202\/revisions"}],"predecessor-version":[{"id":2136,"href":"https:\/\/semmelweis.hu\/fulorrgegeszet\/wp-json\/wp\/v2\/pages\/202\/revisions\/2136"}],"wp:attachment":[{"href":"https:\/\/semmelweis.hu\/fulorrgegeszet\/wp-json\/wp\/v2\/media?parent=202"}],"wp:term":[{"taxonomy":"category","embeddable":true,"href":"https:\/\/semmelweis.hu\/fulorrgegeszet\/wp-json\/wp\/v2\/categories?post=202"},{"taxonomy":"post_tag","embeddable":true,"href":"https:\/\/semmelweis.hu\/fulorrgegeszet\/wp-json\/wp\/v2\/tags?post=202"}],"curies":[{"name":"wp","href":"https:\/\/api.w.org\/{rel}","templated":true}]}}