{"id":1981,"date":"2023-05-24T10:10:41","date_gmt":"2023-05-24T08:10:41","guid":{"rendered":"https:\/\/semmelweis.hu\/fulorrgegeszet\/?page_id=1981"},"modified":"2026-01-19T13:00:22","modified_gmt":"2026-01-19T12:00:22","slug":"latogatasi-ido","status":"publish","type":"page","link":"https:\/\/semmelweis.hu\/fulorrgegeszet\/betegeinknek\/latogatasi-ido\/","title":{"rendered":"L\u00e1togat\u00e1si id\u0151"},"content":{"rendered":"<h3><span style=\"font-weight: 400\">Kedves Betegeink!<\/span><\/h3>\n<p><span style=\"font-weight: 400\">Int\u00e9zm\u00e9ny\u00fcnkben <strong>2022.06.14-t\u0151l<\/strong> az al\u00e1bbi l\u00e1togat\u00e1si rend van \u00e9rv\u00e9nyben:<\/span><\/p>\n<div class=\"keretes w-100\">\n<p><strong>H\u00e9tk\u00f6znap:\u00a0<\/strong> 15:00 \u2013 18:00 \u00f3ra k\u00f6z\u00f6tt<\/p>\n<p><strong>H\u00e9tv\u00e9g\u00e9n \u00e9s \u00fcnnepnapokon: <\/strong>10:00 \u2013 16:00 \u00f3ra k\u00f6z\u00f6tt<\/p>\n<p>Egy betegn\u00e9l <strong>egyszerre 2 f\u0151<\/strong> l\u00e1togat\u00f3 tart\u00f3zkodhat.<\/p>\n<\/div>\n","protected":false},"excerpt":{"rendered":"<p>Kedves Betegeink!<br \/>\nInt\u00e9zm\u00e9ny\u00fcnkben 2022.06.14-t\u0151l az al\u00e1bbi l\u00e1togat\u00e1si rend van \u00e9rv\u00e9nyben:<\/p>\n<p>H\u00e9tk\u00f6znap:\u00a0 15:00 \u2013 18:00 \u00f3ra k\u00f6z\u00f6tt<br \/>\nH\u00e9tv\u00e9g\u00e9n \u00e9s \u00fcnnepnapokon: 10:00 \u2013 16:00 \u00f3ra k\u00f6z\u00f6tt<br \/>\nEgy betegn\u00e9l egyszerre 2 f\u0151 l\u00e1togat\u00f3 tart\u00f3zkodhat.<\/p>\n","protected":false},"author":101505,"featured_media":0,"parent":218,"menu_order":5,"comment_status":"closed","ping_status":"closed","template":"","meta":{"_acf_changed":false,"footnotes":""},"categories":[],"tags":[],"class_list":["post-1981","page","type-page","status-publish","hentry"],"acf":[],"_links":{"self":[{"href":"https:\/\/semmelweis.hu\/fulorrgegeszet\/wp-json\/wp\/v2\/pages\/1981","targetHints":{"allow":["GET"]}}],"collection":[{"href":"https:\/\/semmelweis.hu\/fulorrgegeszet\/wp-json\/wp\/v2\/pages"}],"about":[{"href":"https:\/\/semmelweis.hu\/fulorrgegeszet\/wp-json\/wp\/v2\/types\/page"}],"author":[{"embeddable":true,"href":"https:\/\/semmelweis.hu\/fulorrgegeszet\/wp-json\/wp\/v2\/users\/101505"}],"replies":[{"embeddable":true,"href":"https:\/\/semmelweis.hu\/fulorrgegeszet\/wp-json\/wp\/v2\/comments?post=1981"}],"version-history":[{"count":8,"href":"https:\/\/semmelweis.hu\/fulorrgegeszet\/wp-json\/wp\/v2\/pages\/1981\/revisions"}],"predecessor-version":[{"id":2320,"href":"https:\/\/semmelweis.hu\/fulorrgegeszet\/wp-json\/wp\/v2\/pages\/1981\/revisions\/2320"}],"up":[{"embeddable":true,"href":"https:\/\/semmelweis.hu\/fulorrgegeszet\/wp-json\/wp\/v2\/pages\/218"}],"wp:attachment":[{"href":"https:\/\/semmelweis.hu\/fulorrgegeszet\/wp-json\/wp\/v2\/media?parent=1981"}],"wp:term":[{"taxonomy":"category","embeddable":true,"href":"https:\/\/semmelweis.hu\/fulorrgegeszet\/wp-json\/wp\/v2\/categories?post=1981"},{"taxonomy":"post_tag","embeddable":true,"href":"https:\/\/semmelweis.hu\/fulorrgegeszet\/wp-json\/wp\/v2\/tags?post=1981"}],"curies":[{"name":"wp","href":"https:\/\/api.w.org\/{rel}","templated":true}]}}