{"id":197,"date":"2015-01-12T19:41:09","date_gmt":"2015-01-12T18:41:09","guid":{"rendered":"http:\/\/semmelweis.hu\/fulorrgegeszet\/?page_id=197"},"modified":"2024-12-10T09:08:59","modified_gmt":"2024-12-10T08:08:59","slug":"vizsgak","status":"publish","type":"page","link":"https:\/\/semmelweis.hu\/fulorrgegeszet\/oktatas\/aok\/vizsgak\/","title":{"rendered":"Vizsgat\u00e9telek (\u00c1OK)"},"content":{"rendered":"<p><a href=\"https:\/\/semmelweis.hu\/fulorrgegeszet\/files\/2024\/12\/Ful-orr-gegeszeti-tetelek-I-II-magyar-AOK.pdf\">F\u00fcl-orr-g\u00e9g\u00e9szeti t\u00e9telek (I-II) (magyar \u00c1OK)<\/a><\/p>\n<p>I.<\/p>\n<ol>\n<li>A f\u00fclkagyl\u00f3, a k\u00fcls\u0151 hall\u00f3j\u00e1rat, valamint a dobh\u00e1rtya anat\u00f3mi\u00e1ja \u00e9s fizik\u00e1lis vizsg\u00e1lata <\/li>\n<li>A k\u00f6z\u00e9pf\u00fcl anat\u00f3mi\u00e1ja \u00e9s funkci\u00f3ja, a f\u00fclk\u00fcrt m\u0171k\u00f6d\u00e9se \u00e9s vizsg\u00e1lata.<\/li>\n<li>Tisztahang k\u00fcsz\u00f6b-audiometria, tympanometria. Szubjekt\u00edv \u00e9s objekt\u00edv hall\u00e1svizsg\u00e1latok felsorol\u00e1sa. Hangvilla vizsg\u00e1latok<\/li>\n<li>Objekt\u00edv hall\u00e1svizsg\u00e1latok. Tympanometria, kiv\u00e1ltott v\u00e1lasz audiometria, otoakusztikus emisszi\u00f3.<\/li>\n<li>Az otoneurol\u00f3gia alapvet\u0151 vizsg\u00e1l\u00f3 m\u00f3dszerei. A centr\u00e1lis \u00e9s perif\u00e9ri\u00e1s egyens\u00falyzavarok t\u00fcnettana.<\/li>\n<li>A f\u00fclkagyl\u00f3 \u00e9s a k\u00fcls\u0151 hall\u00f3j\u00e1rat betegs\u00e9gei.<\/li>\n<li>Az akut \u00e9s kr\u00f3nikus sav\u00f3s k\u00f6z\u00e9pf\u00fclgyullad\u00e1s. Ventill\u00e1ci\u00f3s tubus (Grommet) alkalmaz\u00e1sa.<\/li>\n<li>Az akut gennyes k\u00f6z\u00e9pf\u00fclgyullad\u00e1s lefoly\u00e1sa, kezel\u00e9se. A paracent\u00e9zis.<\/li>\n<li>A kr\u00f3nikus k\u00f6z\u00e9pf\u00fclgyullad\u00e1s fajt\u00e1i.<\/li>\n<li>Az akut \u00e9s kr\u00f3nikus, gennyes k\u00f6z\u00e9pf\u00fclgyullad\u00e1sok sz\u00f6v\u0151dm\u00e9nyei.<\/li>\n<li>A centr\u00e1lis \u00e9s perif\u00e9ri\u00e1s faci\u00e1lis b\u00e9nul\u00e1s elk\u00fcl\u00f6n\u00edt\u00e9se. A perif\u00e9ri\u00e1s faci\u00e1lis b\u00e9nul\u00e1s okai, differenci\u00e1ldiagnosztik\u00e1ja.<\/li>\n<li>Mastoidekt\u00f3mia, radik\u00e1lis f\u00fclm\u0171t\u00e9t.<\/li>\n<li>A tympanoplasztika fogalma, fajt\u00e1i<\/li>\n<li>Hall\u00f3csontl\u00e1ncolati fix\u00e1ci\u00f3k, tympanosclerosis, otosclerosis. Klinikum, diagn\u00f3zis, kezel\u00e9s.<\/li>\n<li>A k\u00fcls\u0151, k\u00f6z\u00e9p- \u00e9s bels\u0151 f\u00fcl traum\u00e1i.<\/li>\n<li>A bels\u0151 f\u00fcl zaj okozta k\u00e1rosod\u00e1sai, fert\u0151z\u0151 betegs\u00e9gek \u00e1ltal okozott, \u00e9s toxikus l\u00e9zi\u00f3i.<\/li>\n<li>A BPPV, a neuronitis vestibularis \u00e9s a M\u00e9ni\u00e8re betegs\u00e9g differenci\u00e1ldiagnosztik\u00e1ja.<\/li>\n<li>Az akut \u00e9s kr\u00f3nikus szenzorineur\u00e1lis hall\u00e1scs\u00f6kken\u00e9sek.<\/li>\n<li>A nagyothall\u00f3, illetve siket gyermek t\u00fcnettana, kivizsg\u00e1l\u00e1sa \u00e9s ell\u00e1t\u00e1sa. A csecsem\u0151kori hall\u00e1ssz\u0171r\u00e9s.<\/li>\n<li>A hall\u00e1sjav\u00edt\u00f3 k\u00e9sz\u00fcl\u00e9kek t\u00edpusai, indik\u00e1ci\u00f3i. Cochle\u00e1ris implant\u00e1ci\u00f3<\/li>\n<li>Az orr funkci\u00f3i, az orr \u00e9s az orrmell\u00e9k\u00fcregek anat\u00f3mi\u00e1ja \u00e9s \u00e9lettana.<\/li>\n<li>Az orr \u00e9s az orrmell\u00e9k\u00fcregek egyszer\u0171 fizik\u00e1lis, endoszk\u00f3pos \u00e9s korszer\u0171 k\u00e9palkot\u00f3 vizsg\u00e1lata.<\/li>\n<li>A k\u00fcls\u0151 orr betegs\u00e9gei, s\u00e9r\u00fcl\u00e9sei, gyullad\u00e1sai \u00e9s daganatai.<\/li>\n<li>Az orr\u00fcreg v\u00e9rell\u00e1t\u00e1sa, az orrv\u00e9rz\u00e9s okai \u00e9s ell\u00e1t\u00e1sa.<\/li>\n<li>Az orrl\u00e9gz\u00e9st akad\u00e1lyoz\u00f3 betegs\u00e9gek. Az orrs\u00f6v\u00e9nyferd\u00fcl\u00e9s. Szagl\u00e1szavarok.<\/li>\n<li>A rhinitisek t\u00edpusai, ter\u00e1pi\u00e1juk<\/li>\n<li>Az orrmell\u00e9k\u00fcregek akut- \u00e9s kr\u00f3nikus gyullad\u00e1sai. Kezel\u00e9si alapelvek<\/li>\n<li>Az endoszk\u00f3pos mell\u00e9k\u00fcreg-seb\u00e9szet, kiterjesztett alkalmaz\u00e1sok.<\/li>\n<li>Az orrmell\u00e9k\u00fcreg-gyullad\u00e1sok sz\u00f6v\u0151dm\u00e9nyei.<\/li>\n<li>Az orrmell\u00e9k\u00fcregek j\u00f3- \u00e9s rosszindulat\u00fa daganatai, kezel\u00e9si alapelvek<\/li>\n<\/ol>\n<p>&nbsp;<\/p>\n<p>II.<\/p>\n<ol start=\"31\">\n<li>A garat anat\u00f3mi\u00e1ja, \u00e9lettana \u00e9s vizsg\u00e1lata.<\/li>\n<li>Az alv\u00e1si apnoe szindr\u00f3ma t\u00fcnettana, okai \u00e9s vizsg\u00e1lata.<\/li>\n<li>Az orrgaratban el\u0151fordul\u00f3 betegs\u00e9gek. Adenoid hyperplasia \u00e9s k\u00f6vetkezm\u00e9nyei. Orrgarati tumorok.<\/li>\n<li>A sz\u00e1j\u00fcreg \u00e9s -garat gyullad\u00e1sos megbeteged\u00e9sei.<\/li>\n<li>Tonsillitisek, angin\u00e1k, mononucleosis.<\/li>\n<li>Az akut tonsillitis sz\u00f6v\u0151dm\u00e9nyei. Peritonsillaris abscessus<\/li>\n<li>Kr\u00f3nikus tonsilllitis t\u00fcnetei, diagn\u00f3zisa. Tonsillectomia lehets\u00e9ges m\u0171t\u00e9ti sz\u00f6v\u0151dm\u00e9nyei.<\/li>\n<li>Rosszindulat\u00fa tumorok a sz\u00e1j\u00fcregben, a nyelven \u00e9s a sz\u00e1jgaratban.<\/li>\n<li>A nyak anat\u00f3mi\u00e1ja, a nyaki spatiumok, a nyak erei, idegei \u00e9s nyirokrendszere.<\/li>\n<li>Fejl\u0151d\u00e9si anom\u00e1li\u00e1k a nyakon. A nyaki l\u00e1gyr\u00e9szek gyullad\u00e1sai.<\/li>\n<li>Nyaki terim\u00e9k differenci\u00e1ldiagnosztik\u00e1ja.<\/li>\n<li>A pajzsmirigy gyullad\u00e1sai, degenerat\u00edv \u00e9s daganatos betegs\u00e9gei.<\/li>\n<li>A ny\u00e1lmirigyek gyullad\u00e1sai, sialadenopathi\u00e1k.<\/li>\n<li>A ny\u00e1lmirigyek j\u00f3- \u00e9s rosszindulat\u00fa daganatai.<\/li>\n<li>A g\u00e9ge anat\u00f3mi\u00e1ja \u00e9s funkci\u00f3ja.<\/li>\n<li>A g\u00e9ge vizsg\u00e1lata. A g\u00e9gebetegs\u00e9gek t\u00fcnetei.<\/li>\n<li>A hangszalagb\u00e9nul\u00e1sok okai, t\u00fcnettana \u00e9s kivizsg\u00e1l\u00e1sa. Laterofix\u00e1ci\u00f3.<\/li>\n<li>Tracheotomia, conicotomia. Az intub\u00e1ci\u00f3 indik\u00e1ci\u00f3i \u00e9s kivitelez\u00e9se.<\/li>\n<li>A g\u00e9ge akut \u00e9s kr\u00f3nikus gyullad\u00e1sai.<\/li>\n<li>Kr\u00f3nikus laryngitisek okai, t\u00fcnetei, kezel\u00e9s\u00fck.<\/li>\n<li>A g\u00e9ge \u00e9s algarat rosszindulat\u00fa daganatai.<\/li>\n<li>G\u00e9gem\u0171t\u00e9ten \u00e1tesett betegek gondoz\u00e1sa, ut\u00e1nk\u00f6vet\u00e9se. A besz\u00e9drehabilit\u00e1ci\u00f3 lehet\u0151s\u00e9gei teljes g\u00e9geelt\u00e1vol\u00edt\u00e1son \u00e1tesett betegekn\u00e9l.<\/li>\n<li>A l\u00e9gcs\u0151 megbeteged\u00e9sei, l\u00e9g\u00fati idegentestek. A nyel\u0151cs\u0151 vizsg\u00e1lata \u00e9s megbeteged\u00e9sei. Nyel\u00e9szavarok. Nyel\u0151cs\u0151-idegentestek.<\/li>\n<li>A HPV szerepe a sz\u00e1jgarati rosszindulat\u00fa betegs\u00e9gekben.<\/li>\n<li>A nyaki nyirokcsom\u00f3 r\u00e9gi\u00f3k. Nyaki nyirokcsom\u00f3 disszekci\u00f3k.<\/li>\n<li>A r\u00e9szleges g\u00e9gem\u0171t\u00e9tek.<\/li>\n<li>A fej-nyaki daganatok komplex kezel\u00e9s\u00e9nek lehet\u0151s\u00e9gei.<\/li>\n<\/ol>\n","protected":false},"excerpt":{"rendered":"<p><a href=\"https:\/\/semmelweis.hu\/fulorrgegeszet\/files\/2024\/12\/Ful-orr-gegeszeti-tetelek-I-II-magyar-AOK.pdf\">F\u00fcl-orr-g\u00e9g\u00e9szeti t\u00e9telek (I-II) (magyar \u00c1OK)<\/a> I. A f\u00fclkagyl\u00f3, a k\u00fcls\u0151 hall\u00f3j\u00e1rat, valamint a dobh\u00e1rtya anat\u00f3mi\u00e1ja \u00e9s fizik\u00e1lis vizsg\u00e1lata A k\u00f6z\u00e9pf\u00fcl anat\u00f3mi\u00e1ja \u00e9s funkci\u00f3ja, a f\u00fclk\u00fcrt m\u0171k\u00f6d\u00e9se \u00e9s vizsg\u00e1lata. Tisztahang k\u00fcsz\u00f6b-audiometria, tympanometria. Szubjekt\u00edv \u00e9s objekt\u00edv hall\u00e1svizsg\u00e1latok felsorol\u00e1sa. Hangvilla vizsg\u00e1latok Objekt\u00edv hall\u00e1svizsg\u00e1latok. Tympanometria, kiv\u00e1ltott v\u00e1lasz audiometria, otoakusztikus emisszi\u00f3. Az otoneurol\u00f3gia alapvet\u0151 vizsg\u00e1l\u00f3 m\u00f3dszerei. A centr\u00e1lis \u00e9s perif\u00e9ri\u00e1s egyens\u00falyzavarok t\u00fcnettana. A f\u00fclkagyl\u00f3 \u00e9s &hellip;<\/p>\n","protected":false},"author":101505,"featured_media":0,"parent":1729,"menu_order":3,"comment_status":"open","ping_status":"closed","template":"","meta":{"_acf_changed":false,"footnotes":""},"categories":[],"tags":[],"class_list":["post-197","page","type-page","status-publish","hentry"],"acf":[],"_links":{"self":[{"href":"https:\/\/semmelweis.hu\/fulorrgegeszet\/wp-json\/wp\/v2\/pages\/197","targetHints":{"allow":["GET"]}}],"collection":[{"href":"https:\/\/semmelweis.hu\/fulorrgegeszet\/wp-json\/wp\/v2\/pages"}],"about":[{"href":"https:\/\/semmelweis.hu\/fulorrgegeszet\/wp-json\/wp\/v2\/types\/page"}],"author":[{"embeddable":true,"href":"https:\/\/semmelweis.hu\/fulorrgegeszet\/wp-json\/wp\/v2\/users\/101505"}],"replies":[{"embeddable":true,"href":"https:\/\/semmelweis.hu\/fulorrgegeszet\/wp-json\/wp\/v2\/comments?post=197"}],"version-history":[{"count":11,"href":"https:\/\/semmelweis.hu\/fulorrgegeszet\/wp-json\/wp\/v2\/pages\/197\/revisions"}],"predecessor-version":[{"id":2226,"href":"https:\/\/semmelweis.hu\/fulorrgegeszet\/wp-json\/wp\/v2\/pages\/197\/revisions\/2226"}],"up":[{"embeddable":true,"href":"https:\/\/semmelweis.hu\/fulorrgegeszet\/wp-json\/wp\/v2\/pages\/1729"}],"wp:attachment":[{"href":"https:\/\/semmelweis.hu\/fulorrgegeszet\/wp-json\/wp\/v2\/media?parent=197"}],"wp:term":[{"taxonomy":"category","embeddable":true,"href":"https:\/\/semmelweis.hu\/fulorrgegeszet\/wp-json\/wp\/v2\/categories?post=197"},{"taxonomy":"post_tag","embeddable":true,"href":"https:\/\/semmelweis.hu\/fulorrgegeszet\/wp-json\/wp\/v2\/tags?post=197"}],"curies":[{"name":"wp","href":"https:\/\/api.w.org\/{rel}","templated":true}]}}