{"id":1960,"date":"2023-04-20T12:22:12","date_gmt":"2023-04-20T10:22:12","guid":{"rendered":"https:\/\/semmelweis.hu\/fulorrgegeszet\/?page_id=1960"},"modified":"2023-05-24T16:15:10","modified_gmt":"2023-05-24T14:15:10","slug":"uber-uns","status":"publish","type":"page","link":"https:\/\/semmelweis.hu\/fulorrgegeszet\/de\/uber-uns\/","title":{"rendered":"\u00dcber uns"},"content":{"rendered":"<p><span class=\"HwtZe\" lang=\"de\"><span class=\"jCAhz ChMk0b\"><span class=\"ryNqvb\"><strong>Adresse<\/strong>: H-1083 Budapest, Szigony u.<\/span><\/span> <span class=\"jCAhz ChMk0b\"><span class=\"ryNqvb\">36.<\/span><\/span> <br \/>\n<\/span><span class=\"HwtZe\" lang=\"de\"><span class=\"jCAhz ChMk0b\"><span class=\"ryNqvb\"><strong>Tel:<\/strong> (+36-20) 825-2310<\/span><\/span> <br \/>\n<span class=\"jCAhz ChMk0b\"><span class=\"ryNqvb\"><strong>E-Mail:<\/strong> titkarsag.fulo@med.semmelweis-univ.hu<\/span><\/span> <br \/>\n<span class=\"jCAhz ChMk0b\"><span class=\"ryNqvb\"><strong>Internet:<\/strong> <a href=\"http:\/\/semmelweis.hu\/fulorrgegeszet\/\">semmelweis.hu\/fulorrgegeszet\/<\/a><\/span><\/span><\/span><\/p>\n<p><span class=\"HwtZe\" lang=\"de\"><span class=\"jCAhz ChMk0b C1N51c\"><span class=\"ryNqvb\">Direktor Professor L\u00e1szl\u00f3 Tam\u00e1s, M.D., Ph.D<\/span><\/span><\/span><\/p>\n<p><span class=\"HwtZe\" lang=\"de\"><span class=\"jCAhz ChMk0b\"><span class=\"ryNqvb\"><strong>Hintergrund<\/strong> <br \/>\nOtologie und Rhino-Laryngologie waren einst eigenst\u00e4ndige Disziplinen.<\/span><\/span> <span class=\"jCAhz ChMk0b\"><span class=\"ryNqvb\">1863 waren die Laryngologie unter der Leitung von Imre Navratil und die Otologische Klinik unter der Leitung von Gyula B\u00f6ke getrennte Abteilungen gewesen;<\/span><\/span> <span class=\"jCAhz ChMk0b\"><span class=\"ryNqvb\">diese wurden 1932 zusammengelegt. Unter der Leitung von Professor L\u00e9n\u00e1rt zog die neue Abteilung f\u00fcr Hals-Nasen-Ohrenheilkunde 1936 in ihre jetzigen R\u00e4umlichkeiten in der Szigony-Stra\u00dfe um.<\/span><\/span><\/span><\/p>\n<p><strong><span class=\"HwtZe\" lang=\"de\"><span class=\"jCAhz ChMk0b\"><span class=\"ryNqvb\">Profil<br \/>\n<\/span><\/span><\/span><\/strong><span class=\"HwtZe\" lang=\"de\"><span class=\"jCAhz ChMk0b\"><span class=\"ryNqvb\">Allgemeine HNO-Heilkunde, Audiologie, spezielle H\u00f6rverbesserung, Cochlea-Implantation, Otoneurologie, Phoniatrie, Logop\u00e4die, Kopf-Hals-Chirurgie, Endoskopie, Plastische und Rekonstruktive Chirurgie, Rhinologie, Allergologie.<\/span><\/span><\/span><\/p>\n<p><strong><span class=\"HwtZe\" lang=\"de\"><span class=\"jCAhz ChMk0b\"><span class=\"ryNqvb\">Ausbildung<\/span><\/span> <br \/>\n<\/span><\/strong><span class=\"HwtZe\" lang=\"de\">D<span class=\"jCAhz ChMk0b\"><span class=\"ryNqvb\">as Otorhinolaryngologische Curriculum richtet sich an alle Medizin- und Zahnmedizinstudenten der Universit\u00e4t.<\/span><\/span> <span class=\"jCAhz ChMk0b\"><span class=\"ryNqvb\">Vorlesungen und Demonstrationen werden f\u00fcr beide Fakult\u00e4ten in ungarischer, englischer und deutscher Sprache abgehalten.<\/span><\/span> <span class=\"jCAhz ChMk0b\"><span class=\"ryNqvb\">Praktisches Training in den neuesten Hals-Nasen-Ohren-Chirurgietechniken wird durch Videoanweisungen gegeben.<\/span><\/span> <span class=\"jCAhz ChMk0b\"><span class=\"ryNqvb\">Jedes Jahr hat die Abteilung mehrere Ph.D.<\/span><\/span> <span class=\"jCAhz ChMk0b\"><span class=\"ryNqvb\">Studenten und beteiligt sich in ausgew\u00e4hlten Kursen auch an der postgradualen Ausbildung von Hals-Nasen-Ohren-\u00c4rzten.<\/span><\/span><\/span><\/p>\n<p><strong><span class=\"HwtZe\" lang=\"de\"><span class=\"jCAhz ChMk0b\"><span class=\"ryNqvb\">Gesundheitspflege<\/span><\/span> <br \/>\n<\/span><\/strong><span class=\"HwtZe\" lang=\"de\"><span class=\"jCAhz ChMk0b\"><span class=\"ryNqvb\">Die Abteilung verf\u00fcgt \u00fcber 56 Betten (allgemeine HNO 28, Onkologie 20, p\u00e4diatrische Versorgung 8) f\u00fcr Patienten aus ganz Ungarn.<\/span><\/span> <span class=\"jCAhz ChMk0b\"><span class=\"ryNqvb\">J\u00e4hrlich werden mehr als 4.000 Operationen durchgef\u00fchrt, darunter auch ambulante und ganz spezielle Eingriffe.<\/span><\/span><\/span><\/p>\n<p><span class=\"HwtZe\" lang=\"de\"><span class=\"jCAhz ChMk0b\"><span class=\"ryNqvb\">Zu den auditiven Rehabilitationsverfahren geh\u00f6rt die Cochlea-Implantation der neuesten Prothesenmodelle.<\/span><\/span> <span class=\"jCAhz ChMk0b\"><span class=\"ryNqvb\">Die Klinik hat als eine der ersten die funktionelle endoskopische Chirurgie und die endonasale Mikrochirurgie in die Therapie der Erkrankungen der Nase und der Nasennebenh\u00f6hlen eingef\u00fchrt.<\/span><\/span> <span class=\"jCAhz ChMk0b\"><span class=\"ryNqvb\">Die operative Behandlung des Kehlkopfkrebses wurde durch die Anwendung der Laserchirurgie und die Rekonstruktion ausgedehnter Gewebedefekte erg\u00e4nzt.<\/span><\/span><\/span><\/p>\n<p><span class=\"HwtZe\" lang=\"de\"><span class=\"jCAhz ChMk0b\"><span class=\"ryNqvb\">Dar\u00fcber hinaus betreibt die Klinik folgende Spezialambulanzen: Audiologie, P\u00e4daudiologie, H\u00f6rrehabilitation, Onkologie, Endoskopie, Otoneurologie, Allergologie, Phoniatrie und Logop\u00e4die.<\/span><\/span> <span class=\"jCAhz ChMk0b\"><span class=\"ryNqvb\">Forschung Bevorzugte Forschungsthemen sind: Onkologie, Audiologie, Funktion des Innenohrs, Rhinologie und Phoniatrie.<\/span><\/span> <span class=\"jCAhz ChMk0b\"><span class=\"ryNqvb\">Mehrere neue Methoden, die zur Verbesserung des H\u00f6rverm\u00f6gens eingef\u00fchrt wurden, haben internationale Anerkennung gefunden.<\/span><\/span><\/span><\/p>\n","protected":false},"excerpt":{"rendered":"<p>Otologie und Rhino-Laryngologie waren einst eigenst\u00e4ndige Disziplinen. 1863 waren die Laryngologie unter der Leitung von Imre Navratil und die Otologische Klinik unter der Leitung von Gyula B\u00f6ke getrennte Abteilungen gewesen; diese wurden 1932 zusammengelegt. Unter der Leitung von Professor L\u00e9n\u00e1rt zog die neue Abteilung f\u00fcr Hals-Nasen-Ohrenheilkunde 1936 in ihre jetzigen R\u00e4umlichkeiten in der Szigony-Stra\u00dfe um.<\/p>\n","protected":false},"author":101505,"featured_media":2089,"parent":0,"menu_order":1,"comment_status":"closed","ping_status":"closed","template":"","meta":{"_acf_changed":false,"footnotes":""},"categories":[],"tags":[],"class_list":["post-1960","page","type-page","status-publish","has-post-thumbnail","hentry"],"acf":[],"_links":{"self":[{"href":"https:\/\/semmelweis.hu\/fulorrgegeszet\/wp-json\/wp\/v2\/pages\/1960","targetHints":{"allow":["GET"]}}],"collection":[{"href":"https:\/\/semmelweis.hu\/fulorrgegeszet\/wp-json\/wp\/v2\/pages"}],"about":[{"href":"https:\/\/semmelweis.hu\/fulorrgegeszet\/wp-json\/wp\/v2\/types\/page"}],"author":[{"embeddable":true,"href":"https:\/\/semmelweis.hu\/fulorrgegeszet\/wp-json\/wp\/v2\/users\/101505"}],"replies":[{"embeddable":true,"href":"https:\/\/semmelweis.hu\/fulorrgegeszet\/wp-json\/wp\/v2\/comments?post=1960"}],"version-history":[{"count":2,"href":"https:\/\/semmelweis.hu\/fulorrgegeszet\/wp-json\/wp\/v2\/pages\/1960\/revisions"}],"predecessor-version":[{"id":2090,"href":"https:\/\/semmelweis.hu\/fulorrgegeszet\/wp-json\/wp\/v2\/pages\/1960\/revisions\/2090"}],"wp:featuredmedia":[{"embeddable":true,"href":"https:\/\/semmelweis.hu\/fulorrgegeszet\/wp-json\/wp\/v2\/media\/2089"}],"wp:attachment":[{"href":"https:\/\/semmelweis.hu\/fulorrgegeszet\/wp-json\/wp\/v2\/media?parent=1960"}],"wp:term":[{"taxonomy":"category","embeddable":true,"href":"https:\/\/semmelweis.hu\/fulorrgegeszet\/wp-json\/wp\/v2\/categories?post=1960"},{"taxonomy":"post_tag","embeddable":true,"href":"https:\/\/semmelweis.hu\/fulorrgegeszet\/wp-json\/wp\/v2\/tags?post=1960"}],"curies":[{"name":"wp","href":"https:\/\/api.w.org\/{rel}","templated":true}]}}