{"id":1881,"date":"2023-04-05T12:24:12","date_gmt":"2023-04-05T10:24:12","guid":{"rendered":"https:\/\/semmelweis.hu\/fulorrgegeszet\/?page_id=1881"},"modified":"2024-12-10T09:30:07","modified_gmt":"2024-12-10T08:30:07","slug":"1881-2","status":"publish","type":"page","link":"https:\/\/semmelweis.hu\/fulorrgegeszet\/de\/fakultat-fur-zahnmedizin\/1881-2\/","title":{"rendered":"Kompetenzfragen (Zahnmedizin)"},"content":{"rendered":"<p style=\"text-align: center\"><strong><a href=\"https:\/\/semmelweis.hu\/fulorrgegeszet\/files\/2024\/12\/Kompetenzfragen-\u2013-HNO.pdf\">Kompetenzfragen \u2013 HNO<\/a><\/strong><\/p>\n<p style=\"text-align: center\">-was ein praktizierender Arzt wissen muss-<\/p>\n<p>&nbsp;<\/p>\n<ol>\n<li><strong><u>Symptome und klinisches Bild der Otitis externa diffusa<\/u><\/strong><\/li>\n<\/ol>\n<p><strong>Symptome:<\/strong> Schmerzen, Ohrjucken, Otorrh\u00f6, Vollegef\u00fchl im Ohr, leichte H\u00f6rminderung, schmerzthafter Tragus, normalerweise kein Fieber. Gutes Allgemeinbefinden.<\/p>\n<p><strong>Klinisches Bild:<\/strong> Geh\u00f6rgangshaut angeschwollen, ger\u00f6tet, das Lumen ist mit ser\u00f6sem oder dickem, purulentem Sekret ausgef\u00fcllt. Trommelfell intakt.<\/p>\n<p>&nbsp;<\/p>\n<ol start=\"2\">\n<li><strong><u>Symptome und klinisches Bild der Otitis media akuta suppurativa<\/u><\/strong><\/li>\n<\/ol>\n<p><strong>Symptome:<\/strong> Ohrschmerzen, Fieber, H\u00f6rminderung, im Falle einer Perforation Otorrhoe, Appetitlosigkeit, schlechtes Allgemeinbefinden.<\/p>\n<p><strong>Klinisches Bild:<\/strong> reizloser Geh\u00f6rgang, vaskularisiertes, hyperaemes Trommelfell. Im sp\u00e4teren Verlauf vorw\u00f6lbendes TF, spontane Perforation kann auftreten.<\/p>\n<p>&nbsp;<\/p>\n<ol start=\"3\">\n<li><strong><u>Ursachen einer akuten H\u00f6rminderung<\/u><\/strong><\/li>\n<\/ol>\n<p><strong>Schalleitung:<\/strong> Cerumenpfropf, Fremdk\u00f6rper, Tubenkatarrh, Serotympanon, Trauma<\/p>\n<p><strong>Schallempfindung:<\/strong> akutes L\u00e4rmtrauma, Virusinfektion, Durchblutungsst\u00f6rung, toxische Sch\u00e4digung (Medikamente, Chemikalien), Trauma<\/p>\n<p>&nbsp;<\/p>\n<ol start=\"4\">\n<li><strong><u>Was tun im Falle eines H\u00f6rsturzes<\/u><\/strong><\/li>\n<\/ol>\n<p>Bei Verdacht eines H\u00f6rsturzes \u201esofortige\u201d, intraven\u00f6se oder per os Kortikosteroide Therapie bei Bedarf unter station\u00e4ren Bedingungen. Gleichzeitige gr\u00fcndliche Untersuchung zur Kl\u00e4rung der \u00c4tiologie. Je fr\u00fcher wir mit der Behandlung anfangen, desto h\u00f6her ist die Wahrscheinlichkeit einer eventuellen H\u00f6rbesserung.<\/p>\n<p>&nbsp;<\/p>\n<ol start=\"5\">\n<li><strong><u>Erkennung der Kinderschwerh\u00f6rigkeit<\/u><\/strong><\/li>\n<\/ol>\n<p><strong>Neugeborene H\u00f6rscreening:<\/strong><\/p>\n<p>In den ersten Tagen nach geburt Messungen mit objektiven H\u00f6rmessverfahren (Hirnstamm Audiometrie, otoakustische Emission). Diese Untersuchungen sind unbedingt zu durchf\u00fchren in allen Instituten die sich mit Neugeborenen besch\u00e4ftigen. Bei auftretetenden Fragen sind die Kinder in ein H\u00f6rzentrum (z.B. Unikliniken) weiter zu schicken)<\/p>\n<p><strong>Zeichen, die auf eine Kinderschwerh\u00f6rigkeit hindeuten: <\/strong><\/p>\n<ul>\n<li>das Kind reagiert nicht auf Ger\u00e4usche<\/li>\n<li>die Qualit\u00e4t des Weinens ist ungewohnt<\/li>\n<li>die visuelle Einstellung dominiert<\/li>\n<li>die Sprachentwicklung versp\u00e4tet sich<\/li>\n<li>die Qualit\u00e4t, die H\u00f6he, die Intensit\u00e4t, die Melodie, und der Rhytmus des Sprechens ist pathologisch<\/li>\n<li>Artikulationsst\u00f6rung<\/li>\n<li>im sp\u00e4teren Verlauf Lese- und Rechtschreibschw\u00e4che<\/li>\n<\/ul>\n<p>&nbsp;<\/p>\n<ol start=\"6\">\n<li><strong><u>M\u00f6gliche Ursachen des Ohrschmerzens und der ins Ohr strahlenden Schmerzen (Auflistung)<\/u><\/strong><\/li>\n<\/ol>\n<p><strong>Prim\u00e4r: <\/strong><\/p>\n<ul>\n<li>Otitis externa, otitis media<\/li>\n<li>Tumore des Ohres<\/li>\n<\/ul>\n<p><strong>Sekund\u00e4r: <\/strong><\/p>\n<ul>\n<li>Entz\u00fcndungen und Tumore des Kehlkopfeinganges, des Pharynx, des Zungengrundes und der Tonsillen<\/li>\n<li>Neuralgiforme Schmerzen (N. V\/1, N. VII., N. IX, N. X, C\/II-III)<\/li>\n<li>Krankheiten des Temporomandibulargelenks und der Z\u00e4hne<\/li>\n<\/ul>\n<p>&nbsp;<\/p>\n<ol start=\"7\">\n<li><strong><u>M\u00f6gliche Komplikationen der akuten Otitis media suppurativa<\/u><\/strong><\/li>\n<\/ol>\n<ul>\n<li><strong>extrakraniell: <\/strong>\n<ul>\n<li><em>intratemporal:<\/em>\n<ul>\n<li>akute Mastoiditis<\/li>\n<li>Zygomaticitis<\/li>\n<li>Petrositis<\/li>\n<li>Fazialis Parese<\/li>\n<li>Labyrinthitis<\/li>\n<\/ul>\n<\/li>\n<li><em>extratemporal:<\/em>\n<ul>\n<li>subperiostealer Abszess<\/li>\n<li>preauricularer Abszess<\/li>\n<li>Bezold Abszess<\/li>\n<li>suboccipitaler Abszess<\/li>\n<\/ul>\n<\/li>\n<li><strong>intrakraniell:<\/strong>\n<ul>\n<li>extraduraler Abszess<\/li>\n<li>Sinusphlebitis-Sinusthrombose<\/li>\n<li>subduraler Abszess<\/li>\n<li>Meningitis, Encephalitis<\/li>\n<li>Hirnabszess<\/li>\n<\/ul>\n<\/li>\n<li><strong>generelle Komplikation: <\/strong>\n<ul>\n<li>Sepsis<\/li>\n<\/ul>\n<\/li>\n<\/ul>\n<\/li>\n<\/ul>\n<p>&nbsp;<\/p>\n<ol start=\"8\">\n<li><strong><u>Symptome und Erkennung der akuten Mastoiditis<\/u><\/strong><\/li>\n<\/ol>\n<ul>\n<li>im Zusammenhang mit einer akuten otitis media, als Folge dieser<\/li>\n<li>abstehendes Ohr, retroauriculare Hyperaemie<\/li>\n<li>planum mastoideum druck- und klopfempfindlich<\/li>\n<li>Geh\u00f6rgangshinterwand aufgeweicht , w\u00f6lbt sich vor<\/li>\n<li>pulssynchrone, starke Schmerzen<\/li>\n<li>pulsierende Otorrh\u00f6<\/li>\n<li>Fieber<\/li>\n<li>CT oder MRT Bildgebung bei Patienten mit Mastoiditis zeigt Fl\u00fcssigkeits- und\/oder Schleimhautverdickung im Mittelohr und Mastoidkondensation.<\/li>\n<\/ul>\n<p>&nbsp;<\/p>\n<ol start=\"9\">\n<li><strong><u>Ursachen einseitiger ser\u00f6ser otitis media im Kindes- und Erwachsenenalter<\/u><\/strong><\/li>\n<\/ol>\n<p>chronische Tubenbel\u00fcftungsst\u00f6rung (Adenoide oder Nasenrachentumor)<\/p>\n<p>Bei Erwachsenen unbedingt an ein Epipharynxtumor denken<\/p>\n<p>&nbsp;<\/p>\n<ol start=\"10\">\n<li><strong><u>Erkennung des Vestibularorgan bedingten Schwindels<\/u><\/strong><\/li>\n<\/ol>\n<p><strong>Gr\u00fcndliche Anamnese:<\/strong> Art des Schwindels (Fallneigung, Drehen, Ataxie), vegetative Symptome, \u00dcbelkeit, Erbrechen<\/p>\n<p><strong>Bei der Untersuchung:<\/strong> Fallneigung, Deviation. Der Patient hat Nystagmus (spontan oder bei Positionswechsel).<\/p>\n<p>Kurze Beschreibung des Head-Impuls Tests.<\/p>\n<p>&nbsp;<\/p>\n<ol start=\"11\">\n<li><strong><u>M\u00f6gliche HNO Ursachen der periferialen N. facialis Parese (Liste)<\/u><\/strong><\/li>\n<\/ol>\n<ul>\n<li>Bell Parese<\/li>\n<li>Herpes zoster oticus<\/li>\n<li>Andere virale oder bakterielle Infektionen (HSV, EBV, Lyme)<\/li>\n<li>akute und chronische Mittelohrkrankheiten (akute und chronische MOE, Cholesteatom, selten Mittelohrtumore)<\/li>\n<li>Tumore des Kleinhirn-Br\u00fcckenwinkels bzw. des inneren Geh\u00f6rgangs, vestibularis Schwannom<\/li>\n<li>Malignome der Gl. parotis<\/li>\n<li>Sch\u00e4deltrauma<\/li>\n<li>Extratemporale Verletzungen<\/li>\n<\/ul>\n<p>&nbsp;<\/p>\n<ol start=\"12\">\n<li><strong><u>Differenzierung zwischen der zentralen und peripheren Fazialisparese.<\/u><\/strong><\/li>\n<\/ol>\n<p>Bei einer peripheren Gesichtsl\u00e4hmung ist die Funktion aller Nerven\u00e4ste distal von der zugrunde liegenden Ursache beeintr\u00e4chtigt. Bei einer Beteiligung des Hauptastes gehen die motorischen Funktionen der Gesichtsmuskeln auf derselben Seite verloren.<\/p>\n<p>Bei einer zentralen L\u00e4hmung bleibt die Funktion des Stirnes und der Augenmuskulatur auf der betroffenen Seite durch die beidseitige Innervation erhalten. Die motorische Funktion des unteren Teils des Gesichts (Mundwinkel) geht verloren. Eine zentrale L\u00e4hmung geht h\u00e4ufig mit anderen neurologischen Symptomen einher, wie zum Beispiel Sprachst\u00f6rung, Schw\u00e4che der Gliedma\u00dfen oder Empfindungsst\u00f6rungen.<\/p>\n<p>&nbsp;<\/p>\n<ol start=\"13\">\n<li><strong><u>Notfallversorgung der Epistaxis (Liste)<\/u><\/strong><\/li>\n<\/ol>\n<p>Patient beugt sich nach vorne, durch Zusammendr\u00fccken der Nasenfl\u00fcgel wird die Nasenscheidewand f\u00fcr 10 Min. komprimiert. Watte evtl. mit Nasentropfen getr\u00e4nkt, Blutungshemmender Spongostanschwamm wird in die Nase gestopft. Blutdruckmessung, bei Bedarf antihypertensive Medikation<\/p>\n<p>&nbsp;<\/p>\n<ol start=\"14\">\n<li><strong><u>Prim\u00e4re HNO Versorgung der Epistaxis bei vorderen, mittleren oder hinteren Nasenbluten (Liste)<\/u><\/strong><\/li>\n<\/ol>\n<p>Blutdruckmessung, b.B. Blutdrucksenkung<\/p>\n<p>Bei lokalisierter Blutung chemische (Triklors\u00e4ure oder Silbernitrat) oder Elektrokoagulation<\/p>\n<p><strong>Vorderes-mittleres nasenbluten: <\/strong>Nasentamponade<\/p>\n<p><strong>Hinteres Nasenbluten:<\/strong> Bellocq+Nasentamponade, evntl. Ballonkatheter, endoskopische Kauterisierung<\/p>\n<p>&nbsp;<\/p>\n<ol start=\"15\">\n<li><strong><u>Nasenfurunkel, Komplikation eines Furunkels, Versorgung<\/u><\/strong><\/li>\n<\/ol>\n<p>Der h\u00e4ufigste Erreger: Staphilococcus aureus<\/p>\n<p>Umschriebene Entz\u00fcndung: lokale antibiotische und Steroid Behandlung.<\/p>\n<p>Bei einem Furunkel mit phlegmon\u00f6ser Umgebung immer parenterale Antibiose. Antikoagulierende Therapie.<\/p>\n<p>Ausdr\u00fccken des Furunkels ist untersagt, dar\u00fcber soll der Patient aufgekl\u00e4rt werden.<\/p>\n<p>M\u00f6gliche Komplikation: Gesichtsphlegmone, Thrombophlebitis der Vena angularis, dadurch Thrombose des Sinus cavernosus<\/p>\n<p>&nbsp;<\/p>\n<ol start=\"16\">\n<li><strong><u>Arten von Rhinitiden (Liste)<\/u><\/strong><\/li>\n<\/ol>\n<p>Infekti\u00f6se Rhinitiden: Rhinitis akuta simplex, rhinitis purulenta<\/p>\n<p>Allergische Rhinitis<\/p>\n<p>Spezifische Rhinitiden: TBC, Lues, Sarcoidose<\/p>\n<p>Rhinitis medicamentosa<\/p>\n<p>Atrophische Rhinitis (Oezena)<\/p>\n<p>Rhinitis sicca anterior<\/p>\n<p>Andere Rhinitiden (mindestens drei der folgenden Rhinitiden m\u00fcssen gewusst werden) idiopathisch, vasomotorisch, hormonbedingt, Medikamenten induziert, Berufbedingte Rhinitis, durch Nahrung ausgel\u00f6ste Rhinitis<\/p>\n<ol start=\"17\">\n<li><strong><u>Symptome und Versorgung des Angio\u00f6dems (Quincke-\u00d6dem) in der HNO Heilkunde<\/u><\/strong><\/li>\n<\/ol>\n<p><strong>Symptome:<\/strong> Urtikarie, \u00f6demat\u00f6se Schwellung der Kopf-Hals Region, Schluckbeschwerden, Globusgef\u00fchl, Atmungsbeschwerden, im schlimsten Fall Anaphilaxie<\/p>\n<p><strong>Therapie:<\/strong> Antihistaminika, Kortikosteroide, Suprarenin, Sicherung der Atemwege, bei Bedarf: Koniotomie, Tracheotomie<\/p>\n<p>&nbsp;<\/p>\n<ol start=\"18\">\n<li><strong><u>Komplikationen bei Nasennebenh\u00f6hlenentz\u00fcndungen (Auflistung)<\/u><\/strong><\/li>\n<\/ol>\n<p><strong>Extrakraniell:<\/strong><\/p>\n<ul>\n<li>orbitale Cellulitis<\/li>\n<li>subperiostaler Abszess<\/li>\n<li>Orbitaphlegmone \/Orbitaler Abszess<\/li>\n<li>Osteomyelitis<\/li>\n<li>Sepsis<\/li>\n<\/ul>\n<p><strong>Intrakraniell:<\/strong><\/p>\n<ul>\n<li>Meningitis<\/li>\n<li>epiduraler, subduraler \/ intracereblarer Abszess, Encephalitis<\/li>\n<li>Sinusthrombose<\/li>\n<\/ul>\n<p>&nbsp;<\/p>\n<ol start=\"19\">\n<li><strong><u>Wo projiziert Kopfschmerz bei akuter Sinusitis frontalis, Sinusitis maxillaris, Ethmoiditis, Sinusitis sphenoidalis ?<\/u><\/strong><\/li>\n<\/ol>\n<ul>\n<li>Sinusitis frontalis &#8211; Stirn<\/li>\n<li>Sinusitis maxillaris &#8211; Gesicht<\/li>\n<li>Entz\u00fcndung der Vorderen Ethmoidalzelle &#8211; Orbita, Nasenrest<\/li>\n<li>Sinusitis sphenoidalis und Entz\u00fcndung hintere ethmoidalZellen &#8211; Scheitel, Nacken<\/li>\n<\/ul>\n<p>Alle Nasennebenh\u00f6hlenentz\u00fcndungen verursachen diffuse Kopfschmerzen.<\/p>\n<p>&nbsp;<\/p>\n<ol start=\"20\">\n<li><strong><u>M\u00f6gliche Ursachen der einseitigen Nasenatmungsbehinderung, Rhinorhoe bei Kindern und Erwachsenen<\/u><\/strong><\/li>\n<\/ol>\n<p><strong>Kinder:<\/strong> Fremdk\u00f6rper, Sinusitis, nasopharyngeales Angiofibrom, Fehlbildungen, Choanalatresie, Meningoencephalocele<\/p>\n<p>&nbsp;<\/p>\n<p><strong>Erwachsene<\/strong>: Tumoren des Nasenracheraumes, Septumdeviation, hypertrophische Nasenmuschel, traumatische Ver\u00e4nderungen, Raumforderungen der Nase (Polypen, gut- und b\u00f6sartige Tumoren), Rhinosinusitis<\/p>\n<ol start=\"21\">\n<li><strong><u>Ursachen des Kopfschmerzes bei HNO Erkrankungen? (Aufz\u00e4hlung)<\/u><\/strong><\/li>\n<\/ol>\n<ul>\n<li>virale Infektionen der oberen Atemwege<\/li>\n<li>Erkrankungen der Nasennebenh\u00f6hlen: Entz\u00fcndungen (akute und chronische),<\/li>\n<\/ul>\n<p>gut-\u00a0 und b\u00f6sartige Tumoren der Nasennebenh\u00f6hlen<\/p>\n<ul>\n<li>Krankheiten im Halsbereich: Ver\u00e4nderungen der Halswirbels\u00e4ule, Spondylose, Myalgie<\/li>\n<li>Komplikationen der Mittelohrentz\u00fcndungen und Nasennebenh\u00f6hlenentz\u00fcndungen:<\/li>\n<\/ul>\n<p>Mastoiditis, Meningitis, Hirnabszess, auf die Pyramide ausbreitende Entz\u00fcndungen<\/p>\n<ul>\n<li>Neuralgie<\/li>\n<li>Krankheiten des Temporomandibulargelenks<\/li>\n<\/ul>\n<ol start=\"22\">\n<li><strong><u>H\u00e4ufigste Ursachen f\u00fcr Dysphagie (Auflistung)<\/u><\/strong><\/li>\n<\/ol>\n<ul>\n<li>Refluxkrankheit<\/li>\n<li>Entz\u00fcndungen des Meso- und Hypopharynx und des Kehlkopfes<\/li>\n<li>Tumore des Meso- und Hypopharynx und des Kehlkopfes<\/li>\n<li>Neuralgie z.B.: N.IX., N.X.<\/li>\n<li>Sensorische und motorische Innervationsst\u00f6rung, Sensibilit\u00e4tsst\u00f6rungen des<\/li>\n<\/ul>\n<p>Kehlkopfeinganges<\/p>\n<ul>\n<li>stockender Fremdk\u00f6rper im Hypopharynx und \u00d6sophagus<\/li>\n<li>Motilit\u00e4tsst\u00f6rungen des \u00d6sophagus -Achalasie<\/li>\n<li>Hypopharynxdivertikel (Zenker-Divertikel)<\/li>\n<li>Hypopharynx und \u00d6sophagus Stenose<\/li>\n<li>Processus styloideu elongatus<\/li>\n<li>Globusgef\u00fchl, psychologische Kranheiten \u2013 nach Ausschluss von organischen Ver\u00e4nderungen<\/li>\n<\/ul>\n<p>&nbsp;<\/p>\n<ol start=\"23\">\n<li><strong><u>Indikationen der Tonsillektomie<\/u><\/strong><\/li>\n<\/ol>\n<ul>\n<li>Rheumatisches Fieber<\/li>\n<li>Peritonsillarabszess<\/li>\n<li>Tonsillogene Sepsis<\/li>\n<\/ul>\n<p><strong>Relative Indikationen:<\/strong><\/p>\n<ul>\n<li>chronische Tonsillitis<\/li>\n<li>rezidivierende Tonsillitiden<\/li>\n<li>Fokus Erkrankungen<\/li>\n<li>Tonsillenhyperplasie mit Schluck- und Atemst\u00f6rungen<\/li>\n<li>Pilz Infektionen der Tonsillen<\/li>\n<li>Verdacht auf einen intratonsillaren Tumor<\/li>\n<li>obstruktives Schlafapnoessyndrom<\/li>\n<li>schwerwiegende orofaziale \/ dentale Anomalien, die die oberen Atemwege einengen<\/li>\n<\/ul>\n<p>&nbsp;<\/p>\n<ol start=\"24\">\n<li><strong><u>Symptome des Peritonsillarabszesses<\/u><\/strong><\/li>\n<\/ol>\n<p><strong>Symptome:<\/strong> (einseitige) Halsschmerzen, schmerzbedingte Schluckbeschwerden, -unf\u00e4higkeit, ins Ohr strahlender Schmerz, Trismus, Foetor ex ore, hohes Fieber, klo\u03b2ige Sprache, Schlafunf\u00e4higkeit<\/p>\n<p><strong>Klinisches Bild:<\/strong> ausser wie bei einer akuten Tonsillitis, asymmetrische Gaumenb\u00f6gen, Vorw\u00f6lbung des Weichgaumens, Uvula\u00f6dem und Verdr\u00e4ngung der Uvula zur Gegensseite<\/p>\n<p>&nbsp;<\/p>\n<ol start=\"25\">\n<li><strong><u>Versorgung des Peritonsillarabszesses<\/u><\/strong><\/li>\n<\/ol>\n<p>Es ist unbedingt wichtig den Abszessraum so bald wie m\u00f6glich zu er\u00f6ffnen, Sicherung der Drainage, breitspaktriges Antibiotikum.<\/p>\n<ul>\n<li>Punktion, Spalten, Spreizen des Abszesses, sp\u00e4ter (mindestens 6 Wochen) Tonsillectomie (Tonsillektomie \u201e\u00e1 froid\u201d)<\/li>\n<li>Baldige (innerhalb von wenigen Stunden) Abszesstonsillektomie &#8211; Tonsillektomie <em>\u201e\u00e1 chaud\u201d<\/em><\/li>\n<\/ul>\n<p>Antibiotika, \u00d6dem reduzierende Therapie, Entz\u00fcndungs &#8211; und Schmerzstillung, Fl\u00fcssigkeitszufuhr<\/p>\n<p>&nbsp;<\/p>\n<ol start=\"26\">\n<li><strong><u>Symptome (Beschwerden) und Gefahren der para- und retropharyngealen Abszesse (Auflistung)<\/u><\/strong><\/li>\n<\/ol>\n<p><strong>Symptome und Beschwerden:<\/strong> Halsschmerzen, Fremdk\u00f6rpergef\u00fchl, Fieber, Schluckbeschwerden, Schluckunf\u00e4higkeit, Trismus, Torticollis, Uvula,- Pharynx,- und Kehlkopf\u00f6dem, asyimmetrischer Rachen<\/p>\n<p><strong>Gefahren: <\/strong>Pharynx- und Kehlkopf\u00f6dem, Sepsis, Mediastinitis, Erstickung<\/p>\n<p>&nbsp;<\/p>\n<ol start=\"27\">\n<li><strong><u>Krankheitserreger der <\/u><\/strong><strong><u>Tonsillopharyngitis, Indikation zur antibiotischen Behandlung<\/u><\/strong><\/li>\n<\/ol>\n<p><strong>Krankheitserreger<\/strong><strong>:<\/strong><\/p>\n<ul>\n<li>viral 80-90%:\n<ul>\n<li>Adenoviren, Rhinoviren<\/li>\n<li>(EBV \u2013 mononucleosis infectiosa)<\/li>\n<\/ul>\n<\/li>\n<li>bakteriell:\n<ul>\n<li>Streptococcus pyogenes \u2013 tonsillitis follicularis<\/li>\n<li>(Pneumococcus \u2013 pharyngitis)<\/li>\n<li>(Haemophilus influenzae \u2013 pharyngitis)<\/li>\n<li>(Moraxella catarrhalis)<\/li>\n<li>Streptococcus Gruppe C und G<\/li>\n<li>(Staphylococcus subspecies)<\/li>\n<\/ul>\n<\/li>\n<li>Mycoplasma, Chlamydia, Neisseria spp.<\/li>\n<\/ul>\n<p><strong>Antibiotische Therapie: <\/strong><\/p>\n<ul>\n<li><strong>nur <\/strong>im Falle einer bakteriellen Entz\u00fcndung (Beschreibung des CENTOR-score Systems)<\/li>\n<li>je nach klinischem Bild und Laborbefunde (Blutbild, CRP, Blutsenkung, Bakterium Schnelltest) Charakteristik der Beschwerden (akut\/chronisch \u2013 b.B nach Antibiogramm),<\/li>\n<li>m\u00f6gliches Bestehen von Begleiterkrankungen, Bestehen einer Immunsuppression ?<\/li>\n<\/ul>\n<p>&nbsp;<\/p>\n<ol start=\"28\">\n<li><strong><u>Ursachen der langzeitigen Heiserkeit (Warum muss der Patient nach drei w\u00f6chiger Heiserkeit zum HNO Arzt geschickt werden?)<\/u><\/strong><\/li>\n<\/ol>\n<ul>\n<li>akute und chronische Entz\u00fcndungen des Kehlkopfes<\/li>\n<li>benigne und maligne Raumforderungen: Zyste, Granulom, Reinke \u00d6dem, Polyp, Papillomatose, Kehlkopfkarzinom<\/li>\n<li>recurrens Parese \u2013Tumoren des Hypopharynx, des Mediastinums, der Schilddr\u00fcse, der Speiser\u00f6hre, der Lunge<\/li>\n<li>intrakranielle Ursache<\/li>\n<li>GERD<\/li>\n<\/ul>\n<p>Der Patient soll zum Ausschluss eines Tumors zum Facharzt geschickt werden.<\/p>\n<p>&nbsp;<\/p>\n<ol start=\"29\">\n<li><strong><u>Symptome von Tumoren in der Kopf-Hals Region<\/u><\/strong><\/li>\n<\/ol>\n<p>Heiserkeit, Atembeschwerden, Schluckbeschwerden, schmerzhaftes Schlucken, ins Ohr strahlende Schmerzen, Globusgef\u00fchl, Haemoptoe, Gewichtsverlust, Raumforderung am Hals, Leukoplakie, Erythroplakie<\/p>\n<p>&nbsp;<\/p>\n<ol start=\"30\">\n<li><strong><u>Ursachen der Halslymphknoten Schwellungen<\/u><\/strong><\/li>\n<\/ol>\n<ul>\n<li>nicht spezifische Entz\u00fcndungen<\/li>\n<li>spezifische Entz\u00fcndungen (z.B. Lymphknoten Tuberkulose, Syphilis, Sarkoidose, Katzenkratzkrankheit, Tular\u00e4mie, Mononukleose, Toxoplasmose, HIV Infektion \u2013 AIDS)<\/li>\n<li>Lymphome (Hodgkin Krankheit, non-Hodgkin lymphom)<\/li>\n<li>Metastasen von Kopf-Hals Malignomen, seltener von Prostata, bzw. anderen Tumoren<\/li>\n<\/ul>\n<p>&nbsp;<\/p>\n<ol start=\"31\">\n<li><strong><u>Untersuchungsschritte bei Raumforderungen am Hals \u2013 welche der Entfernung einer Raumforderung vorangehen m\u00fcssen und wieso?<\/u><\/strong><\/li>\n<\/ol>\n<ul>\n<li>Gr\u00fcndliche Anamnese (Anfang der Beschwerden, aktuell bestehende Entz\u00fcndungen der oberen Atemwege, Schluckbeschwerden, Heiserkeit, usw.)<\/li>\n<li>Gr\u00fcndliche HNO Untersuchung \u2013 mit spezieller Hinsicht auf die Palpation des Halses \u2013 Lokalisation, Konsistenz und Empfindlichkeit der Raumforderung und deren Verbindung zur Umgebung<\/li>\n<li>Laborwerte \u2013 Entz\u00fcndungsparameter, Serologie<\/li>\n<li>Bildgebung: Sonographie, CT oder MRT<\/li>\n<li>Sonographie gesteuerte Feinnadelpunktion<\/li>\n<li>Isolierte Entfernung eines Lymphknotens und Histologie ausschliesslich bei, mit FNP verst\u00e4rktem Verdacht auf ein Lymphom oder spezifische Entz\u00fcndung (bzw. bei solchen histologischen differnzialdiagnostischen Fragen, bei denen der Pathologe dies w\u00fcnscht). Grund: die fr\u00fchzeitige Entfernung der Metastasen von okkulten Prim\u00e4rtumoren muss vermieden werden.<\/li>\n<\/ul>\n<p><strong>\u00a0<\/strong><\/p>\n<ol start=\"32\">\n<li><strong><u>Ursachen der Dyspnoe in den oberen Atemwegen (Auflistung)<\/u><\/strong><\/li>\n<\/ol>\n<ul>\n<li>Entz\u00fcndungen der oberen Atemwege (Tonsillitis, Epiglottitis, Laryngitis)<\/li>\n<li>Raumforderung in den oberen Atemwegen (Abszess, Granulom, Malignom)<\/li>\n<li>nicht spezifische Reaktion der Schleimhaut der oberen Atemwege (Allergie, Quincke-\u00d6dem, HANO)<\/li>\n<li>Fremdk\u00f6rper<\/li>\n<li>Crico-tracheale Stenose<\/li>\n<li>recurrens Parese (ein- der beidseitig)<\/li>\n<\/ul>\n<p><strong>\u00a0<\/strong><\/p>\n<ol start=\"33\">\n<li><strong><u>Was soll bei einem mittelalten, rauchendem Patienten mit einseitigem Ohrschmerz untersucht werden, wenn die Ohruntersuchung keine pathologische Ver\u00e4nderung ergeben hat? Wieso?<\/u><\/strong><\/li>\n<\/ol>\n<p>Der einseitige ins Ohr strahlende Schmerz und die Raucher-Anamnese ergibt Verdacht auf ein Supraglottisches\/Hypopharyngeales\/ Oropharyngeales Malignom, also die Mundh\u00f6hle, der Rachen und der Kehlkopf , bzw. der Hals muss gr\u00fcndlich untersucht werden.<\/p>\n<p>&nbsp;<\/p>\n<ol start=\"34\">\n<li><strong><u>Chirurgische Notfallversorgung eines zu Ersticken drohenden Patienten, wenn die Intubation nicht ausf\u00fchrbar ist<\/u><\/strong><\/li>\n<\/ol>\n<p><strong>\u00a0\u00a0\u00a0 1. <\/strong><strong>Koniotomie: <\/strong>auszuf\u00fchren bei Mangel an Zeit und OP-Ausr\u00fcstung. In der Mittellinie des Halses muss das Ligamentum konikum oberhalb des Ringknorpels ausgetastet werden, nach der Querinzision der Haut wird mit den bereitstehenden Instrumenten das Ligamentum konikum (Lig. crycothyroideum) durchstochen.\u00a0 Als n\u00e4chstes wird hier ein Instrument zur Offenhaltung der Atemwege (im Notfall irgendein Gegenstand mit Lumen, sonst eine Trachealkan\u00fcle) eingesetzt<\/p>\n<ol start=\"2\">\n<li><strong>Tracheotomie:<\/strong> Nach dem Durchschneiden der Haut und der Platysma suchen wir den Isthmus der Schilddr\u00fcse. Nach Durschneiden oder Schonung dessen wird die Trachea Vorderwand in der Regel zwischen dem 2. und 3. Knorpel er\u00f6ffnet (bei Kindern) oder ein knorpelbreites Fenster er\u00f6ffnet und eine Kan\u00fcle wird eingesetzt.<\/li>\n<\/ol>\n","protected":false},"excerpt":{"rendered":"<p><a href=\"https:\/\/semmelweis.hu\/fulorrgegeszet\/files\/2024\/12\/Kompetenzfragen-\u2013-HNO.pdf\">Kompetenzfragen \u2013 HNO<\/a> -was ein praktizierender Arzt wissen muss- &nbsp; Symptome und klinisches Bild der Otitis externa diffusa Symptome: Schmerzen, Ohrjucken, Otorrh\u00f6, Vollegef\u00fchl im Ohr, leichte H\u00f6rminderung, schmerzthafter Tragus, normalerweise kein Fieber. Gutes Allgemeinbefinden. Klinisches Bild: Geh\u00f6rgangshaut angeschwollen, ger\u00f6tet, das Lumen ist mit ser\u00f6sem oder dickem, purulentem Sekret ausgef\u00fcllt. Trommelfell intakt. &nbsp; Symptome und klinisches Bild der Otitis &hellip;<\/p>\n","protected":false},"author":101505,"featured_media":0,"parent":1890,"menu_order":1,"comment_status":"closed","ping_status":"closed","template":"","meta":{"_acf_changed":false,"footnotes":""},"categories":[],"tags":[],"class_list":["post-1881","page","type-page","status-publish","hentry"],"acf":[],"_links":{"self":[{"href":"https:\/\/semmelweis.hu\/fulorrgegeszet\/wp-json\/wp\/v2\/pages\/1881","targetHints":{"allow":["GET"]}}],"collection":[{"href":"https:\/\/semmelweis.hu\/fulorrgegeszet\/wp-json\/wp\/v2\/pages"}],"about":[{"href":"https:\/\/semmelweis.hu\/fulorrgegeszet\/wp-json\/wp\/v2\/types\/page"}],"author":[{"embeddable":true,"href":"https:\/\/semmelweis.hu\/fulorrgegeszet\/wp-json\/wp\/v2\/users\/101505"}],"replies":[{"embeddable":true,"href":"https:\/\/semmelweis.hu\/fulorrgegeszet\/wp-json\/wp\/v2\/comments?post=1881"}],"version-history":[{"count":9,"href":"https:\/\/semmelweis.hu\/fulorrgegeszet\/wp-json\/wp\/v2\/pages\/1881\/revisions"}],"predecessor-version":[{"id":2214,"href":"https:\/\/semmelweis.hu\/fulorrgegeszet\/wp-json\/wp\/v2\/pages\/1881\/revisions\/2214"}],"up":[{"embeddable":true,"href":"https:\/\/semmelweis.hu\/fulorrgegeszet\/wp-json\/wp\/v2\/pages\/1890"}],"wp:attachment":[{"href":"https:\/\/semmelweis.hu\/fulorrgegeszet\/wp-json\/wp\/v2\/media?parent=1881"}],"wp:term":[{"taxonomy":"category","embeddable":true,"href":"https:\/\/semmelweis.hu\/fulorrgegeszet\/wp-json\/wp\/v2\/categories?post=1881"},{"taxonomy":"post_tag","embeddable":true,"href":"https:\/\/semmelweis.hu\/fulorrgegeszet\/wp-json\/wp\/v2\/tags?post=1881"}],"curies":[{"name":"wp","href":"https:\/\/api.w.org\/{rel}","templated":true}]}}