{"id":1866,"date":"2023-04-05T12:01:04","date_gmt":"2023-04-05T10:01:04","guid":{"rendered":"https:\/\/semmelweis.hu\/fulorrgegeszet\/?page_id=1866"},"modified":"2023-05-24T13:43:15","modified_gmt":"2023-05-24T11:43:15","slug":"fakultat-fur-humanmedizin-2","status":"publish","type":"page","link":"https:\/\/semmelweis.hu\/fulorrgegeszet\/de\/fakultat-fur-humanmedizin-2\/","title":{"rendered":"Fakult\u00e4t f\u00fcr Humanmedizin"},"content":{"rendered":"<p><strong>F\u00fcr Studenten <\/strong><\/p>\n<p>Liebe Studenten,<\/p>\n<p>Herzlich willkommen im Voraus in der HNO Klinik der Semmelweis Uni.<\/p>\n<p>Dieser Brief enth\u00e4lt einige wichtigen Infos bzgl. des HNO-Unterrichtes f\u00fcr die n\u00e4chste Woche.<\/p>\n<p>F\u00fcr die Pr\u00fcfung ist das Material der Vorlesungen, Konsultationen und Praktika nicht ausreichend, die bestehende Zeit ist leider zu wenig um alle Themen zu besprechen. Online k\u00f6nnen Sie von jedem Rechner der Uni oder durch VPN ein HNO Handbuch erreichen: <a href=\"https:\/\/eref.thieme.de\/ebooks\/1097270#\/ebook_1097270_SL44962195\">https:\/\/eref.thieme.de\/ebooks\/1097270#\/ebook_1097270_SL44962195<\/a><\/p>\n<p>Dieser Stundenplan erm\u00f6glicht die Mindestanwesenheit, die Sie f\u00fcr ein Bestehen des HNO-Praktikums ben\u00f6tigen (25% erlaubte Abwesenheit miteingerechnet). Also bitte, alle sollen an den bestimmten Praktika und Konsultationen teilnehmen.<\/p>\n<p>Ich hoffe, wir werden ein n\u00fctzliches HNO-Praktikum zusammen verbringen. F\u00fcr akute Fragen bin ich per Mail erreichbar (polony.gabor@med.semmelweis-univ.hu).<\/p>\n<p>Liebe Gr\u00fcsse,<\/p>\n<p>G\u00e1bor Polony univ. Doc.,<\/p>\n<p>HNO Klinik<\/p>\n","protected":false},"excerpt":{"rendered":"<p>F\u00fcr Studenten Liebe Studenten, Herzlich willkommen im Voraus in der HNO Klinik der Semmelweis Uni. Dieser Brief enth\u00e4lt einige wichtigen Infos bzgl. des HNO-Unterrichtes f\u00fcr die n\u00e4chste Woche. F\u00fcr die Pr\u00fcfung ist das Material der Vorlesungen, Konsultationen und Praktika nicht ausreichend, die bestehende Zeit ist leider zu wenig um alle Themen zu besprechen. Online k\u00f6nnen &hellip;<\/p>\n","protected":false},"author":101505,"featured_media":0,"parent":0,"menu_order":3,"comment_status":"closed","ping_status":"closed","template":"","meta":{"_acf_changed":false,"footnotes":""},"categories":[],"tags":[],"class_list":["post-1866","page","type-page","status-publish","hentry"],"acf":[],"_links":{"self":[{"href":"https:\/\/semmelweis.hu\/fulorrgegeszet\/wp-json\/wp\/v2\/pages\/1866","targetHints":{"allow":["GET"]}}],"collection":[{"href":"https:\/\/semmelweis.hu\/fulorrgegeszet\/wp-json\/wp\/v2\/pages"}],"about":[{"href":"https:\/\/semmelweis.hu\/fulorrgegeszet\/wp-json\/wp\/v2\/types\/page"}],"author":[{"embeddable":true,"href":"https:\/\/semmelweis.hu\/fulorrgegeszet\/wp-json\/wp\/v2\/users\/101505"}],"replies":[{"embeddable":true,"href":"https:\/\/semmelweis.hu\/fulorrgegeszet\/wp-json\/wp\/v2\/comments?post=1866"}],"version-history":[{"count":4,"href":"https:\/\/semmelweis.hu\/fulorrgegeszet\/wp-json\/wp\/v2\/pages\/1866\/revisions"}],"predecessor-version":[{"id":1973,"href":"https:\/\/semmelweis.hu\/fulorrgegeszet\/wp-json\/wp\/v2\/pages\/1866\/revisions\/1973"}],"wp:attachment":[{"href":"https:\/\/semmelweis.hu\/fulorrgegeszet\/wp-json\/wp\/v2\/media?parent=1866"}],"wp:term":[{"taxonomy":"category","embeddable":true,"href":"https:\/\/semmelweis.hu\/fulorrgegeszet\/wp-json\/wp\/v2\/categories?post=1866"},{"taxonomy":"post_tag","embeddable":true,"href":"https:\/\/semmelweis.hu\/fulorrgegeszet\/wp-json\/wp\/v2\/tags?post=1866"}],"curies":[{"name":"wp","href":"https:\/\/api.w.org\/{rel}","templated":true}]}}