{"id":185,"date":"2015-01-12T19:25:45","date_gmt":"2015-01-12T18:25:45","guid":{"rendered":"http:\/\/semmelweis.hu\/fulorrgegeszet\/?page_id=185"},"modified":"2023-05-24T11:49:59","modified_gmt":"2023-05-24T09:49:59","slug":"oktatas","status":"publish","type":"page","link":"https:\/\/semmelweis.hu\/fulorrgegeszet\/oktatas\/","title":{"rendered":"Oktat\u00e1s a klinik\u00e1nkon"},"content":{"rendered":"<div class=\"responsive-tabs\">\n<h2 class=\"tabtitle\">Gradu\u00e1lis<\/h2>\n<div class=\"tabcontent\">\n\n<h1 class=\"entry-title\">Gradu\u00e1lis oktat\u00e1s<\/h1>\n<div class=\"entry-content\">\n<p>A klinika k\u00e9pz\u00e9si c\u00e9lja a legfontosabb f\u00fcl-orr-g\u00e9g\u00e9szeti k\u00f3rk\u00e9pek t\u00fcnettan\u00e1nak, diagnosztik\u00e1j\u00e1nak \u00e9s kezel\u00e9si lehet\u0151s\u00e9geinek ismertet\u00e9se. A f\u00fcl-orr-g\u00e9g\u00e9szeten bel\u00fcli specialit\u00e1sok megismer\u00e9se (otoneurol\u00f3gia, audiol\u00f3gia, foni\u00e1tria, allergol\u00f3gia, onkol\u00f3gia, gyermek f\u00fcl-orr-g\u00e9g\u00e9szet) valamint m\u00e1s szakter\u00fcletekkel k\u00f6z\u00f6s hat\u00e1rter\u00fcleteket \u00e9rint\u0151 (fog\u00e1szat, sz\u00e1jseb\u00e9szet, neurol\u00f3gia, szem\u00e9szet) k\u00f3rk\u00e9pek, differenci\u00e1l diagnosztikai probl\u00e9m\u00e1k ismertet\u00e9se.<\/p>\n<p>A f\u00fcl-orr-g\u00e9g\u00e9szethez kapcsol\u00f3d\u00f3 diagnosztikai elj\u00e1r\u00e1sok (endoscopos m\u00f3dszerek, k\u00e9palkot\u00f3 radiol\u00f3giai elj\u00e1r\u00e1sok) k\u00e9panyag\u00e1nak prezent\u00e1ci\u00f3ja. Lehet\u0151s\u00e9g szerint a m\u0171t\u0151ben vagy k\u00f6zvet\u00edt\u00e9s seg\u00edts\u00e9g\u00e9vel m\u0171t\u00e9tek megtekint\u00e9se.<\/p>\n<p>Klinik\u00e1nkon <a href=\"https:\/\/semmelweis.hu\/fulorrgegeszet\/oktatas\/aok\/\">az \u00e1ltal\u00e1nos orvosi kar IV.<\/a> \u00e9ves \u00e9s <a href=\"https:\/\/semmelweis.hu\/fulorrgegeszet\/oktatas\/fok\/\">a fogorvosi kar V. \u00e9ves<\/a> hallgat\u00f3i vesznek r\u00e9szt a k\u00e9pz\u00e9sben, egy szemeszterben magyar, angol \u00e9s n\u00e9met nyelven. Az oktat\u00e1s tantermi el\u0151ad\u00e1sokb\u00f3l \u00e9s rendszeres heti gyakorlatokb\u00f3l \u00e1ll.<\/p>\n<p>A gradu\u00e1lis elm\u00e9leti, ill. gyakorlati k\u00e9pz\u00e9sre a magyar, az angol \u00e9s a n\u00e9met hallgat\u00f3k a Neptun rendszeren kereszt\u00fcl jelentkezhetnek. A Neptun rendszerben a jelentkez\u00e9st megel\u0151z\u0151en meghirdetj\u00fck az elm\u00e9leti kurzust, ill. a gyakorlati csoportokat.<br \/>\nA hallgat\u00f3k \u00edr\u00e1sbeli k\u00e9rv\u00e9nyben k\u00e9relmezhetik, ha az aktu\u00e1lis szemeszterben a gyakorlatukat, k\u00fclf\u00f6ld\u00f6n k\u00edv\u00e1nj\u00e1k teljes\u00edteni. Ezzel egy\u00fctt k\u00e9relmezhetik a k\u00fclf\u00f6ld\u00f6n t\u00f6rt\u00e9n\u0151 vizsgak\u00f6telezetts\u00e9g teljes\u00edt\u00e9st is. A k\u00e9rv\u00e9nyt a tansz\u00e9kvezet\u0151nek kell beny\u00fajtani, melynek tartalmaznia kell az adott int\u00e9zm\u00e9ny f\u00fcl-orr-g\u00e9g\u00e9szetre vonatkoz\u00f3 elm\u00e9leti \u00e9s gyakorlati \u00f3rasz\u00e1m\u00e1t valamint a vizsg\u00e1ztat\u00e1s k\u00f6vetelm\u00e9nyeit. A k\u00e9rv\u00e9ny t\u00e1mogat\u00e1sa eset\u00e9n a tansz\u00e9k a D\u00e9k\u00e1ni Hivatalba k\u00fcldi j\u00f3v\u00e1hagy\u00e1sra.<\/p>\n<h2>El\u0151ad\u00e1sok<\/h2>\n<p>Az el\u0151ad\u00e1sok tematik\u00e1j\u00e1t a klinikaigazgat\u00f3 \u00e9s a tanulm\u00e1nyi felel\u0151s\u00f6k dolgozz\u00e1k ki.<br \/>\nAz el\u0151ad\u00e1sok tematik\u00e1ja minden szemeszter el\u0151tt rev\u00edzi\u00f3ra ker\u00fcl, a rendelkez\u00e9sre \u00e1ll\u00f3 el\u0151ad\u00e1ssz\u00e1m, a kor\u00e1bban szerzett tapasztalatok (hallgat\u00f3k visszajelz\u00e9sei, tud\u00e1sa, tud\u00e1sbeli hi\u00e1nyoss\u00e1gai) \u00e9s a f\u00fcl-orr-g\u00e9g\u00e9szeti kutat\u00e1sban-gy\u00f3gy\u00edt\u00e1sban megismert \u00fajdons\u00e1gok alapj\u00e1n ker\u00fcl meghat\u00e1roz\u00e1sra. Az el\u0151ad\u00e1sok l\u00e1togat\u00e1sa k\u00f6telez\u0151, katal\u00f3gus form\u00e1j\u00e1ban ellen\u0151rizz\u00fck a jelenl\u00e9tet. Az el\u0151ad\u00e1sok 70%-n k\u00f6telez\u0151 a r\u00e9szv\u00e9tel.<\/p>\n<h2>Gyakorlatok<\/h2>\n<p>A gyakorlatok c\u00e9lja az orvos-beteg kommunik\u00e1ci\u00f3 tan\u00edt\u00e1sa, a k\u00f3rel\u0151zm\u00e9ny felv\u00e9tel\u00e9nek, a f\u00fcl-orr-g\u00e9g\u00e9szet fizik\u00e1lis \u00e9s m\u0171szeres vizsg\u00e1l\u00f3 m\u00f3dszereinek megismer\u00e9se.<br \/>\nA gyakorlat tematik\u00e1j\u00e1nak r\u00e9sz\u00e9t k\u00e9pezi tananyag megbesz\u00e9l\u00e9se, valamint betegvizsg\u00e1lat az aktu\u00e1lisan bemutathat\u00f3 betegek \u00f6sszet\u00e9tele alapj\u00e1n. A laborat\u00f3riumi \u00e9s a radiol\u00f3giai leletek \u00e9rt\u00e9kel\u00e9se. K\u00fcl\u00f6n\u00f6s fontoss\u00e1ggal b\u00edr az \u00fan. kr\u00edzis helyzetekben val\u00f3 orvosi tev\u00e9kenys\u00e9g megismer\u00e9se (v\u00e9rz\u00e9s, fullad\u00e1s, allergi\u00e1s reakci\u00f3k). C\u00e9lunk a hallgat\u00f3k akt\u00edv bevon\u00e1sa a gyakorlat menet\u00e9be.<\/p>\n<p>A gyakorlatokon t\u00f6rt\u00e9n\u0151 r\u00e9szv\u00e9tel k\u00f6telez\u0151, minden gyakorlaton katal\u00f3gust vezet\u00fcnk. A jelenl\u00e9ti \u00edven a gyakorlatvezet\u0151 neve \u00e9s a gyakorlat t\u00e9m\u00e1ja is szerepel.<br \/>\nGyakorlati oktat\u00e1sunkat demonstr\u00e1torok is seg\u00edtik.<\/p>\n<h2>A f\u00e9l\u00e9v elfogad\u00e1s\u00e1nak rendje<\/h2>\n<p>Az el\u0151ad\u00e1sokon a klinika alkalmank\u00e9nt vezet jelenl\u00e9ti \u00edvet. A gyakorlatok \u00e9s az el\u0151ad\u00e1sok 70%-nak l\u00e1togat\u00e1sa k\u00f6telez\u0151, enn\u00e9l t\u00f6bb hi\u00e1nyz\u00e1s eset\u00e9n a f\u00e9l\u00e9v nem ker\u00fcl elismer\u00e9sre. A jelenl\u00e9ti \u00edveket a titk\u00e1rs\u00e1gon meg\u0151rizz\u00fck. A f\u00e9l\u00e9ves gyakorlat elfogad\u00e1s\u00e1nak dokument\u00e1l\u00e1sa a Neptun rendszerben az \u201eal\u00e1\u00edr\u00e1s megad\u00e1s\u00e1val\u201d, az Indexben szint\u00e9n az al\u00e1\u00edr\u00e1s megad\u00e1s\u00e1val (a tansz\u00e9kvezet\u0151 al\u00e1\u00edr\u00e1s pecs\u00e9tj\u00e9vel) t\u00f6rt\u00e9nik.<\/p>\n<p><strong>A k\u00fclf\u00f6ldi gyakorlat elfogad\u00e1s\u00e1nak rendje:<\/strong><\/p>\n<p>A hallgat\u00f3 a let\u00f6lt\u00f6tt gyakorlat\u00e1r\u00f3l a k\u00fclf\u00f6ldi klinika igazol\u00e1s\u00e1t bemutatja a titk\u00e1rs\u00e1gon, melyet a tanulm\u00e1nyi felel\u0151s ellen\u0151riz, a klinikaigazgat\u00f3 j\u00f3v\u00e1hagyja \u00e9s szab\u00e1lyos igazol\u00e1s eset\u00e9n elfogadja.<\/p>\n<p>Ennek alapj\u00e1n az indexben bejegyz\u00e9s t\u00f6rt\u00e9nik a gyakorlat elfogad\u00e1s\u00e1r\u00f3l, \u00e9s vizsg\u00e1t tehet (amennyiben ezt nem tette meg k\u00fclf\u00f6ld\u00f6n). A k\u00fclf\u00f6ldi vizsga elfogad\u00e1s\u00e1nak rendj\u00e9t egy\u00e9nre szabott, a beny\u00fajtott dokumentumok alapj\u00e1n t\u00f6rt\u00e9n\u0151 k\u00fcl\u00f6n igazgat\u00f3i utas\u00edt\u00e1s szab\u00e1lyozza.<\/p>\n<h2>Vizsg\u00e1ztat\u00e1s<\/h2>\n<p>A szemesztert kollokvium z\u00e1rja. A Klinika a Neptun rendszerben teszi k\u00f6zz\u00e9 a vizsganapokat. Egy vizsgaid\u0151szakban a hallgat\u00f3i l\u00e9tsz\u00e1m k\u00e9tszeres\u00e9nek megfelel\u0151 vizsgaid\u0151pontot \u00edrunk ki. Az egyes vizsganapokra ki\u00edrt maxim\u00e1lis hallgat\u00f3i l\u00e9tsz\u00e1m a kapacit\u00e1sokt\u00f3l f\u00fcgg\u0151en v\u00e1ltozik. A vizsg\u00e1ztat\u00f3kat a klinikaigazgat\u00f3 az oktat\u00e1sban r\u00e9szt vev\u0151, szakorvosi k\u00e9pes\u00edt\u00e9ssel rendelkez\u0151 adjunktusok, docensek, egyetemi tan\u00e1r koll\u00e9g\u00e1k k\u00f6z\u00fcl jel\u00f6li ki.<\/p>\n<p>A sz\u00f3beli vizsga k\u00e9t r\u00e9szb\u0151l, kompetenciak\u00e9rd\u00e9sekb\u0151l \u00e9s tov\u00e1bbi elm\u00e9leti k\u00e9rd\u00e9sek ismertet\u00e9s\u00e9b\u0151l \u00e1ll bele\u00e9rtve a t\u00fcneteket, a diagnosztik\u00e1t \u00e9s a ter\u00e1pi\u00e1t. A kompetencia k\u00e9rd\u00e9sek nem tud\u00e1sa sikertelen vizsg\u00e1nak min\u0151s\u00fcl. A kollokvium eredm\u00e9nye a Neptun rendszerben \u00e9s a leckek\u00f6nyvben ker\u00fcl bejegyz\u00e9sre. A vizsgajegyeket a hallgat\u00f3k Index\u00e9ben a vizsg\u00e1ztat\u00f3 al\u00e1\u00edr\u00e1s\u00e1val hiteles\u00edti.<\/p>\n<p>A vizsga ism\u00e9tl\u00e9s\u00e9re, jav\u00edt\u00e1s\u00e1ra az Egyetemi szab\u00e1lyzatnak megfelel\u0151en a hallgat\u00f3knak lehet\u0151s\u00e9get adunk.<\/p>\n<h2>Szakdolgozatok<\/h2>\n<p>Klinik\u00e1nk minden \u00e9vben sz\u00e1mos t\u00e9mak\u00f6rben hirdet meg szakdolgozat t\u00e9m\u00e1kat, magyar angol \u00e9s n\u00e9met nyelven. A hallgat\u00f3k konzulens seg\u00edts\u00e9g\u00e9vel egy adott t\u00e9m\u00e1t alaposabban feldogoznak. A hallgat\u00f3k \u00f6n\u00e1ll\u00f3 adatfeldolgoz\u00e1sa \u00e9s k\u00eds\u00e9rletes kutat\u00f3 munk\u00e1ja tudom\u00e1nyosan hasznos\u00edthat\u00f3 eredm\u00e9nyhez is vezethet. C\u00e9l a szakirodalom keres\u00e9s\u00e9nek \u00e9s bemutat\u00e1s\u00e1nak elsaj\u00e1t\u00edt\u00e1sa.<\/p>\n<p>A dolgozatokat \u2013 az egyetemi el\u0151\u00edr\u00e1soknak megfelel\u0151en \u2013 opponens \u00e9rt\u00e9keli, majd bizotts\u00e1g el\u0151tt t\u00f6rt\u00e9nik a v\u00e9d\u00e9s. A v\u00e9d\u00e9s sor\u00e1n a hallgat\u00f3 r\u00f6vid, n\u00e9h\u00e1ny perces szabad el\u0151ad\u00e1sban ismerteti a szakdolgozat meg\u00e1llap\u00edt\u00e1sait, majd a b\u00edr\u00e1l\u00f3 \u00e9s a bizotts\u00e1g \u00e1ltal feltett k\u00e9rd\u00e9sekre v\u00e1laszol. Jegyz\u0151k\u00f6nyv k\u00e9sz\u00fcl, mely tartalmazza a dolgozat c\u00edm\u00e9t, a konzulens nev\u00e9t, a b\u00edr\u00e1l\u00f3 v\u00e9lem\u00e9ny\u00e9t, a v\u00e9d\u00e9sen elhangzott k\u00e9rd\u00e9seket \u00e9s az arra adott v\u00e1laszok r\u00f6vid valamint a bizotts\u00e1g \u00e1ltal meg\u00e1llap\u00edtott 1-5 k\u00f6z\u00f6tti \u00e9rdemjegyet. Az \u00e9rdemjegy be\u00edr\u00e1sra ker\u00fcl a hallgat\u00f3 index\u00e9be, valamint a Neptun rendszerbe. A jegyz\u0151k\u00f6nyvet a D\u00e9k\u00e1ni Hivatalba k\u00fcldj\u00fck be.<\/p>\n<h2>Tudom\u00e1nyos di\u00e1kk\u00f6ri munka, rektori p\u00e1ly\u00e1zatok<\/h2>\n<p>A szakdolgozatokhoz hasonl\u00f3an minden \u00e9vben kihirdet\u00e9sre ker\u00fclnek a klinik\u00e1nk kutat\u00e1si ter\u00fclet\u00e9nek megfelel\u0151 rektori p\u00e1ly\u00e1zati t\u00e9m\u00e1k, kidolgoz\u00e1sa konzulensi seg\u00edts\u00e9ggel t\u00f6rt\u00e9nik. A rektori p\u00e1ly\u00e1zaton d\u00edjat nyert dolgozatok szakdolgozatk\u00e9nt elfogadhat\u00f3k, de ez a v\u00e9d\u00e9s al\u00f3l nem mentes\u00edt.<\/p>\n<p>A Klinik\u00e1n minden \u00e9vben foglalkoztatunk tudom\u00e1nyos di\u00e1kk\u00f6ri hallgat\u00f3kat is. Az \u00e9rdekl\u0151d\u0151 orvostanhallgat\u00f3k a v\u00e1lasztott t\u00e9mavezet\u0151 seg\u00edts\u00e9g\u00e9vel kutat\u00f3 munk\u00e1t folytatnak valamint a klinika oktat\u00e1si tev\u00e9kenys\u00e9g\u00e9be kapcsol\u00f3dnak be. El\u0151zetes megbesz\u00e9l\u00e9s alapj\u00e1n a m\u0171t\u0151ben is megtekinthetnek m\u0171t\u00e9teket illetve a m\u0171t\u0151 m\u0171k\u00f6d\u00e9s\u00e9\u00e9rt felel\u0151s orvos koll\u00e9ga ki\u00edrhatja m\u0171t\u00e9tekbe assziszt\u00e1lni. A klinika TDK felel\u0151se a hallgat\u00f3k n\u00e9vsor\u00e1t eljuttatja a Semmelweis Egyetem Tudom\u00e1nyos Di\u00e1kk\u00f6ri Tan\u00e1cs\u00e1hoz. A hallgat\u00f3k a munk\u00e1jukr\u00f3l az \u00e9vente megrendezett tudom\u00e1nyos di\u00e1kk\u00f6ri konferenci\u00e1kon sz\u00e1molhatnak be.<\/p>\n<p>Az el\u0151ad\u00e1sokat a Konferenci\u00e1t megel\u0151z\u0151en a klinikai refer\u00e1l\u00f3n a klinika igazgat\u00f3ja \u00e9s oktat\u00f3i kara el\u0151tt kell bemutatniuk a hallgat\u00f3knak, ahol seg\u00edt\u0151 kritik\u00e1t kapnak az esetleg sz\u00fcks\u00e9ges v\u00e1ltoztat\u00e1sokhoz.<\/p>\n<p>A sikeresen szerepl\u0151k az Orsz\u00e1gos Di\u00e1kk\u00f6ri Konferenci\u00e1n k\u00e9pviselik az egyetemet \u00e9s a klinik\u00e1t.<\/p>\n<\/div>\n<p><strong>Fej-nyakseb\u00e9szeti kurzus<\/strong><\/p>\n<p>Magyarorsz\u00e1gon \u00e9vente k\u00f6zel 5000 \u00faj rosszindulat\u00fa fej-nyaki daganatos betegs\u00e9get diagnosztiz\u00e1lnak. Ha ehhez hozz\u00e1vessz\u00fck a benign\u00f3m\u00e1k, fejl\u0151d\u00e9si rendelleness\u00e9gek, ill. k\u00fcl\u00f6nb\u00f6z\u0151 gyullad\u00e1sok jelentette m\u0171t\u00e9ti indik\u00e1ci\u00f3kat, \u00e9rthet\u0151v\u00e9 v\u00e1lik, hogy mi\u00e9rt teszik ki a fej-nyaki m\u0171t\u00e9tek int\u00e9zet\u00fcnk m\u0171t\u00e9ti beoszt\u00e1s\u00e1nak igen nagy r\u00e9sz\u00e9t. Sajn\u00e1latos m\u00f3don az \u00c1ltal\u00e1nos Orvostudom\u00e1nyi Kar curriculum\u00e1ban nincs lehet\u0151s\u00e9g a t\u00e9ma r\u00e9szletes ismertet\u00e9s\u00e9re.<\/p>\n<p>A tant\u00e1rgy oktat\u00e1s\u00e1nak c\u00e9lja, hogy (az els\u0151sorban seb\u00e9szet ir\u00e1nt \u00e9rdekl\u0151d\u0151) hallgat\u00f3k megismerkedjenek a fej-nyaki r\u00e9gi\u00f3 seb\u00e9szet\u00e9vel. A tant\u00e1rgy oktat\u00e1sa sor\u00e1n szisztematikusan tervezz\u00fck t\u00e1rgyalni az egyes ter\u00fcletek seb\u00e9szi ell\u00e1t\u00e1s\u00e1t, gazdag k\u00e9p \u00e9s vide\u00f3 anyaggal illusztr\u00e1lva.<\/p>\n\n<\/div><h2 class=\"tabtitle\">Posztgradu\u00e1lis<\/h2>\n<div class=\"tabcontent\">\n\n<h1 class=\"entry-title\">Posztgradu\u00e1lis k\u00e9pz\u00e9s<\/h1>\n<p>Klinik\u00e1nkon a posztgradu\u00e1lis k\u00e9pz\u00e9s \u00f6t ter\u00fcleten folyik<\/p>\n<ul>\n<li><span lang=\"hu-HU\">Szakorvosk\u00e9pz\u00e9s<\/span><\/li>\n<li><span lang=\"hu-HU\">Szakorvos tov\u00e1bbk\u00e9pz\u00e9s<\/span><\/li>\n<li><span lang=\"hu-HU\">Doktori Iskola<\/span><\/li>\n<li><span lang=\"hu-HU\">Klinikai oktat\u00f3k-nevel\u0151k szakir\u00e1ny\u00fa tov\u00e1bbk\u00e9pz\u00e9se<\/span><\/li>\n<li><span lang=\"hu-HU\">Szakdolgoz\u00f3k tov\u00e1bbk\u00e9pz\u00e9se<\/span><\/li>\n<\/ul>\n<p><a href=\"https:\/\/semmelweis.hu\/fulorrgegeszet\/oktatas\/posztgradualis-kepzes\/\">Tov\u00e1bb a posztgradu\u00e1lis k\u00e9pz\u00e9s r\u00e9szletes bemutat\u00e1s\u00e1hoz\u00a0\u2192<\/a><\/p>\n<\/div><\/div>\n","protected":false},"excerpt":{"rendered":"<p>Gradu\u00e1lis oktat\u00e1s A klinika k\u00e9pz\u00e9si c\u00e9lja a legfontosabb f\u00fcl-orr-g\u00e9g\u00e9szeti k\u00f3rk\u00e9pek t\u00fcnettan\u00e1nak, diagnosztik\u00e1j\u00e1nak \u00e9s kezel\u00e9si lehet\u0151s\u00e9geinek ismertet\u00e9se. A f\u00fcl-orr-g\u00e9g\u00e9szeten bel\u00fcli specialit\u00e1sok megismer\u00e9se (otoneurol\u00f3gia, audiol\u00f3gia, foni\u00e1tria, allergol\u00f3gia, onkol\u00f3gia, gyermek f\u00fcl-orr-g\u00e9g\u00e9szet) valamint m\u00e1s szakter\u00fcletekkel k\u00f6z\u00f6s hat\u00e1rter\u00fcleteket \u00e9rint\u0151 (fog\u00e1szat, sz\u00e1jseb\u00e9szet, neurol\u00f3gia, szem\u00e9szet) k\u00f3rk\u00e9pek, differenci\u00e1l diagnosztikai probl\u00e9m\u00e1k ismertet\u00e9se. A f\u00fcl-orr-g\u00e9g\u00e9szethez kapcsol\u00f3d\u00f3 diagnosztikai elj\u00e1r\u00e1sok (endoscopos m\u00f3dszerek, k\u00e9palkot\u00f3 radiol\u00f3giai elj\u00e1r\u00e1sok) k\u00e9panyag\u00e1nak prezent\u00e1ci\u00f3ja. &hellip;<\/p>\n","protected":false},"author":101505,"featured_media":0,"parent":0,"menu_order":1,"comment_status":"closed","ping_status":"closed","template":"","meta":{"_acf_changed":false,"footnotes":""},"categories":[],"tags":[],"class_list":["post-185","page","type-page","status-publish","hentry"],"acf":[],"_links":{"self":[{"href":"https:\/\/semmelweis.hu\/fulorrgegeszet\/wp-json\/wp\/v2\/pages\/185","targetHints":{"allow":["GET"]}}],"collection":[{"href":"https:\/\/semmelweis.hu\/fulorrgegeszet\/wp-json\/wp\/v2\/pages"}],"about":[{"href":"https:\/\/semmelweis.hu\/fulorrgegeszet\/wp-json\/wp\/v2\/types\/page"}],"author":[{"embeddable":true,"href":"https:\/\/semmelweis.hu\/fulorrgegeszet\/wp-json\/wp\/v2\/users\/101505"}],"replies":[{"embeddable":true,"href":"https:\/\/semmelweis.hu\/fulorrgegeszet\/wp-json\/wp\/v2\/comments?post=185"}],"version-history":[{"count":9,"href":"https:\/\/semmelweis.hu\/fulorrgegeszet\/wp-json\/wp\/v2\/pages\/185\/revisions"}],"predecessor-version":[{"id":1213,"href":"https:\/\/semmelweis.hu\/fulorrgegeszet\/wp-json\/wp\/v2\/pages\/185\/revisions\/1213"}],"wp:attachment":[{"href":"https:\/\/semmelweis.hu\/fulorrgegeszet\/wp-json\/wp\/v2\/media?parent=185"}],"wp:term":[{"taxonomy":"category","embeddable":true,"href":"https:\/\/semmelweis.hu\/fulorrgegeszet\/wp-json\/wp\/v2\/categories?post=185"},{"taxonomy":"post_tag","embeddable":true,"href":"https:\/\/semmelweis.hu\/fulorrgegeszet\/wp-json\/wp\/v2\/tags?post=185"}],"curies":[{"name":"wp","href":"https:\/\/api.w.org\/{rel}","templated":true}]}}