{"id":1835,"date":"2023-04-05T11:19:11","date_gmt":"2023-04-05T09:19:11","guid":{"rendered":"https:\/\/semmelweis.hu\/fulorrgegeszet\/?page_id=1835"},"modified":"2023-05-24T13:40:47","modified_gmt":"2023-05-24T11:40:47","slug":"curriculum-dentistry","status":"publish","type":"page","link":"https:\/\/semmelweis.hu\/fulorrgegeszet\/en\/faculty-of-dentistry\/curriculum-dentistry\/","title":{"rendered":"Curriculum &#8211; Dentistry"},"content":{"rendered":"<p><strong>Semmelweis University, Faculty of Dentistry,<\/strong><br \/>\n<strong>Department of Otorhinolaryngology and Head and Neck Surgery<\/strong><br \/>\n<strong>Name of the course:<\/strong> otorhinolaryngology<br \/>\n<strong>Credit value:<\/strong> 1<br \/>\n<strong>Lessons (in hours):<\/strong> 21 lectures: 14 practicals: 7 seminars: 0<br \/>\n<strong>Type of the course:<\/strong> obligatory elective <br \/>\n<strong>Frequency of announcement (per semester or year):<\/strong> per semester<br \/>\n<strong>Academic year:<\/strong> 2022\/23. II. semester<br \/>\n<strong>Subject code:<\/strong> FOKVFUL255_1A<br \/>\n<strong>Lecturer of the course:<\/strong> Prof. Dr. L\u00e1szl\u00f3 Tam\u00e1s<\/p>\n<p><strong>Contact:<\/strong> 06-1-3-333-316, <br \/>\ntamas.laszlo@semmelweis.hu titkarsag.fulo@med.semmelweis-univ.hu<\/p>\n<p><strong>The goals of the course in point of view of the education:<\/strong><br \/>\nThe subject of the course includes ear, nose, throat, larynx, head and neck disease, tumor management and oncological surgery in these regions. In addition, diseases of the nose and sinuses, their operations. Endoscopic and microscopic laryngeal as well as nasal, sinus and ear surgery, ear-nose and throat laser therapy and laser surgery. Other ear-nose-throat reconstruction and plastic surgery as well as endoscopic diagnostics of esophagus, larynx, trachea. Childhood hearing examination, surgical hearing repair and cochlear implantation. Basic audiology, detailed examination of ear diseases, hearing aids or surgery. Phoniatric knowledge, physiology of voice formation, cure for hoarseness, rehabilitation of laryngeal patients. Rhinology. Otoneurology, investigation and treatment of balance disorders.<\/p>\n<p><strong>Location of the course (address of lecture hall, seminar room etc.):<\/strong> <br \/>\nSemm.Univ. Dep. of Otorhinolaryngol. and Head and Nek Surgery, 1083 Budapest, Szigony street 36.<\/p>\n<p><strong>Competences acquired by completion of the course:<\/strong> Students learn about the development, clinical presentation, course, and treatment options for otolaryngology. They master the examination of the patient, get acquainted with the examination procedures, the diagnosis of each disease, as well as the possibilities of conservative treatment, open or endoscopic and microscopic surgeries, and techniques based on the appropriate anatomical basis.<\/p>\n<p><strong>Pre-study requirements and prerequisites of course registration and completion:<\/strong> pathology, oral pathology<br \/>\nNumber of students required for announcement of course (min., max.): no limit<\/p>\n<p><strong>Method of course registration:<\/strong> by NEPTUN<br \/>\nDetailed course\/lecture description : (to facilitate credit recognition in other institutions)<\/p>\n<p><strong>Topics of lectures on ear-nose and throat<\/strong><\/p>\n<p>1. Examination (Prof. L\u00e1szl\u00f3 Tam\u00e1s)<br \/>\n2. Otitis externa, otitis media (Dr. Marianna K\u00fcstel)<br \/>\n3. Diseases of inner ear, middle and inner ear implants (Dr. Marianna K\u00fcstel)<br \/>\n4. Inflammations of pharynx and tonsillae (Dr. Be\u00e1ta Bencsik)<br \/>\n5. Nasal occlusion, rhinitis acuta, allergy (Dr. Helga Kraxner)<br \/>\n6. Rhinitis chronica. FESS (Dr. Zolt\u00e1n Fent)<br \/>\n7. Deformities of the nose, septoplasty. Tumors of the face (Dr. \u00d6d\u00f6n Rezek).<br \/>\n8. Headache (Dr. \u00c1gnes Szirmai)<br \/>\n9. Urgency in otorhinolaryngology (Prof. L\u00e1szl\u00f3 Tam\u00e1s)<br \/>\n10. Malignant tumors of the larynx and hypopharynx (Dr. P\u00e9ter Prekopp)<br \/>\n11. Meso- and hypopharynx cancer (Prof. L\u00e1szl\u00f3 Tam\u00e1s)<br \/>\n12. Oral cavity cancer (Dr. Korn\u00e9l D\u00e1nos)<br \/>\n13. Chemoradiotherapy (Dr. Zolt\u00e1n Tak\u00e1csi)<br \/>\n14. Differencial diagnosis of neck tumors, neck dissection (Dr. G\u00e1bor Polony)<br \/>\nPractices<br \/>\n1.basic otolaryngology examination in a healthy person &#8211; use of a forehead reflector<br \/>\n2.endoscopic \/ microscopic ear examination (ear cleaning, ear washing, chr. otitis media, eardrum perforation, Grommet), endoscopic nasal examination (anesthesia, chr. sinusitis, nasal polyposis, epipharynx, veg. aden.)<br \/>\n3 laryngoscpy (anesthesia, tongue root, epiglottis, glottis, vocal cord movement, vocal cord paralysis, hypopharynx)<br \/>\n4. skill lab: ear model paracentesis exercise, temporal bone ear surgery types presentation <br \/>\n5.skill lab: practicing nasal bleeding on a skull model (layered tampon, Bellocq tampon)<br \/>\n6. patient presentation \/ examination (facial paresis, spontaneous vestibular symptoms, ear bonding, steam bonding, ear imaging evaluation)<br \/>\n7. patient presentation \/ examination (oral abnormalities, pharyngitis, tonsillitis, tonsillectomy, malignant pharyngeal process)<\/p>\n<p>Attendance at lectures is not needed &#8211; by regulations of university -, at exercises is a must (min. 75%).<\/p>\n<p><strong>Courses (obligatory and elective) which in part or entirely overlap the topics of above course:<\/strong> no<\/p>\n<p><strong>Special academic work required for completion of the course:<\/strong> no<\/p>\n<p><strong>Attendance on practices and lectures, replacement in case of missed sessions:<\/strong> <br \/>\nParticipation in the lecture is not obligatory according to university regulations. Students&#8217; participation in practical classes is registered in an attendance form. Absence from classes need not be justified. Absences in excess of the allowable amount must be made up for acceptance of the semester. Replacement of practice in the amount not exceeding the number of mid-year staff is possible in the last 2 weeks, after pre-registration.<br \/>\nConsequences of absence from sessions and exams: According to the university regulations. <\/p>\n<p><strong>Method of checking acquired knowledge during the study period:<\/strong> no<\/p>\n<p><strong>Requirements of an accepted semester (signature of the lecturer):<\/strong> <br \/>\nAccording to university regulations, 25% of internships can be missed without proof during education. The other exercises must be replaced, as evidenced by the supervisor of the replaced exercise. The internship can only be replaced by an internship on the same topic. Completion of the exercises is a prerequisite for admission to the exam.<\/p>\n<p><strong>Type of the exam:<\/strong> semifinal<\/p>\n<p><strong>Requirements of the exam:<\/strong><\/p>\n<p>Minimum criteria for the ENT exam, competency questions before topics <br \/>\n1. Symptoms and clinical features of diffuse otitis externa<br \/>\n2. Symptoms and clinical features of acute otitis media (AOM) \u2013 suppurative<br \/>\n3. Causes of acute hearing loss<br \/>\n4. What is to be done in case of acute sensorineural hearing loss?<br \/>\n5. Recognition of hearing loss in childhood<br \/>\n6. Causes of ear pain<br \/>\n7. Complications of acute otitis media (AOM)<br \/>\n8. Clinical features and symptoms of acute mastoiditis<br \/>\n9. Causes of unilateral otitis media with effusion (OME) in adults and childhood<br \/>\n10. How to diagnose vertigo caused by vestibular disorders<br \/>\n11. Causes of peripherial facial palsy (list)<br \/>\n12. Primary management of epistaxis\/nosebleeding (at home\/ambulance\/by GP)<br \/>\n13. Management of epistaxis\/nosebleeding (anterior, posterior) by ENT professionals<br \/>\n14. Management and complications of nasal folliculitis and furuncles<br \/>\n15. Types of rhinitis (list)<br \/>\n16. Clinical features and management of angioedema (Quincke-edema)<br \/>\n17. Complications of paranasal sinus infections (list)<br \/>\n18. Where does the patient localize the pain in cases of frontal, maxillary, ethmoidal or sphenoidal sinusitis?<br \/>\n19. Causes of unilateral nasal obstruction and discharge in childhood and in adulthood<br \/>\n20. ENT diseases causing headache<br \/>\n21. Most frequent causes of dysphagia<br \/>\n22. Indications of tonsillectomy (absolute and relative)<br \/>\n23. Clinical features and symptoms of peritonsillar abscess<br \/>\n24. Peritonsillar abscess \u2013 treatment<br \/>\n25. Clinical features, symptoms and complications of para- and retropharyngeal abscesses<br \/>\n26. Pathogens of tonsillitis and pharyngitis, indication of antibiotic treatment<br \/>\n27. Precancerous lesions of the oral cavity and oropharynx<br \/>\n28. Causes of chronic hoarseness (Why is it necessary to visit an ENT specialist after 3 weeks of hoarseness?)<br \/>\n29. Symptoms of laryngeal and hypopharyngeal cancers<br \/>\n30. Swollen neck lymph nodes \u2013 causes<br \/>\n31. Evaluation of neck lumps \u2013 diagnostic steps<br \/>\n32. Causes of dyspnea in the upper respiratory tract <br \/>\n33. Middle-aged, smoker patient presents with unilateral ear pain, but the examination of the ear does not reveal any disorders. What may be the cause, and what is obligatory to be examined?<br \/>\n34. Management of choking patients \u2013 if intubation cannot be carried out<\/p>\n<p><strong>ENT exam topics:<\/strong><br \/>\n1. Anatomy and physiology of the external and middle ear, function of the Eustachian tube.<br \/>\n2. Basics of the physiology of hearing. Classical examination of hearing: tuning fork and subjective hearing tests. <br \/>\n3. Objective hearing tests. Tympanometry, evoked response audiometry, otoacoustic emission.<br \/>\n4. Clinical examination of the vestibular system. <br \/>\n5. Malformations of the auricle, diseases of the external ear.<br \/>\n6. Complications of purulent acute and chronic otitis media.<br \/>\n7. Inflammations of the middle ear (purulent acute and chronic otitis media). <br \/>\n8. Clinical presentation, diagnostics and treatment of otosclerosis.<br \/>\n9. Acute and chronic otitis media with effusion. The use of tympanostomy (Grommet) tube. <br \/>\n10. Tympanoplasty. Mastoidectomy and radical mastoidectomy.<br \/>\n11. Etiology and treatment of acute and chronic sensorineural hearing loss.<br \/>\n12. Hearing loss in childhood. Symptoms, examination and treatment. Neonatal hearing screening.<br \/>\n13. Indications and types of hearing aids.<br \/>\n14. Cochlear implantation. Implantable hearing aids.<br \/>\n15. Clinical presentation and treatment of BPPV, vestibular neuronitis and M\u00e9ni\u00e8re\u2019s disease.<br \/>\n16. Tumors of the external and middle ear.<br \/>\n17. Causes and treatment of peripheral facial nerve palsy.<br \/>\n18. Differential diagnosis of temporal pain in dental practice. <br \/>\n19. Anatomy and physiology of the nose and paranasal sinuses.<br \/>\n20. Injuries, inflammatory diseases and tumors of the external nose.<br \/>\n21. Physical examination, endoscopy and imaging of the nose and paranasal sinuses.<br \/>\n22. Types of rhinosinusitis, smelling disorders.<br \/>\n23. Symptoms, causes and diagnostics of sleep apnoe.<br \/>\n24. Acute and chronic inflammatory diseases of the the nose and paranasal sinuses, complications, principles of treatment.<br \/>\n25. Blood supply of the nasal cavity. Causes and management of nasal bleeding.<br \/>\n26. Causes of reduced nasal ventillation. Septum deviation.<br \/>\n27. Injuries of the paranasal sinuses, facial skeleton, anterior skull base.<br \/>\n28. Diagnostics and therapy of allergic rhintis.<br \/>\n29. Endoscopic sinus surgery, extended applications.<br \/>\n30. Benign and malignant tumors of the paranasal sinuses. Principles of treatment.<br \/>\n31. Malignant tumors of paranasal sinuses. Principles of treatment and postoperative rehabilitation in dental practice.<br \/>\n32. Differential diagnosis of facial pain and disease of nasal and paranasal cavity (dental significance)<br \/>\n33. Reconstructive and plastic surgery of nasal and paranasal sinus deformities.<br \/>\n34. Inflammatory diseases of the salivary glands. Sialoadenopathies.<br \/>\n35. Benign and malignant tumors of the salivary glands.<br \/>\n36. Differential diagnosis of swelling of the neck.<br \/>\n37. Physiology and examination of the oral cavity and the pharynx.<br \/>\n38. Tonsillitis, angina and mononucleosis.<br \/>\n39. Complications of acute tonsillitis. Peritonsillar abscess.<br \/>\n40. Benign tumors and precancerous lesions of the oral cavity and the pharynx.<br \/>\n41. Inflammatory diseases of the oral cavity and the pharynx. Principles of treatment.<\/p>\n<p>42. Congenital disorders of the oral cavity and the pharynx.<br \/>\n43. Diagnosis and treatment of patients with cleft face and cleft palate.<br \/>\n44. Malignancies of the oral cavity and the pharynx. Principles of treatment.<br \/>\n45. Examination of the larynx. Symptoms of laryngeal diseases. Causes and treatment of vocal fold immobility.<br \/>\n46. Acute and chronic inflammatory diseases of the larynx.<br \/>\n47. Benign tumors of the larynx.<br \/>\n48. Malignancies of the larynx and hypopharynx. Principles of treatment.<br \/>\n49. The role of human papillomavirus in oropharyngeal malignancies.<br \/>\n50. Tracheotomy, cricothyrotomy (conicotomy).<br \/>\n51. Upper airways obstruction. Diagnosis, symptoms, treatment of the foreign body in the airways.<br \/>\n52. Disorders of phonation and speech (types of dysphonia).<br \/>\n53. Regions of the neck. Neck lymph node dissections.<br \/>\n54. Complications of odontogenic infections (sinusities, phlegmon and abscess at the neck)<br \/>\n55. Examination and diseases of the esophagus. Dysphagia. Foreign body in the esophagus.<br \/>\n56. Total laryngectomy. Means of speach rehabilitation after total laryngectomy.<\/p>\n<p><strong>Grading of courses :<\/strong><br \/>\nThe condition for admission to the exam is the signing of the practical number of hours completed according to the regulations. The exam is an oral exam, consisting of two parts. The first part is to answer two competence questions. Successful completion of this is a prerequisite for continuing the exam. Failure to meet competency questions is a stumbling block for the exam. If the competency questions are successfully answered, the exam will continue with two items corresponding to the line item. In doing so, students receive a grade based on their theoretical and practice-theoretical knowledge. Ignorance of any item is stumbling.<\/p>\n<p><strong>Exam registration:<\/strong> by NEPTUN<\/p>\n<p><strong>Rules of repeating exams:<\/strong> According to university regulations.<\/p>\n<p><strong>List of textbooks, lecture notes and recommended textbooks:<\/strong><br \/>\nCompulsory:<\/p>\n<p><strong>Hungarian:<\/strong><br \/>\nDr. R\u00e9p\u00e1ssy G\u00e1bor: <br \/>\nF\u00fcl-orr-g\u00e9g\u00e9szet, Fej-Nyak-Seb\u00e9szet<br \/>\negyetemi tank\u00f6nyv<br \/>\nMedicina, Budapest, 2011<br \/>\nISBN: 978 963 226 311 3<\/p>\n<p>Semmelweis Egyetem, <br \/>\nE-learning-F\u00fcl-Orr-G\u00e9g\u00e9szet<\/p>\n<p><strong>English:<\/strong><br \/>\n1. H.Behrbohm, O. Kaschke, T.Nawka, A. Swift:<br \/>\nEar, Nose and Throat Diseases<br \/>\nGeorg-Thieme Verlag, Stuttgart 2009.<br \/>\nISBN: 3-13-671203-0<br \/>\n2. Semmelweis \u00eduniversity, <br \/>\nE-learning-Ear, Nose, Throat<br \/>\nGerman:<br \/>\n1. H. Behrbohm, Hans; Kaschke, Oliver; Nawka, Tadeus: <br \/>\nHals-Nasen-Ohren-Heilkunde <br \/>\nKurzlehrbuch, 2012.<br \/>\nISBN: 9783131478726<\/p>\n<p><strong>Recommended:<\/strong><br \/>\n1. Dr. R\u00e9p\u00e1ssy G. <br \/>\nOtolaryngology<br \/>\n2000 egyetemi jegyzet<br \/>\nRad\u00f3 Nyomda \u00e9s Kiad\u00f3 \u00e9s Szolg. Kft., Eger, 2000.<br \/>\n2. Dr. G\u00e1borj\u00e1n Anita<br \/>\nAudiol\u00f3giai diagnosztika<br \/>\nSemmelweis Kiad\u00f3 \u00e9s Multim\u00e9dia St\u00fadi\u00f3 Budapest, 2018. <br \/>\nISBN: 978-963-331-431-9<br \/>\n3. Dr. Szirmai \u00c1gnes: <br \/>\nAz egyens\u00falyzavarok differenci\u00e1ldiagnosztik\u00e1ja <br \/>\nSemmelweis Kiad\u00f3 \u00e9s Multim\u00e9dia St\u00fadi\u00f3 2006. <br \/>\nISBN: 9639656038<br \/>\n4. Dr. Hirschberg Jen\u0151, Dr. Hacki Tam\u00e1s, Dr. M\u00e9sz\u00e1ros Krisztina<br \/>\nFoniatria \u00e9s t\u00e1rstudom\u00e1nyok <br \/>\nElte E\u00f6tv\u00f6s Kiad\u00f3 E\u00f6tv\u00f6s Lor\u00e1nd Tudom\u00e1nyegyetem Budapest, 2013.<br \/>\n5. Dr. Rib\u00e1ri Ott\u00f3, Dr. R\u00e9p\u00e1ssy G\u00e1bor, Dr. Hirschberg Andor, Dr. Rezek \u00d6d\u00f6n:<br \/>\nF\u00fcl-orr-g\u00e9g\u00e9szet fogorvos hallgat\u00f3k r\u00e9sz\u00e9re<br \/>\nMedicina, Budapest 2004<br \/>\n6. Dr. Gerlinger Imre<br \/>\nT\u00fcnetorient\u00e1lt f\u00fcl-orr-g\u00e9g\u00e9szet<br \/>\nMedicina K\u00f6nyvkiad\u00f3 Zrt. 2014.<br \/>\nISBN: 978 963 226 466 0<\/p>\n<p>&nbsp;<\/p>\n","protected":false},"excerpt":{"rendered":"<p>Semmelweis University, Faculty of Dentistry, Department of Otorhinolaryngology and Head and Neck Surgery Name of the course: otorhinolaryngology Credit value: 1 Lessons (in hours): 21 lectures: 14 practicals: 7 seminars: 0 Type of the course: obligatory elective Frequency of announcement (per semester or year): per semester Academic year: 2022\/23. II. semester Subject code: FOKVFUL255_1A Lecturer &hellip;<\/p>\n","protected":false},"author":101505,"featured_media":0,"parent":1831,"menu_order":1,"comment_status":"closed","ping_status":"closed","template":"","meta":{"_acf_changed":false,"footnotes":""},"categories":[],"tags":[],"class_list":["post-1835","page","type-page","status-publish","hentry"],"acf":[],"_links":{"self":[{"href":"https:\/\/semmelweis.hu\/fulorrgegeszet\/wp-json\/wp\/v2\/pages\/1835","targetHints":{"allow":["GET"]}}],"collection":[{"href":"https:\/\/semmelweis.hu\/fulorrgegeszet\/wp-json\/wp\/v2\/pages"}],"about":[{"href":"https:\/\/semmelweis.hu\/fulorrgegeszet\/wp-json\/wp\/v2\/types\/page"}],"author":[{"embeddable":true,"href":"https:\/\/semmelweis.hu\/fulorrgegeszet\/wp-json\/wp\/v2\/users\/101505"}],"replies":[{"embeddable":true,"href":"https:\/\/semmelweis.hu\/fulorrgegeszet\/wp-json\/wp\/v2\/comments?post=1835"}],"version-history":[{"count":10,"href":"https:\/\/semmelweis.hu\/fulorrgegeszet\/wp-json\/wp\/v2\/pages\/1835\/revisions"}],"predecessor-version":[{"id":1921,"href":"https:\/\/semmelweis.hu\/fulorrgegeszet\/wp-json\/wp\/v2\/pages\/1835\/revisions\/1921"}],"up":[{"embeddable":true,"href":"https:\/\/semmelweis.hu\/fulorrgegeszet\/wp-json\/wp\/v2\/pages\/1831"}],"wp:attachment":[{"href":"https:\/\/semmelweis.hu\/fulorrgegeszet\/wp-json\/wp\/v2\/media?parent=1835"}],"wp:term":[{"taxonomy":"category","embeddable":true,"href":"https:\/\/semmelweis.hu\/fulorrgegeszet\/wp-json\/wp\/v2\/categories?post=1835"},{"taxonomy":"post_tag","embeddable":true,"href":"https:\/\/semmelweis.hu\/fulorrgegeszet\/wp-json\/wp\/v2\/tags?post=1835"}],"curies":[{"name":"wp","href":"https:\/\/api.w.org\/{rel}","templated":true}]}}