{"id":1807,"date":"2023-04-04T14:26:54","date_gmt":"2023-04-04T12:26:54","guid":{"rendered":"https:\/\/semmelweis.hu\/fulorrgegeszet\/?page_id=1807"},"modified":"2023-05-24T16:11:37","modified_gmt":"2023-05-24T14:11:37","slug":"about-us","status":"publish","type":"page","link":"https:\/\/semmelweis.hu\/fulorrgegeszet\/en\/about-us\/","title":{"rendered":"About us"},"content":{"rendered":"<p><strong>Address<\/strong> H-1083 Budapest, Szigony u. 36. <br \/>\n<strong>Tel:<\/strong> (+36-20) 825-2310 <br \/>\n<strong>Email:<\/strong> <a href=\"mailto:titkarsag.fulo@med.semmelweis-univ.hu\" target=\"_blank\" rel=\"noopener noreferrer\">titkarsag.fulo@med.semmelweis-univ.hu<\/a> <br \/>\n<strong>Web:<\/strong> <a href=\"https:\/\/semmelweis.hu\/fulorrgegeszet\/\" target=\"_blank\" rel=\"noopener noreferrer\">semmelweis.hu\/fulorrgegeszet\/<\/a><\/p>\n<p><strong>Director:<\/strong> Professor L\u00e1szl\u00f3 Tam\u00e1s, M.D., Ph.D.<\/p>\n<p><strong>Background<\/strong> Otology and rhino-laryngology were once independent disciplines. In 1863, Laryngology, led by Imre Navratil and the Otology Clinic, directed by Gyula B\u00f6ke, had been separate departments; these were merged in 1932. Led by Professor L\u00e9n\u00e1rt, the new Oto-Rhino-Laryngology Department moved to its current facilities on Szigony street in 1936.<\/p>\n<p><strong>Profile<\/strong> General otorhinolaryngology, audiology special hearing improvement, cochlear implantation, otoneurology, phoniatry, logopaedics, head-neck surgery, endoscopy, plastic and reconstructive surgery, rhinology, allergology.<\/p>\n<p><strong>Education<\/strong> The otorhinolaryngological curriculum is delivered to all medical and dental students of the University. Lectures and demonstrations are held for both faculties in Hungarian, English and German. Practical training in the latest ear, nose and throat surgery techniques is given through video instructions. Each year, the Department has several Ph.D. students and also participates in the postgraduate training of ear-nose and throat specialists through selected courses.<\/p>\n<p><strong>Health Care<\/strong> The Department has 56 beds (general ENT 28, oncology 20, pediatric care 8) available for patients from all over Hungary. There are more than 4,000 operations performed each year, including ambulatory and highly special surgeries as well.<\/p>\n<p>Auditory rehabilitation procedures include cochlear implantation of the latest models of prostheses. The Department was among the first ones to introduce functional endoscopic surgery and endonasal microsurgery in the therapy of the disorders of the nose and paranasal sinuses. Operative treatment of laryngeal cancer has been supplemented by the application of laser surgery and the reconstruction of extensive tissue defects.<\/p>\n<p>The Department also operates the following special outpatient units: audiology, paediatric audiology, auditory rehabilitation, oncology, endoscopy, otoneurology, allergology, phoniatry and logopaedics.<\/p>\n<p><strong>Research<\/strong> Preferred research topics are: oncology, audiology, function of the inner-ear, rhinology\u00a0 and phoniatry. Several new methods introduced to improve impaired hearing have received international recognition<\/p>\n","protected":false},"excerpt":{"rendered":"<p>Otology and rhino-laryngology were once independent disciplines. In 1863, Laryngology, led by Imre Navratil and the Otology Clinic, directed by Gyula B\u00f6ke, had been separate departments; these were merged in 1932. Led by Professor L\u00e9n\u00e1rt, the new Oto-Rhino-Laryngology Department moved to its current facilities on Szigony street in 1936.<\/p>\n","protected":false},"author":101505,"featured_media":2086,"parent":0,"menu_order":4,"comment_status":"closed","ping_status":"closed","template":"","meta":{"_acf_changed":false,"footnotes":""},"categories":[],"tags":[],"class_list":["post-1807","page","type-page","status-publish","has-post-thumbnail","hentry"],"acf":[],"_links":{"self":[{"href":"https:\/\/semmelweis.hu\/fulorrgegeszet\/wp-json\/wp\/v2\/pages\/1807","targetHints":{"allow":["GET"]}}],"collection":[{"href":"https:\/\/semmelweis.hu\/fulorrgegeszet\/wp-json\/wp\/v2\/pages"}],"about":[{"href":"https:\/\/semmelweis.hu\/fulorrgegeszet\/wp-json\/wp\/v2\/types\/page"}],"author":[{"embeddable":true,"href":"https:\/\/semmelweis.hu\/fulorrgegeszet\/wp-json\/wp\/v2\/users\/101505"}],"replies":[{"embeddable":true,"href":"https:\/\/semmelweis.hu\/fulorrgegeszet\/wp-json\/wp\/v2\/comments?post=1807"}],"version-history":[{"count":7,"href":"https:\/\/semmelweis.hu\/fulorrgegeszet\/wp-json\/wp\/v2\/pages\/1807\/revisions"}],"predecessor-version":[{"id":2088,"href":"https:\/\/semmelweis.hu\/fulorrgegeszet\/wp-json\/wp\/v2\/pages\/1807\/revisions\/2088"}],"wp:featuredmedia":[{"embeddable":true,"href":"https:\/\/semmelweis.hu\/fulorrgegeszet\/wp-json\/wp\/v2\/media\/2086"}],"wp:attachment":[{"href":"https:\/\/semmelweis.hu\/fulorrgegeszet\/wp-json\/wp\/v2\/media?parent=1807"}],"wp:term":[{"taxonomy":"category","embeddable":true,"href":"https:\/\/semmelweis.hu\/fulorrgegeszet\/wp-json\/wp\/v2\/categories?post=1807"},{"taxonomy":"post_tag","embeddable":true,"href":"https:\/\/semmelweis.hu\/fulorrgegeszet\/wp-json\/wp\/v2\/tags?post=1807"}],"curies":[{"name":"wp","href":"https:\/\/api.w.org\/{rel}","templated":true}]}}