{"id":1791,"date":"2023-04-04T12:42:37","date_gmt":"2023-04-04T10:42:37","guid":{"rendered":"https:\/\/semmelweis.hu\/fulorrgegeszet\/?page_id=1791"},"modified":"2025-05-14T12:23:17","modified_gmt":"2025-05-14T10:23:17","slug":"vizsgakerdesek-fok","status":"publish","type":"page","link":"https:\/\/semmelweis.hu\/fulorrgegeszet\/oktatas\/fok\/vizsgakerdesek-fok\/","title":{"rendered":"Vizsgak\u00e9rd\u00e9sek (FOK)"},"content":{"rendered":"<p style=\"text-align: center\"><span style=\"font-size: 18pt\">F\u00fcl-orr-g\u00e9g\u00e9szeti vizsgak\u00e9rd\u00e9sek <\/span><strong><br \/>\n<span style=\"font-size: 18pt\">Fogorvos<\/span> <\/strong><\/p>\n<p>&nbsp;<\/p>\n<p>1. A f\u00fcl anat\u00f3mi\u00e1ja \u00e9s \u00e9lettana, a f\u00fclk\u00fcrt m\u0171k\u00f6d\u00e9se.<br \/>\n2. A hall\u00e1s\u00e9lettan alapjai. Hall\u00e1s vizsg\u00e1lata, (hangvilla vizsg\u00e1lat, szubjekt\u00edv <br \/>\nhall\u00e1svizsg\u00e1latok).<br \/>\n3. Objekt\u00edv hall\u00e1svizsg\u00e1latok (timpanometria, kiv\u00e1ltott v\u00e1lasz audiometria, otoakusztikus <br \/>\nemisszi\u00f3).<br \/>\n4. Az egyens\u00falyszerv vizsg\u00e1lata (otoneurol\u00f3gia).<br \/>\n5. A f\u00fcl fejl\u0151d\u00e9si rendelleness\u00e9gei \u00e9s a k\u00fcls\u0151 f\u00fcl betegs\u00e9gei.<br \/>\n6. K\u00f6z\u00e9pf\u00fcl gyullad\u00e1sok sz\u00f6v\u0151dm\u00e9nyei.<br \/>\n7. K\u00f6z\u00e9pf\u00fcl gyullad\u00e1sok (akut otitisz m\u00e9dia, kr\u00f3nikus otitisz m\u00e9dia).<br \/>\n8. Otoszkler\u00f3zis (klinikuma, diagn\u00f3zisa, ter\u00e1pi\u00e1ja).<br \/>\n9. Az akut \u00e9s kr\u00f3nikus sav\u00f3s k\u00f6z\u00e9pf\u00fclgyullad\u00e1s. Ventill\u00e1ci\u00f3s tubus (Grommet)<br \/>\nalkalmaz\u00e1sa.<br \/>\n10. A timpanoplasztika fogalma, fajt\u00e1i. Masztoidekt\u00f3mia, radik\u00e1lis f\u00fclm\u0171t\u00e9t.<br \/>\n11. Akut \u00e9s kr\u00f3nikus szenzorineur\u00e1lis hall\u00e1sroml\u00e1s okai, kezel\u00e9se. <br \/>\n12. Velesz\u00fcletett nagyothall\u00e1s \u00e9s siketn\u00e9mas\u00e1g. Csecsem\u0151kori hall\u00e1ssz\u0171r\u00e9s.<br \/>\n13. Hall\u00e1sjav\u00edt\u00f3 k\u00e9sz\u00fcl\u00e9kek t\u00edpusai, indik\u00e1ci\u00f3ja.<br \/>\n14. Kohle\u00e1ris implant\u00e1ci\u00f3 \u00e9s az implant\u00e1lhat\u00f3 hall\u00f3k\u00e9sz\u00fcl\u00e9kek.<br \/>\n15. A BPPV, neuronitisz vesztibul\u00e1ris, M\u00e9ni\u00e8re-betegs\u00e9g klinikuma, ter\u00e1pi\u00e1ja <br \/>\n16. K\u00fcls\u0151 \u00e9s k\u00f6z\u00e9pf\u00fcl daganatai.<br \/>\n17. A perif\u00e9ri\u00e1s faci\u00e1lis b\u00e9nul\u00e1s okai, kezel\u00e9se.<br \/>\n18. A f\u00fcl k\u00f6rny\u00e9ki f\u00e1jdalmak differenci\u00e1ldiagnosztik\u00e1ja \u00e9s ezek fog\u00e1szati vonatkoz\u00e1sai<br \/>\n19. Az orr \u00e9s mell\u00e9k\u00fcregek anat\u00f3mi\u00e1ja \u00e9s \u00e9lettana.<br \/>\n20. K\u00fcls\u0151 orr betegs\u00e9gei (s\u00e9r\u00fcl\u00e9sei, gyullad\u00e1sai, daganatai). <br \/>\n21. Az orr \u00e9s orrmell\u00e9k\u00fcregek fizik\u00e1lis \u00e9s eszk\u00f6z\u00f6s vizsg\u00e1lata, radiol\u00f3giai diagnosztik\u00e1ja.<br \/>\n22. A rinitiszek t\u00edpusai. Szagl\u00e1szavarok.<br \/>\n23. Az alv\u00e1si apnoe szindr\u00f3ma t\u00fcnettana, okai \u00e9s vizsg\u00e1lata.<br \/>\n24. Az orr \u00e9s mell\u00e9k\u00fcregek akut \u00e9s kr\u00f3nikus gyullad\u00e1sos betegs\u00e9gei, sz\u00f6v\u0151dm\u00e9nyei \u00e9s <br \/>\nter\u00e1pi\u00e1ja<br \/>\n25. Az orr\u00fcreg v\u00e9rell\u00e1t\u00e1sa, orrv\u00e9rz\u00e9s okai \u00e9s ell\u00e1t\u00e1sa.<br \/>\n26. Orrl\u00e9gz\u00e9st akad\u00e1lyoz\u00f3 betegs\u00e9gek. Orrs\u00f6v\u00e9nyferd\u00fcl\u00e9s.<br \/>\n27. Az arckoponya, mell\u00e9k\u00fcregek \u00e9s frontobaz\u00e1lis ter\u00fclet s\u00e9r\u00fcl\u00e9sei<br \/>\n28. Az allergi\u00e1s rinitisz, diagnosztika, ter\u00e1pi\u00e1s alapelvek.<br \/>\n29. Endoszk\u00f3pos mell\u00e9k\u00fcreg seb\u00e9szet. Kiterjesztett alkalmaz\u00e1sok.<br \/>\n30. Az orrmell\u00e9k\u00fcregek j\u00f3- \u00e9s rosszindulat\u00fa daganatai, kezel\u00e9si alapelvek.<br \/>\n31. Malignus mell\u00e9k\u00fcreg daganatok kezel\u00e9se \u00e9s m\u0171t\u00e9t ut\u00e1ni rehabilit\u00e1ci\u00f3ja, ezek fogorvosi<br \/>\nszempontjai.<br \/>\n32. Arcf\u00e1jdalmak, orr- \u00e9s mell\u00e9k\u00fcreg betegs\u00e9gek differenci\u00e1ldiagnosztik\u00e1ja, fogorvosi <br \/>\nvonatkoz\u00e1sok.<br \/>\n33. Orr \u00e9s mell\u00e9k\u00fcreg deformit\u00e1sok rekonstrukci\u00f3ja \u00e9s eszt\u00e9tikai seb\u00e9szete.<br \/>\n&#8212;&#8212;&#8212;&#8212;&#8212;&#8212;&#8212;&#8212;&#8212;&#8212;&#8212;&#8212;&#8212;&#8212;&#8212;&#8212;&#8212;&#8212;&#8212;&#8212;&#8212;&#8212;&#8212;&#8212;&#8212;&#8212;&#8212;&#8212;&#8212;&#8212;&#8212;&#8212;&#8212;&#8212;&#8212;&#8212;&#8211; <br \/>\n34. Ny\u00e1lmirigyek gyullad\u00e1sai, szialadenop\u00e1ti\u00e1k.<br \/>\n35. Ny\u00e1lmirigyek j\u00f3- \u00e9s rosszindulat\u00fa daganatai.<br \/>\n36. Nyaki terim\u00e9k differenci\u00e1ldiagnosztik\u00e1ja.<br \/>\n37. Sz\u00e1j\u00fcreg \u00e9s garat \u00e9lettana, vizsg\u00e1lata.<br \/>\n38. Tonzillitiszek, angin\u00e1k, mononukle\u00f3zis <br \/>\n39. Az akut tonsillitis sz\u00f6v\u0151dm\u00e9nyei. Peritonzill\u00e1ris abszcesszus diagn\u00f3zisa, ter\u00e1pi\u00e1ja. <br \/>\n40. A sz\u00e1j\u00fcreg \u00e9s garat j\u00f3indulat\u00fa daganatai \u00e9s prekancer\u00f3zus elv\u00e1ltoz\u00e1sai<br \/>\n41. A sz\u00e1j\u00fcreg \u00e9s garat gyullad\u00e1sos megbeteged\u00e9sei, ter\u00e1pi\u00e1ja.<br \/>\n42. A sz\u00e1j\u00fcreg \u00e9s garat fejl\u0151d\u00e9si rendelleness\u00e9gei.<br \/>\n43. Arc- \u00e9s sz\u00e1jpadhasad\u00e9kos beteg diagnosztik\u00e1ja, kezel\u00e9se.<br \/>\n44. A sz\u00e1j\u00fcreg \u00e9s garat rosszindulat\u00fa daganatai, kezel\u00e9si alapelvek.<br \/>\n45. A g\u00e9ge vizsg\u00e1lata. G\u00e9gebetegs\u00e9gek t\u00fcnetei. Hangszalagb\u00e9nul\u00e1sok okai, ter\u00e1pi\u00e1ja.<br \/>\n46. A g\u00e9ge akut \u00e9s kr\u00f3nikus gyullad\u00e1sai.<br \/>\n47. A g\u00e9ge j\u00f3indulat\u00fa daganatai.<br \/>\n48. A g\u00e9ge \u00e9s algarat rosszindulat\u00fa daganatai, ter\u00e1pi\u00e1ja.<br \/>\n49. A HPV szerepe a sz\u00e1jgarati rosszindulat\u00fa betegs\u00e9gekben.<br \/>\n50. Traheot\u00f3mia, konikot\u00f3mia.<br \/>\n51. Fels\u0151 l\u00e9g\u00fati neh\u00e9zl\u00e9gz\u00e9s. L\u00e9g\u00fati idegentestek diagnosztik\u00e1ja, t\u00fcnetei, ell\u00e1t\u00e1sa.<br \/>\n52. A hangk\u00e9pz\u00e9s zavarai (diszf\u00f3ni\u00e1k).<br \/>\n53. Nyaki r\u00e9gi\u00f3k. Nyaki nyirokcsom\u00f3 disszekci\u00f3k.<br \/>\n54. Az odontog\u00e9n gyullad\u00e1sok lehets\u00e9ges sz\u00f6v\u0151dm\u00e9nyei (szinuszitiszek, nyaki flegmon\u00e9k \u00e9s t\u00e1lyogok)<br \/>\n55. A nyel\u0151cs\u0151 betegs\u00e9gei \u00e9s vizsg\u00e1lata. Nyel\u00e9szavarok. Nyel\u0151cs\u0151 idegentestek.<br \/>\n56. Teljes g\u00e9geelt\u00e1vol\u00edt\u00e1s. Besz\u00e9drehabilit\u00e1ci\u00f3 lehet\u0151s\u00e9gei teljes g\u00e9geelt\u00e1vol\u00edt\u00e1s ut\u00e1n.<\/p>\n","protected":false},"excerpt":{"rendered":"<p>F\u00fcl-orr-g\u00e9g\u00e9szeti vizsgak\u00e9rd\u00e9sek Fogorvos &nbsp; 1. A f\u00fcl anat\u00f3mi\u00e1ja \u00e9s \u00e9lettana, a f\u00fclk\u00fcrt m\u0171k\u00f6d\u00e9se. 2. A hall\u00e1s\u00e9lettan alapjai. Hall\u00e1s vizsg\u00e1lata, (hangvilla vizsg\u00e1lat, szubjekt\u00edv hall\u00e1svizsg\u00e1latok). 3. Objekt\u00edv hall\u00e1svizsg\u00e1latok (timpanometria, kiv\u00e1ltott v\u00e1lasz audiometria, otoakusztikus emisszi\u00f3). 4. Az egyens\u00falyszerv vizsg\u00e1lata (otoneurol\u00f3gia). 5. A f\u00fcl fejl\u0151d\u00e9si rendelleness\u00e9gei \u00e9s a k\u00fcls\u0151 f\u00fcl betegs\u00e9gei. 6. K\u00f6z\u00e9pf\u00fcl gyullad\u00e1sok sz\u00f6v\u0151dm\u00e9nyei. 7. K\u00f6z\u00e9pf\u00fcl gyullad\u00e1sok (akut &hellip;<\/p>\n","protected":false},"author":101505,"featured_media":0,"parent":1758,"menu_order":2,"comment_status":"closed","ping_status":"closed","template":"","meta":{"_acf_changed":false,"footnotes":""},"categories":[],"tags":[],"class_list":["post-1791","page","type-page","status-publish","hentry"],"acf":[],"_links":{"self":[{"href":"https:\/\/semmelweis.hu\/fulorrgegeszet\/wp-json\/wp\/v2\/pages\/1791","targetHints":{"allow":["GET"]}}],"collection":[{"href":"https:\/\/semmelweis.hu\/fulorrgegeszet\/wp-json\/wp\/v2\/pages"}],"about":[{"href":"https:\/\/semmelweis.hu\/fulorrgegeszet\/wp-json\/wp\/v2\/types\/page"}],"author":[{"embeddable":true,"href":"https:\/\/semmelweis.hu\/fulorrgegeszet\/wp-json\/wp\/v2\/users\/101505"}],"replies":[{"embeddable":true,"href":"https:\/\/semmelweis.hu\/fulorrgegeszet\/wp-json\/wp\/v2\/comments?post=1791"}],"version-history":[{"count":9,"href":"https:\/\/semmelweis.hu\/fulorrgegeszet\/wp-json\/wp\/v2\/pages\/1791\/revisions"}],"predecessor-version":[{"id":2298,"href":"https:\/\/semmelweis.hu\/fulorrgegeszet\/wp-json\/wp\/v2\/pages\/1791\/revisions\/2298"}],"up":[{"embeddable":true,"href":"https:\/\/semmelweis.hu\/fulorrgegeszet\/wp-json\/wp\/v2\/pages\/1758"}],"wp:attachment":[{"href":"https:\/\/semmelweis.hu\/fulorrgegeszet\/wp-json\/wp\/v2\/media?parent=1791"}],"wp:term":[{"taxonomy":"category","embeddable":true,"href":"https:\/\/semmelweis.hu\/fulorrgegeszet\/wp-json\/wp\/v2\/categories?post=1791"},{"taxonomy":"post_tag","embeddable":true,"href":"https:\/\/semmelweis.hu\/fulorrgegeszet\/wp-json\/wp\/v2\/tags?post=1791"}],"curies":[{"name":"wp","href":"https:\/\/api.w.org\/{rel}","templated":true}]}}