{"id":1758,"date":"2023-04-03T14:10:29","date_gmt":"2023-04-03T12:10:29","guid":{"rendered":"https:\/\/semmelweis.hu\/fulorrgegeszet\/?page_id=1758"},"modified":"2025-05-12T14:54:14","modified_gmt":"2025-05-12T12:54:14","slug":"fok","status":"publish","type":"page","link":"https:\/\/semmelweis.hu\/fulorrgegeszet\/oktatas\/fok\/","title":{"rendered":"FOK"},"content":{"rendered":"<p><strong><u>Fogorvostudom\u00e1nyi Kar k\u00e9pz\u00e9s<\/u><\/strong><\/p>\n<p>K\u00f6sz\u00f6ntj\u00fck \u00d6n\u00f6ket a F\u00fcl-Orr-G\u00e9gegy\u00f3gy\u00e1szat t\u00e1rgy Fogorvosi k\u00e9pz\u00e9s\u00e9n.<\/p>\n<p>Az aktu\u00e1lis \u00f3rarend beoszt\u00e1sa a <a href=\"https:\/\/itc.semmelweis.hu\/moodle\/login\/index.php\">MOODLE<\/a> fel\u00fcleten \u00e9rhet\u0151k el. Javasoljuk, ennek ellen\u0151rz\u00e9s\u00e9t.<\/p>\n<p>El\u0151ad\u00e1sok helysz\u00edne: F\u00fcl-Orr-G\u00e9g\u00e9szeti \u00e9s Fej-Nyakseb\u00e9szeti Klinika Tanterme<\/p>\n<p>A gyakorlatok el\u0151tt az alagsorban gy\u00fclekezzenek, a hallgat\u00f3i \u00f6lt\u00f6z\u0151n\u00e9l. Ott tal\u00e1lhat\u00f3ak az \u00f6lt\u00f6z\u0151szekr\u00e9nyek \u00e9s a gyakorlatokhoz a k\u00f6peny.<\/p>\n<p>A vizsg\u00e1ra jelentkez\u00e9s a Neptun rendszeren kereszt\u00fcl t\u00f6rt\u00e9nik.<\/p>\n<p>Az elm\u00e9leti vizsga a Vizsgat\u00e9telek men\u00fcpont alatt felsorolt t\u00e9telek I. \u00e9s II. csoportj\u00e1nak sz\u00f3beli ismertet\u00e9s\u00e9vel zajlik, melyet k\u00e9t beugr\u00f3 kompetencia k\u00e9rd\u00e9s el\u0151z meg.<\/p>\n<p>J\u00f3 tanul\u00e1st k\u00edv\u00e1nunk!<\/p>\n<p>F\u00fcl-Orr-G\u00e9g\u00e9szeti \u00e9s Fej-Nyakseb\u00e9szeti Klinika<\/p>\n<p>Tant\u00e1rgy felel\u0151s: Dr. Prekopp P\u00e9ter, egyetemi tan\u00e1rseg\u00e9d<\/p>\n<p>El\u00e9rhet\u0151s\u00e9g: titkarsag.fulo@semmelweis.hu<\/p>\n<hr \/>\n<p>&nbsp;<\/p>\n<p><strong>Hallgat\u00f3i \u00fcgyf\u00e9lfogad\u00e1s:<\/strong><\/p>\n<p>Telefon: 061\/333-3316<br \/>\nE-mail c\u00edm:titkarsag.fulo@semmelweis.hu<br \/>\nC\u00edm: 1083 Budapest, Szigony utca 36. Magasf\u00f6ldszint, Professzori titk\u00e1rs\u00e1g<\/p>\n<p><strong>\u00dcgyf\u00e9lfogad\u00e1s szorgalmi id\u0151szakban:<\/strong><\/p>\n<p>Szerda: 13:00 \u2013 15:00 \u00f3r\u00e1ig<br \/>\nP\u00e9ntek: 10:00 \u2013 12:00 \u00f3r\u00e1ig<\/p>\n<p>Kedves Hallgat\u00f3k!<\/p>\n<p>T\u00e1j\u00e9koztatjuk \u00d6n\u00f6ket, hogy tanulm\u00e1nyi \u00fcgyeikkel kapcsolatban csak is ezekben az id\u0151pontokban tudnak Titk\u00e1rs\u00e1gunkra j\u00f6nni.<\/p>\n<p>Abban az esetben, ha a tanulm\u00e1nyi felel\u0151s nem el\u00e9rhet\u0151, az elint\u00e9zend\u0151 dolgokra 48 \u00f3r\u00e1n bel\u00fcl igyeksz\u00fcnk v\u00e1laszt adni.<\/p>\n<p>A vizsg\u00e1k a Neptunban ki\u00edrt id\u0151pontokban vannak!<\/p>\n<p>Meg\u00e9rt\u00e9s\u00fcket k\u00f6sz\u00f6nj\u00fck!<\/p>\n<p>F\u00fcl-Orr-G\u00e9g\u00e9szeti \u00e9s Fej-Nyakseb\u00e9szeti Klinika Titk\u00e1rs\u00e1ga<\/p>\n","protected":false},"excerpt":{"rendered":"<p>Fogorvostudom\u00e1nyi Kar k\u00e9pz\u00e9s K\u00f6sz\u00f6ntj\u00fck \u00d6n\u00f6ket a F\u00fcl-Orr-G\u00e9gegy\u00f3gy\u00e1szat t\u00e1rgy Fogorvosi k\u00e9pz\u00e9s\u00e9n. Az aktu\u00e1lis \u00f3rarend beoszt\u00e1sa a <a href=\"https:\/\/itc.semmelweis.hu\/moodle\/login\/index.php\">MOODLE<\/a> fel\u00fcleten \u00e9rhet\u0151k el. Javasoljuk, ennek ellen\u0151rz\u00e9s\u00e9t. El\u0151ad\u00e1sok helysz\u00edne: F\u00fcl-Orr-G\u00e9g\u00e9szeti \u00e9s Fej-Nyakseb\u00e9szeti Klinika Tanterme A gyakorlatok el\u0151tt az alagsorban gy\u00fclekezzenek, a hallgat\u00f3i \u00f6lt\u00f6z\u0151n\u00e9l. Ott tal\u00e1lhat\u00f3ak az \u00f6lt\u00f6z\u0151szekr\u00e9nyek \u00e9s a gyakorlatokhoz a k\u00f6peny. A vizsg\u00e1ra jelentkez\u00e9s a Neptun rendszeren kereszt\u00fcl t\u00f6rt\u00e9nik. Az &hellip;<\/p>\n","protected":false},"author":101505,"featured_media":0,"parent":185,"menu_order":2,"comment_status":"closed","ping_status":"closed","template":"","meta":{"_acf_changed":false,"footnotes":""},"categories":[],"tags":[],"class_list":["post-1758","page","type-page","status-publish","hentry"],"acf":[],"_links":{"self":[{"href":"https:\/\/semmelweis.hu\/fulorrgegeszet\/wp-json\/wp\/v2\/pages\/1758","targetHints":{"allow":["GET"]}}],"collection":[{"href":"https:\/\/semmelweis.hu\/fulorrgegeszet\/wp-json\/wp\/v2\/pages"}],"about":[{"href":"https:\/\/semmelweis.hu\/fulorrgegeszet\/wp-json\/wp\/v2\/types\/page"}],"author":[{"embeddable":true,"href":"https:\/\/semmelweis.hu\/fulorrgegeszet\/wp-json\/wp\/v2\/users\/101505"}],"replies":[{"embeddable":true,"href":"https:\/\/semmelweis.hu\/fulorrgegeszet\/wp-json\/wp\/v2\/comments?post=1758"}],"version-history":[{"count":4,"href":"https:\/\/semmelweis.hu\/fulorrgegeszet\/wp-json\/wp\/v2\/pages\/1758\/revisions"}],"predecessor-version":[{"id":2288,"href":"https:\/\/semmelweis.hu\/fulorrgegeszet\/wp-json\/wp\/v2\/pages\/1758\/revisions\/2288"}],"up":[{"embeddable":true,"href":"https:\/\/semmelweis.hu\/fulorrgegeszet\/wp-json\/wp\/v2\/pages\/185"}],"wp:attachment":[{"href":"https:\/\/semmelweis.hu\/fulorrgegeszet\/wp-json\/wp\/v2\/media?parent=1758"}],"wp:term":[{"taxonomy":"category","embeddable":true,"href":"https:\/\/semmelweis.hu\/fulorrgegeszet\/wp-json\/wp\/v2\/categories?post=1758"},{"taxonomy":"post_tag","embeddable":true,"href":"https:\/\/semmelweis.hu\/fulorrgegeszet\/wp-json\/wp\/v2\/tags?post=1758"}],"curies":[{"name":"wp","href":"https:\/\/api.w.org\/{rel}","templated":true}]}}