{"id":174,"date":"2014-11-11T16:48:16","date_gmt":"2014-11-11T15:48:16","guid":{"rendered":"http:\/\/semmelweis.hu\/fulorrgegeszet\/?page_id=174"},"modified":"2026-02-04T10:20:13","modified_gmt":"2026-02-04T09:20:13","slug":"otoneurologiai-rendeles","status":"publish","type":"page","link":"https:\/\/semmelweis.hu\/fulorrgegeszet\/betegeinknek\/jarobeteg-ellatas\/otoneurologiai-rendeles\/","title":{"rendered":"Otoneurol\u00f3giai rendel\u00e9s"},"content":{"rendered":"<p style=\"text-align: justify\"><strong>Mit kell tudni az otoneurol\u00f3giai vizsg\u00e1latr\u00f3l?<\/strong><\/p>\n<p style=\"text-align: justify\">A sz\u00e9d\u00fcl\u00e9ses panaszok kivizsg\u00e1l\u00e1sakor a beteg el\u0151bb vagy ut\u00f3bb egyens\u00falyrendszeri vizsg\u00e1latra, \u00fan. otoneurol\u00f3giai vizsg\u00e1latra ker\u00fcl (az \u00f6sszetett latin sz\u00f3ban az ,,oto\u201d a f\u00fcl, a ,,neurol\u00f3gia\u201d az idegrendszer tudom\u00e1ny\u00e1t jelenti, jelezve, hogy az egyens\u00falyrendszer betegs\u00e9gei f\u00fcl- \u00e9s idegrendszeri eredet\u0171ek egyar\u00e1nt lehetnek). Az itt vizsg\u00e1latra ker\u00fcl\u0151 betegek t\u00f6bbs\u00e9ge sz\u00e9d\u00fcl\u00e9s, kisebb r\u00e9sze hall\u00e1scs\u00f6kken\u00e9s \u00e9s\/vagy f\u00fclz\u00fag\u00e1s miatt keresi fel az otoneurol\u00f3gi\u00e1t. Betegeink t\u00f6bbs\u00e9g\u00e9t f\u00fcl-orr-g\u00e9g\u00e9sz, ideggy\u00f3gy\u00e1sz, illetve h\u00e1ziorvos koll\u00e9g\u00e1ink k\u00fcldik vizsg\u00e1latra, vagy egy\u00e9ni kezdem\u00e9nyez\u00e9sk\u00e9nt keresik fel szakrendel\u00e9s\u00fcnket. \u00c9rdemes tudni, hogy Magyarorsz\u00e1gr\u00f3l sz\u00e1rmazott az a k\u00e9t tud\u00f3s, H\u0151gyes Endre \u00e9s B\u00e1r\u00e1ny R\u00f3bert, akiknek \u00e9rdeme volt az egyens\u00falyrendszer \u00e9lettan\u00e1nak \u00e9s vizsg\u00e1lat\u00e1nak kidolgoz\u00e1sa. B\u00e1r\u00e1ny R\u00f3bert Nobel-d\u00edjat is kapott ez\u00e9rt.<\/p>\n<p style=\"text-align: justify\"><em>Az egyens\u00falyrendszer vizsg\u00e1lata a k\u00f6vetkez\u0151 alapvet\u0151 r\u00e9szekb\u0151l \u00e1ll:<\/em><\/p>\n<ul style=\"text-align: justify\">\n<li>A beteggel t\u00f6rt\u00e9n\u0151 hossz\u00fa, c\u00e9lzott megbesz\u00e9l\u00e9s, leletek r\u00e9szletes \u00e1ttekint\u00e9se, f\u00fcl\u00e9szeti vizsg\u00e1lat.<\/li>\n<li>Amennyiben a beteg hall\u00e1sroml\u00e1st is panaszol, a hall\u00e1s eszk\u00f6z\u00f6s vizsg\u00e1lata is sz\u00fcks\u00e9ges, hiszen a bels\u0151f\u00fclben az egyens\u00falyszervvel szoros kapcsolatban van a hall\u00e1s\u00e9rz\u00e9kel\u00e9s szerve, a csiga is.<\/li>\n<li>Az orvos ezut\u00e1n megvizsg\u00e1lja, milyen a beteg \u00e1ll\u00e1sa, j\u00e1r\u00e1sa csukott szemmel, hiszen err\u0151l k\u00f6vetkeztetni lehet az egyens\u00falyrendszer \u00e1llapot\u00e1ra.<\/li>\n<li>A vizsg\u00e1lat fontos r\u00e9sze a szemmozg\u00e1sok vizsg\u00e1lata. Ilyenkor azt vizsg\u00e1lj\u00e1k, van-e a betegnek szemtekerezg\u00e9se. A szemtekerezg\u00e9s (latin nev\u00e9n nystagmus) akaratunkt\u00f3l f\u00fcggetlen ritmusos szemmozg\u00e1s, melyet az egyens\u00falyrendszer betegs\u00e9ge is okozhat.<\/li>\n<li>A szemmozg\u00e1sok vizsg\u00e1lata ut\u00e1n, ha a beteg \u00e1llapota engedi, \u00fan. provok\u00e1ci\u00f3s vizsg\u00e1latokat v\u00e9gez az orvos, esetleg sz\u00e1m\u00edt\u00f3g\u00e9pes regisztr\u00e1l\u00e1ssal. Megvizsg\u00e1lja p\u00e9ld\u00e1ul, hogy fejhelyzet- \u00e9s testhelyzetv\u00e1ltoz\u00e1sra kialakul-e sz\u00e9d\u00fcl\u00e9s \u00e9s nystagmus. A provok\u00e1ci\u00f3s vizsg\u00e1latok k\u00f6z\u00fcl a leghasznosabb, b\u00e1r a beteg sz\u00e1m\u00e1ra n\u00e9ha kiss\u00e9 kellemetlen, a h\u0151 ingerl\u00e9ses vizsg\u00e1lat. Erre bizonyos esetekben sz\u00fcks\u00e9g van az egyens\u00falyrendszer \u00e1llapot\u00e1nak felm\u00e9r\u00e9s\u00e9hez.<\/li>\n<\/ul>\n<p style=\"text-align: justify\"><strong>Hogyan k\u00e9sz\u00fclj\u00f6n a beteg a vizsg\u00e1latra?<\/strong><\/p>\n<p style=\"text-align: justify\">Mivel sz\u00e9d\u00fcl\u00e9st provok\u00e1l\u00f3 vizsg\u00e1latok is t\u00f6rt\u00e9nhetnek, c\u00e9lszer\u0171, ha a beteg a vizsg\u00e1lat el\u0151tt 3 \u00f3r\u00e1val m\u00e1s nem fogyaszt nagy mennyis\u00e9g\u0171 \u00e9telt. Ezzel kiv\u00e9dhet\u0151k a sz\u00e9d\u00fcl\u00e9ssel \u00f6sszef\u00fcgg\u00e9sben esetlegesen jelentkez\u0151 gyomor-b\u00e9lrendszeri k\u00eds\u00e9r\u0151 t\u00fcnetek. Kev\u00e9s folyad\u00e9kkal a sz\u00fcks\u00e9ges gy\u00f3gyszereit beveheti. <br \/>\nK\u00edv\u00e1natos, hogy a betegek az eddigi vizsg\u00e1lati eredm\u00e9nyeket hozz\u00e1k magukkal, akkor is, ha panaszaik ok\u00e1ra az nem der\u00edtett f\u00e9nyt. A nem k\u00f3ros eredm\u00e9nyek ismerete is fontos, mivel vizsg\u00e1l\u00f3 orvosainknak tudni kell, milyen vizsg\u00e1latok t\u00f6rt\u00e9ntek kor\u00e1bban. <br \/>\nA beteg tov\u00e1bbi kezel\u00e9se szempontj\u00e1b\u00f3l fontos, hogy a betegek az eddig szedett gy\u00f3gyszereik nev\u00e9t, azok er\u0151ss\u00e9g\u00e9t, adagol\u00e1s\u00e1t el tudj\u00e1k mondani.<br \/>\nMinden betegs\u00e9g oka m\u00e1s \u00e9s m\u00e1s, az \u00d6n eset\u00e9ben fenn\u00e1ll\u00f3 k\u00f3rokat orvosa r\u00e9szletesen elmagyar\u00e1zza \u00d6nnek. A vizsg\u00e1lat v\u00e9g\u00e9n orvosunk r\u00e9szletes orvosi v\u00e9lem\u00e9nyt ad \u00f6nnek, hogy h\u00e1ziorvos\u00e1nak, illetve kezel\u0151orvos\u00e1nak meg tudja mutatni. <br \/>\nEgyes esetekben az egyens\u00falyi rehabilit\u00e1ci\u00f3 r\u00e9szek\u00e9nt egyens\u00falyfejleszt\u0151 gyakorlatokr\u00f3l is kap le\u00edr\u00e1st, \u00e9s sz\u00fcks\u00e9g eset\u00e9n gy\u00f3gyszerrel is ell\u00e1tjuk.<\/p>\n<p style=\"text-align: justify\"><strong>A szakrendel\u00e9s szem\u00e9lyzete:<\/strong><\/p>\n<div class=\"keretes w-100\">\n<p style=\"text-align: justify\"><strong>Szakambulancia vezet\u0151: Prof. Dr Szirmai \u00c1gnes<\/strong> f\u00fcl-orr-g\u00e9g\u00e9sz, neurol\u00f3gus \u00e9s audiol\u00f3gus szakvizsg\u00e1val rendelkez\u0151 egyetemi tan\u00e1r. <br \/>\n<strong>Rendel\u00e9si ideje: h\u00e9tf\u0151-szerda-cs\u00fct\u00f6rt\u00f6k d\u00e9lel\u0151tt.<\/strong>\u00a0<\/p>\n<p style=\"text-align: justify\"><strong>Szakorvos: Dr. Bencsik Be\u00e1ta<\/strong> f\u00fcl-orr-g\u00e9g\u00e9sz, audiol\u00f3gus szakorvos <br \/>\n<strong>Rendel\u00e9si ideje: kedd, p\u00e9ntek d\u00e9lel\u0151tt. \u00a0<\/strong><\/p>\n<p><strong>Szakorvos: Dr. Szil\u00e1gyi Andr\u00e1s<\/strong>\u00a0f\u00fcl-orr-g\u00e9g\u00e9sz szakorvos<br \/>\n<strong>Rendel\u00e9si ideje: h\u00e9tf\u0151-szerda- cs\u00fct\u00f6rt\u00f6k d\u00e9lel\u0151tt\u00a0<\/strong><\/p>\n<p style=\"text-align: justify\"><strong>Szakasszisztens: Dud\u00e1s-Somodi Katalin<br \/>\n<\/strong><\/p>\n<p style=\"text-align: justify\"><strong>A vizsg\u00e1latra (kontrollvizsg\u00e1latra is) el\u0151zetes el\u0151jegyz\u00e9s sz\u00fcks\u00e9ges a 0620\/825-8712 vagy a +361\/459-1497 telefonsz\u00e1mon.\u00a0 <br \/>\n<\/strong><strong>A telefonsz\u00e1mok h\u00e9tf\u0151n, kedden, cs\u00fct\u00f6rt\u00f6k\u00f6n \u00e9s p\u00e9nteken 13 \u00e9s 15 \u00f3ra k\u00f6z\u00f6tt akt\u00edv. <\/strong><\/p>\n<\/div>\n","protected":false},"excerpt":{"rendered":"<p>Mit kell tudni az otoneurol\u00f3giai vizsg\u00e1latr\u00f3l? A sz\u00e9d\u00fcl\u00e9ses panaszok kivizsg\u00e1l\u00e1sakor a beteg el\u0151bb vagy ut\u00f3bb egyens\u00falyrendszeri vizsg\u00e1latra, \u00fan. otoneurol\u00f3giai vizsg\u00e1latra ker\u00fcl (az \u00f6sszetett latin sz\u00f3ban az ,,oto\u201d a f\u00fcl, a ,,neurol\u00f3gia\u201d az idegrendszer tudom\u00e1ny\u00e1t jelenti, jelezve, hogy az egyens\u00falyrendszer betegs\u00e9gei f\u00fcl- \u00e9s idegrendszeri eredet\u0171ek egyar\u00e1nt lehetnek). Az itt vizsg\u00e1latra ker\u00fcl\u0151 betegek t\u00f6bbs\u00e9ge sz\u00e9d\u00fcl\u00e9s, kisebb r\u00e9sze &hellip;<\/p>\n","protected":false},"author":335,"featured_media":0,"parent":223,"menu_order":5,"comment_status":"open","ping_status":"closed","template":"","meta":{"_acf_changed":false,"footnotes":""},"categories":[],"tags":[],"class_list":["post-174","page","type-page","status-publish","hentry"],"acf":[],"_links":{"self":[{"href":"https:\/\/semmelweis.hu\/fulorrgegeszet\/wp-json\/wp\/v2\/pages\/174","targetHints":{"allow":["GET"]}}],"collection":[{"href":"https:\/\/semmelweis.hu\/fulorrgegeszet\/wp-json\/wp\/v2\/pages"}],"about":[{"href":"https:\/\/semmelweis.hu\/fulorrgegeszet\/wp-json\/wp\/v2\/types\/page"}],"author":[{"embeddable":true,"href":"https:\/\/semmelweis.hu\/fulorrgegeszet\/wp-json\/wp\/v2\/users\/335"}],"replies":[{"embeddable":true,"href":"https:\/\/semmelweis.hu\/fulorrgegeszet\/wp-json\/wp\/v2\/comments?post=174"}],"version-history":[{"count":10,"href":"https:\/\/semmelweis.hu\/fulorrgegeszet\/wp-json\/wp\/v2\/pages\/174\/revisions"}],"predecessor-version":[{"id":1007,"href":"https:\/\/semmelweis.hu\/fulorrgegeszet\/wp-json\/wp\/v2\/pages\/174\/revisions\/1007"}],"up":[{"embeddable":true,"href":"https:\/\/semmelweis.hu\/fulorrgegeszet\/wp-json\/wp\/v2\/pages\/223"}],"wp:attachment":[{"href":"https:\/\/semmelweis.hu\/fulorrgegeszet\/wp-json\/wp\/v2\/media?parent=174"}],"wp:term":[{"taxonomy":"category","embeddable":true,"href":"https:\/\/semmelweis.hu\/fulorrgegeszet\/wp-json\/wp\/v2\/categories?post=174"},{"taxonomy":"post_tag","embeddable":true,"href":"https:\/\/semmelweis.hu\/fulorrgegeszet\/wp-json\/wp\/v2\/tags?post=174"}],"curies":[{"name":"wp","href":"https:\/\/api.w.org\/{rel}","templated":true}]}}