{"id":1729,"date":"2023-03-02T23:59:39","date_gmt":"2023-03-02T22:59:39","guid":{"rendered":"https:\/\/semmelweis.hu\/fulorrgegeszet\/?page_id=1729"},"modified":"2025-05-12T14:55:36","modified_gmt":"2025-05-12T12:55:36","slug":"aok","status":"publish","type":"page","link":"https:\/\/semmelweis.hu\/fulorrgegeszet\/oktatas\/aok\/","title":{"rendered":"\u00c1OK"},"content":{"rendered":"<ul style=\"list-style-type: square\">\n<li><strong>A turnusok \u00f3rarend beoszt\u00e1sa a <a href=\"https:\/\/itc.semmelweis.hu\/moodle\/login\/index.php\">MOODLE<\/a> fel\u00fcleten \u00e9rhet\u0151k el.<\/strong> Az aktu\u00e1lis \u00f3rarend ellen\u0151rz\u00e9s\u00e9t javasoljuk a turnus megkezd\u00e9se el\u0151tt.\u00a0<\/li>\n<li>A <strong>szem\u00e9lyes jelenl\u00e9ttel zajl\u00f3 t\u00f6mb\u00f6s\u00edtett oktat\u00e1s sor\u00e1n a turnusok 2 h\u00e9tb\u0151l \u00e1llnak<\/strong>. Az els\u0151 h\u00e9tben az \u00f3rarend szerinti el\u0151ad\u00e1sok \u00e9s gyakorlatok ker\u00fclnek megtart\u00e1sra. A m\u00e1sodik h\u00e9ten vizsg\u00e1t tervez\u00fcnk.\u00a0<\/li>\n<li><strong>A gyakorlatok el\u0151tt az alagsorban gy\u00fclekezzenek, a hallgat\u00f3i \u00f6lt\u00f6z\u0151n\u00e9l.<\/strong> Ott tal\u00e1lhat\u00f3ak az \u00f6lt\u00f6z\u0151szekr\u00e9nyek \u00e9s a gyakorlatokhoz a k\u00f6peny.<\/li>\n<li><strong>A vizsg\u00e1ra jelentkez\u00e9s a Neptun rendszeren kereszt\u00fcl t\u00f6rt\u00e9nik.<\/strong><\/li>\n<li>Az elm\u00e9leti vizsga a Vizsgat\u00e9telek men\u00fcpont alatt felsorolt t\u00e9telek I. \u00e9s II. csoportj\u00e1nak sz\u00f3beli ismertet\u00e9s\u00e9vel zajlik, melyet k\u00e9t beugr\u00f3 kompetencia k\u00e9rd\u00e9s el\u0151z meg.\u00a0<\/li>\n<\/ul>\n<p style=\"text-align: right\"><a href=\"https:\/\/semmelweis.hu\/fulorrgegeszet\/oktatas\/\">Tov\u00e1bbi \u00e1ltal\u00e1nos inform\u00e1ci\u00f3k \u2192<\/a><\/p>\n<h4><strong>Hallgat\u00f3i \u00fcgyf\u00e9lfogad\u00e1s:<\/strong><\/h4>\n<p>Telefon: <a href=\"tel:+36 1 333 3316\">+36 1 333 3316<\/a><br \/>\nE-mail c\u00edm: <a href=\"mailto:titkarsag.fulo@med.semmelweis-univ.hu\">titkarsag.fulo@semmelweis.hu<\/a><br \/>\nC\u00edm: 1083 Budapest, Szigony utca 36. Magasf\u00f6ldszint, Professzori titk\u00e1rs\u00e1g<\/p>\n<h4><strong>\u00dcgyf\u00e9lfogad\u00e1s szorgalmi id\u0151szakban:<\/strong><\/h4>\n<p>Szerda: 13:00 \u2013 15:00 \u00f3r\u00e1ig<br \/>\nP\u00e9ntek: 10:00 \u2013 12:00 \u00f3r\u00e1ig<\/p>\n<p>Tanulm\u00e1nyi \u00fcgyekkel kapcsolatban csak ezekben az id\u0151pontokban lehet Titk\u00e1rs\u00e1gunkra j\u00f6nni. Abban az esetben, ha a tanulm\u00e1nyi felel\u0151s nem el\u00e9rhet\u0151, az elint\u00e9zend\u0151 dolgokra 48 \u00f3r\u00e1n bel\u00fcl igyeksz\u00fcnk v\u00e1laszt adni.<\/p>\n<p><strong>A vizsg\u00e1k a Neptunban ki\u00edrt id\u0151pontokban vannak!<\/strong><\/p>\n<p>&nbsp;<\/p>\n","protected":false},"excerpt":{"rendered":"<p>A turnusok \u00f3rarend beoszt\u00e1sa a <a href=\"https:\/\/itc.semmelweis.hu\/moodle\/login\/index.php\">MOODLE<\/a> fel\u00fcleten \u00e9rhet\u0151k el. Az aktu\u00e1lis \u00f3rarend ellen\u0151rz\u00e9s\u00e9t javasoljuk a turnus megkezd\u00e9se el\u0151tt.\u00a0 A szem\u00e9lyes jelenl\u00e9ttel zajl\u00f3 t\u00f6mb\u00f6s\u00edtett oktat\u00e1s sor\u00e1n a turnusok 2 h\u00e9tb\u0151l \u00e1llnak. Az els\u0151 h\u00e9tben az \u00f3rarend szerinti el\u0151ad\u00e1sok \u00e9s gyakorlatok ker\u00fclnek megtart\u00e1sra. A m\u00e1sodik h\u00e9ten vizsg\u00e1t tervez\u00fcnk.\u00a0 A gyakorlatok el\u0151tt az alagsorban gy\u00fclekezzenek, a hallgat\u00f3i \u00f6lt\u00f6z\u0151n\u00e9l. Ott &hellip;<\/p>\n","protected":false},"author":101505,"featured_media":0,"parent":185,"menu_order":1,"comment_status":"closed","ping_status":"closed","template":"","meta":{"_acf_changed":false,"footnotes":""},"categories":[],"tags":[],"class_list":["post-1729","page","type-page","status-publish","hentry"],"acf":[],"_links":{"self":[{"href":"https:\/\/semmelweis.hu\/fulorrgegeszet\/wp-json\/wp\/v2\/pages\/1729","targetHints":{"allow":["GET"]}}],"collection":[{"href":"https:\/\/semmelweis.hu\/fulorrgegeszet\/wp-json\/wp\/v2\/pages"}],"about":[{"href":"https:\/\/semmelweis.hu\/fulorrgegeszet\/wp-json\/wp\/v2\/types\/page"}],"author":[{"embeddable":true,"href":"https:\/\/semmelweis.hu\/fulorrgegeszet\/wp-json\/wp\/v2\/users\/101505"}],"replies":[{"embeddable":true,"href":"https:\/\/semmelweis.hu\/fulorrgegeszet\/wp-json\/wp\/v2\/comments?post=1729"}],"version-history":[{"count":9,"href":"https:\/\/semmelweis.hu\/fulorrgegeszet\/wp-json\/wp\/v2\/pages\/1729\/revisions"}],"predecessor-version":[{"id":2289,"href":"https:\/\/semmelweis.hu\/fulorrgegeszet\/wp-json\/wp\/v2\/pages\/1729\/revisions\/2289"}],"up":[{"embeddable":true,"href":"https:\/\/semmelweis.hu\/fulorrgegeszet\/wp-json\/wp\/v2\/pages\/185"}],"wp:attachment":[{"href":"https:\/\/semmelweis.hu\/fulorrgegeszet\/wp-json\/wp\/v2\/media?parent=1729"}],"wp:term":[{"taxonomy":"category","embeddable":true,"href":"https:\/\/semmelweis.hu\/fulorrgegeszet\/wp-json\/wp\/v2\/categories?post=1729"},{"taxonomy":"post_tag","embeddable":true,"href":"https:\/\/semmelweis.hu\/fulorrgegeszet\/wp-json\/wp\/v2\/tags?post=1729"}],"curies":[{"name":"wp","href":"https:\/\/api.w.org\/{rel}","templated":true}]}}