{"id":171,"date":"2014-11-11T16:41:45","date_gmt":"2014-11-11T15:41:45","guid":{"rendered":"http:\/\/semmelweis.hu\/fulorrgegeszet\/?page_id=171"},"modified":"2023-05-25T10:07:12","modified_gmt":"2023-05-25T08:07:12","slug":"allergologiai-szakambulancia-mukodesi-rendje","status":"publish","type":"page","link":"https:\/\/semmelweis.hu\/fulorrgegeszet\/betegeinknek\/jarobeteg-ellatas\/allergologiai-szakambulancia-mukodesi-rendje\/","title":{"rendered":"Allergol\u00f3giai szakambulancia"},"content":{"rendered":"<p><strong>Allergol\u00f3giai Szakambulancia<\/strong><\/p>\n<div class=\"keretes w-100\">\n<p>Az Allergol\u00f3giai Szakambulanci\u00e1ra id\u0151pontot k\u00e9rni a <strong>06-20-670-11-74<\/strong>-es telefonsz\u00e1mon lehet (munkanapokon 8-14 \u00f3ra k\u00f6z\u00f6tt h\u00edvhat\u00f3).<\/p>\n<\/div>\n<p>Klinik\u00e1nk Allergol\u00f3giai Szakambulanci\u00e1j\u00e1n a vizsg\u00e1latok el\u0151zetes id\u0151pont egyeztet\u00e9st k\u00f6vet\u0151en t\u00f6rt\u00e9nnek. El\u0151zetes f\u00fcl-orr-g\u00e9g\u00e9szeti vizsg\u00e1latot k\u00e9r\u00fcnk.\u00a0A vizsg\u00e1latra nem sz\u00fcks\u00e9ges \u00e9hgyomorra \u00e9rkezni.<\/p>\n<p>Az allergiavizsg\u00e1lat klinik\u00e1nkon inhalat\u00edv (l\u00e9g\u00fati) allerg\u00e9nekre t\u00f6rt\u00e9nik. Specifikus allerg\u00e9n kimutat\u00e1sra els\u0151dlegesen b\u0151rpr\u00f3b\u00e1t alkalmazunk.<\/p>\n<p>Az ambulanci\u00e1n t\u00f6rt\u00e9n\u0151 megjelen\u00e9skor az els\u0151 l\u00e9p\u00e9s a beteg sz\u00f3beli t\u00e1j\u00e9koztat\u00e1sa, a t\u00e1j\u00e9koztat\u00f3\/beleegyez\u0151 nyilatkozat al\u00e1\u00edr\u00e1sa. Ezt k\u00f6veti a k\u00f3rt\u00f6rt\u00e9net r\u00f6gz\u00edt\u00e9se, majd maga <img loading=\"lazy\" decoding=\"async\" class=\"size-medium wp-image-1718 alignright\" src=\"https:\/\/semmelweis.hu\/fulorrgegeszet\/files\/2023\/02\/IMG_20221116_125741-225x400.jpg\" alt=\"\" width=\"225\" height=\"400\" srcset=\"https:\/\/semmelweis.hu\/fulorrgegeszet\/files\/2023\/02\/IMG_20221116_125741-225x400.jpg 225w, https:\/\/semmelweis.hu\/fulorrgegeszet\/files\/2023\/02\/IMG_20221116_125741-577x1024.jpg 577w, https:\/\/semmelweis.hu\/fulorrgegeszet\/files\/2023\/02\/IMG_20221116_125741-768x1362.jpg 768w, https:\/\/semmelweis.hu\/fulorrgegeszet\/files\/2023\/02\/IMG_20221116_125741-169x300.jpg 169w, https:\/\/semmelweis.hu\/fulorrgegeszet\/files\/2023\/02\/IMG_20221116_125741-866x1536.jpg 866w, https:\/\/semmelweis.hu\/fulorrgegeszet\/files\/2023\/02\/IMG_20221116_125741-1155x2048.jpg 1155w, https:\/\/semmelweis.hu\/fulorrgegeszet\/files\/2023\/02\/IMG_20221116_125741-scaled.jpg 1443w\" sizes=\"auto, (max-width: 225px) 100vw, 225px\" \/>a b\u0151rpr\u00f3ba (prick-teszt). Ennek sor\u00e1n az allerg\u00e9nek felhelyez\u00e9se az alkar b\u0151r\u00e9re t\u00f6rt\u00e9nik, ez\u00e9rt a vizsg\u00e1lat el\u0151k\u00e9sz\u00fcletek\u00e9nt ezt a ter\u00fcletet szabadd\u00e1 kell tenni, amit a b\u0151r lefert\u0151tlen\u00edt\u00e9se k\u00f6vet. A b\u0151r fel\u00fclet\u00e9re tiszt\u00edtott allerg\u00e9neket cseppent\u00fcnk (olyan anyagok, amelyek allergi\u00e1s t\u00fcneteket v\u00e1lthatnak ki), azokat egy kis karcol\u00e1ssal a b\u0151r fel\u00fcletes h\u00e1mr\u00e9teg\u00e9be juttatjuk. R\u00f6vid, 15 perces v\u00e1rakoz\u00e1si id\u0151 ut\u00e1n az eredm\u00e9nyt leolvassuk, \u00e9rt\u00e9kelj\u00fck \u00e9s dokument\u00e1ljuk. Az allerg\u00e9n anyagok felhelyez\u00e9s\u00e9t \u00e9s a karcol\u00e1st \u00e1ltal\u00e1ban asszisztensn\u0151 v\u00e9gzi, az eredm\u00e9ny leolvas\u00e1sa, \u00e9rt\u00e9kel\u00e9se, a ter\u00e1pi\u00e1s javaslat t\u00e9tel \u00e9s tan\u00e1csad\u00e1s orvosi feladat. A vizsg\u00e1laton \u2013 mivel egyetemi centrumr\u00f3l van sz\u00f3 \u2013 olykor r\u00e9szt vesznek orvostanhallgat\u00f3k, szakorvosjel\u00f6ltek is.<\/p>\n<p>Bizonyos esetekben nem v\u00e9gezhet\u0151 el a prick b\u0151rteszt, k\u00e9rj\u00fck ennek sz\u00edves figyelembe v\u00e9tel\u00e9t id\u0151pont k\u00e9r\u00e9s el\u0151tt.\u00a0Ilyen lehet a l\u00e1zas \u00e1llapot, b\u0151rgyullad\u00e1s, s\u00falyos b\u0151rbetegs\u00e9g f\u0151k\u00e9nt az alkar ter\u00fclet\u00e9n (pl. ekc\u00e9ma, pikkelys\u00f6m\u00f6r), nagy b\u0151rfel\u00fcletet \u00e9rint\u0151 tetov\u00e1l\u00e1s, er\u0151s allergi\u00e1s ill. aszm\u00e1s t\u00fcnetek, bizonyos gy\u00f3gyszerek szed\u00e9se, kisgyermekkor (5 \u00e9v alatt), terhess\u00e9g. M\u00e1r megkezdett allergia kezel\u00e9s eset\u00e9n a sz\u00e1jon \u00e1t szedhet\u0151,\u00a0\u00fan. antihisztamin t\u00edpus\u00fa vegy\u00fcletek alkalmaz\u00e1s\u00e1nak le\u00e1ll\u00edt\u00e1sa sz\u00fcks\u00e9ges a vizsg\u00e1latot megel\u0151z\u0151 3 napban.\u00a0E gy\u00f3gyszerek hat\u00e1sa alatt \u00e1lnegat\u00edv eredm\u00e9nyt kaphatunk. A helyi hat\u00e1s\u00fa orrspray haszn\u00e1lat le\u00e1ll\u00edt\u00e1sa a vizsg\u00e1lat el\u0151tt nem sz\u00fcks\u00e9ges.<\/p>\n<p>A vizsg\u00e1latot k\u00f6vet\u0151en a beteget ter\u00e1pi\u00e1s tan\u00e1ccsal l\u00e1tjuk el, sz\u00fcks\u00e9g eset\u00e9n gy\u00f3gyszert \u00edrunk, esetleg tov\u00e1bbi vizsg\u00e1latokat k\u00e9r\u00fcnk. Amennyiben a b\u0151rteszt valamilyen okb\u00f3l nem v\u00e9gezhet\u0151 el, sz\u00fcks\u00e9gess\u00e9 v\u00e1lhat a specifikus allerg\u00e9nek kimutat\u00e1sa v\u00e9rb\u0151l, amely c\u00e9lj\u00e1ra a v\u00e9rv\u00e9tel a rendel\u00e9s keretei k\u00f6z\u00f6tt megoldhat\u00f3. A lelet meg\u00e9rkez\u00e9se ilyen esetben az egyetemi K\u00f6zponti Laborat\u00f3rium m\u0171k\u00f6d\u00e9si rendj\u00e9t\u0151l f\u00fcgg, \u00e1ltal\u00e1ban 1 hetet vesz ig\u00e9nybe.<\/p>\n<p>Klinik\u00e1nk Allergol\u00f3giai Szakambulanci\u00e1j\u00e1n allerg\u00e9nspecifikus immunter\u00e1pi\u00e1t is v\u00e9gz\u00fcnk, amennyiben a klinikai k\u00e9p \u00e9s a vizsg\u00e1lati eredm\u00e9nyek alapj\u00e1n a felt\u00e9telek adottak, a szakmai aj\u00e1nl\u00e1sokba beilleszthet\u0151k, \u00e9s a p\u00e1ciens szeretn\u00e9. Az immunter\u00e1pia olyan tiszt\u00edtott allerg\u00e9nnel t\u00f6rt\u00e9nik, amelyre a p\u00e1ciens t\u00fcneteket mutat, \u00e9s k\u00f3roki szerep\u00e9t a vizsg\u00e1lati eredm\u00e9nyek is al\u00e1t\u00e1masztj\u00e1k. L\u00e9nyege, hogy rendszeresen adott allerg\u00e9n adagokkal a k\u00f3ros immunv\u00e1laszt igyeksz\u00fcnk \u00e1tprogramozni, allergi\u00e1s t\u00edpus\u00fa antitest termel\u00e9s helyett a hat\u00e9kony v\u00e9dekez\u00e9st seg\u00edt\u0151 antitest termel\u00e9st kiv\u00e1ltani. Az allerg\u00e9nspecifikus immunter\u00e1pi\u00e1nak jelenleg 2 f\u0151 form\u00e1ja van. Az egyik a b\u0151r al\u00e1 adhat\u00f3 injekci\u00f3, a m\u00e1sik a nyelv al\u00e1 f\u00fajhat\u00f3 spray form\u00e1j\u00e1ban \u00e1ll rendelkez\u00e9sre. Egy\u00e9ni m\u00e9rlegel\u00e9s k\u00e9rd\u00e9se, hogy kinek melyik megfelel\u0151, vagy melyiket v\u00e1lasztja.<\/p>\n<p>&nbsp;<\/p>\n","protected":false},"excerpt":{"rendered":"<p>Allergol\u00f3giai Szakambulancia Az Allergol\u00f3giai Szakambulanci\u00e1ra id\u0151pontot k\u00e9rni a 06-20-670-11-74-es telefonsz\u00e1mon lehet (munkanapokon 8-14 \u00f3ra k\u00f6z\u00f6tt h\u00edvhat\u00f3). Klinik\u00e1nk Allergol\u00f3giai Szakambulanci\u00e1j\u00e1n a vizsg\u00e1latok el\u0151zetes id\u0151pont egyeztet\u00e9st k\u00f6vet\u0151en t\u00f6rt\u00e9nnek. El\u0151zetes f\u00fcl-orr-g\u00e9g\u00e9szeti vizsg\u00e1latot k\u00e9r\u00fcnk.\u00a0A vizsg\u00e1latra nem sz\u00fcks\u00e9ges \u00e9hgyomorra \u00e9rkezni. Az allergiavizsg\u00e1lat klinik\u00e1nkon inhalat\u00edv (l\u00e9g\u00fati) allerg\u00e9nekre t\u00f6rt\u00e9nik. Specifikus allerg\u00e9n kimutat\u00e1sra els\u0151dlegesen b\u0151rpr\u00f3b\u00e1t alkalmazunk. Az ambulanci\u00e1n t\u00f6rt\u00e9n\u0151 megjelen\u00e9skor az els\u0151 l\u00e9p\u00e9s &hellip;<\/p>\n","protected":false},"author":335,"featured_media":0,"parent":223,"menu_order":1,"comment_status":"closed","ping_status":"closed","template":"","meta":{"_acf_changed":false,"footnotes":""},"categories":[],"tags":[],"class_list":["post-171","page","type-page","status-publish","hentry"],"acf":[],"_links":{"self":[{"href":"https:\/\/semmelweis.hu\/fulorrgegeszet\/wp-json\/wp\/v2\/pages\/171","targetHints":{"allow":["GET"]}}],"collection":[{"href":"https:\/\/semmelweis.hu\/fulorrgegeszet\/wp-json\/wp\/v2\/pages"}],"about":[{"href":"https:\/\/semmelweis.hu\/fulorrgegeszet\/wp-json\/wp\/v2\/types\/page"}],"author":[{"embeddable":true,"href":"https:\/\/semmelweis.hu\/fulorrgegeszet\/wp-json\/wp\/v2\/users\/335"}],"replies":[{"embeddable":true,"href":"https:\/\/semmelweis.hu\/fulorrgegeszet\/wp-json\/wp\/v2\/comments?post=171"}],"version-history":[{"count":10,"href":"https:\/\/semmelweis.hu\/fulorrgegeszet\/wp-json\/wp\/v2\/pages\/171\/revisions"}],"predecessor-version":[{"id":2109,"href":"https:\/\/semmelweis.hu\/fulorrgegeszet\/wp-json\/wp\/v2\/pages\/171\/revisions\/2109"}],"up":[{"embeddable":true,"href":"https:\/\/semmelweis.hu\/fulorrgegeszet\/wp-json\/wp\/v2\/pages\/223"}],"wp:attachment":[{"href":"https:\/\/semmelweis.hu\/fulorrgegeszet\/wp-json\/wp\/v2\/media?parent=171"}],"wp:term":[{"taxonomy":"category","embeddable":true,"href":"https:\/\/semmelweis.hu\/fulorrgegeszet\/wp-json\/wp\/v2\/categories?post=171"},{"taxonomy":"post_tag","embeddable":true,"href":"https:\/\/semmelweis.hu\/fulorrgegeszet\/wp-json\/wp\/v2\/tags?post=171"}],"curies":[{"name":"wp","href":"https:\/\/api.w.org\/{rel}","templated":true}]}}