{"id":132,"date":"2014-10-07T22:08:06","date_gmt":"2014-10-07T20:08:06","guid":{"rendered":"http:\/\/semmelweis.hu\/fulorrgegeszet\/?page_id=132"},"modified":"2024-01-31T16:16:27","modified_gmt":"2024-01-31T15:16:27","slug":"tdk","status":"publish","type":"page","link":"https:\/\/semmelweis.hu\/fulorrgegeszet\/oktatas\/tdk\/","title":{"rendered":"TDK"},"content":{"rendered":"<p style=\"text-align: justify\">Klinik\u00e1nkon nagy hagyom\u00e1nya van a hallgat\u00f3k kutat\u00f3munk\u00e1ba val\u00f3 bevon\u00e1s\u00e1nak. Az akt\u00edv kutat\u00e1si t\u00e9m\u00e1kr\u00f3l az int\u00e9zeti TDK-felel\u0151sn\u00e9l lehet \u00e9rdekl\u0151dni.<\/p>\n<p><a href=\"https:\/\/semmelweis.hu\/tdk\/ful-orr-gegeszeti-es-fej-nyaksebeszeti-klinika\/\">TDK t\u00e9m\u00e1k \u00e9s t\u00e9mavezet\u0151k \u2192<\/a><\/p>\n<p><strong>TDK Tanulm\u00e1nyi felel\u0151s:<\/strong> <br \/>\nDr. Kraxner Helga<br \/>\n<strong>El\u00e9rhet\u0151s\u00e9ge:<\/strong> <a href=\"mailto:kraxner.helga@med.semmelweis-univ.hu\">kraxner.helga@<\/a><a href=\"mailto:kraxner.helga@med.semmelweis-univ.hu\">semmelweis.hu<\/a><\/p>\n<p style=\"text-align: justify\">A TDK-felel\u0151s lejelenti a TDK Tan\u00e1cs fel\u00e9 az adott tan\u00e9v TDK hallgat\u00f3inak n\u00e9vsor\u00e1t \u00e9s adatait (n\u00e9v, \u00e9vfolyam, TDK munka kezdet\u00e9nek id\u0151pontja, t\u00e9ma c\u00edme, t\u00e9mavezet\u0151 neve, hallgat\u00f3 el\u00e9rhet\u0151s\u00e9ge) a hallgat\u00f3 k\u00e9r\u00e9s\u00e9re \u00e9s az \u00e1ltala szolg\u00e1ltatott adatok alapj\u00e1n. A lejelent\u00e9si hat\u00e1rid\u0151t a mindenkori Tudom\u00e1nyos Di\u00e1kk\u00f6ri Tan\u00e1cs hat\u00e1rozata szabja meg.<\/p>\n<p style=\"text-align: justify\">A Tudom\u00e1nyos Di\u00e1kk\u00f6ri Szab\u00e1lyzattal \u00f6sszhangban minimum 2 f\u00e9l\u00e9v lejelentett TDK munka ut\u00e1n lehets\u00e9ges Tudom\u00e1nyos Di\u00e1kk\u00f6ri Konferenci\u00e1n el\u0151ad\u00e1s tart\u00e1sa. Minden egy\u00e9b k\u00e9rd\u00e9sben is a Tudom\u00e1nyos Di\u00e1kk\u00f6ri Szab\u00e1lyzat tartalmazza a TDK munkav\u00e9gz\u00e9s kereteit.<br \/>\nA klinik\u00e1nkon foly\u00f3 TDK munk\u00e1kba t\u00f6rt\u00e9n\u0151 bekapcsol\u00f3d\u00e1snak nem felt\u00e9tele az egyetemi szinten m\u00e1r befejezett f\u00fcl-orr-g\u00e9g\u00e9szeti tanulm\u00e1ny \u00e9s kollokvium.<\/p>\n<h5>Klinik\u00e1nkon a TDK munk\u00e1ra sz\u00e1mos lehet\u0151s\u00e9g ad\u00f3dik az al\u00e1bbi t\u00e9mak\u00f6r\u00f6kben:<\/h5>\n<ul>\n<li>F\u00fcl-orr-g\u00e9g\u00e9szeti onkol\u00f3gia,<\/li>\n<li>daganatok molekul\u00e1rbiol\u00f3gi\u00e1ja,<\/li>\n<li>tumormarkerek,<\/li>\n<li>objekt\u00edv hall\u00e1svizsg\u00e1latok,<\/li>\n<li>cochlearis implantatio,<\/li>\n<li>k\u00f6z\u00e9pf\u00fcl implant\u00e1tumok,<\/li>\n<li>sz\u00e9d\u00fcl\u00e9s eszk\u00f6z\u00f6s vizsg\u00e1latai,<\/li>\n<li>sz\u00e9d\u00fcl\u00e9s komplex megk\u00f6zel\u00edt\u00e9se,<\/li>\n<li>bels\u0151f\u00fcl betegs\u00e9gek kivizsg\u00e1l\u00e1sa \u00e9s kezel\u00e9se,<\/li>\n<li>hangk\u00e9pz\u00e9s zavarai \u2013 phoniatria,<\/li>\n<li>ritka betegs\u00e9gek f\u00fcl-orr-g\u00e9g\u00e9szeti vonatkoz\u00e1sai,<\/li>\n<li>f\u00fcl-orr-g\u00e9g\u00e9szeti genomika,<\/li>\n<li>alv\u00e1svizsg\u00e1latok,<\/li>\n<li>otoacusticus emissio,<\/li>\n<li>f\u00fclz\u00fag\u00e1s kivizsg\u00e1l\u00e1sa \u00e9s hat\u00e1sa az \u00e9letmin\u0151s\u00e9gre,<\/li>\n<li>szagl\u00e1s \u2013 \u00e9s \u00edz\u00e9rz\u00e9s vizsg\u00e1latok,<\/li>\n<li>szagl\u00e1szavarok \u00f6sszef\u00fcgg\u00e9sei.<\/li>\n<\/ul>\n<p>&nbsp;<\/p>\n","protected":false},"excerpt":{"rendered":"<p>Klinik\u00e1nkon nagy hagyom\u00e1nya van a hallgat\u00f3k kutat\u00f3munk\u00e1ba val\u00f3 bevon\u00e1s\u00e1nak. Az akt\u00edv kutat\u00e1si t\u00e9m\u00e1kr\u00f3l az int\u00e9zeti TDK-felel\u0151sn\u00e9l lehet \u00e9rdekl\u0151dni. <a href=\"https:\/\/semmelweis.hu\/tdk\/ful-orr-gegeszeti-es-fej-nyaksebeszeti-klinika\/\">TDK t\u00e9m\u00e1k \u00e9s t\u00e9mavezet\u0151k \u2192<\/a> TDK Tanulm\u00e1nyi felel\u0151s: Dr. Kraxner Helga El\u00e9rhet\u0151s\u00e9ge: <a href=\"mailto:kraxner.helga@med.semmelweis-univ.hu\">kraxner.helga@<\/a> <a href=\"mailto:kraxner.helga@med.semmelweis-univ.hu\">semmelweis.hu<\/a> A TDK-felel\u0151s lejelenti a TDK Tan\u00e1cs fel\u00e9 az adott tan\u00e9v TDK hallgat\u00f3inak n\u00e9vsor\u00e1t \u00e9s adatait (n\u00e9v, \u00e9vfolyam, TDK munka kezdet\u00e9nek id\u0151pontja, t\u00e9ma c\u00edme, t\u00e9mavezet\u0151 neve, hallgat\u00f3 el\u00e9rhet\u0151s\u00e9ge) a hallgat\u00f3 k\u00e9r\u00e9s\u00e9re &hellip;<\/p>\n","protected":false},"author":101505,"featured_media":0,"parent":185,"menu_order":3,"comment_status":"open","ping_status":"closed","template":"","meta":{"_acf_changed":false,"footnotes":""},"categories":[],"tags":[],"class_list":["post-132","page","type-page","status-publish","hentry"],"acf":[],"_links":{"self":[{"href":"https:\/\/semmelweis.hu\/fulorrgegeszet\/wp-json\/wp\/v2\/pages\/132","targetHints":{"allow":["GET"]}}],"collection":[{"href":"https:\/\/semmelweis.hu\/fulorrgegeszet\/wp-json\/wp\/v2\/pages"}],"about":[{"href":"https:\/\/semmelweis.hu\/fulorrgegeszet\/wp-json\/wp\/v2\/types\/page"}],"author":[{"embeddable":true,"href":"https:\/\/semmelweis.hu\/fulorrgegeszet\/wp-json\/wp\/v2\/users\/101505"}],"replies":[{"embeddable":true,"href":"https:\/\/semmelweis.hu\/fulorrgegeszet\/wp-json\/wp\/v2\/comments?post=132"}],"version-history":[{"count":10,"href":"https:\/\/semmelweis.hu\/fulorrgegeszet\/wp-json\/wp\/v2\/pages\/132\/revisions"}],"predecessor-version":[{"id":2168,"href":"https:\/\/semmelweis.hu\/fulorrgegeszet\/wp-json\/wp\/v2\/pages\/132\/revisions\/2168"}],"up":[{"embeddable":true,"href":"https:\/\/semmelweis.hu\/fulorrgegeszet\/wp-json\/wp\/v2\/pages\/185"}],"wp:attachment":[{"href":"https:\/\/semmelweis.hu\/fulorrgegeszet\/wp-json\/wp\/v2\/media?parent=132"}],"wp:term":[{"taxonomy":"category","embeddable":true,"href":"https:\/\/semmelweis.hu\/fulorrgegeszet\/wp-json\/wp\/v2\/categories?post=132"},{"taxonomy":"post_tag","embeddable":true,"href":"https:\/\/semmelweis.hu\/fulorrgegeszet\/wp-json\/wp\/v2\/tags?post=132"}],"curies":[{"name":"wp","href":"https:\/\/api.w.org\/{rel}","templated":true}]}}