{"id":128,"date":"2014-10-07T22:05:22","date_gmt":"2014-10-07T20:05:22","guid":{"rendered":"http:\/\/semmelweis.hu\/fulorrgegeszet\/?page_id=128"},"modified":"2023-05-25T11:30:16","modified_gmt":"2023-05-25T09:30:16","slug":"kutatas","status":"publish","type":"page","link":"https:\/\/semmelweis.hu\/fulorrgegeszet\/kutatas\/","title":{"rendered":"Kutat\u00e1s"},"content":{"rendered":"<h3 class=\"entry-title\" style=\"text-align: left\"><span style=\"font-size: 18pt\">Kutat\u00e1si ter\u00fcleteink<\/span><\/h3>\n<div>\n<ul style=\"list-style-type: square\">\n<li>Tumor induk\u00e1lta angiogenezis diagnosztikus \u00e9s ter\u00e1pi\u00e1s hasznos\u00edt\u00e1s\u00e1nak lehet\u0151s\u00e9gei.<\/li>\n<li>A szervezet \u00e9s daganat k\u00f6lcs\u00f6nhat\u00e1s jelent\u0151s\u00e9ge g\u00e9ge- \u00e9s hypopharyngealis r\u00e1kok progresszi\u00f3j\u00e1ra.<\/li>\n<li>Funkci\u00f3megtart\u00f3\u00a0seb\u00e9szi elj\u00e1r\u00e1sok a g\u00e9ge- \u00e9s hypopharynx tumorainak kezel\u00e9s\u00e9ben.<\/li>\n<li>A bels\u0151f\u00fcl neurotranszmittereinek\u00a0vizsg\u00e1lata.<\/li>\n<li>A f\u00fcl\u00e9szeti implant\u00e1tumok hat\u00e1sa a cochleovestibularis rendszerekre.<\/li>\n<li>Sz\u00f6vettani \u00e9s\u00a0sz\u00e9rummarkerek prognosztikai vizsg\u00e1lata f\u00fcl-orr-g\u00e9g\u00e9szeti \u00e9s fej-nyaki daganatok eset\u00e9ben.<\/li>\n<li>Pre- \u00e9s postnatalis\u00a0rhinol\u00f3giai fejl\u0151d\u00e9sbiol\u00f3giai kutat\u00e1sok.<\/li>\n<li>Az orrpolipok kialakul\u00e1s\u00e1nak mechanizmusa.<\/li>\n<li>Az otoneurol\u00f3giai\u00a0vizsg\u00e1latok jelent\u0151s\u00e9ge a h\u00e1ts\u00f3 sk\u00e1la folyamatok diagnosztik\u00e1j\u00e1ban.<\/li>\n<li>Ototoxikus antibiotikumok hat\u00e1smechanizmus\u00e1nak\u00a0kutat\u00e1sa.<\/li>\n<li>A bels\u0151f\u00fcl izol\u00e1lt k\u00fcls\u0151 sz\u0151rsejtek elektromotilit\u00e1sa.<\/li>\n<li>A hall\u00f3rendszer k\u00f6zponti p\u00e1ly\u00e1inak\u00a0anat\u00f3mi\u00e1ja \u00e9s plaszticit\u00e1sa.<\/li>\n<li>Apoptosis- \u00e9s mitosis-index, DNS-hisztogram \u00e9s onkoproteinek prognosztikai jelent\u0151s\u00e9ge\u00a0fej-nyaki daganatokban.<\/li>\n<li>Sug\u00e1rkezel\u00e9s \u00e9s dibr\u00f3m-dulcit kombin\u00e1lt hat\u00e1s\u00e1nak vizsg\u00e1lata laph\u00e1mr\u00e1k\u00a0sejtvonalon.<\/li>\n<li>Besz\u00e9drehabilit\u00e1ci\u00f3-eredm\u00e9nyek kvantitat\u00edv elemz\u00e9se cochlearis implant\u00e1ci\u00f3 ut\u00e1n.<\/li>\n<li>A g\u00e9ge\u00a0malignus elv\u00e1ltoz\u00e1sai miatt v\u00e9gzett r\u00e9szleges vagy teljes g\u00e9geelt\u00e1vol\u00edt\u00e1s ut\u00e1ni besz\u00e9drehabilit\u00e1ci\u00f3s m\u00f3dszerek\u00a0\u00f6sszehasonl\u00edt\u00e1sa.<\/li>\n<li>Objekt\u00edv hall\u00e1svizsg\u00e1latok.<\/li>\n<li>Betegkiv\u00e1laszt\u00e1s cochlearis implant\u00e1ci\u00f3ban.<\/li>\n<\/ul>\n<\/div>\n","protected":false},"excerpt":{"rendered":"<p>Kutat\u00e1si ter\u00fcleteink Tumor induk\u00e1lta angiogenezis diagnosztikus \u00e9s ter\u00e1pi\u00e1s hasznos\u00edt\u00e1s\u00e1nak lehet\u0151s\u00e9gei. A szervezet \u00e9s daganat k\u00f6lcs\u00f6nhat\u00e1s jelent\u0151s\u00e9ge g\u00e9ge- \u00e9s hypopharyngealis r\u00e1kok progresszi\u00f3j\u00e1ra. Funkci\u00f3megtart\u00f3\u00a0seb\u00e9szi elj\u00e1r\u00e1sok a g\u00e9ge- \u00e9s hypopharynx tumorainak kezel\u00e9s\u00e9ben. A bels\u0151f\u00fcl neurotranszmittereinek\u00a0vizsg\u00e1lata. A f\u00fcl\u00e9szeti implant\u00e1tumok hat\u00e1sa a cochleovestibularis rendszerekre. Sz\u00f6vettani \u00e9s\u00a0sz\u00e9rummarkerek prognosztikai vizsg\u00e1lata f\u00fcl-orr-g\u00e9g\u00e9szeti \u00e9s fej-nyaki daganatok eset\u00e9ben. Pre- \u00e9s postnatalis\u00a0rhinol\u00f3giai fejl\u0151d\u00e9sbiol\u00f3giai kutat\u00e1sok. Az orrpolipok &hellip;<\/p>\n","protected":false},"author":101505,"featured_media":0,"parent":0,"menu_order":3,"comment_status":"closed","ping_status":"closed","template":"","meta":{"_acf_changed":false,"footnotes":""},"categories":[],"tags":[],"class_list":["post-128","page","type-page","status-publish","hentry"],"acf":[],"_links":{"self":[{"href":"https:\/\/semmelweis.hu\/fulorrgegeszet\/wp-json\/wp\/v2\/pages\/128","targetHints":{"allow":["GET"]}}],"collection":[{"href":"https:\/\/semmelweis.hu\/fulorrgegeszet\/wp-json\/wp\/v2\/pages"}],"about":[{"href":"https:\/\/semmelweis.hu\/fulorrgegeszet\/wp-json\/wp\/v2\/types\/page"}],"author":[{"embeddable":true,"href":"https:\/\/semmelweis.hu\/fulorrgegeszet\/wp-json\/wp\/v2\/users\/101505"}],"replies":[{"embeddable":true,"href":"https:\/\/semmelweis.hu\/fulorrgegeszet\/wp-json\/wp\/v2\/comments?post=128"}],"version-history":[{"count":10,"href":"https:\/\/semmelweis.hu\/fulorrgegeszet\/wp-json\/wp\/v2\/pages\/128\/revisions"}],"predecessor-version":[{"id":2134,"href":"https:\/\/semmelweis.hu\/fulorrgegeszet\/wp-json\/wp\/v2\/pages\/128\/revisions\/2134"}],"wp:attachment":[{"href":"https:\/\/semmelweis.hu\/fulorrgegeszet\/wp-json\/wp\/v2\/media?parent=128"}],"wp:term":[{"taxonomy":"category","embeddable":true,"href":"https:\/\/semmelweis.hu\/fulorrgegeszet\/wp-json\/wp\/v2\/categories?post=128"},{"taxonomy":"post_tag","embeddable":true,"href":"https:\/\/semmelweis.hu\/fulorrgegeszet\/wp-json\/wp\/v2\/tags?post=128"}],"curies":[{"name":"wp","href":"https:\/\/api.w.org\/{rel}","templated":true}]}}