{"id":1195,"date":"2018-10-24T11:01:22","date_gmt":"2018-10-24T09:01:22","guid":{"rendered":"http:\/\/semmelweis.hu\/fulorrgegeszet\/?page_id=1195"},"modified":"2025-03-06T12:08:33","modified_gmt":"2025-03-06T11:08:33","slug":"audiologiai-szakambulancia","status":"publish","type":"page","link":"https:\/\/semmelweis.hu\/fulorrgegeszet\/betegeinknek\/jarobeteg-ellatas\/audiologiai-szakambulancia\/","title":{"rendered":"Audiol\u00f3giai szakambulancia"},"content":{"rendered":"<p><img loading=\"lazy\" decoding=\"async\" class=\"alignright  wp-image-146\" src=\"https:\/\/semmelweis.hu\/fulorrgegeszet\/files\/2014\/10\/dotcom2_f2audiologia9.jpg\" alt=\"\" width=\"262\" height=\"174\" srcset=\"https:\/\/semmelweis.hu\/fulorrgegeszet\/files\/2014\/10\/dotcom2_f2audiologia9.jpg 800w, https:\/\/semmelweis.hu\/fulorrgegeszet\/files\/2014\/10\/dotcom2_f2audiologia9-300x198.jpg 300w, https:\/\/semmelweis.hu\/fulorrgegeszet\/files\/2014\/10\/dotcom2_f2audiologia9-452x300.jpg 452w\" sizes=\"auto, (max-width: 262px) 100vw, 262px\" \/>Az audiol\u00f3giai ell\u00e1t\u00e1s az \u00fajsz\u00fcl\u00f6tt kort\u00f3l id\u0151s korig minden koroszt\u00e1lyra kiterjed klinik\u00e1nkon. Hall\u00e1spanaszok, f\u00fclz\u00fag\u00e1s, sz\u00e9d\u00fcl\u00e9s, egy\u00e9b k\u00f3rk\u00e9pek eset\u00e9n r\u00e9szletes diagnosztik\u00e1t, sz\u00fcks\u00e9g eset\u00e9n ter\u00e1pi\u00e1s ell\u00e1t\u00e1st biztos\u00edtunk.<\/p>\n<p style=\"text-align: justify\">A gyermekek \u00e9s feln\u0151ttek ell\u00e1t\u00e1s\u00e1ban audiol\u00f3gus szakorvos, audiol\u00f3gus \u00e9s akusztikus szakasszisztens \u00e9s szurdopedag\u00f3gus vesz r\u00e9szt. Mind a gyermek-, mind a feln\u0151tt-, \u00e9s id\u0151skori hall\u00e1ss\u00e9r\u00fclt betegeinknek a hall\u00e1sgondoz\u00e1st folyamatosan biztos\u00edtjuk. A hall\u00f3k\u00e9sz\u00fcl\u00e9k ell\u00e1t\u00e1sban rendelkez\u00e9sre \u00e1ll az \u00f6sszes Magyarorsz\u00e1gon el\u00e9rhet\u0151 eszk\u00f6z (mind konvencion\u00e1lis, mind be\u00fcltetett k\u00e9sz\u00fcl\u00e9kek ter\u00e9n).<\/p>\n<p style=\"text-align: justify\">Az audiol\u00f3giai szakambulancia el\u0151jegyz\u00e9s alapj\u00e1n fogad p\u00e1cienseket, illetve az ambulancia szakorvosaival egyeztetve akut betegell\u00e1t\u00e1s t\u00f6rt\u00e9nik. Hall\u00e1spanasz, audiol\u00f3giai vizsg\u00e1lat k\u00e9r\u00e9s eset\u00e9n f\u00fcl-orr-g\u00e9g\u00e9sz szakorvos (vagy az \u0151 javaslat\u00e1ra a beteg) k\u00e9rhet el\u0151jegyz\u00e9st. Ett\u0151l elt\u00e9r\u0151 esetben az audiol\u00f3giai szakrendel\u00e9sen lehet megbesz\u00e9lni vizsg\u00e1latok sz\u00fcks\u00e9gess\u00e9g\u00e9t.<\/p>\n<div class=\"keretes w-100\">\n<p>Kedves Betegek!<\/p>\n<p>Audiol\u00f3gia szakrendel\u00e9sre a mai napt\u00f3l (2025.03.03.) a lent megjelen\u00edtett telefonsz\u00e1mon tudnak id\u0151pontot k\u00e9rni.\u00a0<br \/>\nS\u00falyos hall\u00e1s s\u00e9r\u00fclt \u00e9s siket betegek SMS-ben k\u00e9rhetnek id\u0151pontot.\u00a0<\/p>\n<p>Rendel\u00e9si id\u0151:<br \/>\nH\u00e9tk\u00f6znap: 07:00 \u2013 15:00 <br \/>\nId\u0151pontk\u00e9r\u00e9s: 0630\/877-6050 12:00 \u2013 14:00 k\u00f6z\u00f6tt\u00a0<br \/>\nBeutal\u00f3: igen (f\u00fcl-orr-g\u00e9g\u00e9szeti javaslat)<br \/>\nEl\u0151jegyz\u00e9s: igen<\/p>\n<p><strong>Ambulancia vezet\u0151: <br \/>\n<\/strong>Dr. G\u00e1borj\u00e1n Anita, PhD<br \/>\negyetemi docens<\/p>\n<\/div>\n","protected":false},"excerpt":{"rendered":"<p>Az audiol\u00f3giai ell\u00e1t\u00e1s az \u00fajsz\u00fcl\u00f6tt kort\u00f3l id\u0151s korig minden koroszt\u00e1lyra kiterjed klinik\u00e1nkon. Hall\u00e1spanaszok, f\u00fclz\u00fag\u00e1s, sz\u00e9d\u00fcl\u00e9s, egy\u00e9b k\u00f3rk\u00e9pek eset\u00e9n r\u00e9szletes diagnosztik\u00e1t, sz\u00fcks\u00e9g eset\u00e9n ter\u00e1pi\u00e1s ell\u00e1t\u00e1st biztos\u00edtunk. A gyermekek \u00e9s feln\u0151ttek ell\u00e1t\u00e1s\u00e1ban audiol\u00f3gus szakorvos, audiol\u00f3gus \u00e9s akusztikus szakasszisztens \u00e9s szurdopedag\u00f3gus vesz r\u00e9szt. Mind a gyermek-, mind a feln\u0151tt-, \u00e9s id\u0151skori hall\u00e1ss\u00e9r\u00fclt betegeinknek a hall\u00e1sgondoz\u00e1st folyamatosan biztos\u00edtjuk. A &hellip;<\/p>\n","protected":false},"author":101505,"featured_media":0,"parent":223,"menu_order":2,"comment_status":"closed","ping_status":"closed","template":"","meta":{"_acf_changed":false,"footnotes":""},"categories":[],"tags":[],"class_list":["post-1195","page","type-page","status-publish","hentry"],"acf":[],"_links":{"self":[{"href":"https:\/\/semmelweis.hu\/fulorrgegeszet\/wp-json\/wp\/v2\/pages\/1195","targetHints":{"allow":["GET"]}}],"collection":[{"href":"https:\/\/semmelweis.hu\/fulorrgegeszet\/wp-json\/wp\/v2\/pages"}],"about":[{"href":"https:\/\/semmelweis.hu\/fulorrgegeszet\/wp-json\/wp\/v2\/types\/page"}],"author":[{"embeddable":true,"href":"https:\/\/semmelweis.hu\/fulorrgegeszet\/wp-json\/wp\/v2\/users\/101505"}],"replies":[{"embeddable":true,"href":"https:\/\/semmelweis.hu\/fulorrgegeszet\/wp-json\/wp\/v2\/comments?post=1195"}],"version-history":[{"count":10,"href":"https:\/\/semmelweis.hu\/fulorrgegeszet\/wp-json\/wp\/v2\/pages\/1195\/revisions"}],"predecessor-version":[{"id":2270,"href":"https:\/\/semmelweis.hu\/fulorrgegeszet\/wp-json\/wp\/v2\/pages\/1195\/revisions\/2270"}],"up":[{"embeddable":true,"href":"https:\/\/semmelweis.hu\/fulorrgegeszet\/wp-json\/wp\/v2\/pages\/223"}],"wp:attachment":[{"href":"https:\/\/semmelweis.hu\/fulorrgegeszet\/wp-json\/wp\/v2\/media?parent=1195"}],"wp:term":[{"taxonomy":"category","embeddable":true,"href":"https:\/\/semmelweis.hu\/fulorrgegeszet\/wp-json\/wp\/v2\/categories?post=1195"},{"taxonomy":"post_tag","embeddable":true,"href":"https:\/\/semmelweis.hu\/fulorrgegeszet\/wp-json\/wp\/v2\/tags?post=1195"}],"curies":[{"name":"wp","href":"https:\/\/api.w.org\/{rel}","templated":true}]}}