{"id":1139,"date":"2018-10-16T12:02:34","date_gmt":"2018-10-16T10:02:34","guid":{"rendered":"http:\/\/semmelweis.hu\/fulorrgegeszet\/?page_id=1139"},"modified":"2023-05-25T11:36:43","modified_gmt":"2023-05-25T09:36:43","slug":"curriculum","status":"publish","type":"page","link":"https:\/\/semmelweis.hu\/fulorrgegeszet\/en\/faculty-of-medicine\/curriculum\/","title":{"rendered":"Curriculum &#8211; General Medicine"},"content":{"rendered":"<h3><span style=\"font-size: 14pt\">General Medicine-Curriculum<\/span><\/h3>\n<p><span style=\"font-size: 14pt\"><strong>Semmelweis University, Faculty of Medicine<\/strong><\/span><br \/>\n<span style=\"font-size: 14pt\"><strong>Name of institution: <\/strong>Department of Otorhinolaryngology, Head and Neck Surgery<\/span><br \/>\n<span style=\"font-size: 14pt\"><strong>Name of Subject: <\/strong>Otorhinolaryngology <br \/>\n<strong>Code: <\/strong>AOKFUL042_1A<\/span><br \/>\n<span style=\"font-size: 14pt\"><strong>Creditpoint(s): <\/strong>3<\/span><br \/>\n<span style=\"font-size: 14pt\"><strong>Lecturers\u2019 names: <\/strong>Prof. Dr. L\u00e1szl\u00f3 Tam\u00e1s<\/span><\/p>\n<p><span style=\"font-size: 14pt\"><strong>Theme of the subject:<\/strong><\/span><br \/>\n<span style=\"font-size: 14pt\">Otorhinolaryngology deals with diseases of the ear, nose, throat and larynx and the surgery, oncology of head and neck cancer. Furthermore, it involves endoscopic surgery of the nose and paranasal sinuses, microscopic surgery of the ear and the larynx, LASER therapy and LASER surgery of the head and neck, reconstructive and plastic surgery of the gead and neck as well as the endoscopic diagnostics of the larynx, trachea and the esophagus. It embraces the the early diagnostics of childhood hearing disability just as the conservative and surgical rehabilitation of hearing e.g. cochlear implantation. Another important part of this field of medicine is the phoniatry that includes physiology and pathophysiology of phonation, diagnostics and therapy of hoarsness, rehabilitation of patients after treatment of laryngeal cancer. Otoneurology is responsible for diagnostics and treatment of the disturbances of balance sensing.<\/span><\/p>\n<p><span style=\"font-size: 14pt\"><strong>PROFESSIONAL PROFILES \u00b7<\/strong> General otorhinolaryngology \u00b7 Audiology \u00b7 Hearing rehabilitation \u00b7 Cochlear implantation \u00b7 Otoneurology \u00b7 Phoniatry \u00b7 Speech therapy \u00b7 Head and neck surgery \u00b7 Oncology Endoscopic diagnostics \u00b7 Plastic \u00e9s reconstructive surgery \u00b7 Rhinology \u00b7 Allergology.<\/span><\/p>\n<p><span style=\"font-size: 14pt\"><strong>List of lectures:<\/strong><\/span><br \/>\n<span style=\"font-size: 14pt\">1. The importance of ENT, methods of investigation.<\/span><br \/>\n<span style=\"font-size: 14pt\">2. Otitis externa, acut and chronic otitis media, tympanoplasty, otosclerosis.<\/span><br \/>\n<span style=\"font-size: 14pt\">3. Vertigo and headache.<\/span><br \/>\n<span style=\"font-size: 14pt\">4. Diseases of inner ear, implants of middle and inner ear.<\/span><br \/>\n<span style=\"font-size: 14pt\">5. Inflammations of pharynx and tonsils.<\/span><br \/>\n<span style=\"font-size: 14pt\">6. Rhinitis acuta, chronica. Sinusitis acuta, chronica and FESS.<\/span><br \/>\n<span style=\"font-size: 14pt\">7. Allergy<\/span><br \/>\n<span style=\"font-size: 14pt\">8. Deformities of the nose,Septoplasty, Tumors of the face<\/span><br \/>\n<span style=\"font-size: 14pt\">9. Malignant laryngeal tumor<\/span><br \/>\n<span style=\"font-size: 14pt\">10. Benign diseases of larynx, oedema. Tracheotomy<\/span><br \/>\n<span style=\"font-size: 14pt\">11. Hypopharynx and neck tumors, neck dissection<\/span><br \/>\n<span style=\"font-size: 14pt\">12. Chemoradiotherapy.<\/span><br \/>\n<span style=\"font-size: 14pt\">13. Differentiation of swelling of the neck<\/span><\/p>\n<p>\n<span style=\"font-size: 14pt\"><strong>Topics of practices are linked to the lectures with regard to the actual patient supply of the institute.<\/strong><\/span><br \/>\n<span style=\"font-size: 14pt\"><strong>Practice<\/strong><\/span><br \/>\n<span style=\"font-size: 14pt\">Lectures practices and exams of otorhinolaryngology are held during the IV. year of medical studies. Practices take place in groups of 10-12 students. The aim of these practices are to demonstrate the core physical examination techniques, diagnostic tools of otorhinolaryngology. It also aims to present a wide variety of conservative and surgical therapies. We put special emphasis on physical examination and endoscopic diagnostics. The presence on lectures and practices is mandatory!<\/span><\/p>\n<p><span style=\"font-size: 14pt\"><strong>Presence on lectures and practices, how to make up for absenteeism:<\/strong><\/span><br \/>\n<span style=\"font-size: 14pt\">We register the presence on catalogs. One can be absent from lectures and practices maximum 3 and 3 times each. Any absenteeism beyond that need to be made up either by documented presence on a practice of another group or by any other activity discussed with the group leader.<\/span><br \/>\n<span style=\"font-size: 14pt\"><strong>Midterms:<\/strong><\/span><br \/>\n<span style=\"font-size: 14pt\">This curriculum does not contain midterm tests.<br \/>\n<\/span><br \/>\n<span style=\"font-size: 14pt\"><strong>Requirements of getting the signature at the end of semester:<\/strong><\/span><br \/>\n<span style=\"font-size: 14pt\">Presence at lectures and practices.<br \/>\n<\/span><br \/>\n<span style=\"font-size: 14pt\"><strong>Examination enrollment criteria:<\/strong><\/span><br \/>\n<span style=\"font-size: 14pt\">Having the signature is the precondition of the examination at the end of the semester. Secondly, minimum criteria questions need to be sufficiently answered by the examinee on the day of examination. Finally examinees are supposed to orally present theoretical and practical aspects of topics found in the topic list.<\/span><br \/>\n<span style=\"font-size: 14pt\">Type of examination: oral examination, preceded by minimum criteria questions<br \/>\n<\/span><br \/>\n<span style=\"font-size: 14pt\"><strong>Examination enrollment<\/strong>: Semmelweis University &#8211; Neptun System<br \/>\n<\/span><br \/>\n<span style=\"font-size: 14pt\"><strong>Examination enrollment modification:<\/strong><\/span><br \/>\n<span style=\"font-size: 14pt\">Through Semmelweis University &#8211; Neptun System, according to the current examination rules.<br \/>\n<\/span><br \/>\n<span style=\"font-size: 14pt\"><strong>Absenteeism from examination:<\/strong><\/span><br \/>\n<span style=\"font-size: 14pt\">Absenteeism from an examination needs to be verified and proved by official documentation (medical or other formal certificate).<\/span><\/p>\n<p><span style=\"font-size: 14pt\"><strong>List of recommended literature:<\/strong><\/span><\/p>\n<p><span style=\"font-size: 14pt\"><strong>Compulsory:<\/strong><\/span><\/p>\n<p><span style=\"font-size: 14pt\">Hungarian:<\/span><br \/>\n<span style=\"font-size: 14pt\">Dr. R\u00e9p\u00e1ssy G\u00e1bor:<\/span><br \/>\n<span style=\"font-size: 14pt\">F\u00fcl-orr-g\u00e9g\u00e9szet, Fej-Nyak-Seb\u00e9szet egyetemi tank\u00f6nyv<\/span><br \/>\n<span style=\"font-size: 14pt\">Medicina, Budapest, 2011<\/span><br \/>\n<span style=\"font-size: 14pt\">ISBN: 978 963 226 311 3<\/span><\/p>\n<p><span style=\"font-size: 14pt\">English:<\/span><br \/>\n<span style=\"font-size: 14pt\">W. Becker, H.H. Naumann, C.R. Pfaltz: Ear, Nose and Throat Diseases<\/span><br \/>\n<span style=\"font-size: 14pt\">Georg-Thieme Verlag, Stuttgart 1994. ISBN: 3-13-671202-1<\/span><\/p>\n<p><span style=\"font-size: 14pt\">Semmelweis University, E-learning-ENT<\/span><\/p>\n<p><span style=\"font-size: 14pt\">German:<\/span><br \/>\n<span style=\"font-size: 14pt\">W. Arnold, V. Ganzer:<\/span><br \/>\n<span style=\"font-size: 14pt\">Hals-Nasen-Ohren-Heilkunde<\/span><br \/>\n<span style=\"font-size: 14pt\">Georg-Thieme Verlag, Stuttgart 1997. ISBN: 3-13-103411-4<\/span><\/p>\n<p><span style=\"font-size: 14pt\">Recommended:<\/span><\/p>\n<p><span style=\"font-size: 14pt\">Dr. R\u00e9p\u00e1ssy G.: Otolaryngology 2000 egyetemi jegyzet<\/span><br \/>\n<span style=\"font-size: 14pt\">Rad\u00f3 Nyomda \u00e9s Kiad\u00f3 \u00e9s Szolg. Kft., Eger, 2000.<\/span><\/p>\n<p><span style=\"font-size: 14pt\">Dr. Pytel J\u00f3zsef: Audiol\u00f3gia Victoria Kft, P\u00e9cs 1996 ISBN: 963-76-60607<\/span><\/p>\n<p><span style=\"font-size: 14pt\">Dr. Szirmai \u00c1gnes: Az egyens\u00falyzavarok differenci\u00e1ldiagnosztik\u00e1ja Semmelweis Kiad\u00f3 \u00e9s Multim\u00e9dia St\u00fadi\u00f3 2006<\/span><br \/>\n<span style=\"font-size: 14pt\">ISBN: 9639656038<\/span><\/p>\n<p><span style=\"font-size: 14pt\">Dr. Kiefer G\u00e1bor: Rekedts\u00e9g Foniatria &#8211; a hangk\u00e9pz\u00e9s zavarai Golden Book Kiad\u00f3, Budapest 1995 ISBN: 963-8232-153<\/span><\/p>\n<p><span style=\"font-size: 14pt\">Dr. Rib\u00e1ri Ott\u00f3, Dr. R\u00e9p\u00e1ssy G\u00e1bor, Dr. Hirschberg Andor, Dr. Rezek \u00d6d\u00f6n: F\u00fcl-orr-g\u00e9g\u00e9szet fogorvos hallgat\u00f3k r\u00e9sz\u00e9re<\/span><br \/>\n<span style=\"font-size: 14pt\">Medicina, Budapest 2004<\/span><br \/>\n<span style=\"font-size: 14pt\">ISBN: 963-242-839-0<\/span><\/p>\n","protected":false},"excerpt":{"rendered":"<p>General Medicine-Curriculum Semmelweis University, Faculty of Medicine Name of institution: Department of Otorhinolaryngology, Head and Neck Surgery Name of Subject: Otorhinolaryngology Code: AOKFUL042_1A Creditpoint(s): 3 Lecturers\u2019 names: Prof. Dr. L\u00e1szl\u00f3 Tam\u00e1s Theme of the subject: Otorhinolaryngology deals with diseases of the ear, nose, throat and larynx and the surgery, oncology of head and neck cancer. &hellip;<\/p>\n","protected":false},"author":101505,"featured_media":0,"parent":1811,"menu_order":2,"comment_status":"closed","ping_status":"closed","template":"","meta":{"_acf_changed":false,"footnotes":""},"categories":[],"tags":[],"class_list":["post-1139","page","type-page","status-publish","hentry"],"acf":[],"_links":{"self":[{"href":"https:\/\/semmelweis.hu\/fulorrgegeszet\/wp-json\/wp\/v2\/pages\/1139","targetHints":{"allow":["GET"]}}],"collection":[{"href":"https:\/\/semmelweis.hu\/fulorrgegeszet\/wp-json\/wp\/v2\/pages"}],"about":[{"href":"https:\/\/semmelweis.hu\/fulorrgegeszet\/wp-json\/wp\/v2\/types\/page"}],"author":[{"embeddable":true,"href":"https:\/\/semmelweis.hu\/fulorrgegeszet\/wp-json\/wp\/v2\/users\/101505"}],"replies":[{"embeddable":true,"href":"https:\/\/semmelweis.hu\/fulorrgegeszet\/wp-json\/wp\/v2\/comments?post=1139"}],"version-history":[{"count":8,"href":"https:\/\/semmelweis.hu\/fulorrgegeszet\/wp-json\/wp\/v2\/pages\/1139\/revisions"}],"predecessor-version":[{"id":2143,"href":"https:\/\/semmelweis.hu\/fulorrgegeszet\/wp-json\/wp\/v2\/pages\/1139\/revisions\/2143"}],"up":[{"embeddable":true,"href":"https:\/\/semmelweis.hu\/fulorrgegeszet\/wp-json\/wp\/v2\/pages\/1811"}],"wp:attachment":[{"href":"https:\/\/semmelweis.hu\/fulorrgegeszet\/wp-json\/wp\/v2\/media?parent=1139"}],"wp:term":[{"taxonomy":"category","embeddable":true,"href":"https:\/\/semmelweis.hu\/fulorrgegeszet\/wp-json\/wp\/v2\/categories?post=1139"},{"taxonomy":"post_tag","embeddable":true,"href":"https:\/\/semmelweis.hu\/fulorrgegeszet\/wp-json\/wp\/v2\/tags?post=1139"}],"curies":[{"name":"wp","href":"https:\/\/api.w.org\/{rel}","templated":true}]}}