{"id":1112,"date":"2018-10-16T10:03:55","date_gmt":"2018-10-16T08:03:55","guid":{"rendered":"http:\/\/semmelweis.hu\/fulorrgegeszet\/?page_id=1112"},"modified":"2023-05-24T11:56:31","modified_gmt":"2023-05-24T09:56:31","slug":"tanfolyamok","status":"publish","type":"page","link":"https:\/\/semmelweis.hu\/fulorrgegeszet\/oktatas\/tanfolyamok\/","title":{"rendered":"Tanfolyamok"},"content":{"rendered":"<p><strong>Klinikai \u00e9s elm\u00e9leti audiol\u00f3giai tanfolyam <\/strong><\/p>\n<p>Helysz\u00edn: Semmelweis Egyetem F\u00fcl- Orr- G\u00e9g\u00e9szeti \u00e9s Fej- Nyakseb\u00e9szeti Klinik\u00e1ja, 1083 Budapest, Szigony u. 36.<\/p>\n<p><strong>Rhinol\u00f3giai \u00e9s FESS tanfolyam<\/strong><\/p>\n<p>Helysz\u00edn: Semmelweis Egyetem F\u00fcl- Orr- G\u00e9g\u00e9szeti \u00e9s Fej- Nyakseb\u00e9szeti Klinik\u00e1ja, 1083 Budapest, Szigony u. 36.<\/p>\n<p><strong>Budapesti F\u00fcl-Orr-G\u00e9g\u00e9szeti \u00e9s Fej-Nyakseb\u00e9szeti Napok, IV. Tov\u00e1bbk\u00e9pz\u0151 Tanfolyam<\/strong><\/p>\n<p>Helysz\u00edn: Aquaword Resort Budapest Hotel, 1044 Budapest, \u00cdves \u00fat 16.<\/p>\n<p><strong>Komplex otoneurol\u00f3giai diagnosztika tanfolyam<\/strong><\/p>\n<p>Helysz\u00edn: Semmelweis Egyetem F\u00fcl- Orr- G\u00e9g\u00e9szeti \u00e9s Fej- Nyakseb\u00e9szeti Klinik\u00e1ja, 1083 Budapest, Szigony u. 36.<\/p>\n<p><strong>Mikroseb\u00e9szeti f\u00fcl kurzus<\/strong><\/p>\n<p>Helysz\u00edn: Semmelweis Egyetem F\u00fcl- Orr- G\u00e9g\u00e9szeti \u00e9s Fej- Nyakseb\u00e9szeti Klinik\u00e1ja, 1083 Budapest, Szigony u. 36.<\/p>\n","protected":false},"excerpt":{"rendered":"<p>Klinikai \u00e9s elm\u00e9leti audiol\u00f3giai tanfolyam Helysz\u00edn: Semmelweis Egyetem F\u00fcl- Orr- G\u00e9g\u00e9szeti \u00e9s Fej- Nyakseb\u00e9szeti Klinik\u00e1ja, 1083 Budapest, Szigony u. 36. Rhinol\u00f3giai \u00e9s FESS tanfolyam Helysz\u00edn: Semmelweis Egyetem F\u00fcl- Orr- G\u00e9g\u00e9szeti \u00e9s Fej- Nyakseb\u00e9szeti Klinik\u00e1ja, 1083 Budapest, Szigony u. 36. Budapesti F\u00fcl-Orr-G\u00e9g\u00e9szeti \u00e9s Fej-Nyakseb\u00e9szeti Napok, IV. Tov\u00e1bbk\u00e9pz\u0151 Tanfolyam Helysz\u00edn: Aquaword Resort Budapest Hotel, 1044 Budapest, \u00cdves &hellip;<\/p>\n","protected":false},"author":101505,"featured_media":0,"parent":185,"menu_order":5,"comment_status":"closed","ping_status":"closed","template":"","meta":{"_acf_changed":false,"footnotes":""},"categories":[],"tags":[],"class_list":["post-1112","page","type-page","status-publish","hentry"],"acf":[],"_links":{"self":[{"href":"https:\/\/semmelweis.hu\/fulorrgegeszet\/wp-json\/wp\/v2\/pages\/1112","targetHints":{"allow":["GET"]}}],"collection":[{"href":"https:\/\/semmelweis.hu\/fulorrgegeszet\/wp-json\/wp\/v2\/pages"}],"about":[{"href":"https:\/\/semmelweis.hu\/fulorrgegeszet\/wp-json\/wp\/v2\/types\/page"}],"author":[{"embeddable":true,"href":"https:\/\/semmelweis.hu\/fulorrgegeszet\/wp-json\/wp\/v2\/users\/101505"}],"replies":[{"embeddable":true,"href":"https:\/\/semmelweis.hu\/fulorrgegeszet\/wp-json\/wp\/v2\/comments?post=1112"}],"version-history":[{"count":10,"href":"https:\/\/semmelweis.hu\/fulorrgegeszet\/wp-json\/wp\/v2\/pages\/1112\/revisions"}],"predecessor-version":[{"id":2014,"href":"https:\/\/semmelweis.hu\/fulorrgegeszet\/wp-json\/wp\/v2\/pages\/1112\/revisions\/2014"}],"up":[{"embeddable":true,"href":"https:\/\/semmelweis.hu\/fulorrgegeszet\/wp-json\/wp\/v2\/pages\/185"}],"wp:attachment":[{"href":"https:\/\/semmelweis.hu\/fulorrgegeszet\/wp-json\/wp\/v2\/media?parent=1112"}],"wp:term":[{"taxonomy":"category","embeddable":true,"href":"https:\/\/semmelweis.hu\/fulorrgegeszet\/wp-json\/wp\/v2\/categories?post=1112"},{"taxonomy":"post_tag","embeddable":true,"href":"https:\/\/semmelweis.hu\/fulorrgegeszet\/wp-json\/wp\/v2\/tags?post=1112"}],"curies":[{"name":"wp","href":"https:\/\/api.w.org\/{rel}","templated":true}]}}