{"id":1099,"date":"2018-10-16T09:31:41","date_gmt":"2018-10-16T07:31:41","guid":{"rendered":"http:\/\/semmelweis.hu\/fulorrgegeszet\/?page_id=1099"},"modified":"2025-05-14T10:41:21","modified_gmt":"2025-05-14T08:41:21","slug":"kovetelmenyrendszer","status":"publish","type":"page","link":"https:\/\/semmelweis.hu\/fulorrgegeszet\/oktatas\/aok\/kovetelmenyrendszer\/","title":{"rendered":"K\u00f6vetelm\u00e9nyrendszer (\u00c1OK)"},"content":{"rendered":"<h4><strong>K\u00d6VETELM\u00c9NYRENDSZER a 2024\/2025-as tan\u00e9vre<\/strong><\/h4>\n<p><strong>Oktat\u00e1si szervezeti egys\u00e9g megnevez\u00e9se: <br \/>\n<\/strong>Semmelweis Egyetem, \u00c1ltal\u00e1nos Orvostudom\u00e1nyi Kar<br \/>\nF\u00fcl- Orr- G\u00e9g\u00e9szeti \u00e9s Fej- Nyakseb\u00e9szeti Klinika<\/p>\n<p><strong>Tant\u00e1rgy neve: <\/strong>f\u00fcl- orr- g\u00e9gegy\u00f3gy\u00e1szat<br \/>\n<strong>k\u00f3dja: <\/strong>AOFUL<br \/>\n<strong>kredit\u00e9rt\u00e9ke: <\/strong>2<br \/>\n<strong>Tant\u00e1rgy el\u0151ad\u00f3j\u00e1nak neve: <\/strong>Prof. Dr. Tam\u00e1s L\u00e1szl\u00f3<\/p>\n<h5>A t\u00e1rgy tematik\u00e1ja:<\/h5>\n<p>A f\u00fcl, orr, torok, g\u00e9ge, fej-nyak megbeteged\u00e9sei, e r\u00e9gi\u00f3k tumorainak kezel\u00e9se \u00e9s onkol\u00f3giai seb\u00e9szete. Tov\u00e1bb\u00e1 az orr \u00e9s mell\u00e9k\u00fcregek betegs\u00e9gei, ezek m\u00fbt\u00e9tei. Endoszk\u00f3pos \u00e9s mikroszk\u00f3pos g\u00e9ge-, valamint orr-, mell\u00e9k\u00fcreg- \u00e9s f\u00fclseb\u00e9szet, f\u00fcl-orr-g\u00e9g\u00e9szeti l\u00e9zerter\u00e1pia \u00e9s l\u00e9zerseb\u00e9szet. Egy\u00e9b f\u00fcl-orr-g\u00e9g\u00e9szeti rekonstrukci\u00f3s \u00e9s plasztikai seb\u00e9szeti m\u00fbt\u00e9tek, valamint a nyel\u00f5cs\u00f5, g\u00e9ge, l\u00e9gcs\u00f5 endoszk\u00f3pos diagnosztik\u00e1ja. A gyermekkori nagyothall\u00e1s kivizsg\u00e1l\u00e1sa, a nagyothall\u00e1s gy\u00f3gy\u00edt\u00e1sa, a m\u00fbt\u00e9ti hall\u00e1sjav\u00edt\u00e1s \u00e9s a cochlearis implant\u00e1ci\u00f3. Audiol\u00f3giai alapismeretek, a f\u00fclbetegs\u00e9gek r\u00e9szletes vizsg\u00e1lata, a nagyothall\u00f3k ell\u00e1t\u00e1sa hall\u00f3k\u00e9sz\u00fcl\u00e9kkel vagy m\u0171t\u00e9ti \u00faton. A foni\u00e1triai ismeretek, a hangk\u00e9pz\u00e9s \u00e9lettana, a rekedts\u00e9g gy\u00f3gy\u00edt\u00e1sa, a g\u00e9gebetegek rehabilit\u00e1ci\u00f3ja. Rhinol\u00f3gia. Otoneurol\u00f3gia, az egyens\u00falyszerv betegs\u00e9geinek kivizsg\u00e1l\u00e1sa \u00e9s kezel\u00e9se.<\/p>\n<p><strong>SZAKMAI PROFILOK <\/strong>\u00b7 \u00c1ltal\u00e1nos f\u00fcl-orr-g\u00e9g\u00e9szet \u00b7 Audiol\u00f3gia \u00b7 Speci\u00e1lis hall\u00e1sjav\u00edt\u00e1s \u00b7 Cochlearis implant\u00e1ci\u00f3 \u00b7 Otoneurol\u00f3gia \u00b7 Phoni\u00e1tria \u00b7 Logop\u00e9dia \u00b7 Fej-nyakseb\u00e9szet \u00b7 Onkol\u00f3gia &#8211; Endoszk\u00f3pia \u00b7 Plasztikai \u00e9s rekonstrukt\u00edv seb\u00e9szet \u00b7 Rhinol\u00f3gia \u00b7 Allergol\u00f3gia.<\/p>\n<h5>El\u0151ad\u00e1sok \u00e9s gyakorlatok t\u00e9m\u00e1i:<\/h5>\n<p><u>El\u0151ad\u00e1sok tematik\u00e1ja<\/u>:<\/p>\n<p>1. K\u00e9palkot\u00e1s &#8211; Dr. Grimm Andr\u00e1s\u00a0<\/p>\n<p>2. F\u00fcl &#8211; Dr. G\u00e1borj\u00e1n Anita<\/p>\n<p>3. Bels\u0151f\u00fcl betegs\u00e9gek (oto-vestibulo) &#8211; Dr. G\u00e1borj\u00e1n Anita<\/p>\n<p>4. Onkol\u00f3gia &#8211; Prof. Dr. Tam\u00e1s L\u00e1szl\u00f3\/Dr. Prekopp P\u00e9ter\/Dr. D\u00e1nos Korn\u00e9l\/Dr. Birtalan Ede<\/p>\n<p>5. Nyaki terime (PM+ny\u00e1lmirigy) &#8211; Dr. Polony G\u00e1bor<\/p>\n<p>6. Sz\u00e1j\u00fcreg-garat betegs\u00e9gei + OSAS &#8211; Dr. Bencsik Be\u00e1ta\/Dr. Moln\u00e1r Vikt\u00f3ria<\/p>\n<p>7. J\u00f3indulat\u00fa g\u00e9gebetegs\u00e9gek &#8211; Dr. Fent Zolt\u00e1n<\/p>\n<p>8. Rhinologia \u00a0&#8211; Dr. Fent Zolt\u00e1n\/Dr. Kraxner Helga<\/p>\n<p>9. S\u00fcrg\u0151ss\u00e9gi, z\u00e1r\u00f3 &#8211; Prof. Dr. Tam\u00e1s L\u00e1szl\u00f3\/Prof. Dr. Szirmai \u00c1gnes\/Dr. Forg\u00e1cs G\u00e1bor<\/p>\n<p>&nbsp;<\/p>\n<p><u>Gyakorlatok tematik\u00e1ja<\/u>:<\/p>\n<p>1. f\u00fcl-orr-g\u00e9g\u00e9szeti alapvizsg\u00e1lat eg\u00e9szs\u00e9ges emberen \u2013 homlokreflektor haszn\u00e1lata<\/p>\n<p>2. f\u00fcl-orr-g\u00e9g\u00e9szeti alapvizsg\u00e1lat eg\u00e9szs\u00e9ges emberen \u2013 homlokreflektor haszn\u00e1lata<\/p>\n<p>3. endoszk\u00f3pos \/ mikroszk\u00f3pos f\u00fclvizsg\u00e1lat (f\u00fcltiszt\u00edt\u00e1s, f\u00fclmos\u00e1s, chr. otitis media, dobh\u00e1rtya perfor\u00e1ci\u00f3, Grommet)<\/p>\n<p>4. endoszk\u00f3pos orrvizsg\u00e1lat (\u00e9rz\u00e9stelen\u00edt\u00e9s,chr. sinusitis, orrpolyposis, epipharynx, veg.aden.)<\/p>\n<p>5. endoszk\u00f3pos g\u00e9gevizsg\u00e1lat (\u00e9rz\u00e9stelen\u00edt\u00e9s, nyelvgy\u00f6k, epiglottis, glottis, hangszalag mozg\u00e1sa, hangszalag b\u00e9nul\u00e1s, hypopharynx)<\/p>\n<p>6. skill labor: f\u00fclmodellen paracentesis gyakorl\u00e1sa, tempor\u00e1lis csonton f\u00fclm\u0171t\u00e9t t\u00edpusok bemutat\u00e1s<\/p>\n<p>7. skill labor: koponyamodellen orrv\u00e9rz\u00e9s ell\u00e1t\u00e1s\u00e1nak gyakorl\u00e1sa (r\u00e9teges tampon, Bellocq tampon)<\/p>\n<p>8. audiol\u00f3giai gyakorlat (hangvilla, tisztahang k\u00fcsz\u00f6b,tympanometria, BERA, otoakusztikus emissio,<\/p>\n<p>hall\u00f3k\u00e9sz\u00fcl\u00e9k)<\/p>\n<p>9. betegbemutat\u00e1s \/ betegvizsg\u00e1lat (faci\u00e1lis paresis, spont\u00e1n vesztibul\u00e1ris t\u00fcnetek)<\/p>\n<p>10. betegbemutat\u00e1s \/ betegvizsg\u00e1lat (f\u00fclk\u00f6t\u00f6z\u00e9s, p\u00e1rak\u00f6t\u00e9s, f\u00fcl k\u00e9palkot\u00e1s \u00e9rt\u00e9kel\u00e9s)<\/p>\n<p>11. betegbemutat\u00e1s \/ betegvizsg\u00e1lat (sz\u00e1j\u00fcregi elt\u00e9r\u00e9sek, pharyngitis, tonsillitis, tonsillectomia,<\/p>\n<p>malignus garatfolyamat)<\/p>\n<p>12. betegbemutat\u00e1s \/ betegvizsg\u00e1lat (benignus, malignus g\u00e9gebetegs\u00e9g, g\u00e9gem\u0171t\u00e9t ut\u00e1ni k\u00f6t\u00f6z\u00e9s,<\/p>\n<p>g\u00e9gekan\u00fcl t\u00edpusok, g\u00e9gekan\u00fcl csere- tiszt\u00edt\u00e1s, nasogastrikus szonda)<\/p>\n<p>13. betegbemutat\u00e1s \/ betegvizsg\u00e1lat ( teljes g\u00e9geelt\u00e1vol\u00edt\u00e1s, laryngectomia tot. ut\u00e1ni hangk\u00e9pz\u00e9si<\/p>\n<p>lehet\u0151s\u00e9gek &#8211; g\u00e9gemikrofon, nyel\u0151cs\u0151besz\u00e9d,hangprot\u00e9zis)<\/p>\n<p>14. betegbemutat\u00e1s \/ betegvizsg\u00e1lat (nyaki terim\u00e9k, ny\u00e1lmirigy betegs\u00e9gek, pajzsmirigy betegs\u00e9gek,<\/p>\n<p>nyaki k\u00e9palkot\u00f3 vizsg\u00e1lat \u00e9rt\u00e9kel\u00e9s)<\/p>\n<p><strong>A gyakorlatok tematik\u00e1ja az el\u0151ad\u00e1sokhoz kapcsol\u00f3dik, a klinika aktu\u00e1lis beteganyag\u00e1nak figyelembe <\/strong><strong>v\u00e9tel\u00e9vel.<\/strong><\/p>\n<h5>Gyakorlat<\/h5>\n<p>A f\u00fcl-orr-g\u00e9g\u00e9szeti el\u0151ad\u00e1sokra \u00e9s gyakorlatokra, majd z\u00e1r\u00f3 kollokviumra IV. \u00e9vben ker\u00fcl sor.<\/p>\n<p>A k\u00e9pz\u00e9s 8 f\u0151s csoportokban t\u00f6rt\u00e9nik. Ennek sor\u00e1n a hallgat\u00f3k elsaj\u00e1t\u00edtj\u00e1k a betegvizsg\u00e1latot, megismerkednek a vizsg\u00e1l\u00f3 elj\u00e1r\u00e1sokkal, az egyes k\u00f3rk\u00e9pek diagnosztik\u00e1j\u00e1val, valamint a konzervat\u00edv gy\u00f3gy\u00edt\u00e1s, ny\u00edlt vagy endoszk\u00f3pos \u00e9s mikroszk\u00f3pos m\u0171t\u00e9tek lehet\u0151s\u00e9geivel. K\u00fcl\u00f6n hangs\u00falyt fektet\u00fcnk az eszk\u00f6z\u00f6s vizsg\u00e1latok bemutat\u00e1s\u00e1ra, az endoszk\u00f3pos m\u0171szerek megismertet\u00e9s\u00e9re.<\/p>\n<p>A gyakorlatokon \u00e9s el\u0151ad\u00e1sokon t\u00f6rt\u00e9n\u0151 megjelen\u00e9s k\u00f6telez\u0151.<\/p>\n<p><strong>A foglalkoz\u00e1sokon val\u00f3 r\u00e9szv\u00e9tel k\u00f6vetelm\u00e9nyei \u00e9s a t\u00e1volmarad\u00e1s p\u00f3tl\u00e1s\u00e1nak lehet\u0151s\u00e9ge:<br \/>\n<\/strong>A hallgat\u00f3k foglalkoz\u00e1sokon val\u00f3 r\u00e9szv\u00e9tel\u00e9t jelenl\u00e9ti \u00edven regisztr\u00e1ljuk. A foglalkoz\u00e1sokr\u00f3l az aktu\u00e1lis tanulm\u00e1nyi \u00e9s vizsgaszab\u00e1lyzatban foglaltak szerinti mennyis\u00e9get lehet hi\u00e1nyozni. P\u00f3tl\u00e1s az \u00e9vk\u00f6zi l\u00e9tsz\u00e1m kereteit nem t\u00fall\u00e9p\u0151 mennyis\u00e9gben, az utols\u00f3 2 h\u00e9tben lehets\u00e9ges, el\u0151zetes regisztr\u00e1ci\u00f3t k\u00f6vet\u0151en.<\/p>\n<p><strong>Az igazol\u00e1s m\u00f3dja a foglalkoz\u00e1sokon \u00e9s a vizsg\u00e1n val\u00f3 t\u00e1voll\u00e9t eset\u00e9n: <br \/>\n<\/strong>A vizsg\u00e1n t\u00f6rt\u00e9n\u0151 hi\u00e1nyz\u00e1s igazol\u00e1sa csak hivatalos dokumentummal (orvosi, ill. egy\u00e9b hat\u00f3s\u00e1gi igazol\u00e1s) t\u00f6rt\u00e9nhet.\u00a0\u00a0\u00a0\u00a0\u00a0\u00a0\u00a0\u00a0\u00a0\u00a0 A foglalkoz\u00e1sokr\u00f3l t\u00f6rt\u00e9n\u0151 hi\u00e1nyz\u00e1s nem igazol\u00e1s k\u00f6teles. A megengedettn\u00e9l nagyobb mennyis\u00e9g\u0171 hi\u00e1nyz\u00e1st p\u00f3tolni kell a f\u00e9l\u00e9v elfogad\u00e1s\u00e1hoz.<\/p>\n<p><strong>A f\u00e9l\u00e9vk\u00f6zi ellen\u0151rz\u00e9sek (besz\u00e1mol\u00f3k, z\u00e1rthelyi dolgozatok) sz\u00e1ma, t\u00e9mak\u00f6re \u00e9s id\u0151pontja, p\u00f3tl\u00e1suk \u00e9s jav\u00edt\u00e1suk lehet\u0151s\u00e9ge: <br \/>\n<\/strong>Jelenleg a tematik\u00e1ban nem szerepel f\u00e9l\u00e9vk\u00f6zi ellen\u0151rz\u00e9s, ill. z\u00e1rthelyi dolgozat.<\/p>\n<p><strong>A f\u00e9l\u00e9v v\u00e9gi al\u00e1\u00edr\u00e1s k\u00f6vetelm\u00e9nyei: <br \/>\n<\/strong>R\u00e9szv\u00e9tel a foglalkoz\u00e1sokon, vagy a hi\u00e1nyz\u00e1soknak a fentiekben eml\u00edtett m\u00f3don t\u00f6rt\u00e9nt p\u00f3tl\u00e1sa.<\/p>\n<p><strong>Az oszt\u00e1lyzat kialak\u00edt\u00e1s\u00e1nak m\u00f3dja:<br \/>\n<\/strong>A vizsg\u00e1ra bocs\u00e1t\u00e1s felt\u00e9tele a megfelel\u0151 mennyis\u00e9g\u0171 gyakorlaton \u00e9s el\u0151ad\u00e1son t\u00f6rt\u00e9n\u0151 r\u00e9szv\u00e9tel. A vizsga napj\u00e1n a kompetencia k\u00e9rd\u00e9sek megv\u00e1laszol\u00e1s\u00e1t k\u00f6vet\u0151en a t\u00e9telsornak megfelel\u0151 elm\u00e9leti \u00e9s gyakorlati tud\u00e1s alapj\u00e1n kapnak oszt\u00e1lyzatot a hallgat\u00f3k<strong>.<\/strong><\/p>\n<p><strong>A vizsga t\u00edpusa: <\/strong>Sz\u00f3beli kollokvium, el\u0151tte kompetencia k\u00e9rd\u00e9sek<strong>A vizsgajelentkez\u00e9s m\u00f3dja: <\/strong>SE &#8211; Neptun Rendszer<\/p>\n<p><strong>A vizsgajelentkez\u00e9s m\u00f3dos\u00edt\u00e1s\u00e1nak rendje:<br \/>\n<\/strong>SE &#8211; Neptun rendszeren kereszt\u00fcl a SE vizsgaszab\u00e1lyzat\u00e1nak rendelkez\u00e9sei \u00e1ltal biztos\u00edtott lehet\u0151s\u00e9gek alapj\u00e1n.<\/p>\n<p><strong>A vizsg\u00e1r\u00f3l val\u00f3 t\u00e1volmarad\u00e1s igazol\u00e1s\u00e1nak m\u00f3dja:<br \/>\n<\/strong>A hi\u00e1nyz\u00e1s igazol\u00e1sa csak hivatalos dokumentummal (orvosi, ill. egy\u00e9b hat\u00f3s\u00e1gi igazol\u00e1s) t\u00f6rt\u00e9nhet.<strong><br \/>\n<\/strong><\/p>\n<p><strong>A tananyag elsaj\u00e1t\u00edt\u00e1s\u00e1hoz felhaszn\u00e1lhat\u00f3 jegyzetek, tank\u00f6nyvek, seg\u00e9dletek \u00e9s szakirodalom list\u00e1ja:<\/strong><\/p>\n<h4><strong>Irodalom<\/strong><\/h4>\n<p>A k\u00f6telez\u0151 \u00e9s aj\u00e1nlott tank\u00f6nyvek list\u00e1ja a k\u00f6vetkez\u0151:<\/p>\n<h5>\u00a0K\u00f6telez\u0151: magyar:<\/h5>\n<ol>\n<li>R\u00e9p\u00e1ssy G\u00e1bor:<br \/>\nF\u00fcl-orr-g\u00e9g\u00e9szet, Fej-Nyak-Seb\u00e9szet egyetemi tank\u00f6nyv<br \/>\nMedicina, Budapest, 2011<br \/>\nISBN: 978 963 226 311 3<\/li>\n<\/ol>\n<ol start=\"2\">\n<li>Semmelweis Egyetem, E-learning-F\u00fcl-Orr-G\u00e9g\u00e9szet<\/li>\n<\/ol>\n<p><strong>angol:<\/strong><\/p>\n<ol>\n<li>Hans Behrbohm, Oliver Kaschke, Tadeus Nawka, Andrew Swift:<br \/>\nEar, Nose and Throat Diseases With Head and Neck Surgery 3rd edition Thieme 2009.<br \/>\nISBN: 9783136712030<\/li>\n<\/ol>\n<ol start=\"2\">\n<li>Semmelweis Egyetem, E-learning-F\u00fcl-Orr-G\u00e9g\u00e9szet<\/li>\n<\/ol>\n<p><strong>n\u00e9met:<\/strong><\/p>\n<ol>\n<li>Behrbohm, Hans; Kaschke, Oliver; Nawka, Tadeus: <br \/>\nHals-Nasen-Ohren-Heilkund<br \/>\nKurzlehrbuch, 2012.<br \/>\nISBN: 9783131478726<\/li>\n<\/ol>\n<h5>\u00a0Aj\u00e1nlott:<\/h5>\n<ol>\n<li>R\u00e9p\u00e1ssy G.<br \/>\nOtolaryngology<br \/>\n2000 egyetemi jegyzet<br \/>\nRad\u00f3 Nyomda \u00e9s Kiad\u00f3 \u00e9s Szolg. Kft., Eger, 2000.<\/li>\n<\/ol>\n<ol start=\"2\">\n<li>G\u00e1borj\u00e1n Anita<br \/>\nAudiol\u00f3giai diagnosztika<br \/>\nSemmelweis Kiad\u00f3 \u00e9s Multim\u00e9dia St\u00fadi\u00f3 Budapest, 2018. ISBN: 978-963-331-431-9<\/li>\n<\/ol>\n<ol start=\"3\">\n<li>Szirmai \u00c1gnes:<br \/>\nAz egyens\u00falyzavarok differenci\u00e1ldiagnosztik\u00e1ja Semmelweis Kiad\u00f3 \u00e9s Multim\u00e9dia St\u00fadi\u00f3 2006. ISBN: 9639656038<\/li>\n<\/ol>\n<ol start=\"4\">\n<li>Hirschberg Jen\u0151, Dr. Hacki Tam\u00e1s, Dr. M\u00e9sz\u00e1ros Krisztina Foniatria \u00e9s t\u00e1rstudom\u00e1nyok<br \/>\nElte E\u00f6tv\u00f6s Kiad\u00f3 E\u00f6tv\u00f6s Lor\u00e1nd Tudom\u00e1nyegyetem Budapest, 2013.<\/li>\n<\/ol>\n<ol start=\"5\">\n<li>Rib\u00e1ri Ott\u00f3, Dr. R\u00e9p\u00e1ssy G\u00e1bor, Dr. Hirschberg Andor, Dr. Rezek \u00d6d\u00f6n: F\u00fcl-orr-g\u00e9g\u00e9szet fogorvos hallgat\u00f3k r\u00e9sz\u00e9re<br \/>\nMedicina, Budapest 2004<br \/>\nISBN: 963-242-839-0<\/li>\n<\/ol>\n<ol start=\"6\">\n<li>Gerlinger Imre<br \/>\nT\u00fcnetorient\u00e1lt f\u00fcl-orr-g\u00e9g\u00e9szet Medicina K\u00f6nyvkiad\u00f3 Zrt. 2014. ISBN: 978 963 226 466 0<\/li>\n<\/ol>\n","protected":false},"excerpt":{"rendered":"<p>K\u00d6VETELM\u00c9NYRENDSZER a 2024\/2025-as tan\u00e9vre Oktat\u00e1si szervezeti egys\u00e9g megnevez\u00e9se: Semmelweis Egyetem, \u00c1ltal\u00e1nos Orvostudom\u00e1nyi Kar F\u00fcl- Orr- G\u00e9g\u00e9szeti \u00e9s Fej- Nyakseb\u00e9szeti Klinika Tant\u00e1rgy neve: f\u00fcl- orr- g\u00e9gegy\u00f3gy\u00e1szat k\u00f3dja: AOFUL kredit\u00e9rt\u00e9ke: 2 Tant\u00e1rgy el\u0151ad\u00f3j\u00e1nak neve: Prof. Dr. Tam\u00e1s L\u00e1szl\u00f3 A t\u00e1rgy tematik\u00e1ja: A f\u00fcl, orr, torok, g\u00e9ge, fej-nyak megbeteged\u00e9sei, e r\u00e9gi\u00f3k tumorainak kezel\u00e9se \u00e9s onkol\u00f3giai seb\u00e9szete. Tov\u00e1bb\u00e1 az &hellip;<\/p>\n","protected":false},"author":101505,"featured_media":0,"parent":1729,"menu_order":2,"comment_status":"closed","ping_status":"closed","template":"","meta":{"_acf_changed":false,"footnotes":""},"categories":[],"tags":[],"class_list":["post-1099","page","type-page","status-publish","hentry"],"acf":[],"_links":{"self":[{"href":"https:\/\/semmelweis.hu\/fulorrgegeszet\/wp-json\/wp\/v2\/pages\/1099","targetHints":{"allow":["GET"]}}],"collection":[{"href":"https:\/\/semmelweis.hu\/fulorrgegeszet\/wp-json\/wp\/v2\/pages"}],"about":[{"href":"https:\/\/semmelweis.hu\/fulorrgegeszet\/wp-json\/wp\/v2\/types\/page"}],"author":[{"embeddable":true,"href":"https:\/\/semmelweis.hu\/fulorrgegeszet\/wp-json\/wp\/v2\/users\/101505"}],"replies":[{"embeddable":true,"href":"https:\/\/semmelweis.hu\/fulorrgegeszet\/wp-json\/wp\/v2\/comments?post=1099"}],"version-history":[{"count":10,"href":"https:\/\/semmelweis.hu\/fulorrgegeszet\/wp-json\/wp\/v2\/pages\/1099\/revisions"}],"predecessor-version":[{"id":2290,"href":"https:\/\/semmelweis.hu\/fulorrgegeszet\/wp-json\/wp\/v2\/pages\/1099\/revisions\/2290"}],"up":[{"embeddable":true,"href":"https:\/\/semmelweis.hu\/fulorrgegeszet\/wp-json\/wp\/v2\/pages\/1729"}],"wp:attachment":[{"href":"https:\/\/semmelweis.hu\/fulorrgegeszet\/wp-json\/wp\/v2\/media?parent=1099"}],"wp:term":[{"taxonomy":"category","embeddable":true,"href":"https:\/\/semmelweis.hu\/fulorrgegeszet\/wp-json\/wp\/v2\/categories?post=1099"},{"taxonomy":"post_tag","embeddable":true,"href":"https:\/\/semmelweis.hu\/fulorrgegeszet\/wp-json\/wp\/v2\/tags?post=1099"}],"curies":[{"name":"wp","href":"https:\/\/api.w.org\/{rel}","templated":true}]}}