{"id":1023,"date":"2018-10-12T13:06:39","date_gmt":"2018-10-12T11:06:39","guid":{"rendered":"http:\/\/semmelweis.hu\/fulorrgegeszet\/?page_id=1023"},"modified":"2025-12-03T10:41:23","modified_gmt":"2025-12-03T09:41:23","slug":"betegjogi-kepviselo","status":"publish","type":"page","link":"https:\/\/semmelweis.hu\/fulorrgegeszet\/betegeinknek\/betegjogi-kepviselo\/","title":{"rendered":"Betegjogi k\u00e9pvisel\u0151"},"content":{"rendered":"<p style=\"text-align: left\"><strong>Ter\u00fcletileg illet\u00e9kes betegjogi k\u00e9pvisel\u0151:<\/strong><\/p>\n<div class=\"keretes w-100\">\n<p style=\"text-align: left\"><span style=\"font-size: 18pt\"><strong>Dr. Mina Andr\u00e1s <br \/>\n<\/strong><\/span><\/p>\n<p style=\"text-align: left\"><strong>Telefonsz\u00e1ma<\/strong><strong>:<\/strong><strong>\u00a0 \u00a0<\/strong>0620\/489-9577<\/p>\n<p style=\"text-align: left\"><strong>El\u00e9rhet\u0151s\u00e9g<\/strong>:<br \/>\n<strong>h\u00e9tf\u0151t\u0151l-cs\u00fct\u00f6rt\u00f6kig<\/strong> 08:00 \u2013 16:30<br \/>\n<strong>p\u00e9nteken<\/strong> 08:00 \u2013 14:00\u00a0<\/p>\n<p style=\"text-align: justify\"><strong>E-mail c\u00edme<\/strong><strong>:<\/strong>\u00a0 andras.mina@ijb.emmi.gov.hu<\/p>\n<p style=\"text-align: justify\"><strong>Fogad\u00f3\u00f3ra id\u0151pontja<\/strong><strong>:\u00a0 <\/strong>telefonon el\u0151re egyeztetett id\u0151pontban<\/p>\n<p style=\"text-align: justify\"><strong>Fogad\u00f3\u00f3ra helye<\/strong><strong>: <\/strong>Semmelweis Egyetem K\u00fcls\u0151 Klinikai T\u00f6mb<br \/>\n(<span style=\"font-size: 12pt\">1088<\/span><span style=\"font-size: 10pt\"><span style=\"font-size: 12pt\"> Budapest, Balassa J. u.6.\u00a0 vagy \u00dcll\u0151i \u00fat 78<\/span>.) <\/span><\/p>\n<\/div>\n<p style=\"text-align: justify\">A JOGV\u00c9DELMI K\u00c9PVISEL\u0150 AZ INTEGR\u00c1LT JOGV\u00c9DELMI SZOLG\u00c1LAT (IJSZ) MUNKAT\u00c1RSA.\u00a0A JOGV\u00c9DELMI K\u00c9PVISEL\u0150 AZ EG\u00c9SZS\u00c9G\u00dcGYI INT\u00c9ZM\u00c9NYT\u0150L F\u00dcGGETLEN SZEM\u00c9LY.<\/p>\n<p style=\"text-align: justify\">A FENTI EL\u00c9RHET\u0150S\u00c9GEK SIKERTELENS\u00c9GE ESET\u00c9N AZ IJSZ Z\u00d6LDSZ\u00c1MA H\u00cdVHAT\u00d3: 06\/80-620-055<\/p>\n","protected":false},"excerpt":{"rendered":"<p>Ter\u00fcletileg illet\u00e9kes betegjogi k\u00e9pvisel\u0151: Dr. Mina Andr\u00e1s Telefonsz\u00e1ma:\u00a0 \u00a00620\/489-9577 El\u00e9rhet\u0151s\u00e9g: h\u00e9tf\u0151t\u0151l-cs\u00fct\u00f6rt\u00f6kig 08:00 \u2013 16:30 p\u00e9nteken 08:00 \u2013 14:00\u00a0 E-mail c\u00edme:\u00a0 andras.mina@ijb.emmi.gov.hu Fogad\u00f3\u00f3ra id\u0151pontja:\u00a0 telefonon el\u0151re egyeztetett id\u0151pontban Fogad\u00f3\u00f3ra helye: Semmelweis Egyetem K\u00fcls\u0151 Klinikai T\u00f6mb (1088 Budapest, Balassa J. u.6.\u00a0 vagy \u00dcll\u0151i \u00fat 78.) A JOGV\u00c9DELMI K\u00c9PVISEL\u0150 AZ INTEGR\u00c1LT JOGV\u00c9DELMI SZOLG\u00c1LAT (IJSZ) MUNKAT\u00c1RSA.\u00a0A JOGV\u00c9DELMI K\u00c9PVISEL\u0150 AZ &hellip;<\/p>\n","protected":false},"author":101505,"featured_media":0,"parent":218,"menu_order":7,"comment_status":"closed","ping_status":"closed","template":"","meta":{"_acf_changed":false,"footnotes":""},"categories":[],"tags":[],"class_list":["post-1023","page","type-page","status-publish","hentry"],"acf":[],"_links":{"self":[{"href":"https:\/\/semmelweis.hu\/fulorrgegeszet\/wp-json\/wp\/v2\/pages\/1023","targetHints":{"allow":["GET"]}}],"collection":[{"href":"https:\/\/semmelweis.hu\/fulorrgegeszet\/wp-json\/wp\/v2\/pages"}],"about":[{"href":"https:\/\/semmelweis.hu\/fulorrgegeszet\/wp-json\/wp\/v2\/types\/page"}],"author":[{"embeddable":true,"href":"https:\/\/semmelweis.hu\/fulorrgegeszet\/wp-json\/wp\/v2\/users\/101505"}],"replies":[{"embeddable":true,"href":"https:\/\/semmelweis.hu\/fulorrgegeszet\/wp-json\/wp\/v2\/comments?post=1023"}],"version-history":[{"count":11,"href":"https:\/\/semmelweis.hu\/fulorrgegeszet\/wp-json\/wp\/v2\/pages\/1023\/revisions"}],"predecessor-version":[{"id":2315,"href":"https:\/\/semmelweis.hu\/fulorrgegeszet\/wp-json\/wp\/v2\/pages\/1023\/revisions\/2315"}],"up":[{"embeddable":true,"href":"https:\/\/semmelweis.hu\/fulorrgegeszet\/wp-json\/wp\/v2\/pages\/218"}],"wp:attachment":[{"href":"https:\/\/semmelweis.hu\/fulorrgegeszet\/wp-json\/wp\/v2\/media?parent=1023"}],"wp:term":[{"taxonomy":"category","embeddable":true,"href":"https:\/\/semmelweis.hu\/fulorrgegeszet\/wp-json\/wp\/v2\/categories?post=1023"},{"taxonomy":"post_tag","embeddable":true,"href":"https:\/\/semmelweis.hu\/fulorrgegeszet\/wp-json\/wp\/v2\/tags?post=1023"}],"curies":[{"name":"wp","href":"https:\/\/api.w.org\/{rel}","templated":true}]}}