{"id":985,"date":"2014-02-06T14:28:52","date_gmt":"2014-02-06T13:28:52","guid":{"rendered":"http:\/\/semmelweis.hu\/fszoi\/?page_id=985"},"modified":"2026-02-02T11:41:14","modified_gmt":"2026-02-02T10:41:14","slug":"radiologiai-osztaly","status":"publish","type":"page","link":"https:\/\/semmelweis.hu\/fszoi\/jarobetegszakrendelesek-ambulanciak\/radiologiai-osztaly\/","title":{"rendered":"Radiol\u00f3giai oszt\u00e1ly"},"content":{"rendered":"<div class=\"w-100 keretes\"><strong>A szakrendel\u00e9s neve:<\/strong> <span style=\"color: #ff0000\"><strong>RADIOL\u00d3GIA OSZT\u00c1LY<\/strong><\/span><\/div>\n<p><strong>Helysz\u00edn:<\/strong><br \/>\n<strong><em>1088 Budapest, Szentkir\u00e1lyi utca 47.<\/em><\/strong><br \/>\nII. emelet<\/p>\n<p><strong>Rendel\u00e9si id\u0151 <strong>munkanapokon<\/strong>:<br \/>\n<\/strong>8.00-13.00 \u00f3r\u00e1ig<br \/>\n14.00-19.00 \u00f3r\u00e1ig<\/p>\n<p><strong>A rendel\u0151 orvos neve:<\/strong><br \/>\ndr. Kapor Kl\u00e1ra<\/p>\n<p><strong>Beutal\u00f3, el\u0151jegyz\u00e9si id\u0151pont sz\u00fcks\u00e9ges-e:<\/strong> NEM<strong><br \/>\n<\/strong><\/p>\n<p>A Radiol\u00f3giai Oszt\u00e1ly az Int\u00e9zet diagnosztikai h\u00e1tter\u00e9t szolg\u00e1ltatja. Amennyiben kiz\u00e1r\u00f3lag r\u00f6ntgent szeretne k\u00e9sz\u00edttetni, \u00fagy azt csak k\u00f6lts\u00e9gt\u00e9r\u00edt\u00e9ses jelleggel veheti ig\u00e9nybe. El\u0151zetes id\u0151pont-egyeztet\u00e9sre nincs lehet\u0151s\u00e9g.\u00a0<\/p>\n<p><strong>Telefonsz\u00e1m:<\/strong> 06\/1 317-6600<em>; <\/em><strong>59074<\/strong><em> mell\u00e9k<\/em><\/p>\n<div id=\"GroupWiseSection_1670397354000_kiss.monika1@dent.semmelweis-univ.hu_9524B90113600000B4706F6437393263_\" class=\"GroupWiseMessageBody active\">\n<div>\n<p><strong>A r\u00f6ntgen felv\u00e9tel kiad\u00e1s\u00e1nak k\u00e9t m\u00f3dja van:<\/strong><\/p>\n<\/div>\n<div>1. Szem\u00e9lyesen &#8211; a vizsg\u00e1lat napj\u00e1n<br \/>\nAz Int\u00e9zet Radiol\u00f3gia r\u00e9szleg\u00e9n a vizsg\u00e1lat ut\u00e1n jelezze a felv\u00e9telt k\u00e9sz\u00edt\u0151 koll\u00e9g\u00e1nak, aki a nap folyam\u00e1n e-mailen tov\u00e1bb\u00edtja az aznap elk\u00e9sz\u00fclt r\u00f6ntgen felv\u00e9telt. <span data-olk-copy-source=\"MessageBody\">Van lehet\u0151s\u00e9g szem\u00e9lyesen ut\u00f3lag is k\u00e9rni a Betegfelv\u00e9telen a felv\u00e9telt a TAJ k\u00e1rtya, szem\u00e9lyiigazolv\u00e1ny bemutat\u00e1sa ut\u00e1n.<\/span><\/div>\n<div>\u00a0<\/div>\n<div>2. Ut\u00f3lag &#8211; nem szem\u00e9lyesen k\u00e9rv\u00e9nyezve<br \/>\nA beteg a betegdokument\u00e1ci\u00f3 ir\u00e1nti k\u00e9relm\u00e9t az el\u0151\u00edrt formanyomtatv\u00e1nyon \u00e9s mell\u00e9kletekkel az Adatv\u00e9delmi \u00e9s Betegjogi K\u00f6zponthoz kell beny\u00fajtania (adatvedelem@semmelweis.hu). Az ABK megvizsg\u00e1lja a k\u00e9relmet, \u00e9s amennyiben az megfelel\u0151 \u00e9s a sz\u00fcks\u00e9ges mell\u00e9kletekkel is fel van szerelve, \u00fagy azt kiad\u00e1si javaslattal megk\u00fcldi a klinik\u00e1nak.<\/div>\n<div>\u00a0<\/div>\n<div>A k\u00e9relem k\u00f6telez\u0151 mell\u00e9kletei:<br \/>\nAz eg\u00e9szs\u00e9g\u00fcgyi dokument\u00e1ci\u00f3 kiad\u00e1sa ir\u00e1nti k\u00e9relemhez a k\u00e9relmez\u0151nek csatolnia kell a k\u00e9relem beny\u00fajt\u00e1s\u00e1hoz val\u00f3 jogosults\u00e1g\u00e1nak igazol\u00e1s\u00e1ra szolg\u00e1l\u00f3 okiratokat. A jogosults\u00e1g igazol\u00e1sa az \u00e9rintett szem\u00e9lyazonos\u00edt\u00e1sra alkalmas (f\u00e9nyk\u00e9pes szem\u00e9lyazonos\u00edt\u00f3 igazolv\u00e1ny) \u00e9s a jogosults\u00e1g igazol\u00e1s\u00e1ra szolg\u00e1l\u00f3 okirat (TAJ k\u00e1rtya, sz\u00fclet\u00e9si anyak\u00f6nyvi kivonat) m\u00e1solat\u00e1nak csatol\u00e1s\u00e1val.<br \/>\nA dokumentumot &#8211; ez esetben a r\u00f6ntgenfelv\u00e9telt &#8211; a klinika k\u00fcldi meg a k\u00e9relmez\u0151nek.<\/div>\n<\/div>\n<div>\u00a0<\/div>\n<div><a href=\"https:\/\/semmelweis.hu\/fszoi\/files\/2025\/05\/kerelem-egeszsegugyi-dokumentacioba-betekintesre-sajat-adat-1a.docx\">K\u00c9RELEM let\u00f6lt\u00e9se<\/a><\/div>\n","protected":false},"excerpt":{"rendered":"<p>A szakrendel\u00e9s neve: RADIOL\u00d3GIA OSZT\u00c1LY Helysz\u00edn: 1088 Budapest, Szentkir\u00e1lyi utca 47. II. emelet Rendel\u00e9si id\u0151 munkanapokon: 8.00-13.00 \u00f3r\u00e1ig 14.00-19.00 \u00f3r\u00e1ig A rendel\u0151 orvos neve: dr. Kapor Kl\u00e1ra Beutal\u00f3, el\u0151jegyz\u00e9si id\u0151pont sz\u00fcks\u00e9ges-e: NEM A Radiol\u00f3giai Oszt\u00e1ly az Int\u00e9zet diagnosztikai h\u00e1tter\u00e9t szolg\u00e1ltatja. Amennyiben kiz\u00e1r\u00f3lag r\u00f6ntgent szeretne k\u00e9sz\u00edttetni, \u00fagy azt csak k\u00f6lts\u00e9gt\u00e9r\u00edt\u00e9ses jelleggel veheti ig\u00e9nybe. El\u0151zetes id\u0151pont-egyeztet\u00e9sre nincs &hellip;<\/p>\n","protected":false},"author":188,"featured_media":0,"parent":958,"menu_order":1,"comment_status":"closed","ping_status":"closed","template":"","meta":{"_acf_changed":false,"footnotes":""},"categories":[],"tags":[],"class_list":["post-985","page","type-page","status-publish","hentry"],"acf":[],"_links":{"self":[{"href":"https:\/\/semmelweis.hu\/fszoi\/wp-json\/wp\/v2\/pages\/985","targetHints":{"allow":["GET"]}}],"collection":[{"href":"https:\/\/semmelweis.hu\/fszoi\/wp-json\/wp\/v2\/pages"}],"about":[{"href":"https:\/\/semmelweis.hu\/fszoi\/wp-json\/wp\/v2\/types\/page"}],"author":[{"embeddable":true,"href":"https:\/\/semmelweis.hu\/fszoi\/wp-json\/wp\/v2\/users\/188"}],"replies":[{"embeddable":true,"href":"https:\/\/semmelweis.hu\/fszoi\/wp-json\/wp\/v2\/comments?post=985"}],"version-history":[{"count":12,"href":"https:\/\/semmelweis.hu\/fszoi\/wp-json\/wp\/v2\/pages\/985\/revisions"}],"predecessor-version":[{"id":5603,"href":"https:\/\/semmelweis.hu\/fszoi\/wp-json\/wp\/v2\/pages\/985\/revisions\/5603"}],"up":[{"embeddable":true,"href":"https:\/\/semmelweis.hu\/fszoi\/wp-json\/wp\/v2\/pages\/958"}],"wp:attachment":[{"href":"https:\/\/semmelweis.hu\/fszoi\/wp-json\/wp\/v2\/media?parent=985"}],"wp:term":[{"taxonomy":"category","embeddable":true,"href":"https:\/\/semmelweis.hu\/fszoi\/wp-json\/wp\/v2\/categories?post=985"},{"taxonomy":"post_tag","embeddable":true,"href":"https:\/\/semmelweis.hu\/fszoi\/wp-json\/wp\/v2\/tags?post=985"}],"curies":[{"name":"wp","href":"https:\/\/api.w.org\/{rel}","templated":true}]}}