{"id":976,"date":"2014-02-06T14:21:07","date_gmt":"2014-02-06T13:21:07","guid":{"rendered":"http:\/\/semmelweis.hu\/fszoi\/?page_id=976"},"modified":"2026-02-02T11:38:11","modified_gmt":"2026-02-02T10:38:11","slug":"gyermekfogaszati-osztaly","status":"publish","type":"page","link":"https:\/\/semmelweis.hu\/fszoi\/jarobetegszakrendelesek-ambulanciak\/gyermekfogaszati-osztaly\/","title":{"rendered":"Gyermekfog\u00e1szati oszt\u00e1ly"},"content":{"rendered":"<div class=\"w-100 keretes\"><strong>A szakrendel\u00e9s neve:<\/strong> <span style=\"color: #ff0000\"><strong>GYERMEKFOG\u00c1SZATI OSZT\u00c1LY<\/strong><\/span><\/div>\n<p><strong style=\"font-size: 1rem\">Helysz\u00edn:<br \/>\n<\/strong><strong><em>1088 Budapest, Szentkir\u00e1lyi utca 47.<\/em><\/strong><br \/>\nIII. emelet 328. kezel\u0151<\/p>\n<p><strong>Rendel\u00e9si id\u0151 <strong>munkanapokon<\/strong>:<br \/>\n<\/strong>7.30-13.30 \u00f3r\u00e1ig<br \/>\n13.30-19.30 \u00f3r\u00e1ig<\/p>\n<p><strong>A rendel\u0151 orvosok neve:<\/p>\n<p>dr. Marczi N\u00f3ra, f\u0151orvos<\/strong><br \/>\ndr. Kiss Rita M\u00f3nika<br \/>\ndr. Pastyik Paula<br \/>\ndr. Perczel-Kov\u00e1ch Katalin<br \/>\ndr. L\u00e9vai Csenge<\/p>\n<p><strong>Beutal\u00f3, el\u0151jegyz\u00e9si id\u0151pont <span style=\"color: #ff0000\"><em>s\u00fcrg\u0151ss\u00e9gi ell\u00e1t\u00e1s<\/em><\/span> eset\u00e9n <span style=\"color: #ff0000\">NEM<\/span> sz\u00fcks\u00e9ges.<\/strong><strong><br \/>\n<\/strong><\/p>\n<div class=\"fontos_div\">\n<p><strong>Szakell\u00e1t\u00e1st azonban CSAK beutal\u00f3val rendelkez\u0151 p\u00e1cienseknek tudunk ny\u00fajtani!<\/strong><\/p>\n<\/div>\n<p><strong>Telefonsz\u00e1m:<\/strong> 06\/1 317-6600<em>; <\/em><strong>59087<\/strong> <em>mell\u00e9k<br \/>\n\u00a0 \u00a0 \u00a0 \u00a0 \u00a0 \u00a0 \u00a0 \u00a0 \u00a0 \u00a0\u00a0<\/em><\/p>\n","protected":false},"excerpt":{"rendered":"<p>A szakrendel\u00e9s neve: GYERMEKFOG\u00c1SZATI OSZT\u00c1LY Helysz\u00edn: 1088 Budapest, Szentkir\u00e1lyi utca 47. III. emelet 328. kezel\u0151 Rendel\u00e9si id\u0151 munkanapokon: 7.30-13.30 \u00f3r\u00e1ig 13.30-19.30 \u00f3r\u00e1ig A rendel\u0151 orvosok neve: dr. Marczi N\u00f3ra, f\u0151orvos dr. Kiss Rita M\u00f3nika dr. Pastyik Paula dr. Perczel-Kov\u00e1ch Katalin dr. L\u00e9vai Csenge Beutal\u00f3, el\u0151jegyz\u00e9si id\u0151pont s\u00fcrg\u0151ss\u00e9gi ell\u00e1t\u00e1s eset\u00e9n NEM sz\u00fcks\u00e9ges. Szakell\u00e1t\u00e1st azonban CSAK beutal\u00f3val &hellip;<\/p>\n","protected":false},"author":188,"featured_media":0,"parent":958,"menu_order":1,"comment_status":"closed","ping_status":"closed","template":"","meta":{"_acf_changed":false,"footnotes":""},"categories":[],"tags":[],"class_list":["post-976","page","type-page","status-publish","hentry"],"acf":[],"_links":{"self":[{"href":"https:\/\/semmelweis.hu\/fszoi\/wp-json\/wp\/v2\/pages\/976","targetHints":{"allow":["GET"]}}],"collection":[{"href":"https:\/\/semmelweis.hu\/fszoi\/wp-json\/wp\/v2\/pages"}],"about":[{"href":"https:\/\/semmelweis.hu\/fszoi\/wp-json\/wp\/v2\/types\/page"}],"author":[{"embeddable":true,"href":"https:\/\/semmelweis.hu\/fszoi\/wp-json\/wp\/v2\/users\/188"}],"replies":[{"embeddable":true,"href":"https:\/\/semmelweis.hu\/fszoi\/wp-json\/wp\/v2\/comments?post=976"}],"version-history":[{"count":12,"href":"https:\/\/semmelweis.hu\/fszoi\/wp-json\/wp\/v2\/pages\/976\/revisions"}],"predecessor-version":[{"id":5596,"href":"https:\/\/semmelweis.hu\/fszoi\/wp-json\/wp\/v2\/pages\/976\/revisions\/5596"}],"up":[{"embeddable":true,"href":"https:\/\/semmelweis.hu\/fszoi\/wp-json\/wp\/v2\/pages\/958"}],"wp:attachment":[{"href":"https:\/\/semmelweis.hu\/fszoi\/wp-json\/wp\/v2\/media?parent=976"}],"wp:term":[{"taxonomy":"category","embeddable":true,"href":"https:\/\/semmelweis.hu\/fszoi\/wp-json\/wp\/v2\/categories?post=976"},{"taxonomy":"post_tag","embeddable":true,"href":"https:\/\/semmelweis.hu\/fszoi\/wp-json\/wp\/v2\/tags?post=976"}],"curies":[{"name":"wp","href":"https:\/\/api.w.org\/{rel}","templated":true}]}}