{"id":974,"date":"2014-02-06T14:18:56","date_gmt":"2014-02-06T13:18:56","guid":{"rendered":"http:\/\/semmelweis.hu\/fszoi\/?page_id=974"},"modified":"2026-02-02T11:41:32","modified_gmt":"2026-02-02T10:41:32","slug":"fogszabalyozasi-osztaly","status":"publish","type":"page","link":"https:\/\/semmelweis.hu\/fszoi\/jarobetegszakrendelesek-ambulanciak\/fogszabalyozasi-osztaly\/","title":{"rendered":"Fogszab\u00e1lyoz\u00e1si oszt\u00e1ly"},"content":{"rendered":"<div class=\"w-100 keretes\"><strong>A szakrendel\u00e9s neve:<\/strong> <span style=\"color: #ff0000\"><strong>FOGSZAB\u00c1LYOZ\u00c1SI OSZT\u00c1LY<\/strong><\/span><\/div>\n<p><a href=\"https:\/\/semmelweis.hu\/fszoi\/jarobetegszakrendelesek-ambulanciak\/fogszabalyozasi-osztaly\/tajekoztatas\/\"><strong>R\u00e9szletes t\u00e1j\u00e9koztat\u00f3 a fogszab\u00e1lyz\u00f3 haszn\u00e1lat\u00e1hoz \u00e9s tiszt\u00edt\u00e1s\u00e1hoz<\/strong><\/a><\/p>\n<p><strong>Helysz\u00edn:<\/strong><br \/>\n<strong><em>1088 Budapest, Szentkir\u00e1lyi utca 47.<\/em><\/strong><br \/>\nV. emelet 508. kezel\u0151<\/p>\n<p><strong>Rendel\u00e9si id\u0151 <strong>munkanapokon<\/strong>:<br \/>\n<\/strong>7.30-13.30 \u00f3r\u00e1ig<br \/>\n13.30-19.30 \u00f3r\u00e1ig<\/p>\n<p><strong>A rendel\u0151 orvosok neve:<\/strong><\/p>\n<p><strong>dr. Tokai \u00c9va, f\u0151orvos<\/strong><br \/>\ndr. K\u00edgy\u00f3ssy Eszter<br \/>\ndr. Struh\u00e1r Gabriella<br \/>\ndr. Er\u0151ss R\u00e9ka<br \/>\ndr. T\u00e1bi Dalma<br \/>\ndr. Nagy \u00c1gnes<br \/>\ndr. Szanyi M\u00e1t\u00e9<br \/>\ndr. B\u00e1nkuti Szimonetta<br \/>\ndr. T\u00f3ducz Emma<br \/>\ndr. P\u00f6rzse Vir\u00e1g<br \/>\ndr. Varga Csenge<br \/>\ndr. Barab\u00e1s Eszter<br \/>\ndr. G\u00e1tos Mikl\u00f3s<br \/>\ndr. B\u00e1nfi \u00c1gnes<\/p>\n<p><strong>Beutal\u00f3, el\u0151jegyz\u00e9si id\u0151pont sz\u00fcks\u00e9ges-e:<\/strong> IGEN<strong><br \/>\n<\/strong><\/p>\n<div class=\"w-100 keretes\"><b data-olk-copy-source=\"MessageBody\">Id\u0151pontk\u00e9r\u00e9s m\u00f3dja<\/b><\/div>\n<p><span style=\"font-size: 1rem\">\u00daj p\u00e1cienseink telefonon tudnak id\u0151pontot k\u00e9rni az els\u0151 konzult\u00e1ci\u00f3ra.<\/p>\n<p><\/span><span style=\"font-size: 1rem\">Koll\u00e9g\u00e1ink &#8211; kapacit\u00e1st\u00f3l f\u00fcgg\u0151en &#8211; a h\u00edv\u00e1sokat minden h\u00e9tf\u0151n \u00e9s szerd\u00e1n <strong>8:00<\/strong> \u00e9s <strong>9:00<\/strong> \u00f3ra k\u00f6z\u00f6tt fogadj\u00e1k az al\u00e1bbi telefonsz\u00e1mon:<em><strong> 06 20 885 9079<\/strong><\/em><\/p>\n<p><\/span><span style=\"font-size: 1rem\">K\u00e9rj\u00fck, vegy\u00e9k figyelembe, hogy id\u0151pontot kiz\u00e1r\u00f3lag azoknak a p\u00e1cienseknek tudunk adni, akik k\u00f6rzetileg Int\u00e9zet\u00fcnkh\u00f6z tartoznak.<\/span><\/p>\n<div class=\"w-100 keretes\"><span style=\"color: #ff0000\"><b style=\"font-size: 1rem\">Fontos tudnival\u00f3k az els\u0151 vizsg\u00e1latra jelentkez\u0151k sz\u00e1m\u00e1ra<\/b><\/span><\/div>\n<p><span style=\"font-size: 1rem\">A fogszab\u00e1lyoz\u00f3 konzult\u00e1ci\u00f3ra k\u00e9rj\u00fck, h\u00e1rom h\u00f3napn\u00e1l nem r\u00e9gebbi fogorvosi beutal\u00f3val \u00e9rkezzenek.<\/p>\n<p><\/span><span style=\"font-size: 1rem\">A vizsg\u00e1lat megkezd\u00e9s\u00e9nek felt\u00e9tele a szan\u00e1lt fogazat \u00e9s a megfelel\u0151 sz\u00e1jhigi\u00e9nia, vagyis ne legyen szuvas fog, fogk\u0151 vagy \u00ednygyullad\u00e1s.<\/p>\n<p><\/span><span style=\"font-size: 1rem\">A kezel\u00e9s megkezd\u00e9s\u00e9hez elengedhetetlen a rendszeres, alapos fogmos\u00e1s \u00e9s a j\u00f3 sz\u00e1jhigi\u00e9ni\u00e1s szok\u00e1sok kialak\u00edt\u00e1sa.<\/p>\n<p><\/span><span style=\"font-size: 1rem\">A legels\u0151 alkalommal konzult\u00e1ci\u00f3 t\u00f6rt\u00e9nik, amely sor\u00e1n megt\u00f6rt\u00e9nik a p\u00e1ciens \u00e1llapotfelm\u00e9r\u00e9se.<\/p>\n<p><\/span><span style=\"font-size: 1rem\">Kezel\u0151orvos kijel\u00f6l\u00e9s\u00e9re akkor ker\u00fcl sor, amikor a p\u00e1ciens a kezel\u00e9s megkezd\u00e9s\u00e9hez sz\u00fcks\u00e9ges felt\u00e9teleknek megfelel, \u00e9s arra k\u00e9szen \u00e1ll.<\/span><\/p>\n<div class=\"w-100 keretes\"><b style=\"font-size: 1rem\">Finansz\u00edroz\u00e1s \u00e9s d\u00edjszab\u00e1s feln\u0151tteknek<\/b><\/div>\n<p><span style=\"font-size: 1rem\">T\u00e1j\u00e9koztatjuk p\u00e1cienseinket, hogy feln\u0151ttkorban a fogszab\u00e1lyoz\u00f3 kezel\u00e9sek t\u00e1rsadalombiztos\u00edt\u00e1si (TB) finansz\u00edroz\u00e1s keret\u00e9ben\u00a0<\/span><b style=\"font-size: 1rem\">NEM<\/b><span style=\"font-size: 1rem\"> el\u00e9rhet\u0151k.<\/p>\n<p><\/span><span style=\"font-size: 1rem\">Feln\u0151tt p\u00e1cienseink sz\u00e1m\u00e1ra t\u00e9r\u00edt\u00e9ses ell\u00e1t\u00e1s keret\u00e9ben tudunk kezel\u00e9st biztos\u00edtani.<\/p>\n<p><\/span><span style=\"font-size: 1rem\">A kezel\u00e9sek d\u00edjszab\u00e1s\u00e1r\u00f3l \u00e9s a fizet\u00e9si felt\u00e9telekr\u0151l munkat\u00e1rsaink szem\u00e9lyesen, id\u0151pont-egyeztet\u00e9st k\u00f6vet\u0151en, a helysz\u00ednen adnak r\u00e9szletes t\u00e1j\u00e9koztat\u00e1st.<\/span><\/p>\n<div class=\"fontos_div\">\n<p><strong style=\"background-color: transparent;color: #313b40;font-family: Montserrat, sans-serif\"><span style=\"font-size: 1rem\">Meg\u00e9rt\u00e9s\u00fcket \u00e9s egy\u00fcttm\u0171k\u00f6d\u00e9s\u00fcket k\u00f6sz\u00f6nj\u00fck!<\/span><\/strong><\/p>\n<\/div>\n<div>\u00a0<\/div>\n<div class=\"keretes w-100\">\n<p><strong>e-beutal\u00f3 \u00edr\u00e1s\u00e1hoz sz\u00fcks\u00e9ges inform\u00e1ci\u00f3k:<\/strong><br \/>\nSemmelweis Egyetem<br \/>\n000025139<\/p>\n<\/div>\n","protected":false},"excerpt":{"rendered":"<p>A szakrendel\u00e9s neve: FOGSZAB\u00c1LYOZ\u00c1SI OSZT\u00c1LY <a href=\"https:\/\/semmelweis.hu\/fszoi\/jarobetegszakrendelesek-ambulanciak\/fogszabalyozasi-osztaly\/tajekoztatas\/\">R\u00e9szletes t\u00e1j\u00e9koztat\u00f3 a fogszab\u00e1lyz\u00f3 haszn\u00e1lat\u00e1hoz \u00e9s tiszt\u00edt\u00e1s\u00e1hoz<\/a> Helysz\u00edn: 1088 Budapest, Szentkir\u00e1lyi utca 47. V. emelet 508. kezel\u0151 Rendel\u00e9si id\u0151 munkanapokon: 7.30-13.30 \u00f3r\u00e1ig 13.30-19.30 \u00f3r\u00e1ig A rendel\u0151 orvosok neve: dr. Tokai \u00c9va, f\u0151orvos dr. K\u00edgy\u00f3ssy Eszter dr. Struh\u00e1r Gabriella dr. Er\u0151ss R\u00e9ka dr. T\u00e1bi Dalma dr. Nagy \u00c1gnes dr. Szanyi M\u00e1t\u00e9 dr. B\u00e1nkuti Szimonetta dr. T\u00f3ducz Emma dr. &hellip;<\/p>\n","protected":false},"author":188,"featured_media":0,"parent":958,"menu_order":1,"comment_status":"closed","ping_status":"closed","template":"","meta":{"_acf_changed":false,"footnotes":""},"categories":[],"tags":[],"class_list":["post-974","page","type-page","status-publish","hentry"],"acf":[],"_links":{"self":[{"href":"https:\/\/semmelweis.hu\/fszoi\/wp-json\/wp\/v2\/pages\/974","targetHints":{"allow":["GET"]}}],"collection":[{"href":"https:\/\/semmelweis.hu\/fszoi\/wp-json\/wp\/v2\/pages"}],"about":[{"href":"https:\/\/semmelweis.hu\/fszoi\/wp-json\/wp\/v2\/types\/page"}],"author":[{"embeddable":true,"href":"https:\/\/semmelweis.hu\/fszoi\/wp-json\/wp\/v2\/users\/188"}],"replies":[{"embeddable":true,"href":"https:\/\/semmelweis.hu\/fszoi\/wp-json\/wp\/v2\/comments?post=974"}],"version-history":[{"count":12,"href":"https:\/\/semmelweis.hu\/fszoi\/wp-json\/wp\/v2\/pages\/974\/revisions"}],"predecessor-version":[{"id":5604,"href":"https:\/\/semmelweis.hu\/fszoi\/wp-json\/wp\/v2\/pages\/974\/revisions\/5604"}],"up":[{"embeddable":true,"href":"https:\/\/semmelweis.hu\/fszoi\/wp-json\/wp\/v2\/pages\/958"}],"wp:attachment":[{"href":"https:\/\/semmelweis.hu\/fszoi\/wp-json\/wp\/v2\/media?parent=974"}],"wp:term":[{"taxonomy":"category","embeddable":true,"href":"https:\/\/semmelweis.hu\/fszoi\/wp-json\/wp\/v2\/categories?post=974"},{"taxonomy":"post_tag","embeddable":true,"href":"https:\/\/semmelweis.hu\/fszoi\/wp-json\/wp\/v2\/tags?post=974"}],"curies":[{"name":"wp","href":"https:\/\/api.w.org\/{rel}","templated":true}]}}