{"id":972,"date":"2014-02-06T14:13:53","date_gmt":"2014-02-06T13:13:53","guid":{"rendered":"http:\/\/semmelweis.hu\/fszoi\/?page_id=972"},"modified":"2026-02-02T11:38:22","modified_gmt":"2026-02-02T10:38:22","slug":"konzervalo-fogaszati-es-fogpotlastani-osztaly","status":"publish","type":"page","link":"https:\/\/semmelweis.hu\/fszoi\/jarobetegszakrendelesek-ambulanciak\/konzervalo-fogaszati-es-fogpotlastani-osztaly\/","title":{"rendered":"Fogp\u00f3tl\u00e1stani oszt\u00e1ly"},"content":{"rendered":"<div class=\"w-100 keretes\"><strong>A szakrendel\u00e9s neve:<\/strong> <span style=\"color: #ff0000\"><strong>FOGP\u00d3TL\u00c1STANI OSZT\u00c1LY<\/strong><\/span><\/div>\n<p><strong style=\"font-size: 1rem\">Helysz\u00edn:<\/strong><\/p>\n<p><strong><em>1088 Budapest, Szentkir\u00e1lyi utca 47.<\/em><br \/>\n<\/strong>VI. emelet 608. kezel\u0151<br \/>\nVII. emelet 708. kezel\u0151<\/p>\n<p><strong>Rendel\u00e9si id\u0151 <strong>munkanapokon<\/strong>:<br \/>\n<\/strong>7.30-13.30 \u00f3r\u00e1ig<br \/>\n13.30-19.30 \u00f3r\u00e1ig<\/p>\n<p><strong>A rendel\u0151 orvosok neve:<\/p>\n<p>dr. Szathm\u00e1ri-M\u00e9sz\u00e1ros No\u00e9mi, f\u0151orvos<\/strong><br \/>\ndr. Ors\u00f3s Merc\u00e9desz\u00a0<br \/>\ndr. \u00c1rki Zsuzsanna<br \/>\ndr. Gallatz Katalin<br \/>\ndr. Kapor Kl\u00e1ra<br \/>\ndr. Moln\u00e1r Andr\u00e1s<br \/>\ndr. N\u00e9meth-Csurilla Vikt\u00f3ria<br \/>\ndr. Nov\u00e1k Vikt\u00f3ria<br \/>\ndr. Kov\u00e1cs Dorottya<br \/>\ndr. Urb\u00e1n Kitti<br \/>\ndr. Kaposi Benedek<br \/>\ndr. Karsai Istv\u00e1n Kevin<br \/>\ndr. R\u00e9z Rebeka<\/p>\n<p><strong>Beutal\u00f3, el\u0151jegyz\u00e9si id\u0151pont sz\u00fcks\u00e9ges-e: <\/strong>NEM<strong><br \/>\n<\/strong><\/p>\n<p><strong>Telefonsz\u00e1m:<\/strong> 06\/1 <em>317-6600; <\/em><\/p>\n<p>608. kezel\u0151: <strong>59080, 59082 <\/strong><em>mell\u00e9kek<br \/>\n<\/em>708. kezel\u0151: <strong>59083<\/strong> <em>mell\u00e9k<\/em><\/p>\n","protected":false},"excerpt":{"rendered":"<p>A szakrendel\u00e9s neve: FOGP\u00d3TL\u00c1STANI OSZT\u00c1LY Helysz\u00edn: 1088 Budapest, Szentkir\u00e1lyi utca 47. VI. emelet 608. kezel\u0151 VII. emelet 708. kezel\u0151 Rendel\u00e9si id\u0151 munkanapokon: 7.30-13.30 \u00f3r\u00e1ig 13.30-19.30 \u00f3r\u00e1ig A rendel\u0151 orvosok neve: dr. Szathm\u00e1ri-M\u00e9sz\u00e1ros No\u00e9mi, f\u0151orvos dr. Ors\u00f3s Merc\u00e9desz\u00a0 dr. \u00c1rki Zsuzsanna dr. Gallatz Katalin dr. Kapor Kl\u00e1ra dr. Moln\u00e1r Andr\u00e1s dr. N\u00e9meth-Csurilla Vikt\u00f3ria dr. Nov\u00e1k Vikt\u00f3ria &hellip;<\/p>\n","protected":false},"author":188,"featured_media":0,"parent":958,"menu_order":1,"comment_status":"closed","ping_status":"closed","template":"","meta":{"_acf_changed":false,"footnotes":""},"categories":[],"tags":[],"class_list":["post-972","page","type-page","status-publish","hentry"],"acf":[],"_links":{"self":[{"href":"https:\/\/semmelweis.hu\/fszoi\/wp-json\/wp\/v2\/pages\/972","targetHints":{"allow":["GET"]}}],"collection":[{"href":"https:\/\/semmelweis.hu\/fszoi\/wp-json\/wp\/v2\/pages"}],"about":[{"href":"https:\/\/semmelweis.hu\/fszoi\/wp-json\/wp\/v2\/types\/page"}],"author":[{"embeddable":true,"href":"https:\/\/semmelweis.hu\/fszoi\/wp-json\/wp\/v2\/users\/188"}],"replies":[{"embeddable":true,"href":"https:\/\/semmelweis.hu\/fszoi\/wp-json\/wp\/v2\/comments?post=972"}],"version-history":[{"count":12,"href":"https:\/\/semmelweis.hu\/fszoi\/wp-json\/wp\/v2\/pages\/972\/revisions"}],"predecessor-version":[{"id":5597,"href":"https:\/\/semmelweis.hu\/fszoi\/wp-json\/wp\/v2\/pages\/972\/revisions\/5597"}],"up":[{"embeddable":true,"href":"https:\/\/semmelweis.hu\/fszoi\/wp-json\/wp\/v2\/pages\/958"}],"wp:attachment":[{"href":"https:\/\/semmelweis.hu\/fszoi\/wp-json\/wp\/v2\/media?parent=972"}],"wp:term":[{"taxonomy":"category","embeddable":true,"href":"https:\/\/semmelweis.hu\/fszoi\/wp-json\/wp\/v2\/categories?post=972"},{"taxonomy":"post_tag","embeddable":true,"href":"https:\/\/semmelweis.hu\/fszoi\/wp-json\/wp\/v2\/tags?post=972"}],"curies":[{"name":"wp","href":"https:\/\/api.w.org\/{rel}","templated":true}]}}