{"id":969,"date":"2014-02-06T14:11:11","date_gmt":"2014-02-06T13:11:11","guid":{"rendered":"http:\/\/semmelweis.hu\/fszoi\/?page_id=969"},"modified":"2026-02-02T11:38:45","modified_gmt":"2026-02-02T10:38:45","slug":"parodontologiai-osztaly","status":"publish","type":"page","link":"https:\/\/semmelweis.hu\/fszoi\/jarobetegszakrendelesek-ambulanciak\/parodontologiai-osztaly\/","title":{"rendered":"Parodontol\u00f3giai oszt\u00e1ly"},"content":{"rendered":"<div class=\"w-100 keretes\"><strong>A szakrendel\u00e9s neve:<\/strong> <span style=\"color: #ff0000\"><strong>PARODONTOL\u00d3GIA OSZT\u00c1LY<\/strong><\/span><\/div>\n<p><strong>Helysz\u00edn:<br \/>\n<\/strong><strong><em>1088 Budapest, Szentkir\u00e1lyi utca 47.<\/em><\/strong><br \/>\nIV. emelet 410. kezel\u0151<\/p>\n<p><strong>Rendel\u00e9si id\u0151 <strong>munkanapokon<\/strong>:<br \/>\n<\/strong>8.00-13.00 \u00f3r\u00e1ig<br \/>\n14.00-19.00 \u00f3r\u00e1ig<\/p>\n<p><strong>7.00-8.00, valamint 13.00-14.00 \u00f3ra k\u00f6z\u00f6tt a rendel\u0151 z\u00e1r\u00f3 fert\u0151tlen\u00edt\u00e9se zajlik.<\/strong><\/p>\n<p><strong>A rendel\u0151 orvosok neve:<\/strong><\/p>\n<p><strong>dr. B\u00fcchler J\u00e1nos, f\u0151orvos<\/strong><br \/>\ndr. Uhrin Eszter<br \/>\ndr. Ma\u00e1r Nikolett<br \/>\ndr. Bogn\u00e1r Vir\u00e1g<br \/>\ndr. S\u00e1rai Zsombor<br \/>\ndr. Fekete Benj\u00e1min<br \/>\ndr. Bajsz Norman<br \/>\ndr. Domokos Zsuzsanna<\/p>\n<p><strong>Beutal\u00f3 sz\u00fcks\u00e9ges-e: <\/strong>IGEN<strong><br \/>\n<\/strong><\/p>\n<p>Telefonos id\u0151pont-egyeztet\u00e9sre nincs lehet\u0151s\u00e9g!<\/p>\n<p><strong>Telefonsz\u00e1m:<\/strong> 06\/1 317-6600;\u00a0<b>59077<\/b><em>\u00a0mell\u00e9k<br \/>\n<\/em><\/p>\n<div class=\"w-100 keretes\"><strong>e-beutal\u00f3 \u00edr\u00e1s\u00e1hoz sz\u00fcks\u00e9ges inform\u00e1ci\u00f3k:<\/strong><br \/>\nSemmelweis Egyetem<br \/>\n000025141<\/div>\n<p><em>\u00a0<\/em><\/p>\n","protected":false},"excerpt":{"rendered":"<p>A szakrendel\u00e9s neve: PARODONTOL\u00d3GIA OSZT\u00c1LY Helysz\u00edn: 1088 Budapest, Szentkir\u00e1lyi utca 47. IV. emelet 410. kezel\u0151 Rendel\u00e9si id\u0151 munkanapokon: 8.00-13.00 \u00f3r\u00e1ig 14.00-19.00 \u00f3r\u00e1ig 7.00-8.00, valamint 13.00-14.00 \u00f3ra k\u00f6z\u00f6tt a rendel\u0151 z\u00e1r\u00f3 fert\u0151tlen\u00edt\u00e9se zajlik. A rendel\u0151 orvosok neve: dr. B\u00fcchler J\u00e1nos, f\u0151orvos dr. Uhrin Eszter dr. Ma\u00e1r Nikolett dr. Bogn\u00e1r Vir\u00e1g dr. S\u00e1rai Zsombor dr. Fekete Benj\u00e1min &hellip;<\/p>\n","protected":false},"author":188,"featured_media":0,"parent":958,"menu_order":1,"comment_status":"closed","ping_status":"closed","template":"","meta":{"_acf_changed":false,"footnotes":""},"categories":[],"tags":[],"class_list":["post-969","page","type-page","status-publish","hentry"],"acf":[],"_links":{"self":[{"href":"https:\/\/semmelweis.hu\/fszoi\/wp-json\/wp\/v2\/pages\/969","targetHints":{"allow":["GET"]}}],"collection":[{"href":"https:\/\/semmelweis.hu\/fszoi\/wp-json\/wp\/v2\/pages"}],"about":[{"href":"https:\/\/semmelweis.hu\/fszoi\/wp-json\/wp\/v2\/types\/page"}],"author":[{"embeddable":true,"href":"https:\/\/semmelweis.hu\/fszoi\/wp-json\/wp\/v2\/users\/188"}],"replies":[{"embeddable":true,"href":"https:\/\/semmelweis.hu\/fszoi\/wp-json\/wp\/v2\/comments?post=969"}],"version-history":[{"count":12,"href":"https:\/\/semmelweis.hu\/fszoi\/wp-json\/wp\/v2\/pages\/969\/revisions"}],"predecessor-version":[{"id":5598,"href":"https:\/\/semmelweis.hu\/fszoi\/wp-json\/wp\/v2\/pages\/969\/revisions\/5598"}],"up":[{"embeddable":true,"href":"https:\/\/semmelweis.hu\/fszoi\/wp-json\/wp\/v2\/pages\/958"}],"wp:attachment":[{"href":"https:\/\/semmelweis.hu\/fszoi\/wp-json\/wp\/v2\/media?parent=969"}],"wp:term":[{"taxonomy":"category","embeddable":true,"href":"https:\/\/semmelweis.hu\/fszoi\/wp-json\/wp\/v2\/categories?post=969"},{"taxonomy":"post_tag","embeddable":true,"href":"https:\/\/semmelweis.hu\/fszoi\/wp-json\/wp\/v2\/tags?post=969"}],"curies":[{"name":"wp","href":"https:\/\/api.w.org\/{rel}","templated":true}]}}