{"id":966,"date":"2014-02-06T14:03:46","date_gmt":"2014-02-06T13:03:46","guid":{"rendered":"http:\/\/semmelweis.hu\/fszoi\/?page_id=966"},"modified":"2026-02-19T19:17:10","modified_gmt":"2026-02-19T18:17:10","slug":"szajsebeszeti-osztaly","status":"publish","type":"page","link":"https:\/\/semmelweis.hu\/fszoi\/jarobetegszakrendelesek-ambulanciak\/szajsebeszeti-osztaly\/","title":{"rendered":"Sz\u00e1jseb\u00e9szeti oszt\u00e1ly"},"content":{"rendered":"<div class=\"w-100 keretes\"><strong>Szakrendel\u00e9s neve: <span style=\"color: #ff0000\">SZ\u00c1JSEB\u00c9SZETI OSZT\u00c1LY<\/span><\/strong><\/div>\n<p><strong style=\"font-size: 1rem\">Helysz\u00edn:<\/strong><\/p>\n<p><strong><em>1085 Budapest, M\u00e1ria utca 52.<\/em><\/strong><br \/>\nII. emelet<\/p>\n<p><strong>Rendel\u00e9si id\u0151 munkanapokon:<br \/>\n<\/strong>8.00-13.00 \u00f3r\u00e1ig<br \/>\n14.00-19.00 \u00f3r\u00e1ig<\/p>\n<p><strong>7.00-8.00, valamint 13.00-14.00 \u00f3ra k\u00f6z\u00f6tt a rendel\u0151 z\u00e1r\u00f3 fert\u0151tlen\u00edt\u00e9se zajlik.<\/strong><\/p>\n<p><strong>A rendel\u0151 orvosok neve:<\/strong><\/p>\n<p><strong>Dr. Kivovics M\u00e1rton, f\u0151orvos<\/strong><br \/>\ndr. Szerencse Csilla<br \/>\ndr. Iv\u00e1nyi D\u00f3ra<br \/>\ndr. Kerkovits B\u00e1lint<br \/>\ndr. Gazdig Gergely<br \/>\ndr. Szirmai-Szab\u00f3 Emese<br \/>\ndr. Ol\u00e1h Gergely<br \/>\ndr. Csokonay Gerg\u0151<br \/>\ndr. Tak\u00e1cs Anna<br \/>\ndr. Nagy-Csoma Luca<br \/>\ndr. Karay Orsolya<br \/>\ndr. Kirj\u00e1k Gy\u00e1rf\u00e1s<br \/>\ndr. Matiashvili Irakli<br \/>\ndr. Do Anh Tu<br \/>\ndr. Rapszky Ren\u00e1ta<br \/>\ndr. Ag\u00f3cs Edina<br \/>\ndr. Balogh J\u00falia<br \/>\ndr. Vodny\u00e1nsznki \u00c1kos<br \/>\ndr. Luu Le Duc Viet D\u00e1vid<\/p>\n<p><strong>Beutal\u00f3 sz\u00fcks\u00e9ges-e: <\/strong>IGEN<strong><br \/>\n<\/strong><\/p>\n<p>Amennyiben a p\u00e1ciens nem rendelkezik beutal\u00f3val, \u00fagy az oszt\u00e1ly a <strong><a href=\"https:\/\/semmelweis.hu\/fszoi\/jarobetegszakrendelesek-ambulanciak\/betegfelveteli-es-surgossegi-osztaly\/\">Fog\u00e1szati \u00fcgyeleti ell\u00e1t\u00e1son\u00a0<\/a><\/strong> kereszt\u00fcl \u00e9rhet\u0151 el.<\/p>\n<p><strong>Telefonsz\u00e1m:<\/strong> 06\/1 317-6600<em>; <\/em><strong>55890<\/strong><em> mell\u00e9k<\/em><\/p>\n<div class=\"x_MsoNormal w-100 keretes\" data-olk-copy-source=\"MessageBody\"><strong>e-beutal\u00f3 \u00edr\u00e1s\u00e1hoz sz\u00fcks\u00e9ges inform\u00e1ci\u00f3k:<\/strong><br \/>\nSemmelweis Egyetem<br \/>\n000025162<\/div>\n","protected":false},"excerpt":{"rendered":"<p>Szakrendel\u00e9s neve: SZ\u00c1JSEB\u00c9SZETI OSZT\u00c1LY Helysz\u00edn: 1085 Budapest, M\u00e1ria utca 52. II. emelet Rendel\u00e9si id\u0151 munkanapokon: 8.00-13.00 \u00f3r\u00e1ig 14.00-19.00 \u00f3r\u00e1ig 7.00-8.00, valamint 13.00-14.00 \u00f3ra k\u00f6z\u00f6tt a rendel\u0151 z\u00e1r\u00f3 fert\u0151tlen\u00edt\u00e9se zajlik. A rendel\u0151 orvosok neve: Dr. Kivovics M\u00e1rton, f\u0151orvos dr. Szerencse Csilla dr. Iv\u00e1nyi D\u00f3ra dr. Kerkovits B\u00e1lint dr. Gazdig Gergely dr. Szirmai-Szab\u00f3 Emese dr. Ol\u00e1h Gergely &hellip;<\/p>\n","protected":false},"author":188,"featured_media":0,"parent":958,"menu_order":1,"comment_status":"closed","ping_status":"closed","template":"","meta":{"_acf_changed":false,"footnotes":""},"categories":[],"tags":[],"class_list":["post-966","page","type-page","status-publish","hentry"],"acf":[],"_links":{"self":[{"href":"https:\/\/semmelweis.hu\/fszoi\/wp-json\/wp\/v2\/pages\/966","targetHints":{"allow":["GET"]}}],"collection":[{"href":"https:\/\/semmelweis.hu\/fszoi\/wp-json\/wp\/v2\/pages"}],"about":[{"href":"https:\/\/semmelweis.hu\/fszoi\/wp-json\/wp\/v2\/types\/page"}],"author":[{"embeddable":true,"href":"https:\/\/semmelweis.hu\/fszoi\/wp-json\/wp\/v2\/users\/188"}],"replies":[{"embeddable":true,"href":"https:\/\/semmelweis.hu\/fszoi\/wp-json\/wp\/v2\/comments?post=966"}],"version-history":[{"count":12,"href":"https:\/\/semmelweis.hu\/fszoi\/wp-json\/wp\/v2\/pages\/966\/revisions"}],"predecessor-version":[{"id":5643,"href":"https:\/\/semmelweis.hu\/fszoi\/wp-json\/wp\/v2\/pages\/966\/revisions\/5643"}],"up":[{"embeddable":true,"href":"https:\/\/semmelweis.hu\/fszoi\/wp-json\/wp\/v2\/pages\/958"}],"wp:attachment":[{"href":"https:\/\/semmelweis.hu\/fszoi\/wp-json\/wp\/v2\/media?parent=966"}],"wp:term":[{"taxonomy":"category","embeddable":true,"href":"https:\/\/semmelweis.hu\/fszoi\/wp-json\/wp\/v2\/categories?post=966"},{"taxonomy":"post_tag","embeddable":true,"href":"https:\/\/semmelweis.hu\/fszoi\/wp-json\/wp\/v2\/tags?post=966"}],"curies":[{"name":"wp","href":"https:\/\/api.w.org\/{rel}","templated":true}]}}