{"id":963,"date":"2014-02-06T13:51:20","date_gmt":"2014-02-06T12:51:20","guid":{"rendered":"http:\/\/semmelweis.hu\/fszoi\/?page_id=963"},"modified":"2025-03-14T12:13:29","modified_gmt":"2025-03-14T11:13:29","slug":"betegfelveteli-es-surgossegi-osztaly","status":"publish","type":"page","link":"https:\/\/semmelweis.hu\/fszoi\/jarobetegszakrendelesek-ambulanciak\/betegfelveteli-es-surgossegi-osztaly\/","title":{"rendered":"Fog\u00e1szati \u00fcgyeleti ell\u00e1t\u00e1s"},"content":{"rendered":"<div class=\"w-100 keretes\"><strong>A szakrendel\u00e9s neve:<\/strong> <span style=\"color: #ff0000\"><strong>FOG\u00c1SZATI \u00dcGYELETI ELL\u00c1T\u00c1S<\/strong><\/span><\/div>\n<div>\u00a0<\/div>\n<div class=\"w-100\"><strong><u>H\u00c9TK\u00d6ZNAP:<\/u><\/strong>\u00a0\u00a0\u00a0\u00a0\u00a0\u00a0\u00a0\u00a0\u00a0 <em>Szentkir\u00e1lyi utca 47.<\/em>\u00a0 \u00a0 \u00a0 \u00a0 \u00a0 <strong>7.30-13.30<\/strong> \u00f3r\u00e1ig, <strong>13.30-19.30<\/strong> \u00f3r\u00e1ig<\/div>\n<div>\u00a0<\/div>\n<div class=\"w-100\"><strong><u>H\u00c9TV\u00c9GE:<\/u><\/strong>\u00a0\u00a0\u00a0\u00a0\u00a0\u00a0\u00a0\u00a0\u00a0\u00a0\u00a0\u00a0\u00a0\u00a0\u00a0 <em>M\u00e1ria utca 52.<\/em>\u00a0 \u00a0 \u00a0 \u00a0 \u00a0 \u00a0 \u00a0 \u00a0 \u00a0 \u00a0 <strong>7.30-<\/strong><strong>19.30<\/strong> \u00f3r\u00e1ig<\/div>\n<div>\u00a0<\/div>\n<p><strong><u>\u00c9JSZAKA:<\/u><\/strong> \u00a0\u00a0\u00a0\u00a0\u00a0\u00a0\u00a0\u00a0\u00a0\u00a0\u00a0\u00a0\u00a0\u00a0\u00a0\u00a0 <em>M\u00e1ria utca 52.<\/em>\u00a0 \u00a0 \u00a0 \u00a0 \u00a0 \u00a0 \u00a0 \u00a0 \u00a0 \u00a0 <strong>19.30-7.30<\/strong> \u00f3r\u00e1ig\u00a0<\/p>\n<div class=\"w-100 fontos_div\"><span style=\"font-size: 14pt\"><strong>A munkasz\u00fcneti \u00e9s \u00fcnnepnapok is a H\u00c9TV\u00c9GE beoszt\u00e1s szerint ker\u00fclnek ell\u00e1t\u00e1sra!<\/strong><\/span><\/div>\n<p><strong>A rendel\u0151 orvos neve:<\/strong>\u00a0beoszt\u00e1s szerint<\/p>\n<p><strong>Beutal\u00f3, el\u0151jegyz\u00e9si id\u0151pont sz\u00fcks\u00e9ges-e:<\/strong> NEM<\/p>\n<p><strong>Telefonsz\u00e1m:<\/strong> 06\/1 <em>317-6600;\u00a0 <\/em><\/p>\n<p>H\u00e9tk\u00f6znap:<strong> 59075<\/strong> <em>mell\u00e9k<br \/>\n<\/em>H\u00e9tv\u00e9ge-\u00c9jszaka: <strong>55890<\/strong><em> mell\u00e9k<\/em><\/p>\n","protected":false},"excerpt":{"rendered":"<p>A szakrendel\u00e9s neve: FOG\u00c1SZATI \u00dcGYELETI ELL\u00c1T\u00c1S \u00a0 H\u00c9TK\u00d6ZNAP:\u00a0\u00a0\u00a0\u00a0\u00a0\u00a0\u00a0\u00a0\u00a0 Szentkir\u00e1lyi utca 47.\u00a0 \u00a0 \u00a0 \u00a0 \u00a0 7.30-13.30 \u00f3r\u00e1ig, 13.30-19.30 \u00f3r\u00e1ig \u00a0 H\u00c9TV\u00c9GE:\u00a0\u00a0\u00a0\u00a0\u00a0\u00a0\u00a0\u00a0\u00a0\u00a0\u00a0\u00a0\u00a0\u00a0\u00a0 M\u00e1ria utca 52.\u00a0 \u00a0 \u00a0 \u00a0 \u00a0 \u00a0 \u00a0 \u00a0 \u00a0 \u00a0 7.30-19.30 \u00f3r\u00e1ig \u00a0 \u00c9JSZAKA: \u00a0\u00a0\u00a0\u00a0\u00a0\u00a0\u00a0\u00a0\u00a0\u00a0\u00a0\u00a0\u00a0\u00a0\u00a0\u00a0 M\u00e1ria utca 52.\u00a0 \u00a0 \u00a0 \u00a0 \u00a0 \u00a0 \u00a0 \u00a0 \u00a0 \u00a0 19.30-7.30 \u00f3r\u00e1ig\u00a0 A munkasz\u00fcneti \u00e9s &hellip;<\/p>\n","protected":false},"author":188,"featured_media":0,"parent":958,"menu_order":1,"comment_status":"closed","ping_status":"closed","template":"","meta":{"_acf_changed":false,"footnotes":""},"categories":[],"tags":[],"class_list":["post-963","page","type-page","status-publish","hentry"],"acf":[],"_links":{"self":[{"href":"https:\/\/semmelweis.hu\/fszoi\/wp-json\/wp\/v2\/pages\/963","targetHints":{"allow":["GET"]}}],"collection":[{"href":"https:\/\/semmelweis.hu\/fszoi\/wp-json\/wp\/v2\/pages"}],"about":[{"href":"https:\/\/semmelweis.hu\/fszoi\/wp-json\/wp\/v2\/types\/page"}],"author":[{"embeddable":true,"href":"https:\/\/semmelweis.hu\/fszoi\/wp-json\/wp\/v2\/users\/188"}],"replies":[{"embeddable":true,"href":"https:\/\/semmelweis.hu\/fszoi\/wp-json\/wp\/v2\/comments?post=963"}],"version-history":[{"count":11,"href":"https:\/\/semmelweis.hu\/fszoi\/wp-json\/wp\/v2\/pages\/963\/revisions"}],"predecessor-version":[{"id":5369,"href":"https:\/\/semmelweis.hu\/fszoi\/wp-json\/wp\/v2\/pages\/963\/revisions\/5369"}],"up":[{"embeddable":true,"href":"https:\/\/semmelweis.hu\/fszoi\/wp-json\/wp\/v2\/pages\/958"}],"wp:attachment":[{"href":"https:\/\/semmelweis.hu\/fszoi\/wp-json\/wp\/v2\/media?parent=963"}],"wp:term":[{"taxonomy":"category","embeddable":true,"href":"https:\/\/semmelweis.hu\/fszoi\/wp-json\/wp\/v2\/categories?post=963"},{"taxonomy":"post_tag","embeddable":true,"href":"https:\/\/semmelweis.hu\/fszoi\/wp-json\/wp\/v2\/tags?post=963"}],"curies":[{"name":"wp","href":"https:\/\/api.w.org\/{rel}","templated":true}]}}