{"id":887,"date":"2014-02-03T16:53:58","date_gmt":"2014-02-03T15:53:58","guid":{"rendered":"http:\/\/semmelweis.hu\/fszoi\/?page_id=887"},"modified":"2017-07-26T15:58:45","modified_gmt":"2017-07-26T13:58:45","slug":"887-2","status":"publish","type":"page","link":"https:\/\/semmelweis.hu\/fszoi\/munkatarsak\/887-2\/","title":{"rendered":"dr. Horv\u00e1th J\u00e1nos &#8211; szakmai \u00f6n\u00e9letrajz"},"content":{"rendered":"<p><a href=\"https:\/\/semmelweis.hu\/fszoi\/files\/2014\/02\/image001.jpg\"><img loading=\"lazy\" decoding=\"async\" class=\"alignright size-full wp-image-884\" src=\"https:\/\/semmelweis.hu\/fszoi\/files\/2014\/02\/image001.jpg\" alt=\"dr. Horv\u00e1th J\u00e1nos\" width=\"156\" height=\"192\" \/><\/a><b><\/b><\/p>\n<p><strong>Beoszt\u00e1s<\/strong>: oszt\u00e1lyvezet\u0151 f\u0151orvos<\/p>\n<p><strong>Telefon<\/strong>: 317-6600<\/p>\n<p><strong>Bels\u0151 mell\u00e9k<\/strong>: 60734<\/p>\n<p><strong>Szoba<\/strong>: 201, 202, 203, 204<\/p>\n<p><strong>Szakter\u00fclet<\/strong>: Fogszab\u00e1lyoz\u00e1s<\/p>\n<p>&nbsp;<\/p>\n<p><strong><span style=\"text-decoration: underline\">Szakmai \u00f6n\u00e9letrajz<\/span><\/strong><\/p>\n<p><b>Szem\u00e9lyi adatok<\/b><\/p>\n<p><b><i>N\u00e9v<\/i><\/b>: dr. Horv\u00e1th J\u00e1nos<br \/>\n <b>Sz\u00fclet\u00e9si id\u0151<\/b>: 1955. december 17.<\/p>\n<p><b>Tanulm\u00e1nyok<\/b><\/p>\n<p><strong>2006. \u00a0<\/strong> Orsz\u00e1gos Szakk\u00e9pes\u00edt\u0151 Bizotts\u00e1g \u2013 Konzerv\u00e1l\u00f3 fog\u00e1szat, fogp\u00f3tl\u00e1stan<br \/>\n <strong>1986.<\/strong> \u00a0\u00a0 Orsz\u00e1gos Szakk\u00e9pes\u00edt\u0151 Bizotts\u00e1g \u2013 fogszab\u00e1lyoz\u00e1s szakorvosa<br \/>\n <strong>1982.<\/strong> \u00a0\u00a0 Orsz\u00e1gos Szakk\u00e9pes\u00edt\u0151 Bizotts\u00e1g \u2013 fog- \u00e9s sz\u00e1jbetegs\u00e9gek szakorvosa<br \/>\n <strong>1979.<\/strong> \u00a0 Semmelweis Orvostudom\u00e1nyi Egyetem. Fogorvostudom\u00e1ny Kar \u2013 fogorvos doktor<br \/>\n egyetemi oklev\u00e9l<\/p>\n<p><b>Egy\u00e9b vizsg\u00e1k<\/b><\/p>\n<p><b>\u00a0<i>El\u0151 akkredit\u00e1lt tanfolyamon <\/i><\/b><\/p>\n<p><i>2010.<\/i><br \/>\n A fogorvostudom\u00e1ny aktu\u00e1lis k\u00e9rd\u00e9sei\u00a0SE-FOG\/2010.II\/00087<br \/>\n Fogszab\u00e1lyoz\u00e1s, Gyermekfog\u00e1szat\u00a0SE-FOG\/2010.II\/00088<br \/>\n K\u00f6telez\u0151 szinten tart\u00f3 tanfolyamon<\/p>\n<p><i>2012.<\/i><br \/>\n A fogorvostudom\u00e1ny aktu\u00e1lis k\u00e9rd\u00e9sei\u00a0SE-FOG\/2012.I.\/00068<br \/>\n A fogorvostudom\u00e1ny aktu\u00e1lis k\u00e9rd\u00e9sei I.\u00a0SE-FOG\/2012.II\/00032<br \/>\n \u00c1llcsont- ortop\u00e9diai kezel\u00e9sek, pubert\u00e1rs el\u0151tti fogszab\u00e1lyoz\u00e1s\u00a0DEOEC\/2012.II\/00077<\/p>\n<p><i>2013.<\/i><br \/>\n MFE Magyar Gyermekfog\u00e1szati \u00e9s Fogszab\u00e1lyoz\u00e1si T\u00e1rsas\u00e1g VI. T\u00f3th P\u00e1l V\u00e1ndorgy\u0171l\u00e9s keret\u00e9ben szervezett k\u00f6telez\u0151 szintentart\u00f3 tov\u00e1bbk\u00e9pz\u0151 tanfolyam\u00a0DEOEC\/2013.I.\/00060<\/p>\n<p><em><strong>S<\/strong><strong><em>z<\/em>abadon v\u00e1laszthat\u00f3 tanfolyam<\/strong><\/em><\/p>\n<p>2013. Biomechanika a fogszab\u00e1lyoz\u00e1sban, anyagismeret, az ortodoncia kezdeteit\u0151l a mai cs\u00facstechnik\u00e1ig. \u00a0SE-FOG\/2013.II\/00045<\/p>\n<p><b><br \/>\n Tudom\u00e1nyos tev\u00e9kenys\u00e9g<\/b><\/p>\n<p>2013\u00a0\u00a0\u00a0\u00a0\u00a0 Orthodonciai miniimplant\u00e1tumok haszn\u00e1lat\u00e1ban szerzett tapasztalatok sikertelens\u00e9gi mutat\u00f3k \u00f6sszehasonl\u00edtva a nemzatk\u00f6zi szakirodalommal. Debreceni fogorvosnapok T\u00f3th P\u00e1l V\u00e1ndorgy\u0171l\u00e9s<\/p>\n<p>2013\u00a0\u00a0\u00a0\u00a0\u00a0 F\u00e1bi\u00e1n, G\u00e1bris, Tarj\u00e1n: Gyermekfog\u00e1szat, fogszab\u00e1lyoz\u00e1s \u00e9s \u00e1llcsontortop\u00e9dia Egyetemi tank\u00f6nyv fejezet\u00e9nek szerz\u0151je Semmelweis Kiad\u00f3 2013.<\/p>\n<p><b><br \/>\n Szakmai tapasztalat<\/b><\/p>\n<p style=\"text-align: left\"><b>2013.09.01-\u00a0\u00a0\u00a0\u00a0\u00a0\u00a0\u00a0 <\/b><strong>Semmelweis Egyetem Fogorvostudom\u00e1nyi Kar Fog\u00e1szati \u00e9s<\/strong><br \/>\n <strong>\u00a0\u00a0\u00a0\u00a0\u00a0\u00a0\u00a0\u00a0\u00a0\u00a0\u00a0\u00a0\u00a0\u00a0\u00a0\u00a0\u00a0\u00a0\u00a0\u00a0\u00a0\u00a0\u00a0\u00a0\u00a0\u00a0\u00a0\u00a0\u00a0\u00a0\u00a0 Sz\u00e1jseb\u00e9szeti Oktat\u00f3 Int\u00e9zet<br \/>\n <\/strong>\u00a0\u00a0\u00a0\u00a0\u00a0\u00a0\u00a0\u00a0\u00a0\u00a0\u00a0\u00a0\u00a0\u00a0\u00a0\u00a0\u00a0\u00a0\u00a0\u00a0\u00a0\u00a0\u00a0\u00a0\u00a0\u00a0\u00a0\u00a0\u00a0\u00a0\u00a0 Fogszab\u00e1lyoz\u00f3 szakorvos\/f\u0151orvos<\/p>\n<p><b>1990-2013.08.31.\u00a0\u00a0\u00a0\u00a0\u00a0 Szent R\u00f3kus K\u00f3rh\u00e1z \u00e9s Int\u00e9zm\u00e9nyei\u00a0\u00a0\u00a0\u00a0\u00a0\u00a0\u00a0\u00a0\u00a0\u00a0\u00a0\u00a0\u00a0\u00a0\u00a0\u00a0\u00a0\u00a0\u00a0\u00a0\u00a0\u00a0\u00a0\u00a0\u00a0\u00a0\u00a0\u00a0\u00a0 \u00a0\u00a0\u00a0\u00a0\u00a0\u00a0\u00a0\u00a0\u00a0\u00a0\u00a0\u00a0\u00a0\u00a0 \u00a0 \u00a0 \u00a0 \u00a0 \u00a0 \u00a0 \u00a0 \u00a0 \u00a0 \u00a0 \u00a0 \u00a0 \u00a0 \u00a0 \u00a0 \u00a0 \u00a0\u00a0\u00a0\u00a0\u00a0\u00a0\u00a0\u00a0 <\/b>Fogszab\u00e1lyoz\u00f3 szakorvos\/f\u0151orvos<\/p>\n<p><b>1982-1990.\u00a0\u00a0\u00a0 Heim P\u00e1l Gyermekk\u00f3rh\u00e1z, Fogszab\u00e1lyoz\u00f3 Oszt\u00e1ly<\/b><br \/>\n Szakorvos<\/p>\n<p><b>1979-1982.<\/b><b> \u00a0 <\/b><b>K\u00f6zs\u00e9gi Tan\u00e1cs \u00dajszilv\u00e1s, Eg\u00e9szs\u00e9g\u00fcgyi Szolg\u00e1lat<br \/>\n <\/b>Fogorvos<\/p>\n<p><b><br \/>\n Nyelvismeret<\/b><\/p>\n<p><em><strong>N\u00e9met<\/strong><\/em>: k\u00f6z\u00e9pfok\u00fa C nyelvvizsga<br \/>\n <em><strong>Angol<\/strong><\/em>: besz\u00e9lek, olvasok, \u00edrok, k\u00fcl\u00f6n\u00f6sen szakmai sz\u00f6veget, de vizsg\u00e1m nincs<\/p>\n<p><b><br \/>\n Szervezeti tags\u00e1gok<\/b><\/p>\n<ul>\n<li>Magyar Orvosi Kamara<\/li>\n<li>Magyar Fogorvosok Egyes\u00fclete<\/li>\n<li>Magyar Orthodontusok T\u00e1rsas\u00e1ga \u2013 Szakmai \u00e9s Oktat\u00e1si Bizotts\u00e1g, eln\u00f6k<\/li>\n<li>Magyar Gyermekfog\u00e1szati \u00e9s Fogszab\u00e1lyoz\u00f3 T\u00e1rsas\u00e1g, vezet\u0151s\u00e9gi tag<\/li>\n<li>Eur\u00f3pai Orthodontus T\u00e1rsas\u00e1g (EOS)<\/li>\n<\/ul>\n<p><b><br \/>\n Szakmai tov\u00e1bbk\u00e9pz\u00e9sek<\/b><\/p>\n<p><b>\u00a0<i>El\u0151 akkredit\u00e1lt tanfolyamon val\u00f3 r\u00e9szv\u00e9tel hallgat\u00f3k\u00e9nt<\/i><\/b><br \/>\n <i>2009.<\/i><\/p>\n<ul>\n<li>Modern fogszab\u00e1lyoz\u00e1s: min\u0151s\u00e9g \u00e9s hat\u00e9konys\u00e1g. Sampermans III.\u00a0SE-FOG\/2009.II\/00051<\/li>\n<li>Diagn\u00f3zis \u00e9s kezel\u00e9s a bioprogressz\u00edv ter\u00e1pi\u00e1ban \/Daniel Rollet IV.\/\u00a0SE-FOG\/2009.II\/00053<\/li>\n<li>A fogszab\u00e1lyoz\u00f3 kezel\u00e9s neh\u00e9zs\u00e9gei, speci\u00e1lis esetek megold\u00e1sa\u00a0SE-FOG\/2009.II\/00030<\/li>\n<li>Angle II. esetek modern k\u00e9tf\u00e1zis\u00fa kezel\u00e9se\u00a0SE-FOG\/2010.I.\/00029<\/li>\n<li>A szkelet\u00e1lis \u00e9s dent\u00e1lis diszt\u00e1lharap\u00e1sok kezel\u00e9se\u00a0SE-FOG\/2010.I.\/00030<\/li>\n<\/ul>\n<p><i>2010<\/i>.<\/p>\n<ul>\n<li>A mai modern fix k\u00e9sz\u00fcl\u00e9kes fogszab\u00e1lyoz\u00e1s, a standard edgewise kezel\u00e9st\u0151l a straight wire \u00f6nlig\u00edroz\u00f3 technik\u00e1kig\u00a0SE-OG\/2010.I.\/00028<\/li>\n<li>A rosszindulat\u00fa sz\u00e1j\u00fcregi daganatok felismer\u00e9se \u00e9s kezel\u00e9se (A megel\u0151z\u00e9st\u0151l a rehabilit\u00e1ci\u00f3ig)\u00a0PTE \u00c1OK\/2010.II\/00181<\/li>\n<li>A fogorvostudom\u00e1ny aktu\u00e1lis k\u00e9rd\u00e9sei\u00a0SE-FOG\/2010.II\/00087<\/li>\n<li>Fogszab\u00e1lyoz\u00e1s, Gyermekfog\u00e1szat\u00a0SE-FOG\/2010.II\/00088<\/li>\n<li>Funkci\u00f3s nevel\u00e9s ortodonciai k\u00e9sz\u00fcl\u00e9kekkel, probl\u00e9m\u00e1s esetek megold\u00e1sa bioprogressz\u00edv technik\u00e1val\u00a0SE-FOG\/2010.II\/00036<\/li>\n<li>A m\u00e9lyharap\u00e1s kezel\u00e9se\u00a0SE-FOG\/2010.II\/00074<\/li>\n<\/ul>\n<p><i>2011.<\/i><\/p>\n<ul>\n<li>V. T\u00f3th P\u00e1l V\u00e1ndorgy\u0171l\u00e9s keret\u00e9ben szervezett K\u00f6telez\u0151en V\u00e1laszthat\u00f3 Tov\u00e1bbk\u00e9pz\u0151 Tanfolyam\u00a0SE-FOG\/2011.II\/00074<\/li>\n<li>A fogorvostudom\u00e1ny aktu\u00e1lis k\u00e9rd\u00e9sei\u00a0SE-FOG\/2011.II\/00006<\/li>\n<li>Fogszab\u00e1lyoz\u00e1s, Gyermekfog\u00e1szat\u00a0SE-FOG\/2011.II\/00022<\/li>\n<li>A Light Linqal technika\u00a0SE-FOG\/2011.II\/00048<\/li>\n<li>Fogszab\u00e1lyoz\u00e1si diagnosztika\u00a0DEOEC\/2011.II\/00094<\/li>\n<li>feln\u0151tt fogszab\u00e1lyoz\u00e1s koncepci\u00f3i, k\u00f6z\u00e9ppontban a TMI helyzet\u00e9vel. Gyakorlati tanfolyam electrodonton\u00a0SE-FOG\/2011.II\/00046<\/li>\n<\/ul>\n<p><b><i>Szabadon v\u00e1laszthat\u00f3 tanfolyamokon val\u00f3 r\u00e9szv\u00e9tel hallgat\u00f3k\u00e9nt<\/i><\/b><\/p>\n<p><i>2012.<\/i><\/p>\n<ul>\n<li>Kivehet\u0151 k\u00e9sz\u00fcl\u00e9kek tervez\u00e9se, alkalmaz\u00e1sa.\u00a0SE-FOG\/2012.I.\/00028<\/li>\n<li>Modern elj\u00e1r\u00e1sok a fogszab\u00e1lyoz\u00e1sban. (MOT kongresszus \u00e9s tanfolyam)\u00a0SE-FOG\/2012.I.\/00047<\/li>\n<li>Az \u00e9l\u00edves technik\u00e1ban haszn\u00e1latos kieg\u00e9sz\u00edt\u0151 k\u00e9sz\u00fcl\u00e9kek\u00a0SE-FOG\/2012.I.\/00046<\/li>\n<li>Ortho Weekend\u00a0SE-FOG\/2012.I.\/00054<\/li>\n<li>Az edgewise technik\u00e1t\u00f3l a mai modern straight wire kezel\u00e9sekig I.\u00a0SE-FOG\/2012.II\/00006<\/li>\n<li>Az edgewise technik\u00e1t\u00f3l a mai modern straight wire kezel\u00e9sekig II\u00a0SE-FOG\/2012.II\/00045<\/li>\n<li>Az edgewise technik\u00e1t\u00f3l a mai modern straight wire kezel\u00e9sekig III.\u00a0SE-FOG\/2012.II\/00074<\/li>\n<li>Diagnosztika \u00e9s kezel\u00e9s a modern ortodonci\u00e1ban, h\u00e1romdimenzi\u00f3s k\u00e9palkot\u00e1si elj\u00e1r\u00e1sok\u00a0SE-FOG\/2012.II\/00007<\/li>\n<\/ul>\n<p><i>2013.<\/i><\/p>\n<ul>\n<li>A mini implant\u00e1tumok szerepe a modern orthodontiaban\u00a0SE-FOG\/2013.I.\/00009<\/li>\n<li>ORTHODONCIA A PARADONTOL\u00d3GIA SZOLG\u00c1LAT\u00c1BAN \u00c9S PARADONTOL\u00d3GI\u00c1VAL SEG\u00cdTETT ORTHODONCIA\u00a0SE-FOG\/2013.I.\/00016<\/li>\n<li>Az elhorgonyz\u00e1s szerepe az orthodontiaban\u00a0SE-FOG\/2013.I.\/00057<\/li>\n<li>Az elhorgonyz\u00e1s szerepe az orthodontiaban\u00a0SE-FOG\/2013.I.\/00057<\/li>\n<li>Az ortodocia j\u00f6v\u0151je, a j\u00f6v\u0151 ortodonci\u00e1ja\u00a0SE-FOG\/2013.I.\/00003<\/li>\n<li>Kezel\u00e9si lehet\u0151s\u00e9gek az \u00e1llcsontn\u00f6veked\u00e9s befejez\u0151d\u00e9se ut\u00e1n\u00a0SE-FOG\/2013.I.\/00079<\/li>\n<li>A II. \u00e9s III. oszt\u00e1ly\u00fa esetek diagn\u00f3zisa \u00e9s kezel\u00e9si lehet\u0151s\u00e9gei.\u00a0SE-FOG\/2013.II\/00029<\/li>\n<li>Fogszab\u00e1lyoz\u00e1s a diagn\u00f3zist\u00f3l a retenci\u00f3ig, \u00e9s az egyes tev\u00e9kenys\u00e9gek dokument\u00e1l\u00e1sa\u00a0SE-FOG\/2013.II\/00011<\/li>\n<\/ul>\n<p><b><i>Kongresszusi r\u00e9szv\u00e9tel<\/i><\/b><\/p>\n<p>2013. MFE Magyar Gyermekfog\u00e1szati \u00e9s Fogszab\u00e1lyoz\u00e1si T\u00e1rsas\u00e1g VI. T\u00f3th P\u00e1l V\u00e1ndorgy\u0171l\u00e9s \u00a0(el\u0151ad\u00f3 \u00e9s hallgat\u00f3)<\/p>\n<p><b><br \/>\n El\u0151ad\u00e1sok<\/b><\/p>\n<p><b><i>El\u0151 akkredit\u00e1lt tanfolyamon val\u00f3 r\u00e9szv\u00e9tel el\u0151ad\u00f3k\u00e9nt<\/i><\/b><\/p>\n<p>2009.<\/p>\n<ul>\n<li>Bevezet\u00e9s az egyenes\u00edves technik\u00e1ba, gyakorlati tanfolyam electrodonton. Extrakci\u00f3s kezel\u00e9sek \/Horv\u00e1th II.\/\u00a0SE-FOG\/2009.II\/00052<\/li>\n<li>R\u00f6gz\u00edtett ortop\u00e9diai k\u00e9sz\u00fcl\u00e9kek, Herbst zsan\u00e9r \u00e9s t\u00e1rsai. Gyakorlati tanfolyam electrodonton.\u00a0SE-FOG\/2010.I.\/00050<\/li>\n<\/ul>\n<p>2010.<\/p>\n<ul>\n<li>A mai modern fix k\u00e9sz\u00fcl\u00e9kes fogszab\u00e1lyoz\u00e1s, a standard edgewise kezel\u00e9st\u0151l a straight wire \u00f6nlig\u00edroz\u00f3 technik\u00e1kig\u00a0SE-OG\/2010.I.\/00028<\/li>\n<li>Probl\u00e9m\u00e1k a fogszab\u00e1lyoz\u00f3 kezel\u00e9s sor\u00e1n,a kommunik\u00e1ci\u00f3, dokument\u00e1l\u00e1s, kezel\u00e9stervez\u00e9s \u00e9s kezel\u00e9s fontoss\u00e1ga\u00a0SE-OG\/2010.II\/00006<\/li>\n<\/ul>\n<p>2011.<\/p>\n<ul>\n<li>V. T\u00f3th P\u00e1l V\u00e1ndorgy\u0171l\u00e9s keret\u00e9ben szervezett K\u00f6telez\u0151en V\u00e1laszthat\u00f3 Tov\u00e1bbk\u00e9pz\u0151 Tanfolyam\u00a0SE-FOG\/2011.II\/00074<\/li>\n<li>A szemfogak k\u00fcl\u00f6nleges jelent\u0151s\u00e9ge a fogszab\u00e1lyoz\u00e1sban. Gyakorlati tanfolyam electrodonton\u00a0SE-FOG\/2011.II\/00053<\/li>\n<li>Fogszab\u00e1lyoz\u00e1si diagnosztika\u00a0DEOEC\/2011.II\/00094<\/li>\n<li>A feln\u0151ttkori fogszab\u00e1lyoz\u00e1s k\u00e9rd\u00e9sei\u00a0SE-FOG\/2011.II\/00047<\/li>\n<\/ul>\n<p><b><i>Szabadon v\u00e1laszthat\u00f3 tanfolyamokon val\u00f3 r\u00e9szv\u00e9tel el\u0151ad\u00f3k\u00e9nt<\/i><\/b><\/p>\n<p>2012.<\/p>\n<ul>\n<li>Kivehet\u0151 k\u00e9sz\u00fcl\u00e9kek tervez\u00e9se, alkalmaz\u00e1sa.\u00a0SE-FOG\/2012.I.\/00028<\/li>\n<li>Fog\u00edvdiszkrepanci\u00e1k kezel\u00e9se. (gyakorlati tanfolyam electrodonton)\u00a0SE-FOG\/2012.I.\/00056<\/li>\n<li>Az \u00e9l\u00edves technik\u00e1ban haszn\u00e1latos kieg\u00e9sz\u00edt\u0151 k\u00e9sz\u00fcl\u00e9kek\u00a0SE-FOG\/2012.I.\/00046<\/li>\n<li>A fogak finombe\u00e1ll\u00edt\u00e1s\u00e1nak k\u00e9rd\u00e9sei (gyakorlati tanfolyam electrodonton) SE-FOG\/2012.I.\/00063<\/li>\n<li>Az edgewise technik\u00e1t\u00f3l a mai modern straight wire kezel\u00e9sekig I.\u00a0SE-FOG\/2012.II\/00006<\/li>\n<li>Eszt\u00e9tika nagy\u00edt\u00f3 alatt\u00a0SE-FOG\/2012.II\/00011<\/li>\n<li>Amit a straight wire technik\u00e1r\u00f3l tudni kell&#8230;\u00a0SE-FOG\/2012.II\/00021<\/li>\n<li>Az edgewise technik\u00e1t\u00f3l a mai modern straight wire kezel\u00e9sekig II\u00a0SE-FOG\/2012.II\/00045<\/li>\n<li>Az edgewise technik\u00e1t\u00f3l a mai modern straight wire kezel\u00e9sekig III.\u00a0SE-FOG\/2012.II\/00074<\/li>\n<li>Diagnosztika \u00e9s kezel\u00e9s a modern ortodonci\u00e1ban, h\u00e1romdimenzi\u00f3s k\u00e9palkot\u00e1si elj\u00e1r\u00e1sok\u00a0SE-FOG\/2012.II\/00007<\/li>\n<\/ul>\n<p>2013.<\/p>\n<ul>\n<li>MFE Magyar Gyermekfog\u00e1szati \u00e9s Fogszab\u00e1lyoz\u00e1si T\u00e1rsas\u00e1g VI. T\u00f3th P\u00e1l V\u00e1ndorgy\u0171l\u00e9s<\/li>\n<li>Kezel\u00e9si lehet\u0151s\u00e9gek az \u00e1llcsontn\u00f6veked\u00e9s befejez\u0151d\u00e9se ut\u00e1n\u00a0SE-FOG\/2013.I.\/00079<\/li>\n<li>Dr.Risk\u00f3 Rezs\u0151 eml\u00e9k\u00fcl\u00e9s\u00a0SE-FOG\/2013.I.\/00092<\/li>\n<li>A modern k\u00e9tf\u00e1zisos ortodonciai kezel\u00e9s elm\u00e9lete \u00e9s gyakorlata\u00a0SE-FOG\/2013.I.\/00095<\/li>\n<li>Hagyom\u00e1nyos elj\u00e1r\u00e1sok \u00e9s \u00faj fejleszt\u00e9sek a fix k\u00e9sz\u00fcl\u00e9kes fogszab\u00e1lyoz\u00e1sban\u00a0SE-FOG\/2013.II\/00007<\/li>\n<li>A fogorvostudom\u00e1ny aktu\u00e1lis k\u00e9rd\u00e9sei\u00a0SE-FOG\/2013.II\/00047<\/li>\n<li>Fogszab\u00e1lyoz\u00e1s a diagn\u00f3zist\u00f3l a retenci\u00f3ig, \u00e9s az egyes tev\u00e9kenys\u00e9gek dokument\u00e1l\u00e1sa\u00a0SE-FOG\/2013.II\/00011<\/li>\n<\/ul>\n<p><b>Tov\u00e1bbk\u00e9pz\u0151 el\u0151ad\u00e1s tart\u00e1sa k\u00fclf\u00f6ld\u00f6n<\/b><\/p>\n<p><i>2012\u00a0\u00a0\u00a0\u00a0\u00a0 <\/i><\/p>\n<p>Bevezet\u00e9s a straight wire technik\u00e1ba, gyakorlati kurzus electrodonton 16 \u00f3ra Iasi Egyetem Rom\u00e1nia<\/p>\n<p>N\u00e9gy premol\u00e1ris extrakci\u00f3j\u00e1val t\u00e1rsult fogszab\u00e1lyoz\u00f3 kezel\u00e9sek probl\u00e9m\u00e1i 16 \u00f3ra electrodont tanfolyam Kolozsv\u00e1r Rom\u00e1nia<\/p>\n<p>Prog\u00e9n formak\u00f6r kezel\u00e9si lehet\u0151s\u00e9gei gyakorlati tanfolyam electrodonton 16 \u00f3ra Marosv\u00e1s\u00e1rhelyi Egyetem Rom\u00e1nia<\/p>\n<p><i>2011<\/i><\/p>\n<p>A kivehet\u0151 k\u00e9sz\u00fcl\u00e9kek alkalmaz\u00e1sa a fogszab\u00e1lyoz\u00e1sban (tov\u00e1bbk\u00e9pz\u00e9s 14 \u00f3ra, Marosv\u00e1s\u00e1rhely Orvosi Egyetem)<\/p>\n<p>Angle III. oszt\u00e1ly\u00fa elt\u00e9r\u00e9sek kezel\u00e9se (gyakorlati tanfolyam electrodonton 16 \u00f3ra Kolozsv\u00e1r Orvosegyetem<\/p>\n<p><i>2010<\/i><\/p>\n<p>Aszimmetrikus anom\u00e1li\u00e1k kezel\u00e9se (gyakorlati tanfolyam electrodonton 16 \u00f3ra ANRO Kolozsv\u00e1r)<\/p>\n<p>Horgonylat a fogszab\u00e1lyoz\u00e1sban (kongresszus el\u0151tti kurzus 10 \u00f3ra ANRO Nagyszeben)<\/p>\n<p>Diszt\u00e1lharap\u00e1sok kezel\u00e9se (gyakorlati tanfolyam electrodonton 16 \u00f3ra ANRO Arad)<\/p>\n<p><i>2009<\/i><\/p>\n<p>Articulators int he Orthodontic Praxis\u00a0 (el\u0151ad\u00e1s \u00e9s kongresszus el\u0151tti kurzus 8 \u00f3ra ANRO Temesv\u00e1r)<\/p>\n<p>&nbsp;<\/p>\n<p><b>\u00a0<\/b><\/p>\n","protected":false},"excerpt":{"rendered":"<p><a href=\"https:\/\/semmelweis.hu\/fszoi\/files\/2014\/02\/image001.jpg\"><\/a> Beoszt\u00e1s: oszt\u00e1lyvezet\u0151 f\u0151orvos Telefon: 317-6600 Bels\u0151 mell\u00e9k: 60734 Szoba: 201, 202, 203, 204 Szakter\u00fclet: Fogszab\u00e1lyoz\u00e1s &nbsp; Szakmai \u00f6n\u00e9letrajz Szem\u00e9lyi adatok N\u00e9v: dr. Horv\u00e1th J\u00e1nos Sz\u00fclet\u00e9si id\u0151: 1955. december 17. Tanulm\u00e1nyok 2006. \u00a0 Orsz\u00e1gos Szakk\u00e9pes\u00edt\u0151 Bizotts\u00e1g \u2013 Konzerv\u00e1l\u00f3 fog\u00e1szat, fogp\u00f3tl\u00e1stan 1986. \u00a0\u00a0 Orsz\u00e1gos Szakk\u00e9pes\u00edt\u0151 Bizotts\u00e1g \u2013 fogszab\u00e1lyoz\u00e1s szakorvosa 1982. \u00a0\u00a0 Orsz\u00e1gos Szakk\u00e9pes\u00edt\u0151 Bizotts\u00e1g \u2013 fog- \u00e9s &hellip;<\/p>\n","protected":false},"author":188,"featured_media":0,"parent":78,"menu_order":0,"comment_status":"closed","ping_status":"closed","template":"","meta":{"_acf_changed":false,"footnotes":""},"categories":[],"tags":[],"class_list":["post-887","page","type-page","status-publish","hentry"],"acf":[],"_links":{"self":[{"href":"https:\/\/semmelweis.hu\/fszoi\/wp-json\/wp\/v2\/pages\/887","targetHints":{"allow":["GET"]}}],"collection":[{"href":"https:\/\/semmelweis.hu\/fszoi\/wp-json\/wp\/v2\/pages"}],"about":[{"href":"https:\/\/semmelweis.hu\/fszoi\/wp-json\/wp\/v2\/types\/page"}],"author":[{"embeddable":true,"href":"https:\/\/semmelweis.hu\/fszoi\/wp-json\/wp\/v2\/users\/188"}],"replies":[{"embeddable":true,"href":"https:\/\/semmelweis.hu\/fszoi\/wp-json\/wp\/v2\/comments?post=887"}],"version-history":[{"count":10,"href":"https:\/\/semmelweis.hu\/fszoi\/wp-json\/wp\/v2\/pages\/887\/revisions"}],"predecessor-version":[{"id":3006,"href":"https:\/\/semmelweis.hu\/fszoi\/wp-json\/wp\/v2\/pages\/887\/revisions\/3006"}],"up":[{"embeddable":true,"href":"https:\/\/semmelweis.hu\/fszoi\/wp-json\/wp\/v2\/pages\/78"}],"wp:attachment":[{"href":"https:\/\/semmelweis.hu\/fszoi\/wp-json\/wp\/v2\/media?parent=887"}],"wp:term":[{"taxonomy":"category","embeddable":true,"href":"https:\/\/semmelweis.hu\/fszoi\/wp-json\/wp\/v2\/categories?post=887"},{"taxonomy":"post_tag","embeddable":true,"href":"https:\/\/semmelweis.hu\/fszoi\/wp-json\/wp\/v2\/tags?post=887"}],"curies":[{"name":"wp","href":"https:\/\/api.w.org\/{rel}","templated":true}]}}