{"id":836,"date":"2014-01-29T14:06:40","date_gmt":"2014-01-29T13:06:40","guid":{"rendered":"http:\/\/semmelweis.hu\/fszoi\/?page_id=836"},"modified":"2021-05-01T08:18:05","modified_gmt":"2021-05-01T06:18:05","slug":"836-2","status":"publish","type":"page","link":"https:\/\/semmelweis.hu\/fszoi\/oktatas\/836-2\/","title":{"rendered":"Teljes protetika el\u0151ad\u00e1sok"},"content":{"rendered":"<p><a href=\"https:\/\/semmelweis.hu\/fszoi\/files\/2021\/05\/Teljes-foghi\u00e1nyok-gy\u00f3gy\u00edt\u00e1sa-E-learning.pdf\">Teljes foghi\u00e1nyok gy\u00f3gy\u00edt\u00e1sa &#8211; E-learning<\/a><br \/>\n<a href=\"https:\/\/semmelweis.hu\/fszoi\/files\/2020\/01\/Basker-Prosthetic-Treatment-of-the-Edentulous-Patient-Fourth-Edition.pdf\">Basker &#8211; Davenport: Prosthetic Treatment of the Edentulous Patient Fourth Edition<\/a><\/p>\n<p><strong>Magyar nyelven<\/strong><\/p>\n<p>\n<\/p>\n<p><strong>Angol nyelven<br \/>\n<\/strong><\/p>\n","protected":false},"excerpt":{"rendered":"<p><a href=\"https:\/\/semmelweis.hu\/fszoi\/files\/2021\/05\/Teljes-foghi\u00e1nyok-gy\u00f3gy\u00edt\u00e1sa-E-learning.pdf\">Teljes foghi\u00e1nyok gy\u00f3gy\u00edt\u00e1sa &#8211; E-learning<\/a><br \/>\n<a href=\"https:\/\/semmelweis.hu\/fszoi\/files\/2020\/01\/Basker-Prosthetic-Treatment-of-the-Edentulous-Patient-Fourth-Edition.pdf\">Basker &#8211; Davenport: Prosthetic Treatment of the Edentulous Patient Fourth Edition<\/a><br \/>\nMagyar nyelven<\/p>\n<p>Angol nyelven<\/p>\n","protected":false},"author":188,"featured_media":0,"parent":14,"menu_order":3,"comment_status":"closed","ping_status":"closed","template":"","meta":{"_acf_changed":false,"footnotes":""},"categories":[],"tags":[],"class_list":["post-836","page","type-page","status-publish","hentry"],"acf":[],"_links":{"self":[{"href":"https:\/\/semmelweis.hu\/fszoi\/wp-json\/wp\/v2\/pages\/836","targetHints":{"allow":["GET"]}}],"collection":[{"href":"https:\/\/semmelweis.hu\/fszoi\/wp-json\/wp\/v2\/pages"}],"about":[{"href":"https:\/\/semmelweis.hu\/fszoi\/wp-json\/wp\/v2\/types\/page"}],"author":[{"embeddable":true,"href":"https:\/\/semmelweis.hu\/fszoi\/wp-json\/wp\/v2\/users\/188"}],"replies":[{"embeddable":true,"href":"https:\/\/semmelweis.hu\/fszoi\/wp-json\/wp\/v2\/comments?post=836"}],"version-history":[{"count":13,"href":"https:\/\/semmelweis.hu\/fszoi\/wp-json\/wp\/v2\/pages\/836\/revisions"}],"predecessor-version":[{"id":4518,"href":"https:\/\/semmelweis.hu\/fszoi\/wp-json\/wp\/v2\/pages\/836\/revisions\/4518"}],"up":[{"embeddable":true,"href":"https:\/\/semmelweis.hu\/fszoi\/wp-json\/wp\/v2\/pages\/14"}],"wp:attachment":[{"href":"https:\/\/semmelweis.hu\/fszoi\/wp-json\/wp\/v2\/media?parent=836"}],"wp:term":[{"taxonomy":"category","embeddable":true,"href":"https:\/\/semmelweis.hu\/fszoi\/wp-json\/wp\/v2\/categories?post=836"},{"taxonomy":"post_tag","embeddable":true,"href":"https:\/\/semmelweis.hu\/fszoi\/wp-json\/wp\/v2\/tags?post=836"}],"curies":[{"name":"wp","href":"https:\/\/api.w.org\/{rel}","templated":true}]}}