{"id":794,"date":"2014-01-22T12:50:46","date_gmt":"2014-01-22T11:50:46","guid":{"rendered":"http:\/\/semmelweis.hu\/fszoi\/?page_id=794"},"modified":"2023-03-03T09:16:59","modified_gmt":"2023-03-03T08:16:59","slug":"dr-perczel-kovacz-katalin-szakmai-oneletrajz","status":"publish","type":"page","link":"https:\/\/semmelweis.hu\/fszoi\/munkatarsak\/dr-perczel-kovacz-katalin-szakmai-oneletrajz\/","title":{"rendered":"dr. Perczel-Kov\u00e1ch Katalin &#8211; szakmai \u00f6n\u00e9letrajz"},"content":{"rendered":"<p><!-- [if gte mso 9]&gt;--><\/p>\n<p class=\"MsoNormal\" style=\"margin-left: 14.2pt;text-indent: -14.2pt\"><a href=\"https:\/\/semmelweis.hu\/fszoi\/files\/2014\/01\/image0016.jpg\"><img loading=\"lazy\" decoding=\"async\" class=\"alignright size-full wp-image-793\" src=\"https:\/\/semmelweis.hu\/fszoi\/files\/2014\/01\/image0016.jpg\" alt=\"dr. Perczel-Kov\u00e1cz Katalin\" width=\"150\" height=\"178\" \/><\/a><b>Szem\u00e9lyi adatok<br \/>\n<\/b><\/p>\n<p class=\"MsoNormal\" style=\"margin-left: 14.2pt;text-indent: -14.2pt\"><b><i>N\u00e9v<\/i><\/b>:<span style=\"font-size: 12.0pt;line-height: 115%\"> dr. Perczel-Kov\u00e1ch Katalin Erzs\u00e9bet<\/span><\/p>\n<p class=\"MsoNormal\"><b>Tanulm\u00e1nyok<\/b><\/p>\n<p class=\"MsoNormal\"><span style=\"font-size: 12.0pt;line-height: 115%\">2013 \u2013 \u00a0Semmelweis Egyetem Fogorvostudom\u00e1nyi Kar,Fog\u00e1szati \u00e9s Sz\u00e1jseb\u00e9szeti Oktat\u00f3 Int\u00e9zet Konzerv\u00e1l\u00f3fog\u00e1szat \u00e9s Fogp\u00f3tl\u00e1stan rezidens <\/span><\/p>\n<p class=\"MsoNormal\"><span style=\"font-size: 12.0pt;line-height: 115%\">2012.\u00a0\u00a0 B\u0151v\u00edtett fokozat\u00fa sug\u00e1rv\u00e9delmi tanfolyam, Budapest<\/span><\/p>\n<p class=\"MsoNormal\"><span style=\"font-size: 12.0pt;line-height: 115%\">2010. \u00a0 Regenerat\u00edv \u00e9s plasztikai eszt\u00e9tikai parodontol\u00f3giai ter\u00e1pia c\u00edm\u0171 elm\u00e9leti \u00e9s gyakorlati tanfolyam, Budapest<\/span><\/p>\n<p class=\"MsoNormal\"><span style=\"font-size: 12.0pt;line-height: 115%\">2010-2013 Semmelweis Egyetem Fogorvostudom\u00e1nyi Kar, Or\u00e1lbiol\u00f3giai Tansz\u00e9k<br \/>\n\u00f6szt\u00f6nd\u00edjas PhD hallgat\u00f3<br \/>\n<em>kutat\u00e1si t\u00e9ma:<\/em> K\u00fcl\u00f6nb\u00f6z\u0151 fogeredet\u0171 \u0151ssejtek karakteriz\u00e1l\u00e1s\u00e1nak \u00e9s oszteog\u00e9n differenci\u00e1ci\u00f3s k\u00e9pess\u00e9g\u00e9nek \u00f6sszehasonl\u00edt\u00e1sa<\/span><\/p>\n<p class=\"MsoNormal\"><span style=\"font-size: 12.0pt;line-height: 115%\">2010. \u00a0 Szegedi Tudom\u00e1nyegyetem Fogorvostudom\u00e1nyi Kar<br \/>\nFogorvos diploma: cum laude<\/span><\/p>\n<p class=\"MsoNormal\"><b><br \/>\nTudom\u00e1nyos tev\u00e9kenys\u00e9g<\/b><\/p>\n<p class=\"MsoNormal\"><span style=\"font-size: 12.0pt;line-height: 115%\">2013-ban els\u0151szerz\u0151s tudom\u00e1nyos el\u0151ad\u00e1sok, poszterek:<br \/>\n&#8211; Fogpulpa eredet\u0171 \u0151ssejtek \u00e9s MG-63 osteoblast tumor sejtvonal \u00f6sszehasonl\u00edt\u00e1sa az oszteog\u00e9n differenci\u00e1ltat\u00e1s sor\u00e1n<br \/>\nA Magyar \u00c9lettani, Farmakol\u00f3giai \u00e9s Mikrocirkul\u00e1ci\u00f3s T\u00e1rsas\u00e1gok 2013. \u00e9vi k\u00f6z\u00f6s Tudom\u00e1nyos Kongresszusa, Budapest, 2013. 06. 05-08.<br \/>\n&#8211; <b><\/b>Expansion of STRO-1 positive cells during osteogenic differentiation of dental stem cells<br \/>\nInternational Conference on Tooth Morphogenesis and Differentiation (TMD 2013); La Londe les Maures, French 2013.05.26-31.<br \/>\n&#8211; <b><\/b>Comparison of dental pulp stem cells and MG-63 osteoblast tumor cells osteogenic differentiation time course<br \/>\nPhD Tudom\u00e1nyos Napok, Budapest, 2013. 04. 11-12.<\/span><\/p>\n<p class=\"MsoNormal\"><span style=\"font-size: 12.0pt;line-height: 115%\">2012-ban els\u0151szerz\u0151s tudom\u00e1nyos poszter:<br \/>\nFoggy\u00f6k\u00e9rh\u00e1rtya \u00e9s fogzacsk\u00f3 eredet\u0171 \u0151ssejtek jellemz\u00e9se \u00e9s oszteog\u00e9n differenci\u00e1l\u00f3d\u00e1s\u00e1nak \u00f6sszehasonl\u00edt\u00e1sa<br \/>\nMagyar Fogorvosok Egyes\u00fclete \u00c1rk\u00f6vy v\u00e1ndorgy\u0171l\u00e9se, P\u00e9cs, 2012. 09. 20-22.<\/span><\/p>\n<p class=\"MsoNormal\"><span style=\"font-size: 12.0pt;line-height: 115%\">2008-2010. Szegedi Tudom\u00e1nyegyetem Fogorvostudom\u00e1nyi Kar TDK munka:<br \/>\n2010\u00a0\u00a0\u00a0\u00a0\u00a0\u00a0\u00a0\u00a0\u00a0\u00a0 \u00a0\u00a0\u00a0\u00a0\u00a0\u00a0\u00a0\u00a0\u00a0\u00a0 K\u00e9miai tiszt\u00edt\u00e1si m\u00f3dszerek hat\u00e1sa a tit\u00e1n implant\u00e1tum fel\u00fclet\u00e9re<br \/>\n(TDK konferencia III. helyez\u00e9s), t\u00e9mavezet\u0151k: Dr Turz\u00f3 Kinga \u00e9s Radnai M\u00e1rta<br \/>\n2009 \u00a0\u00a0\u00a0\u00a0\u00a0\u00a0\u00a0\u00a0\u00a0\u00a0\u00a0\u00a0\u00a0\u00a0\u00a0\u00a0\u00a0\u00a0\u00a0\u00a0\u00a0 K\u00fcl\u00f6nb\u00f6z\u0151 m\u00f3dszerekkel tiszt\u00edtott tit\u00e1n fel\u00fcletek <i>in vitro<\/i> vizsg\u00e1lata<br \/>\n(TDK konferencia II. helyez\u00e9s), t\u00e9mavezet\u0151: Dr Turz\u00f3 Kinga<\/span><\/p>\n<p class=\"MsoNormal\"><b><br \/>\nKlinikai \u00e9s egy\u00e9b el\u0151menetel<\/b><\/p>\n<p class=\"MsoNormal\"><span style=\"font-size: 12.0pt;line-height: 115%\">2010-2013 Semmelweis Egyetem Fogorvostudom\u00e1nyi Kar, Or\u00e1lbiol\u00f3giai Tansz\u00e9k<br \/>\nK\u00f3r\u00e9lettan \u00e9s Or\u00e1lbiol\u00f3gia gyakorlati el\u0151ad\u00f3 (magyar \u00e9s n\u00e9met) \u00e9s gyakorlatvezet\u0151 (magyar)<\/span><\/p>\n<p class=\"MsoNormal\"><b><br \/>\nSzakmai tapasztalat<\/b><\/p>\n<p class=\"MsoNormal\" style=\"margin-left: 14.2pt;text-indent: -14.2pt\"><span style=\"font-size: 12.0pt;line-height: 115%\">2013- \u00a0 Semmelweis Egyetem Fogorvostudom\u00e1nyi Kar, Fog\u00e1szati \u00e9s sz\u00e1jseb\u00e9szeti Oktat\u00f3 Int\u00e9zet, klinikai orvos<\/span><\/p>\n<p class=\"MsoNormal\" style=\"margin-left: 14.2pt;text-indent: -14.2pt\"><span style=\"font-size: 12.0pt;line-height: 115%\">2011-2012 Fels\u0151pakony, Fog\u00e1szati rendel\u0151, fogorvos<\/span><\/p>\n<p class=\"MsoNormal\"><b><br \/>\nNyelvismeret<\/b><\/p>\n<p class=\"MsoNormal\"><span style=\"font-size: 12.0pt;line-height: 115%\"><strong>n\u00e9met<\/strong>\u00a0 k\u00f6z\u00e9pfok\u00fa egynyelv\u0171 nyelvvizsga<br \/>\n<strong>angol<\/strong>\u00a0\u00a0 alapfok\u00fa<\/span><\/p>\n","protected":false},"excerpt":{"rendered":"<p><a href=\"https:\/\/semmelweis.hu\/fszoi\/files\/2014\/01\/image0016.jpg\"><\/a> Szem\u00e9lyi adatok N\u00e9v: dr. Perczel-Kov\u00e1ch Katalin Erzs\u00e9bet Tanulm\u00e1nyok 2013 \u2013 \u00a0Semmelweis Egyetem Fogorvostudom\u00e1nyi Kar,Fog\u00e1szati \u00e9s Sz\u00e1jseb\u00e9szeti Oktat\u00f3 Int\u00e9zet Konzerv\u00e1l\u00f3fog\u00e1szat \u00e9s Fogp\u00f3tl\u00e1stan rezidens 2012.\u00a0\u00a0 B\u0151v\u00edtett fokozat\u00fa sug\u00e1rv\u00e9delmi tanfolyam, Budapest 2010. \u00a0 Regenerat\u00edv \u00e9s plasztikai eszt\u00e9tikai parodontol\u00f3giai ter\u00e1pia c\u00edm\u0171 elm\u00e9leti \u00e9s gyakorlati tanfolyam, Budapest 2010-2013 Semmelweis Egyetem Fogorvostudom\u00e1nyi Kar, Or\u00e1lbiol\u00f3giai Tansz\u00e9k \u00f6szt\u00f6nd\u00edjas PhD hallgat\u00f3 kutat\u00e1si t\u00e9ma: K\u00fcl\u00f6nb\u00f6z\u0151 &hellip;<\/p>\n","protected":false},"author":188,"featured_media":0,"parent":78,"menu_order":0,"comment_status":"closed","ping_status":"closed","template":"","meta":{"_acf_changed":false,"footnotes":""},"categories":[],"tags":[],"class_list":["post-794","page","type-page","status-publish","hentry"],"acf":[],"_links":{"self":[{"href":"https:\/\/semmelweis.hu\/fszoi\/wp-json\/wp\/v2\/pages\/794","targetHints":{"allow":["GET"]}}],"collection":[{"href":"https:\/\/semmelweis.hu\/fszoi\/wp-json\/wp\/v2\/pages"}],"about":[{"href":"https:\/\/semmelweis.hu\/fszoi\/wp-json\/wp\/v2\/types\/page"}],"author":[{"embeddable":true,"href":"https:\/\/semmelweis.hu\/fszoi\/wp-json\/wp\/v2\/users\/188"}],"replies":[{"embeddable":true,"href":"https:\/\/semmelweis.hu\/fszoi\/wp-json\/wp\/v2\/comments?post=794"}],"version-history":[{"count":4,"href":"https:\/\/semmelweis.hu\/fszoi\/wp-json\/wp\/v2\/pages\/794\/revisions"}],"predecessor-version":[{"id":4770,"href":"https:\/\/semmelweis.hu\/fszoi\/wp-json\/wp\/v2\/pages\/794\/revisions\/4770"}],"up":[{"embeddable":true,"href":"https:\/\/semmelweis.hu\/fszoi\/wp-json\/wp\/v2\/pages\/78"}],"wp:attachment":[{"href":"https:\/\/semmelweis.hu\/fszoi\/wp-json\/wp\/v2\/media?parent=794"}],"wp:term":[{"taxonomy":"category","embeddable":true,"href":"https:\/\/semmelweis.hu\/fszoi\/wp-json\/wp\/v2\/categories?post=794"},{"taxonomy":"post_tag","embeddable":true,"href":"https:\/\/semmelweis.hu\/fszoi\/wp-json\/wp\/v2\/tags?post=794"}],"curies":[{"name":"wp","href":"https:\/\/api.w.org\/{rel}","templated":true}]}}