{"id":78,"date":"2013-07-05T00:24:38","date_gmt":"2013-07-04T22:24:38","guid":{"rendered":"http:\/\/semmelweis-egyetem.hu\/fszoi\/?page_id=78"},"modified":"2026-03-12T13:36:24","modified_gmt":"2026-03-12T12:36:24","slug":"munkatarsak","status":"publish","type":"page","link":"https:\/\/semmelweis.hu\/fszoi\/munkatarsak\/","title":{"rendered":"Munkat\u00e1rsak"},"content":{"rendered":"<p><strong>mb. igazgat\u00f3: <\/strong>Prof. Dr. Gerber G\u00e1bor, egyetemi tan\u00e1r<\/p>\n<p style=\"text-align: left\"><strong>Igazgat\u00f3 helyettesek:<\/strong><\/p>\n<ul>\n<li style=\"text-align: left\"><a href=\"https:\/\/semmelweis.hu\/fszoi\/files\/2026\/03\/Orsos_Merci_CV_2026_honlap.pdf\">Dr. Ors\u00f3s Merc\u00e9desz<\/a> &#8211; Ph.D., egyetemi adjunktus<\/li>\n<li><a href=\"https:\/\/semmelweis.hu\/fszoi\/files\/2026\/01\/Kivovics-Marton_CV202601.pdf\">Dr. Kivovics M\u00e1rton<\/a> &#8211; Ph.D., egyetemi docens, tudom\u00e1nyos igazgat\u00f3helyettes<\/li>\n<\/ul>\n<p><strong>Oszt\u00e1lyvezet\u0151 f\u0151orvosok:<\/strong><\/p>\n<ul>\n<li><a href=\"https:\/\/semmelweis.hu\/fszoi\/files\/2026\/01\/Perczel-Kovach-Katalin-Ph.D.-_-2026_CV.pdf\">Dr. Perczel-Kov\u00e1ch Katalin<\/a>, Ph.D., &#8211; Betegfelv\u00e9teli \u00e9s S\u00fcrg\u0151ss\u00e9gi Oszt\u00e1ly<\/li>\n<li><a href=\"https:\/\/semmelweis.hu\/fszoi\/files\/2026\/01\/Kivovics-Marton_CV202601.pdf\">Dr. Kivovics M\u00e1rton<\/a>, Ph.D., &#8211; Sz\u00e1jseb\u00e9szeti Oszt\u00e1ly<\/li>\n<li>Dr. Czink\u00f3czky B\u00e9la &#8211; Implantol\u00f3giai Oszt\u00e1ly<\/li>\n<li><a href=\"https:\/\/semmelweis.hu\/fszoi\/dr-buchler-janos-szakmai-oneletrajz\/\">Dr. B\u00fcchler J\u00e1nos<\/a> &#8211; Parodontol\u00f3giai Oszt\u00e1ly<\/li>\n<li><a href=\"https:\/\/semmelweis.hu\/fszoi\/files\/2026\/02\/Szathmari_Noemi_2026_CV.pdf\">Dr. Szathm\u00e1ri-M\u00e9sz\u00e1ros No\u00e9mi Kitti<\/a> &#8211; Fogp\u00f3tl\u00e1stani Oszt\u00e1ly (mb.)<\/li>\n<li><a href=\"https:\/\/semmelweis.hu\/fszoi\/dr-tokai-eva-szakmai-oneletrajz\/\">Dr. Tokai \u00c9va <\/a>&#8211; Fogszab\u00e1lyoz\u00e1si Oszt\u00e1ly<\/li>\n<li><a href=\"https:\/\/semmelweis.hu\/fszoi\/files\/2026\/02\/Marczi_Nora_CV_2026.pdf\">Dr. Marczi N\u00f3ra<\/a> &#8211; Gyermekfog\u00e1szati Oszt\u00e1ly (mb.)<\/li>\n<li><a href=\"https:\/\/semmelweis.hu\/fszoi\/dr-moldvai-julia-szakmai-oneletrajz\/\">Dr. Moldvai J\u00falia Helga<\/a>, Ph.D., &#8211; Endodonciai Oszt\u00e1ly (mb.)<\/li>\n<li>Dr. Uhrin Eszter &#8211; Or\u00e1lis Medicina &#8211; Sz\u00e1jny\u00e1lkah\u00e1rtya Betegs\u00e9gek Oszt\u00e1ly (mb.)<\/li>\n<li><a href=\"https:\/\/semmelweis.hu\/fszoi\/files\/2026\/01\/Szakmai-oneletrajz-Kivovics-Peter-2026_OK.pdf\">Prof. Dr. Kivovics P\u00e9ter<\/a> az orvostudom\u00e1ny kandid\u00e1tusa, Ph.D., &#8211; Gerosztomatol\u00f3giai \u00e9s Maxillo-faci\u00e1lis Protetikai Oszt\u00e1ly<\/li>\n<li>Dr. Kapor Kl\u00e1ra &#8211; Radiol\u00f3giai Oszt\u00e1ly (mb.)<\/li>\n<li><a href=\"https:\/\/semmelweis.hu\/fszoi\/files\/2026\/02\/Simon-Fanni_CV_2026_ok.pdf\">Dr. Simon Fanni<\/a>, Ph.D., &#8211; Prevenci\u00f3s Oszt\u00e1ly szakmai vezet\u0151je<\/li>\n<\/ul>\n<p><strong>Orvosaink:<\/strong><\/p>\n<ul>\n<li>dr. Ag\u00f3cs Edina<\/li>\n<li><a href=\"https:\/\/semmelweis.hu\/fszoi\/files\/2026\/02\/Arki_Zsuzsanna_CV_2026.pdf\">dr. \u00c1rki Zsuzsanna<\/a><\/li>\n<li>dr. Bajsz Norman<\/li>\n<li><a href=\"https:\/\/semmelweis.hu\/fszoi\/files\/2026\/03\/Oneletrajz-sablon_2026_baloghjulia80.pdf\">dr. Balogh J\u00falia<\/a><\/li>\n<li><a href=\"https:\/\/semmelweis.hu\/fszoi\/files\/2026\/02\/BarabasEszterOneletrajz_2026.pdf\">dr. Barab\u00e1s Eszter<\/a><\/li>\n<li>dr. B\u00e1lint \u00c1gota<\/li>\n<li>dr. B\u00e1nfi \u00c1gnes<\/li>\n<li>dr. B\u00e1nkuti Szimonetta<\/li>\n<li><a href=\"https:\/\/semmelweis.hu\/fszoi\/files\/2021\/03\/B\u00e1nszki-Laura_CV_gg-m\u00e1solata.pdf\">dr. B\u00e1nszki Laura Fanni<\/a><\/li>\n<li>dr. B\u00edr\u00f3 Andrea<\/li>\n<li>dr. Bogn\u00e1r Fl\u00f3ra (tart\u00f3san t\u00e1vol)<\/li>\n<li>dr. Bogn\u00e1r Tibor<\/li>\n<li>dr. Bogn\u00e1r-Karay Orsolya<\/li>\n<li>dr. Bogn\u00e1r Vir\u00e1g<\/li>\n<li>dr. Budah\u00e1zi Fanni<\/li>\n<li>dr. Czapp\u00e1n Andrea<\/li>\n<li>dr. Csokonay Gerg\u0151<\/li>\n<li>dr. Do Anth Tu<\/li>\n<li>dr. Domokos Zsuzsanna<\/li>\n<li><a href=\"https:\/\/semmelweis.hu\/fszoi\/dr-dongolo-flora-eszter-szakmai-oneletrajz\/\">dr. D\u00f6ng\u00f6l\u0151 Fl\u00f3ra<\/a> (tart\u00f3san t\u00e1vol)<\/li>\n<li>dr. Er\u0151ss R\u00e9ka<\/li>\n<li><a href=\"https:\/\/semmelweis.hu\/fszoi\/files\/2026\/02\/Fekete-Benjamin_oneletrajz_2026.pdf\">dr. Fekete Benj\u00e1min<\/a><\/li>\n<li>dr. F\u00fcl\u00f6p Zsanett (tart\u00f3san t\u00e1vol)<\/li>\n<li><a href=\"https:\/\/semmelweis.hu\/fszoi\/dr-gallatz-katalin-szakmai-oneletrajz\/\">dr. Gallatz Katalin<\/a><\/li>\n<li>dr. Gazdig Gergely<\/li>\n<li>dr. G\u00e1bor Kincs\u0151 (tart\u00f3san t\u00e1vol)<\/li>\n<li>dr. G\u00e1tos Mikl\u00f3s<\/li>\n<li><a href=\"https:\/\/semmelweis.hu\/fszoi\/files\/2026\/02\/Dr.-Ibrahim-Wisam-Oneletrajz-sablon_2026.pdf\">dr. Ibrahim Wisam<\/a><\/li>\n<li><a href=\"https:\/\/semmelweis.hu\/fszoi\/files\/2026\/01\/Ivanyi_Dora_CV_2026.pdf\">dr. Iv\u00e1nyi D\u00f3ra<\/a><\/li>\n<li>dr. Jakab Gerle (tart\u00f3san t\u00e1vol)<\/li>\n<li>dr. Kapor Kl\u00e1ra<\/li>\n<li>dr. Kaposi Benedek<\/li>\n<li>dr. Karsai Istv\u00e1n Kevin<\/li>\n<li>dr. Kerkovits B\u00e1lint Andr\u00e1s (tart\u00f3san t\u00e1vol)<\/li>\n<li>dr. K\u00edgy\u00f3ssy Eszter<\/li>\n<li>dr. Kirj\u00e1k Gy\u00e1rf\u00e1s<\/li>\n<li><a href=\"https:\/\/semmelweis.hu\/fszoi\/dr-kiss-rita-monika-szakmai-oneletrajz\/\">dr. Kiss Rita M\u00f3nika<\/a><\/li>\n<li>dr. Magyar-Kov\u00e1cs Dorottya (tart\u00f3san t\u00e1vol)<\/li>\n<li><a href=\"https:\/\/semmelweis.hu\/fszoi\/files\/2021\/02\/dr.-Kurucz-Imola-Anna-\u00f6n\u00e9letrajz.pdf\">dr. Kurucz Imola<\/a> (tart\u00f3san t\u00e1vol)<\/li>\n<li><a href=\"https:\/\/semmelweis.hu\/fszoi\/files\/2026\/02\/Oneletrajz-Levai-2026.pdf\">dr. L\u00e9vai Csenge<\/a><\/li>\n<li>dr. Luu Le Duc Viet D\u00e1vid<\/li>\n<li>dr. Ma\u00e1r Nikolett<\/li>\n<li>dr. Matiashvili Irakli<\/li>\n<li>dr. Moln\u00e1r Andr\u00e1s P\u00e1l<\/li>\n<li>dr. Nagy \u00c1gnes<\/li>\n<li><a href=\"https:\/\/semmelweis.hu\/fszoi\/files\/2026\/02\/Nagy-Csoma-Luca-CV-2026_.pdf\">dr. Nagy-Csoma Luca<\/a><\/li>\n<li>dr. Nikoli Rebeka (tart\u00f3san t\u00e1vol)<\/li>\n<li>dr. N\u00e9meth-Csurilla Vikt\u00f3ria<\/li>\n<li><a href=\"https:\/\/semmelweis.hu\/fszoi\/files\/2026\/01\/Novak-Viktoria-CV_2026.pdf\">dr. Nov\u00e1k Vikt\u00f3ria<\/a><\/li>\n<li><a href=\"https:\/\/semmelweis.hu\/fszoi\/files\/2021\/03\/dr.-Ola\u0301h-Gergely-CV.pdf\">dr. Ol\u00e1h Gergely<\/a><\/li>\n<li>dr. Palcs\u00f3-Moldov\u00e1n Zs\u00f3fia (tart\u00f3san t\u00e1vol)<\/li>\n<li><a href=\"https:\/\/semmelweis.hu\/fszoi\/files\/2026\/02\/Oneletrajz-dr-Pastyik-Paula_20260201.pdf\">dr. Pastyik Paula<\/a><\/li>\n<li>dr. P\u00e9nzes Dorottya<\/li>\n<li>dr. P\u00f6rzse Vir\u00e1g Adrienne<\/li>\n<li>dr. Rapszky Ren\u00e1ta Erzs\u00e9bet<\/li>\n<li>dr. R\u00e9z Rebeka<\/li>\n<li><a href=\"https:\/\/semmelweis.hu\/fszoi\/files\/2026\/02\/Oneletrajz-dr.Struhar-Gabriella_2026.pdf\">dr. Struh\u00e1r Gabriella<\/a><\/li>\n<li><a href=\"https:\/\/semmelweis.hu\/fszoi\/dr-lesztak-eszter-szakmai-oneletrajz\/\">dr. Szab\u00f3-Leszt\u00e1k Eszter Fl\u00f3ra<\/a> (tart\u00f3san t\u00e1vol)<\/li>\n<li>dr. Szanyi Szabolcs M\u00e1t\u00e9<\/li>\n<li>dr. Szerencse Csilla<\/li>\n<li>dr. Szirmai-Szab\u00f3 Emese<\/li>\n<li>dr. Tak\u00e1cs Anna<\/li>\n<li>dr. T\u00e1bi Dalma<\/li>\n<li>dr. Torjai Katalin (tart\u00f3san t\u00e1vol)<\/li>\n<li>dr. T\u00f3ducz Emma<\/li>\n<li>dr. Urb\u00e1n Kitti<\/li>\n<li>dr. Varga Csenge<\/li>\n<li>dr. V\u00e9gh-P\u00e1lv\u00f6lgyi Eszter (tart\u00f3san t\u00e1vol)<\/li>\n<li>dr. Vodny\u00e1nszki \u00c1kos<\/li>\n<li>Koml\u00f3sin\u00e9 dr. \u00c1rki Zsuzsanna<\/li>\n<li>Skublicsn\u00e9 dr. Hesz Anna (tart\u00f3san t\u00e1vol)<\/li>\n<\/ul>\n<p><strong>Vezet\u0151 asszisztens\u00fcnk:<\/strong><\/p>\n<ul>\n<li>Gond\u00e1n Kl\u00e1ra<\/li>\n<\/ul>\n<p><strong>Dent\u00e1lhigi\u00e9nikusaink (BSc):<\/strong><\/p>\n<ul>\n<li>N\u00e9meth Anita (tart\u00f3san t\u00e1vol)<\/li>\n<li>Stavar\u00f3cki Anita<\/li>\n<\/ul>\n<p><strong>Klinikai fog\u00e1szati higi\u00e9nikusaink: <\/strong><\/p>\n<ul>\n<li>Fekete Csilla<\/li>\n<li>Ocsk\u00f3 T\u00edmea<\/li>\n<li>Somogyi M\u00f3nika<\/li>\n<\/ul>\n<p><strong>Digit\u00e1lis fog\u00e1szati tervez\u0151nk:<\/strong><\/p>\n<ul>\n<li>T\u00f3th Bogl\u00e1rka Bianka<\/li>\n<\/ul>\n<p><strong>Fog\u00e1szati asszisztenseink:<\/strong><\/p>\n<ul>\n<li>Baki Gy\u00f6rgyi<\/li>\n<li>Baksa K\u00f6d\u00f6b\u00f6cz Gabriella<\/li>\n<li>Badics Mih\u00e1lyn\u00e9<\/li>\n<li>Banya Zsolt<\/li>\n<li>Beliczky Andr\u00e1s<\/li>\n<li>Berki Klaudia<\/li>\n<li>Benedekn\u00e9 B. Krisztina<\/li>\n<li>B\u00edr\u00f3n\u00e9 Zahorecz Szilvia<\/li>\n<li>Borsa Vikt\u00f3ria<\/li>\n<li>Breznyiczki Gabriella<\/li>\n<li>Czincz Katalin<\/li>\n<li>Csereszny\u00e9s Judit (tart\u00f3san t\u00e1vol)<\/li>\n<li>De\u00e1k Judith<\/li>\n<li>Don\u00e1th M\u00e1rta<\/li>\n<li>F\u00fcl\u00f6p Szab\u00f3 Szilvia<\/li>\n<li>Garai Zs\u00f3fia<\/li>\n<li>G\u00e1l Anik\u00f3<\/li>\n<li>G\u00f6r\u00f6g Adrienn<\/li>\n<li>Gyarmati Gabriella<\/li>\n<li>Herpai Bianka<\/li>\n<li>Kas R\u00e9ka<\/li>\n<li>Kis Ang\u00e9la<\/li>\n<li>Kissn\u00e9 Blaskovics Dorottya<\/li>\n<li>Kiszel Ren\u00e1ta<\/li>\n<li>Kocsis Be\u00e1ta Zsuzsanna<\/li>\n<li>Kolkopf Vivien<\/li>\n<li>Korm\u00e1nyos Julianna (tart\u00f3san t\u00e1vol)<\/li>\n<li>Kov\u00e1cs Evelin (tart\u00f3san t\u00e1vol)<\/li>\n<li>Kov\u00e1cs Gabriella<\/li>\n<li>Kov\u00e1cs Gr\u00e9ta Zsuzsanna<\/li>\n<li>Kozma Zsuzsanna<\/li>\n<li>K\u00fcl\u00f6s Barbara<\/li>\n<li>Laki \u00c1gnes<\/li>\n<li>Makul\u00e1n\u00e9 Bal\u00e1zs Eszter<\/li>\n<li>Nagy R\u00e9ka<\/li>\n<li>Nagy R\u00f3zsa Vir\u00e1g<\/li>\n<li>N\u00e9meth Anita (tart\u00f3san t\u00e1vol)<\/li>\n<li>N\u00e9meth Zsuzsanna<\/li>\n<li>Ny\u00e1ry Zsuzsanna<\/li>\n<li>Ol\u00e1h G\u00e1bor Zolt\u00e1nn\u00e9<\/li>\n<li>Orb\u00e1nn\u00e9 Zsig\u00f3 Krisztina<\/li>\n<li>Oszl\u00e1nszky L\u00e1szl\u00f3n\u00e9 Judit<\/li>\n<li>Pappn\u00e9 Moln\u00e1r Csilla<\/li>\n<li>Piller Izabella<\/li>\n<li>S\u00e1ndor Nikolett<\/li>\n<li>Schl\u00e9gel-Deli Klaudia Zsuzsanna (tart\u00f3san t\u00e1vol)<\/li>\n<li>Sikos D\u00f3ra<\/li>\n<li>Simonyi Annam\u00e1ria<\/li>\n<li>Szab\u00f3 Ant\u00f3nia<\/li>\n<li>Szajk\u00f3 Andrea<\/li>\n<li>Sz\u00e1jli Rita<\/li>\n<li>Szeidovitz Katalin<\/li>\n<li>Szentgy\u00f6rgyi Angella<\/li>\n<li>Tam\u00e1si Erzs\u00e9bet<\/li>\n<li>T\u00e1trai Andrea<\/li>\n<li>T\u00f3th Hajnalka<\/li>\n<li>T\u00f3thfalusi Ilona<\/li>\n<li>T\u00f3thn\u00e9 Fodor Vivien<\/li>\n<li>Urr Zsanett<\/li>\n<li>\u00dcveges Ren\u00e1ta<\/li>\n<li>Viszti Katalin<\/li>\n<\/ul>\n<p><strong>M\u0171szaki-gazdas\u00e1gi vezet\u0151nk:<\/strong><\/p>\n<ul>\n<li>Kar\u00e1csony Katalin<\/li>\n<\/ul>\n<p><strong>Gazdas\u00e1gi \u00fcgyint\u00e9z\u0151ink: <\/strong><\/p>\n<ul>\n<li>Nagy \u00c9va<\/li>\n<li>Biszinger D\u00f3ra<\/li>\n<\/ul>\n<p><strong>\u00dcgyviv\u0151 szak\u00e9rt\u0151nk:<\/strong>\u00a0<\/p>\n<ul>\n<li>S\u00e1ndor Edina\u00a0 \u00a0\u00a0<\/li>\n<\/ul>\n<p><strong>Titk\u00e1rn\u0151nk: <\/strong><\/p>\n<ul>\n<li><span style=\"font-size: 1rem\">Kiss M\u00f3nika<\/span><\/li>\n<\/ul>\n<p><strong>Titk\u00e1rs\u00e1gi szak\u00e9rt\u0151nk:<\/strong><\/p>\n<ul>\n<li>Szab\u00f3 Adrienn<\/li>\n<\/ul>\n<p><strong>Rakt\u00e1rosunk: <\/strong><\/p>\n<ul>\n<li>Fazekas Andr\u00e1s\u00a0<\/li>\n<\/ul>\n<div class=\"keretes w-100\">\n<h5><strong>Int\u00e9zet\u00fcnkben dolgoz\u00f3 munkat\u00e1rsak el\u00e9rhet\u0151s\u00e9gei:<\/strong><\/h5>\n<ul>\n<li><strong><a href=\"https:\/\/semmelweis.hu\/fszoi\/files\/2025\/04\/Email-Telo-lista-1.pdf\">Email<\/a><\/strong><\/li>\n<li><a href=\"https:\/\/semmelweis.hu\/fszoi\/files\/2025\/07\/TELEFONSZAMOK_MELLEKEK_2025.pdf\"><strong>Telefon<\/strong><\/a><\/li>\n<\/ul>\n<\/div>\n","protected":false},"excerpt":{"rendered":"<p>mb. igazgat\u00f3: Prof. Dr. Gerber G\u00e1bor, egyetemi tan\u00e1r Igazgat\u00f3 helyettesek: <a href=\"https:\/\/semmelweis.hu\/fszoi\/files\/2026\/03\/Orsos_Merci_CV_2026_honlap.pdf\">Dr. Ors\u00f3s Merc\u00e9desz<\/a> &#8211; Ph.D., egyetemi adjunktus <a href=\"https:\/\/semmelweis.hu\/fszoi\/files\/2026\/01\/Kivovics-Marton_CV202601.pdf\">Dr. Kivovics M\u00e1rton<\/a> &#8211; Ph.D., egyetemi docens, tudom\u00e1nyos igazgat\u00f3helyettes Oszt\u00e1lyvezet\u0151 f\u0151orvosok: <a href=\"https:\/\/semmelweis.hu\/fszoi\/files\/2026\/01\/Perczel-Kovach-Katalin-Ph.D.-_-2026_CV.pdf\">Dr. Perczel-Kov\u00e1ch Katalin<\/a> , Ph.D., &#8211; Betegfelv\u00e9teli \u00e9s S\u00fcrg\u0151ss\u00e9gi Oszt\u00e1ly <a href=\"https:\/\/semmelweis.hu\/fszoi\/files\/2026\/01\/Kivovics-Marton_CV202601.pdf\">Dr. Kivovics M\u00e1rton<\/a> , Ph.D., &#8211; Sz\u00e1jseb\u00e9szeti Oszt\u00e1ly Dr. Czink\u00f3czky B\u00e9la &#8211; Implantol\u00f3giai Oszt\u00e1ly <a href=\"https:\/\/semmelweis.hu\/fszoi\/dr-buchler-janos-szakmai-oneletrajz\/\">Dr. B\u00fcchler J\u00e1nos<\/a> &#8211; Parodontol\u00f3giai Oszt\u00e1ly <a href=\"https:\/\/semmelweis.hu\/fszoi\/files\/2026\/02\/Szathmari_Noemi_2026_CV.pdf\">Dr. Szathm\u00e1ri-M\u00e9sz\u00e1ros No\u00e9mi Kitti<\/a> &#8211; Fogp\u00f3tl\u00e1stani Oszt\u00e1ly (mb.) <a href=\"https:\/\/semmelweis.hu\/fszoi\/dr-tokai-eva-szakmai-oneletrajz\/\">Dr. Tokai \u00c9va <\/a> &#8211; Fogszab\u00e1lyoz\u00e1si Oszt\u00e1ly <a href=\"https:\/\/semmelweis.hu\/fszoi\/files\/2026\/02\/Marczi_Nora_CV_2026.pdf\">Dr. Marczi N\u00f3ra<\/a> &#8211; Gyermekfog\u00e1szati Oszt\u00e1ly (mb.) <a href=\"https:\/\/semmelweis.hu\/fszoi\/dr-moldvai-julia-szakmai-oneletrajz\/\">Dr. Moldvai J\u00falia Helga<\/a> , &hellip;<\/p>\n","protected":false},"author":188,"featured_media":0,"parent":0,"menu_order":4,"comment_status":"closed","ping_status":"closed","template":"","meta":{"_acf_changed":false,"footnotes":""},"categories":[],"tags":[],"class_list":["post-78","page","type-page","status-publish","hentry"],"acf":[],"_links":{"self":[{"href":"https:\/\/semmelweis.hu\/fszoi\/wp-json\/wp\/v2\/pages\/78","targetHints":{"allow":["GET"]}}],"collection":[{"href":"https:\/\/semmelweis.hu\/fszoi\/wp-json\/wp\/v2\/pages"}],"about":[{"href":"https:\/\/semmelweis.hu\/fszoi\/wp-json\/wp\/v2\/types\/page"}],"author":[{"embeddable":true,"href":"https:\/\/semmelweis.hu\/fszoi\/wp-json\/wp\/v2\/users\/188"}],"replies":[{"embeddable":true,"href":"https:\/\/semmelweis.hu\/fszoi\/wp-json\/wp\/v2\/comments?post=78"}],"version-history":[{"count":13,"href":"https:\/\/semmelweis.hu\/fszoi\/wp-json\/wp\/v2\/pages\/78\/revisions"}],"predecessor-version":[{"id":5653,"href":"https:\/\/semmelweis.hu\/fszoi\/wp-json\/wp\/v2\/pages\/78\/revisions\/5653"}],"wp:attachment":[{"href":"https:\/\/semmelweis.hu\/fszoi\/wp-json\/wp\/v2\/media?parent=78"}],"wp:term":[{"taxonomy":"category","embeddable":true,"href":"https:\/\/semmelweis.hu\/fszoi\/wp-json\/wp\/v2\/categories?post=78"},{"taxonomy":"post_tag","embeddable":true,"href":"https:\/\/semmelweis.hu\/fszoi\/wp-json\/wp\/v2\/tags?post=78"}],"curies":[{"name":"wp","href":"https:\/\/api.w.org\/{rel}","templated":true}]}}