{"id":751,"date":"2014-01-20T13:01:25","date_gmt":"2014-01-20T12:01:25","guid":{"rendered":"http:\/\/semmelweis.hu\/fszoi\/?page_id=751"},"modified":"2018-08-27T15:52:10","modified_gmt":"2018-08-27T13:52:10","slug":"dr-szathmari-noemi-kitti-szakmai-oneletrajz","status":"publish","type":"page","link":"https:\/\/semmelweis.hu\/fszoi\/munkatarsak\/dr-szathmari-noemi-kitti-szakmai-oneletrajz\/","title":{"rendered":"dr. Szathm\u00e1ri-M\u00e9sz\u00e1ros No\u00e9mi Kitti &#8211; szakmai \u00f6n\u00e9letrajz"},"content":{"rendered":"<p><b>Szem\u00e9lyi adatok<\/b><\/p>\n<p><a href=\"https:\/\/semmelweis.hu\/fszoi\/files\/2014\/01\/image001.jpg\"><img loading=\"lazy\" decoding=\"async\" class=\"size-full wp-image-750 alignright\" src=\"https:\/\/semmelweis.hu\/fszoi\/files\/2014\/01\/image001.jpg\" alt=\"dr. Szathm\u00e1ri No\u00e9mi Kitti\" width=\"121\" height=\"182\" \/><\/a><\/p>\n<p><em><b>N\u00e9v<\/b><\/em>: dr. Szathm\u00e1ri-M\u00e9sz\u00e1ros No\u00e9mi Kitti<br \/>\n<em><strong>Sz\u00fclet\u00e9si hely \u00e9s id\u0151<\/strong><\/em>: Szeged, 1989. augusztus 27.<\/p>\n<p><b>Tanulm\u00e1nyok<\/b><\/p>\n<p><b>1996. 09. 01. \u2013 2004. 06. 19.<\/b> &#8211; Arany J\u00e1nos \u00c1ltal\u00e1nos Iskola angol-informatika tagozat<br \/>\n<b>2004. 09. 01. \u2013 2008. 06. 16<\/b>. &#8211; Szegedi Tudom\u00e1ny Egyetem S\u00e1gv\u00e1ri Endre Gyakorl\u00f3 Gimn\u00e1zium \u2013 hum\u00e1n tant\u00e1rgyak tagozata, valamint 2006-t\u00f3l biol\u00f3gia \u00e9s k\u00e9mia fakult\u00e1ci\u00f3<br \/>\n<b>2008. 09. 01. \u2013 2009. 08. 30.<\/b> &#8211; Szegedi Tudom\u00e1nyegyetem: Fogorvostudom\u00e1nyi Kar<br \/>\n<b>2009. 09. 01. \u2013 2013. 07. 06.<\/b> &#8211; Semmelweis Egyetem Fogorvostudom\u00e1nyi Kar\u00e1n diploma szerz\u00e9se Summa cum laude min\u0151s\u00edt\u00e9ssel<\/p>\n<p><b>Szakmai tapasztalat<\/b><\/p>\n<p><b>2011. 02. \u2013 2013. 07.<\/b> &#8211; Tudom\u00e1nyos Di\u00e1kk\u00f6ri Tag a SOTE FOK Konzerv\u00e1l\u00f3 Fog\u00e1szati Klinik\u00e1n<br \/>\n<b>2012. 09. \u2013 2013. 07. &#8211;<\/b> Tudom\u00e1nyos Di\u00e1kk\u00f6ri Tag a SOTE FOK Fogp\u00f3tl\u00e1stani Klinik\u00e1n<br \/>\n<b>2011. 09. \u2013 2013. 02.<\/b> &#8211; Klinikai Tehets\u00e9ggondoz\u00f3 Program keret\u00e9ben gyakornok a SOTE FOK Or\u00e1lis Diagnosztika r\u00e9szleg\u00e9n<br \/>\n<b>2013. 02. \u2013 2013. 07.<\/b> &#8211; Klinikai Tehets\u00e9ggondoz\u00f3 Program keret\u00e9ben gyakornok a SOTE FOK Gyermekfog\u00e1szati \u00e9s Fogszab\u00e1lyoz\u00e1si Klinika fogszab\u00e1lyoz\u00e1si r\u00e9szleg\u00e9n<br \/>\n<b>2011. 09. \u2013 2012. 05.<\/b> &#8211; K\u00fatv\u00f6lgy Premium Dental: gyakornokk\u00e9nt \u00e1ltal\u00e1nos fog\u00e1szati gyakorlat<br \/>\n<b>2013. 09. 01.<\/b> \u2013 jelenleg is: Semmelweis Egyetem Fog\u00e1szati \u00e9s Sz\u00e1jseb\u00e9szeti Oktat\u00f3 Int\u00e9zet Konzerv\u00e1l\u00f3 Fog\u00e1szat \u00e9s Fogp\u00f3tl\u00e1stan oszt\u00e1ly int\u00e9zeti vezet\u0151rezidens<\/p>\n<p><b>Nyelvismeret<\/b><\/p>\n<p><b>Angol<\/b> &#8211; Origo\/k\u00e9tnyelv\u0171 (Idegennyelvi Tov\u00e1bbk\u00e9pz\u0151 K\u00f6zpont) \u201eC\u201d t\u00edpus\u00fa k\u00f6z\u00e9pfok\u00fa nyelvvizsga<br \/>\n<b>N\u00e9met<\/b> &#8211; BME \u00e1ltal\u00e1nos nyelvvizsga\/k\u00e9tnyelv\u0171 (BME Nyelvvizsgak\u00f6zpont) \u201eA\u201d \u00e9s \u201eB\u201d t\u00edpus\u00fa k\u00f6z\u00e9pfok\u00fa nyelvvizsga<\/p>\n<p><b>Szakmai tov\u00e1bbk\u00e9pz\u00e9sek<\/b><\/p>\n<p><strong>2013. 02. 14.<\/strong>&#8211; el\u0151ad\u00f3 TDK konferenci\u00e1n, fogorvostudom\u00e1nyi szekci\u00f3ban: A gy\u00f6k\u00e9rcement h\u00e1romdimenzi\u00f3s hisztol\u00f3giai vizsg\u00e1lata c\u00edmen<br \/>\n<strong>2013. 09. 20-21.<\/strong>: Dent-Art-2013 Fog\u00e1szati Konferencia \u00e9s Nemzetk\u00f6zi Szakki\u00e1ll\u00edt\u00e1s<br \/>\n<strong>2013. 09. 21<\/strong>.: Style Italiano &#8211; Eszt\u00e9tika a mindennapi fog\u00e1szatban gyakorlati kurzus (el\u0151ad\u00f3: dr. Gombos \u00c1d\u00e1m)<\/p>\n<p><b>T\u00e1rsas k\u00e9szs\u00e9gek \u00e9s kompetenci\u00e1k<\/b><\/p>\n<p>Munk\u00e1m sor\u00e1n kiemelt fontoss\u00e1g\u00fa sz\u00e1momra, hogy p\u00e1cienseim szorong\u00e1s \u00e9s f\u00e9lelem n\u00e9lk\u00fcl r\u00e9szes\u00fclhessenek kezel\u00e9sben, ez\u00e9rt t\u00f6rekszem a min\u00e9l f\u00e1jdalom mentesebb, prec\u00edz, legkev\u00e9sb\u00e9 invaz\u00edv beavatkoz\u00e1sra. Betegeim magas sz\u00ednvonal\u00fa ell\u00e1t\u00e1sa \u00e9s el\u00e9gedetts\u00e9ge egyar\u00e1nt fontos, \u00edgy a szakmai hozz\u00e1\u00e9rt\u00e9s \u00e9s felk\u00e9sz\u00fclts\u00e9g mellett p\u00e1cienseim valamennyi probl\u00e9m\u00e1j\u00e1t emp\u00e1ti\u00e1val, t\u00fcrelemmel, nyitotts\u00e1ggal kezelem. Fogorvosi munk\u00e1nk sor\u00e1n sosem csup\u00e1n a sz\u00e1j\u00fcregre koncentr\u00e1lunk, hanem a p\u00e1ciens sz\u00e1m\u00e1ra minden szempont szerinti legide\u00e1lisabb megold\u00e1st keress\u00fck, ennek f\u00e9ny\u00e9ben tervezem a beavatkoz\u00e1sokat. Kiemelt \u00e9rdekl\u0151d\u00e9si ter\u00fcletem a gerosztomatol\u00f3gia, azaz az id\u0151skor fog\u00e1szata.<\/p>\n","protected":false},"excerpt":{"rendered":"<p>Szem\u00e9lyi adatok <a href=\"https:\/\/semmelweis.hu\/fszoi\/files\/2014\/01\/image001.jpg\"><\/a> N\u00e9v: dr. Szathm\u00e1ri-M\u00e9sz\u00e1ros No\u00e9mi Kitti Sz\u00fclet\u00e9si hely \u00e9s id\u0151: Szeged, 1989. augusztus 27. Tanulm\u00e1nyok 1996. 09. 01. \u2013 2004. 06. 19. &#8211; Arany J\u00e1nos \u00c1ltal\u00e1nos Iskola angol-informatika tagozat 2004. 09. 01. \u2013 2008. 06. 16. &#8211; Szegedi Tudom\u00e1ny Egyetem S\u00e1gv\u00e1ri Endre Gyakorl\u00f3 Gimn\u00e1zium \u2013 hum\u00e1n tant\u00e1rgyak tagozata, valamint 2006-t\u00f3l biol\u00f3gia \u00e9s k\u00e9mia fakult\u00e1ci\u00f3 &hellip;<\/p>\n","protected":false},"author":188,"featured_media":0,"parent":78,"menu_order":0,"comment_status":"closed","ping_status":"closed","template":"","meta":{"_acf_changed":false,"footnotes":""},"categories":[],"tags":[],"class_list":["post-751","page","type-page","status-publish","hentry"],"acf":[],"_links":{"self":[{"href":"https:\/\/semmelweis.hu\/fszoi\/wp-json\/wp\/v2\/pages\/751","targetHints":{"allow":["GET"]}}],"collection":[{"href":"https:\/\/semmelweis.hu\/fszoi\/wp-json\/wp\/v2\/pages"}],"about":[{"href":"https:\/\/semmelweis.hu\/fszoi\/wp-json\/wp\/v2\/types\/page"}],"author":[{"embeddable":true,"href":"https:\/\/semmelweis.hu\/fszoi\/wp-json\/wp\/v2\/users\/188"}],"replies":[{"embeddable":true,"href":"https:\/\/semmelweis.hu\/fszoi\/wp-json\/wp\/v2\/comments?post=751"}],"version-history":[{"count":4,"href":"https:\/\/semmelweis.hu\/fszoi\/wp-json\/wp\/v2\/pages\/751\/revisions"}],"predecessor-version":[{"id":3379,"href":"https:\/\/semmelweis.hu\/fszoi\/wp-json\/wp\/v2\/pages\/751\/revisions\/3379"}],"up":[{"embeddable":true,"href":"https:\/\/semmelweis.hu\/fszoi\/wp-json\/wp\/v2\/pages\/78"}],"wp:attachment":[{"href":"https:\/\/semmelweis.hu\/fszoi\/wp-json\/wp\/v2\/media?parent=751"}],"wp:term":[{"taxonomy":"category","embeddable":true,"href":"https:\/\/semmelweis.hu\/fszoi\/wp-json\/wp\/v2\/categories?post=751"},{"taxonomy":"post_tag","embeddable":true,"href":"https:\/\/semmelweis.hu\/fszoi\/wp-json\/wp\/v2\/tags?post=751"}],"curies":[{"name":"wp","href":"https:\/\/api.w.org\/{rel}","templated":true}]}}