{"id":621,"date":"2013-10-28T14:59:34","date_gmt":"2013-10-28T13:59:34","guid":{"rendered":"http:\/\/semmelweis-egyetem.hu\/fszoi\/?page_id=621"},"modified":"2017-07-26T15:49:45","modified_gmt":"2017-07-26T13:49:45","slug":"dr-buchler-janos-szakmai-oneletrajz","status":"publish","type":"page","link":"https:\/\/semmelweis.hu\/fszoi\/munkatarsak\/dr-buchler-janos-szakmai-oneletrajz\/","title":{"rendered":"dr. B\u00fcchler J\u00e1nos &#8211; szakmai \u00f6n\u00e9letrajz"},"content":{"rendered":"<p><!--[if gte mso 9]&gt;--><\/p>\n<p><strong>Beoszt\u00e1s<\/strong>: Parodontol\u00f3giai Oszt\u00e1ly vezet\u0151 f\u0151orvosa<a href=\"https:\/\/semmelweis.hu\/fszoi\/files\/2013\/10\/dr.-B\u00fcchler-J\u00e1nos.jpg\"><img loading=\"lazy\" decoding=\"async\" class=\" wp-image-620 alignright\" alt=\"dr. B\u00fcchler J\u00e1nos\" src=\"https:\/\/semmelweis.hu\/fszoi\/files\/2013\/10\/dr.-B\u00fcchler-J\u00e1nos-224x300.jpg\" width=\"202\" height=\"262\" \/><\/a><\/p>\n<p><strong>Telefon<\/strong>: 317-66-00<\/p>\n<p><strong>Mell\u00e9k<\/strong>: 60723<\/p>\n<p><strong>Szoba<\/strong>: 104<\/p>\n<p class=\"MsoNormal\">\n<p class=\"MsoNormal\"><span style=\"text-decoration: underline\"><strong>Szakmai \u00f6n\u00e9letrajz<\/strong><\/span><\/p>\n<p class=\"MsoNormal\"><b>Szem\u00e9lyi adatok<\/b><\/p>\n<p class=\"MsoNormal\"><strong>N\u00e9v<\/strong>: <span>\u00a0<\/span>dr. B\u00fcchler J\u00e1nos<br \/>\n<strong>Sz\u00fclet\u00e9si hely \u00e9s id\u0151:<\/strong> Budapest, 1950. december 07.<\/p>\n<p class=\"MsoNormal\"><b>Szakmai tapasztalat<\/b><\/p>\n<p class=\"MsoNormal\">2010.\u00a0\u00a0\u00a0 Eg\u00e9szs\u00e9g\u00fcgyi Szakk\u00e9pz\u0151 \u00e9s Tov\u00e1bbk\u00e9pz\u0151Int\u00e9zetben a parodontol\u00f3gia el\u0151ad\u00f3ja<\/p>\n<p class=\"MsoNormal\">2008.\u00a0\u00a0\u00a0 Oszt\u00e1lyvezet\u0151 f\u0151orvos kinevez\u00e9s<\/p>\n<p class=\"MsoNormal\">2005.\u00a0\u00a0\u00a0 Konzerv\u00e1l\u00f3 fog\u00e1szat \u00e9s fogp\u00f3tl\u00e1stan szakvizsga (715\/2005)<\/p>\n<p class=\"MsoNormal\">2004.\u00a0\u00a0\u00a0 Semmelweis Egyetem FOK Szak- \u00e9s Tov\u00e1bbk\u00e9pz\u00e9si Titk\u00e1rs\u00e1g megb\u00edz\u00e1sa rezidensk\u00e9pz\u00e9ssel kapcsolatos tutori tev\u00e9kenys\u00e9gre<\/p>\n<p class=\"MsoNormal\">2004.\u00a0\u00a0\u00a0 Nobel Biocare Implant\u00e1cios Kurzus<\/p>\n<p class=\"MsoNormal\">2003.\u00a0\u00a0\u00a0 Parodontol\u00f3gia szakter\u00fclet\u00e9rt felel\u0151s f\u0151orvosi kinevez\u00e9s<\/p>\n<p class=\"MsoNormal\">2002-\u00a0\u00a0\u00a0 A K\u00f6zponti Stomatol\u00f3giai Int\u00e9zet<span>\u00a0 <\/span>\u201e \u00dajabb ismeretek a fog- \u00e9s sz\u00e1jbetegs\u00e9gek<span>\u00a0\u00a0 <\/span>t\u00e1rgyk\u00f6r\u00e9b\u0151l szakorvosok r\u00e9sz\u00e9re \u201d cim\u0171 tov\u00e1bbk\u00e9pz\u00e9sek parodontol\u00f3gia el\u0151ad\u00f3ja<\/p>\n<p class=\"MsoNormal\" style=\"margin-left: 70.5pt;text-indent: -70.5pt\">2001.\u00a0\u00a0\u00a0 Parodontol\u00f3giai szakvizsga<span>\u00a0 <\/span>(462\/2001)<\/p>\n<p class=\"MsoNormal\">1998.\u00a0\u00a0\u00a0 Who epidemiol\u00f3giai vizsg\u00e1latok<span>\u00a0 <\/span>(az 1985\u2013ben \u00e9s 991-ben elkezdett vizsg\u00e1latsorozat folytat\u00e1s)<\/p>\n<p class=\"MsoNormal\">1996.\u00a0\u00a0\u00a0 Parodontol\u00f3giai diagnosztika \u00e9s ter\u00e1pia\u201d tov\u00e1bbk\u00e9pz\u00e9s a HIETE Orvostov\u00e1bbk\u00e9pz\u0151 kar\u00e1n.<\/p>\n<p class=\"MsoNormal\" style=\"margin-left: 70.5pt;text-indent: -70.5pt\">1995.\u00a0\u00a0\u00a0 Ir\u00e1nyitott sz\u00f6vetregener\u00e1ci\u00f3 elm\u00e9lete \u00e9s gyakorlata cim\u0171 kurzus (SOTE)<\/p>\n<p class=\"MsoNormal\" style=\"margin-left: 70.5pt;text-indent: -70.5pt\">1992.\u00a0\u00a0\u00a0 K\u00e9zi depur\u00e1l\u00e1s a fog\u00e1gybetegs\u00e9gek gy\u00f3gy\u00edt\u00e1s\u00e1ban kurzus<span>\u00a0 <\/span>(a UCLA el\u0151ad\u00f3i vezet\u00e9s\u00e9vel)<\/p>\n<p class=\"MsoNormal\">1984.\u00a0\u00a0\u00a0 SOTE B\u0151r- \u00e9s Nemik\u00f3rtani Klinik\u00e1n egy\u00e9ni tov\u00e1bbk\u00e9pz\u00e9s<\/p>\n<p class=\"MsoNormal\" style=\"margin-left: 70.5pt;text-indent: -70.5pt\">1978.\u00a0\u00a0\u00a0 Fog- \u00e9s sz\u00e1jbetegs\u00e9gek szakorvosi k\u00e9pes\u00edt\u00e9s (1082\/1978)<\/p>\n<p class=\"MsoNormal\">1978.\u00a0\u00a0\u00a0 K\u00f6zponti Stomatol\u00f3giai Int\u00e9zet<span>\u00a0 <\/span>fogorvosi st\u00e1tusz (augusztus 15-t\u0151l)<\/p>\n<p class=\"MsoNormal\">1976-\u00a0\u00a0\u00a0 Fogorvosi mag\u00e1ngyakorlat<\/p>\n<p class=\"MsoNormal\">1976.\u00a0\u00a0\u00a0 K\u00f6zponti Stomatol\u00f3giai Int\u00e9zet helyettes fogorvosi megb\u00edz\u00e1s ( november 18-t\u00f3l)<\/p>\n<p class=\"MsoNormal\" style=\"margin-left: 70.5pt;text-indent: -70.5pt\">1976. \u00a0\u00a0 SOTE Fogorvostudom\u00e1nyi Kar<span>\u00a0 <\/span>(15\/1976)<\/p>\n<p class=\"MsoNormal\"><b>Szervezeti tags\u00e1gok:<\/b><\/p>\n<p class=\"MsoNormal\">Magyar Fogorvosok Egyes\u00fclete<br \/>\nMagyar Parodontol\u00f3gusok Egyes\u00fclete (vezet\u0151s\u00e9gi tag)<\/p>\n<p>&nbsp;<\/p>\n","protected":false},"excerpt":{"rendered":"<p>Beoszt\u00e1s: Parodontol\u00f3giai Oszt\u00e1ly vezet\u0151 f\u0151orvosa <a href=\"https:\/\/semmelweis.hu\/fszoi\/files\/2013\/10\/dr.-B\u00fcchler-J\u00e1nos.jpg\"><\/a> Telefon: 317-66-00 Mell\u00e9k: 60723 Szoba: 104 Szakmai \u00f6n\u00e9letrajz Szem\u00e9lyi adatok N\u00e9v: \u00a0dr. B\u00fcchler J\u00e1nos Sz\u00fclet\u00e9si hely \u00e9s id\u0151: Budapest, 1950. december 07. Szakmai tapasztalat 2010.\u00a0\u00a0\u00a0 Eg\u00e9szs\u00e9g\u00fcgyi Szakk\u00e9pz\u0151 \u00e9s Tov\u00e1bbk\u00e9pz\u0151Int\u00e9zetben a parodontol\u00f3gia el\u0151ad\u00f3ja 2008.\u00a0\u00a0\u00a0 Oszt\u00e1lyvezet\u0151 f\u0151orvos kinevez\u00e9s 2005.\u00a0\u00a0\u00a0 Konzerv\u00e1l\u00f3 fog\u00e1szat \u00e9s fogp\u00f3tl\u00e1stan szakvizsga (715\/2005) 2004.\u00a0\u00a0\u00a0 Semmelweis Egyetem FOK Szak- \u00e9s Tov\u00e1bbk\u00e9pz\u00e9si &hellip;<\/p>\n","protected":false},"author":188,"featured_media":0,"parent":78,"menu_order":0,"comment_status":"open","ping_status":"closed","template":"","meta":{"_acf_changed":false,"footnotes":""},"categories":[],"tags":[],"class_list":["post-621","page","type-page","status-publish","hentry"],"acf":[],"_links":{"self":[{"href":"https:\/\/semmelweis.hu\/fszoi\/wp-json\/wp\/v2\/pages\/621","targetHints":{"allow":["GET"]}}],"collection":[{"href":"https:\/\/semmelweis.hu\/fszoi\/wp-json\/wp\/v2\/pages"}],"about":[{"href":"https:\/\/semmelweis.hu\/fszoi\/wp-json\/wp\/v2\/types\/page"}],"author":[{"embeddable":true,"href":"https:\/\/semmelweis.hu\/fszoi\/wp-json\/wp\/v2\/users\/188"}],"replies":[{"embeddable":true,"href":"https:\/\/semmelweis.hu\/fszoi\/wp-json\/wp\/v2\/comments?post=621"}],"version-history":[{"count":9,"href":"https:\/\/semmelweis.hu\/fszoi\/wp-json\/wp\/v2\/pages\/621\/revisions"}],"predecessor-version":[{"id":3005,"href":"https:\/\/semmelweis.hu\/fszoi\/wp-json\/wp\/v2\/pages\/621\/revisions\/3005"}],"up":[{"embeddable":true,"href":"https:\/\/semmelweis.hu\/fszoi\/wp-json\/wp\/v2\/pages\/78"}],"wp:attachment":[{"href":"https:\/\/semmelweis.hu\/fszoi\/wp-json\/wp\/v2\/media?parent=621"}],"wp:term":[{"taxonomy":"category","embeddable":true,"href":"https:\/\/semmelweis.hu\/fszoi\/wp-json\/wp\/v2\/categories?post=621"},{"taxonomy":"post_tag","embeddable":true,"href":"https:\/\/semmelweis.hu\/fszoi\/wp-json\/wp\/v2\/tags?post=621"}],"curies":[{"name":"wp","href":"https:\/\/api.w.org\/{rel}","templated":true}]}}