{"id":5441,"date":"2025-03-06T10:43:32","date_gmt":"2025-03-06T09:43:32","guid":{"rendered":"https:\/\/semmelweis.hu\/fszoi\/?page_id=5441"},"modified":"2025-03-06T10:43:47","modified_gmt":"2025-03-06T09:43:47","slug":"tajekoztatas","status":"publish","type":"page","link":"https:\/\/semmelweis.hu\/fszoi\/jarobetegszakrendelesek-ambulanciak\/fogszabalyozasi-osztaly\/tajekoztatas\/","title":{"rendered":"T\u00e1j\u00e9koztat\u00e1s"},"content":{"rendered":"<p><a href=\"https:\/\/semmelweis.hu\/fszoi\/files\/2025\/03\/Reszletes-tajekoztato-a-fogszabalyzo-hasznalatahoz-es-tisztitasahoz.pdf\"><strong>R\u00e9szletes t\u00e1j\u00e9koztat\u00f3 a fogszab\u00e1lyz\u00f3 haszn\u00e1lat\u00e1hoz \u00e9s tiszt\u00edt\u00e1s\u00e1hoz<\/strong><\/a><\/p>\n","protected":false},"excerpt":{"rendered":"<p><a href=\"https:\/\/semmelweis.hu\/fszoi\/files\/2025\/03\/Reszletes-tajekoztato-a-fogszabalyzo-hasznalatahoz-es-tisztitasahoz.pdf\">R\u00e9szletes t\u00e1j\u00e9koztat\u00f3 a fogszab\u00e1lyz\u00f3 haszn\u00e1lat\u00e1hoz \u00e9s tiszt\u00edt\u00e1s\u00e1hoz<\/a><\/p>\n","protected":false},"author":102174,"featured_media":0,"parent":974,"menu_order":0,"comment_status":"closed","ping_status":"closed","template":"","meta":{"_acf_changed":false,"footnotes":""},"categories":[],"tags":[],"class_list":["post-5441","page","type-page","status-publish","hentry"],"acf":[],"_links":{"self":[{"href":"https:\/\/semmelweis.hu\/fszoi\/wp-json\/wp\/v2\/pages\/5441","targetHints":{"allow":["GET"]}}],"collection":[{"href":"https:\/\/semmelweis.hu\/fszoi\/wp-json\/wp\/v2\/pages"}],"about":[{"href":"https:\/\/semmelweis.hu\/fszoi\/wp-json\/wp\/v2\/types\/page"}],"author":[{"embeddable":true,"href":"https:\/\/semmelweis.hu\/fszoi\/wp-json\/wp\/v2\/users\/102174"}],"replies":[{"embeddable":true,"href":"https:\/\/semmelweis.hu\/fszoi\/wp-json\/wp\/v2\/comments?post=5441"}],"version-history":[{"count":3,"href":"https:\/\/semmelweis.hu\/fszoi\/wp-json\/wp\/v2\/pages\/5441\/revisions"}],"predecessor-version":[{"id":5444,"href":"https:\/\/semmelweis.hu\/fszoi\/wp-json\/wp\/v2\/pages\/5441\/revisions\/5444"}],"up":[{"embeddable":true,"href":"https:\/\/semmelweis.hu\/fszoi\/wp-json\/wp\/v2\/pages\/974"}],"wp:attachment":[{"href":"https:\/\/semmelweis.hu\/fszoi\/wp-json\/wp\/v2\/media?parent=5441"}],"wp:term":[{"taxonomy":"category","embeddable":true,"href":"https:\/\/semmelweis.hu\/fszoi\/wp-json\/wp\/v2\/categories?post=5441"},{"taxonomy":"post_tag","embeddable":true,"href":"https:\/\/semmelweis.hu\/fszoi\/wp-json\/wp\/v2\/tags?post=5441"}],"curies":[{"name":"wp","href":"https:\/\/api.w.org\/{rel}","templated":true}]}}