{"id":5403,"date":"2025-03-01T14:25:02","date_gmt":"2025-03-01T13:25:02","guid":{"rendered":"https:\/\/semmelweis.hu\/fszoi\/?page_id=5403"},"modified":"2026-02-02T11:27:52","modified_gmt":"2026-02-02T10:27:52","slug":"ambulancia-reszleg","status":"publish","type":"page","link":"https:\/\/semmelweis.hu\/fszoi\/jarobetegszakrendelesek-ambulanciak\/ambulancia-reszleg\/","title":{"rendered":"Ambulancia oszt\u00e1ly"},"content":{"rendered":"<div class=\"w-100 keretes\"><strong>A szakrendel\u00e9s neve:<\/strong>\u00a0<span style=\"color: #ff0000\"><strong>AMBULANCIA OSZT\u00c1LY<\/strong><\/span><\/div>\n<p><strong>Helysz\u00edn:<br \/>\n<em>1088 Budapest, Szentkir\u00e1lyi utca 47.<\/em><br \/>\n<\/strong>III. emelet 329. kezel\u0151<\/p>\n<p><strong>Rendel\u00e9si id\u0151\u00a0munkanapokon:<br \/>\n<\/strong>7.30-13.30 \u00f3r\u00e1ig<br \/>\n13.30-19.30 \u00f3r\u00e1ig<\/p>\n<p><strong>A rendel\u0151 orvosok neve:\u00a0\u00a0<\/strong>beoszt\u00e1s szerint<\/p>\n<p><strong>Beutal\u00f3, el\u0151jegyz\u00e9si id\u0151pont sz\u00fcks\u00e9ges-e: NEM<br \/>\n<\/strong><\/p>\n<p><strong>Telefonsz\u00e1m:<\/strong> 06\/1\u00a0317-6600; <strong>59075, 59146<\/strong><em> mell\u00e9kek<\/em><\/p>\n","protected":false},"excerpt":{"rendered":"<p>A szakrendel\u00e9s neve:\u00a0AMBULANCIA OSZT\u00c1LY<br \/>\nHelysz\u00edn:<br \/>\n1088 Budapest, Szentkir\u00e1lyi utca 47.<br \/>\nIII. emelet 329. kezel\u0151<br \/>\nRendel\u00e9si id\u0151\u00a0munkanapokon:<br \/>\n7.30-13.30 \u00f3r\u00e1ig<br \/>\n13.30-19.30 \u00f3r\u00e1ig<br \/>\nA rendel\u0151 orvosok neve:\u00a0\u00a0beoszt\u00e1s szerint<br \/>\nBeutal\u00f3, el\u0151jegyz\u00e9si id\u0151pont sz\u00fcks\u00e9ges-e: NEM<\/p>\n<p>Telefonsz\u00e1m: 06\/1\u00a0317-6600; 59075, 59146 mell\u00e9kek<\/p>\n","protected":false},"author":102174,"featured_media":0,"parent":958,"menu_order":5,"comment_status":"closed","ping_status":"closed","template":"","meta":{"_acf_changed":false,"footnotes":""},"categories":[],"tags":[],"class_list":["post-5403","page","type-page","status-publish","hentry"],"acf":[],"_links":{"self":[{"href":"https:\/\/semmelweis.hu\/fszoi\/wp-json\/wp\/v2\/pages\/5403","targetHints":{"allow":["GET"]}}],"collection":[{"href":"https:\/\/semmelweis.hu\/fszoi\/wp-json\/wp\/v2\/pages"}],"about":[{"href":"https:\/\/semmelweis.hu\/fszoi\/wp-json\/wp\/v2\/types\/page"}],"author":[{"embeddable":true,"href":"https:\/\/semmelweis.hu\/fszoi\/wp-json\/wp\/v2\/users\/102174"}],"replies":[{"embeddable":true,"href":"https:\/\/semmelweis.hu\/fszoi\/wp-json\/wp\/v2\/comments?post=5403"}],"version-history":[{"count":7,"href":"https:\/\/semmelweis.hu\/fszoi\/wp-json\/wp\/v2\/pages\/5403\/revisions"}],"predecessor-version":[{"id":5589,"href":"https:\/\/semmelweis.hu\/fszoi\/wp-json\/wp\/v2\/pages\/5403\/revisions\/5589"}],"up":[{"embeddable":true,"href":"https:\/\/semmelweis.hu\/fszoi\/wp-json\/wp\/v2\/pages\/958"}],"wp:attachment":[{"href":"https:\/\/semmelweis.hu\/fszoi\/wp-json\/wp\/v2\/media?parent=5403"}],"wp:term":[{"taxonomy":"category","embeddable":true,"href":"https:\/\/semmelweis.hu\/fszoi\/wp-json\/wp\/v2\/categories?post=5403"},{"taxonomy":"post_tag","embeddable":true,"href":"https:\/\/semmelweis.hu\/fszoi\/wp-json\/wp\/v2\/tags?post=5403"}],"curies":[{"name":"wp","href":"https:\/\/api.w.org\/{rel}","templated":true}]}}