{"id":5238,"date":"2024-02-06T15:04:19","date_gmt":"2024-02-06T14:04:19","guid":{"rendered":"https:\/\/semmelweis.hu\/fszoi\/?page_id=5238"},"modified":"2024-02-06T15:06:29","modified_gmt":"2024-02-06T14:06:29","slug":"merit-dij","status":"publish","type":"page","link":"https:\/\/semmelweis.hu\/fszoi\/kutatas\/merit-dij\/","title":{"rendered":"Merit d\u00edj"},"content":{"rendered":"<h5 class=\"w-100 keretes lead\">A p\u00e1ly\u00e1zat c\u00e9lja a Kar oktat\u00e1si szervezeti egys\u00e9geiben v\u00e9gzett magas sz\u00ednvonal\u00fa kutat\u00f3i munka elismer\u00e9se.<\/h5>\n<p>A p\u00e1ly\u00e1zat c\u00e9lja a Kar oktat\u00e1si szervezeti egys\u00e9geiben v\u00e9gzett magas sz\u00ednvonal\u00fa kutat\u00f3i munka elismer\u00e9se.<\/p>\n<p><strong>A p\u00e1ly\u00e1zattal elnyerhet\u0151 t\u00e1mogat\u00e1s:<\/strong><\/p>\n<p>Egyszeri brutt\u00f3 600.000.-Ft.\u00a0<\/p>\n<h4><strong>A P\u00c1LY\u00c1ZAT BENY\u00daJT\u00c1S\u00c1NAK FELT\u00c9TELEI:<\/strong><\/h4>\n<p>A d\u00edj elnyer\u00e9s\u00e9re a Semmelweis Egyetem Fogorvostudom\u00e1nyi Karon r\u00e9sz- vagy teljes munkaid\u0151ben foglalkoztatott\u00a0<strong>PhD fokozattal rendelkez\u0151<\/strong>\u00a0munkav\u00e1llal\u00f3k ny\u00fajthatnak be p\u00e1ly\u00e1zatot.<\/p>\n<p><strong>Nem ny\u00fajthat be p\u00e1ly\u00e1zatot:<\/strong><\/p>\n<ul>\n<li>magasabb vezet\u0151, vagy vezet\u0151i megb\u00edz\u00e1ssal rendelkez\u0151 oktat\u00f3,<\/li>\n<\/ul>\n<p>\u00a0\u00a0 (pl. rektor, rektorhelyettes, d\u00e9k\u00e1n, d\u00e9k\u00e1nhelyettes, \u00e9s tansz\u00e9kvezet\u0151),<\/p>\n<ul>\n<li>nyugell\u00e1t\u00e1sban r\u00e9szes\u00fcl\u0151 oktat\u00f3 (pl. professzor emeritus),<\/li>\n<li>aki jelen p\u00e1ly\u00e1zati id\u0151szak el\u0151tti 5 \u00e9ven bel\u00fcl Merit-d\u00edjban r\u00e9szes\u00fclt,<\/li>\n<li>aki az elm\u00falt 5 \u00e9vben legal\u00e1bb egy Q1 besorol\u00e1s\u00fa k\u00f6zlem\u00e9nyt nem jegyzett.<\/li>\n<\/ul>\n<h4><strong>A P\u00c1LY\u00c1ZAT ELB\u00cdR\u00c1L\u00c1SA:<\/strong><\/h4>\n<p>Merit-d\u00edjban\u00a0 \u00e9vente maximum 3 f\u0151 r\u00e9szes\u00fclhet.<\/p>\n<p>A Merit-d\u00edjat a Kar D\u00e9k\u00e1nja \u00edt\u00e9li oda a Kar Kutat\u00e1si, Tudom\u00e1nyos, Nemzetk\u00f6zi Kapcsolatok, Utaz\u00e1si Bizotts\u00e1g javaslata alapj\u00e1n.<\/p>\n<p>A d\u00edjak \u00fcnnep\u00e9lyes \u00e1tad\u00e1s\u00e1ra a \u00e9vente, a decemberben tartand\u00f3 Kari Tan\u00e1cs \u00fcl\u00e9sen ker\u00fcl sor.<\/p>\n<h5>A p\u00e1ly\u00e1zathoz beny\u00fajtand\u00f3:<\/h5>\n<ul>\n<li>P\u00e1ly\u00e1zati adatlap hi\u00e1nytalan kit\u00f6lt\u00e9se az al\u00e1bbiak szerint (1. sz. mell\u00e9klet):\n<ul>\n<li>Szem\u00e9lyes adatok (bele\u00e9rtve a doktori \u00e9s a PhD c\u00edm adatait).<\/li>\n<li>Az el\u0151z\u0151 5 \u00e9vben megjelent publik\u00e1ci\u00f3k, azok impakt faktora, SCIMAGO szerinti besorol\u00e1sa \u00e9s id\u00e9zetts\u00e9g\u00fck, ezen bel\u00fcl els\u0151 \u00e9s utols\u00f3 szerz\u0151s cikkek adatai (az MTMT alapj\u00e1n), illetve megh\u00edvott el\u0151ad\u00f3k\u00e9nt k\u00fclf\u00f6ldi konferenci\u00e1kon tartott el\u0151ad\u00e1sok c\u00edmei szint\u00e9n 5 \u00e9vre visszamen\u0151leg, a megh\u00edv\u00f3 lev\u00e9l csatol\u00e1s\u00e1val.<\/li>\n<li>A p\u00e1ly\u00e1z\u00f3 Hirsch indexe (H index, az MTMT alapj\u00e1n).<\/li>\n<li>P\u00e1ly\u00e1z\u00f3k\u00e9nt (t\u00e9mavezet\u0151k\u00e9nt) elnyert \u2013 jelen p\u00e1ly\u00e1zati szakaszban \u2013 is fut\u00f3, valamint az elm\u00falt 5 \u00e9vben lez\u00e1rt hazai \u00e9s k\u00fclf\u00f6ldi kutat\u00e1si p\u00e1ly\u00e1zatok, \u00e9s azok forint \u00f6sszege.<\/li>\n<li>R\u00e9szv\u00e9tel kutat\u00e1s-fejleszt\u00e9s-innov\u00e1ci\u00f3s kutat\u00e1sban.<\/li>\n<li>Kutat\u00e1si tev\u00e9kenys\u00e9g\u00e9nek transzl\u00e1ci\u00f3s tartalma.<\/li>\n<li>Tan\u00edtv\u00e1nyok az elm\u00falt 5 \u00e9vben:\n<ol>\n<li>t\u00e9mavezet\u0151k\u00e9nt jegyzett TDK hallgat\u00f3k \u00e9s eredm\u00e9nyeik (egyetemi\/orsz\u00e1gos\/nemzetk\u00f6zi TDK konferenci\u00e1n el\u0151ad\u00e1s tartott hallgat\u00f3k \u00e9s elnyert d\u00edjaik, valamint Pro Scientia Arany\u00e9rmet elnyert hallgat\u00f3k),<\/li>\n<li>v\u00e9gzett PhD hallgat\u00f3k, jelenlegi PhD hallgat\u00f3k (n\u00e9v szerint),<\/li>\n<li>t\u00e9mavezet\u0151k\u00e9nt elnyert p\u00e1ly\u00e1zatokon alkalmazott kutat\u00f3k adatai (n\u00e9v, p\u00e1ly\u00e1zat).<\/li>\n<\/ol>\n<\/li>\n<\/ul>\n<\/li>\n<\/ul>\n<p>Amennyiben a p\u00e1ly\u00e1z\u00f3 az elm\u00falt id\u0151szakban gyermekgondoz\u00e1ssal kapcsolatosan igazoltan t\u00e1vol volt, \u00fagy ezeknek az \u00e9veknek a sz\u00e1ma hozz\u00e1 ad\u00f3dik a p\u00e1ly\u00e1zatban meghat\u00e1rozott 5 \u00e9ves id\u0151szakhoz.<\/p>\n<ul>\n<li>Adatkezel\u00e9si hozz\u00e1j\u00e1rul\u00e1s (5. sz. mell\u00e9klet)<\/li>\n<\/ul>\n<h4><strong>A P\u00c1LY\u00c1ZAT BENY\u00daJT\u00c1S\u00c1NAK HAT\u00c1RIDEJE:<\/strong><\/h4>\n<p>A kit\u00f6lt\u00f6tt p\u00e1ly\u00e1zati \u0171rlapot, az adatkezel\u00e9si hozz\u00e1j\u00e1rul\u00e1st, valamint az MTMT adatb\u00e1zisb\u00f3l let\u00f6lt\u00f6tt Excel form\u00e1tum\u00fa mell\u00e9klet f\u00e1jlt elektronikus \u00faton kell eljuttatni a\u00a0<strong>fok.dekan@semmelweis.hu<\/strong>\u00a0e-mail c\u00edmre, valamint egy al\u00e1\u00edrt p\u00e9ld\u00e1nyt kinyomtatva be kell ny\u00fajtani a D\u00e9k\u00e1ni Hivatalnak. A bek\u00fcld\u00e9si hat\u00e1rid\u0151 mindk\u00e9t form\u00e1ban\u00a0<strong>2023. november 20-a.<\/strong><\/p>\n<p>Felh\u00edvom a p\u00e1ly\u00e1z\u00f3k figyelm\u00e9t, hogy val\u00f3tlan adatok felt\u00fcntet\u00e9se (pl. az MTMT szab\u00e1lytalan haszn\u00e1lata, nem korrekt adatfelt\u00f6lt\u00e9s, rendszerben t\u00f6rt\u00e9n\u0151 jogosulatlan k\u00f6zlem\u00e9ny besorol\u00e1s \u00e1t\u00e1ll\u00edt\u00e1sok, idegen cit\u00e1ci\u00f3k mag\u00e1hoz rendel\u00e9se, stb.) a p\u00e1ly\u00e1zatb\u00f3l val\u00f3 kiz\u00e1r\u00e1st vonhatja maga ut\u00e1n, ak\u00e1r visszamen\u0151legesen is.<\/p>\n<p>A Semmelweis Egyetem Fogorvostudom\u00e1nyi Kar Merit-d\u00edj p\u00e1ly\u00e1zaton r\u00e9sztvev\u0151 term\u00e9szetes szem\u00e9lyek adatainak kezel\u00e9s\u00e9r\u0151l sz\u00f3l\u00f3 adatkezel\u00e9si t\u00e1j\u00e9koztat\u00f3t a 4. sz. mell\u00e9klet tartalmazza.<\/p>\n<ul>\n<li class=\"page_item page-item-2999\">\n<h6><a href=\"https:\/\/semmelweis.hu\/fok\/files\/2021\/10\/Merit-D%C3%ADj-P%C3%A1ly%C3%A1zati-adatlap-2.-sz.-mell%C3%A9klet.docx\">Merit D\u00edj P\u00e1ly\u00e1zati adatlap-2023. \u2013\u00a0<em>2. sz. mell\u00e9klet<\/em><\/a><\/h6>\n<\/li>\n<li>\n<h6><a href=\"https:\/\/semmelweis.hu\/fok\/files\/2021\/10\/Merit-D%C3%ADj-Adatkezel%C3%A9si-t%C3%A1j%C3%A9koztat%C3%A1s-4.-sz.-mell%C3%A9klet.pdf\">Merit D\u00edj P\u00e1ly\u00e1zat \u2013 Adatkel\u00e9si t\u00e1j\u00e9koztat\u00e1s \u2013\u00a0<em>4. sz. mell\u00e9klet<\/em><\/a><\/h6>\n<\/li>\n<li>\n<h6><a href=\"https:\/\/semmelweis.hu\/fok\/files\/2021\/10\/Merit-D%C3%ADj-Adatkezel%C3%A9si-hozz%C3%A1j%C3%A1rul%C3%A1s-5.-sz.-mell%C3%A9klet.docx\">Merit D\u00edj \u2013 Adatkez\u00e9si hozz\u00e1j\u00e1rul\u00e1s \u2013\u00a0<em>5. sz. mell\u00e9klet<\/em><\/a><\/h6>\n<\/li>\n<li>\n<h6><a href=\"https:\/\/semmelweis.hu\/fok\/files\/2021\/12\/Merit-dij-szabalyzat_modositasokkal-egyseges-szerkezetben_2021-december-ADATVEDELEM.pdf\">Merit D\u00edj Szab\u00e1lyzat (2021.X.15.)<\/a><\/h6>\n<\/li>\n<li>\n<h6><a href=\"https:\/\/semmelweis.hu\/fok\/files\/2023\/02\/Merit-Dij-Nyertesek-2022-ig.pdf\">Merit D\u00edj \u2013 Nyertesek 2016-2022<\/a><\/h6>\n<\/li>\n<\/ul>\n","protected":false},"excerpt":{"rendered":"<p>A p\u00e1ly\u00e1zat c\u00e9lja a Kar oktat\u00e1si szervezeti egys\u00e9geiben v\u00e9gzett magas sz\u00ednvonal\u00fa kutat\u00f3i munka elismer\u00e9se. A p\u00e1ly\u00e1zat c\u00e9lja a Kar oktat\u00e1si szervezeti egys\u00e9geiben v\u00e9gzett magas sz\u00ednvonal\u00fa kutat\u00f3i munka elismer\u00e9se. A p\u00e1ly\u00e1zattal elnyerhet\u0151 t\u00e1mogat\u00e1s: Egyszeri brutt\u00f3 600.000.-Ft.\u00a0 A P\u00c1LY\u00c1ZAT BENY\u00daJT\u00c1S\u00c1NAK FELT\u00c9TELEI: A d\u00edj elnyer\u00e9s\u00e9re a Semmelweis Egyetem Fogorvostudom\u00e1nyi Karon r\u00e9sz- vagy teljes munkaid\u0151ben foglalkoztatott\u00a0PhD fokozattal rendelkez\u0151\u00a0munkav\u00e1llal\u00f3k ny\u00fajthatnak &hellip;<\/p>\n","protected":false},"author":102174,"featured_media":0,"parent":4382,"menu_order":5,"comment_status":"closed","ping_status":"closed","template":"","meta":{"_acf_changed":false,"footnotes":""},"categories":[],"tags":[],"class_list":["post-5238","page","type-page","status-publish","hentry"],"acf":[],"_links":{"self":[{"href":"https:\/\/semmelweis.hu\/fszoi\/wp-json\/wp\/v2\/pages\/5238","targetHints":{"allow":["GET"]}}],"collection":[{"href":"https:\/\/semmelweis.hu\/fszoi\/wp-json\/wp\/v2\/pages"}],"about":[{"href":"https:\/\/semmelweis.hu\/fszoi\/wp-json\/wp\/v2\/types\/page"}],"author":[{"embeddable":true,"href":"https:\/\/semmelweis.hu\/fszoi\/wp-json\/wp\/v2\/users\/102174"}],"replies":[{"embeddable":true,"href":"https:\/\/semmelweis.hu\/fszoi\/wp-json\/wp\/v2\/comments?post=5238"}],"version-history":[{"count":1,"href":"https:\/\/semmelweis.hu\/fszoi\/wp-json\/wp\/v2\/pages\/5238\/revisions"}],"predecessor-version":[{"id":5239,"href":"https:\/\/semmelweis.hu\/fszoi\/wp-json\/wp\/v2\/pages\/5238\/revisions\/5239"}],"up":[{"embeddable":true,"href":"https:\/\/semmelweis.hu\/fszoi\/wp-json\/wp\/v2\/pages\/4382"}],"wp:attachment":[{"href":"https:\/\/semmelweis.hu\/fszoi\/wp-json\/wp\/v2\/media?parent=5238"}],"wp:term":[{"taxonomy":"category","embeddable":true,"href":"https:\/\/semmelweis.hu\/fszoi\/wp-json\/wp\/v2\/categories?post=5238"},{"taxonomy":"post_tag","embeddable":true,"href":"https:\/\/semmelweis.hu\/fszoi\/wp-json\/wp\/v2\/tags?post=5238"}],"curies":[{"name":"wp","href":"https:\/\/api.w.org\/{rel}","templated":true}]}}