{"id":5235,"date":"2024-02-06T15:02:19","date_gmt":"2024-02-06T14:02:19","guid":{"rendered":"https:\/\/semmelweis.hu\/fszoi\/?page_id=5235"},"modified":"2024-02-06T15:06:17","modified_gmt":"2024-02-06T14:06:17","slug":"kari-kutatasi-palyazat","status":"publish","type":"page","link":"https:\/\/semmelweis.hu\/fszoi\/kutatas\/kari-kutatasi-palyazat\/","title":{"rendered":"Kari kutat\u00e1si p\u00e1ly\u00e1zat"},"content":{"rendered":"<div class=\"keretes w-100\">\n<h6><strong>Fogorvostudom\u00e1nyi Kar<\/strong><\/h6>\n<h6><strong>Kari Kutat\u00e1si P\u00e1ly\u00e1zat<\/strong><\/h6>\n<\/div>\n<p>A Semmelweis Egyetem Fogorvostudom\u00e1nyi Kara\u00a0<strong>bels\u0151 p\u00e1ly\u00e1zatot<\/strong>\u00a0hirdet a kari kutat\u00f3munka t\u00e1mogat\u00e1s\u00e1ra a\u00a0<strong>2024. \u00e9vre<\/strong>.<br \/>\nP\u00e1ly\u00e1zatot ny\u00fajthatnak be a\u00a0<strong>Kar oktat\u00f3i \u00e9s kutat\u00f3i,\u00a0<\/strong>bele\u00e9rtve a\u00a0<strong>Fogorvostudom\u00e1nyi Ph.D. program hallgat\u00f3it<\/strong>\u00a0is. Az elm\u00falt \u00e9vi p\u00e1ly\u00e1zatban t\u00e1mogat\u00e1st nyert r\u00e9sztvev\u0151k k\u00f6z\u00fcl csak azok p\u00e1ly\u00e1zhatnak \u00fajra, akik a megadott hat\u00e1rid\u0151re mind szakmai, mind p\u00e9nz\u00fcgyi besz\u00e1mol\u00f3t beny\u00fajtottak.<\/p>\n<p>A p\u00e1ly\u00e1zatok b\u00edr\u00e1lata tudom\u00e1nyos \u00e9rt\u00e9k\u00fck meg\u00edt\u00e9l\u00e9se szerint fog t\u00f6rt\u00e9nni. Emellett\u00a0<strong>priorit\u00e1st \u00e9lveznek<\/strong>\u00a0azok p\u00e1ly\u00e1zatok, amelyekben k\u00f6vetkez\u0151 szempontok k\u00f6z\u00fcl egy vagy t\u00f6bb, de k\u00fcl\u00f6n\u00f6sen az els\u0151 kett\u0151 pont valamelyike \u00e9rv\u00e9nyes\u00fcl, azaz a Ph.D. fokozatok megszerz\u00e9s\u00e9nek el\u0151seg\u00edt\u00e9se a Karon:<\/p>\n<ol>\n<li><strong><em>Ph.D. hallgat\u00f3k kutat\u00f3munk\u00e1j\u00e1t, impakt faktoros k\u00f6zlem\u00e9nyek k\u00e9sz\u00edt\u00e9s\u00e9t megalapoz\u00f3 vizsg\u00e1latok.<\/em><\/strong><\/li>\n<li><strong><em>Ph.D. k\u00e9pz\u00e9shez m\u00e9g nem csatlakozottak eset\u00e9ben olyan kutat\u00f3munka, amely a Ph.D. fokozat publik\u00e1ci\u00f3s k\u00f6vetelm\u00e9nyeinek teljes\u00edt\u00e9s\u00e9hez vezethet.<\/em><\/strong><\/li>\n<li><em>Azok a fogorvostudom\u00e1nyhoz \u00e9s hat\u00e1rter\u00fcleteihez kapcsol\u00f3d\u00f3 origin\u00e1lis vizsg\u00e1latok, amelyek v\u00e1rhat\u00f3an impakt faktorral rendelkez\u0151 foly\u00f3iratban k\u00f6z\u00f6lhet\u0151 eredm\u00e9nyeket sz\u00fclnek.<\/em><\/li>\n<li><em>A p\u00e1ly\u00e1z\u00f3 nem rendelkezik jelent\u0151s kutat\u00e1si t\u00e1mogat\u00e1ssal k\u00fcls\u0151 forr\u00e1sb\u00f3l.<\/em><\/li>\n<li><em>Elm\u00e9leti int\u00e9zetek \u00e9s a Kar klinik\u00e1i k\u00f6z\u00f6tti egy\u00fcttm\u0171k\u00f6d\u00e9s keret\u00e9ben tervezett munk\u00e1k.<\/em><\/li>\n<li><em>Karon bel\u00fcli int\u00e9zetek k\u00f6z\u00f6tti egy\u00fcttm\u0171k\u00f6d\u00e9sek.<\/em><\/li>\n<li><em>Nemzetk\u00f6zi egy\u00fcttm\u0171k\u00f6d\u00e9sek.<\/em><\/li>\n<\/ol>\n<p><strong>P\u00e1ly\u00e1zni a mell\u00e9kelt adatlapon szerepl\u0151 adatok megad\u00e1s\u00e1val, maximum 3 oldalas szakmai \u00f6sszefoglal\u00f3, szakmai \u00f6n\u00e9letrajz, valamint egy oldalas k\u00f6lts\u00e9gterv beny\u00fajt\u00e1s\u00e1val lehet.\u00a0<\/strong>A szakmai \u00f6sszefoglal\u00f3 bemutatja a h\u00e1tteret, a kutat\u00e1si hipot\u00e9zist, k\u00e9rd\u00e9st, a m\u00f3dszertant, a tervezett k\u00eds\u00e9rletek r\u00f6vid le\u00edr\u00e1s\u00e1t \u00e9s a v\u00e1rhat\u00f3 eredm\u00e9nyeket. A t\u00e9teles k\u00f6lts\u00e9gterv indokl\u00e1st is tartalmazzon.\u00a0<strong>A p\u00e1ly\u00e1zatot az \u00f6sszes r\u00e9sztvev\u0151\/t\u00e1rsp\u00e1ly\u00e1z\u00f3 adatainak felt\u00fcntet\u00e9s\u00e9vel sz\u00fcks\u00e9ges beny\u00fajtani. Egy p\u00e1ly\u00e1z\u00f3 els\u0151 szerz\u0151k\u00e9nt csak egy p\u00e1ly\u00e1zatban vehet r\u00e9szt.\u00a0<\/strong>Egy szem\u00e9ly csak egy p\u00e1ly\u00e1zatban vehet r\u00e9szt.<\/p>\n<p>Hi\u00e1nyp\u00f3tl\u00e1sra egyszeri alkalommal van lehet\u0151s\u00e9g, a lead\u00e1st k\u00f6vet\u0151 48 \u00f3r\u00e1n bel\u00fcl.\u00a0<strong>Hi\u00e1nyos p\u00e1ly\u00e1zat lead\u00e1sa, vagy a hat\u00e1rid\u0151 t\u00fall\u00e9p\u00e9se kiz\u00e1r\u00e1ssal j\u00e1r.<br \/>\n<\/strong><em>A p\u00e1ly\u00e1zatokat 2024. janu\u00e1r 19-ig k\u00e9rj\u00fck bek\u00fcldeni elektronikusan, PDF form\u00e1tumban a k\u00f6vetkez\u0151 e-mail c\u00edmre:\u00a0<\/em><strong><em>fok.kutatasipalyazat@semmelweis.hu<\/em><\/strong><\/p>\n<p>Azon p\u00e1ly\u00e1z\u00f3k eset\u00e9ben,\u00a0<strong>akik\u00a0<\/strong>a\u00a0<strong>kor\u00e1bban ebb\u0151l a p\u00e1ly\u00e1zati forr\u00e1sb\u00f3l t\u00e1mogat\u00e1st nyertek<\/strong>, a p\u00e1ly\u00e1zatok\u00a0<strong>elb\u00edr\u00e1l\u00e1sa sor\u00e1n kiemelt szempont, hogy kor\u00e1bbi p\u00e1ly\u00e1zatukat sikeresen teljes\u00edtett\u00e9k<\/strong>, megfelel\u0151 szakmai \u00e9s p\u00e9nz\u00fcgyi besz\u00e1mol\u00f3t ny\u00fajtottak be \u00e9s az elfogad\u00e1st nyert illetve nyer.<\/p>\n<p>A p\u00e1ly\u00e1zatok anyag\u00e1t\u00a0<strong>az els\u0151 szerz\u0151s p\u00e1ly\u00e1z\u00f3nak\u00a02024.01.31-\u00e9n, 8.00 \u00f3ra (FOK \u00c1rk\u00f6vy El\u0151ad\u00f3terem)\u00a0megrendezend\u0151 Fogorvostudom\u00e1nyi minikonferenci\u00e1n is ismertetni kell, s a programf\u00fczethez el\u0151ad\u00e1s kivonatot is k\u00e9sz\u00edteni kell,\u00a0<\/strong>amelyet a p\u00e1ly\u00e1zathoz csatoltan k\u00e9r\u00fcnk bek\u00fcldeni.<strong>\u00a0\u00a0<\/strong>A d\u00f6nt\u00e9s \u00e9s a forr\u00e1sok megny\u00edl\u00e1sa ezt k\u00f6vet\u0151en t\u00f6rt\u00e9nik.<\/p>\n<p><strong>Alap P\u00e1ly\u00e1zat<\/strong><\/p>\n<p>A rendelkez\u00e9sre \u00e1ll\u00f3 \u00f6sszeg 5 milli\u00f3 Ft, egy p\u00e1ly\u00e1z\u00f3 \u00e1ltal elnyerhet\u0151 maxim\u00e1lis \u00f6sszeg legfeljebb 500 ezer Ft lehet, els\u0151sorban dologi k\u00f6lts\u00e9gek fedezet\u00e9re.<\/p>\n<p><strong>Kiemelt P\u00e1ly\u00e1zat<\/strong><\/p>\n<p>A rendelkez\u00e9sre \u00e1ll\u00f3 \u00f6sszeg 3 milli\u00f3 Ft, melyet egy \u00f6sszegben kap meg a nyertes p\u00e1ly\u00e1z\u00f3 (vagy \u00e9venk\u00e9nt 1 milli\u00f3 Ft-ot)<\/p>\n<p>Az\u00a0<strong>el\u0151z\u0151ekben felsoroltakon t\u00fal<\/strong>\u00a0az al\u00e1bbi krit\u00e9riumoknak kell megfelelni:<\/p>\n<ul>\n<li>a p\u00e1ly\u00e1z\u00f3nak minimum 1 teljes\u00edtett kari kutat\u00e1si p\u00e1ly\u00e1zat \u00e9s els\u0151 szerz\u0151s IF k\u00f6zlem\u00e9ny megl\u00e9te nemzetk\u00f6zi foly\u00f3iratban,<\/li>\n<li>Ph.D. fokozattal rendelkez\u0151 t\u00e1rsp\u00e1ly\u00e1z\u00f3,<\/li>\n<li>tansz\u00e9kvezet\u0151i t\u00e1mogat\u00f3 nyilatkozat,<\/li>\n<li>\u00e9venk\u00e9nti szakmai \u00e9s p\u00e9nz\u00fcgyi besz\u00e1mol\u00f3 bek\u00fcld\u00e9se,<\/li>\n<li>a harmadik \u00e9v v\u00e9g\u00e9re elfogadott Q1-Q2 publik\u00e1ci\u00f3 nemzetk\u00f6zi fogorvosi szaklapban.<\/li>\n<\/ul>\n<p><a href=\"https:\/\/semmelweis.hu\/fok\/files\/2024\/01\/2024_Minikonferencia_absztrakt-fuzet.pdf\"><em><strong>Minikonferencia-2024 Programf\u00fczet<\/strong><\/em><\/a><br \/>\n<a href=\"https:\/\/semmelweis.hu\/fok\/files\/2024\/01\/Felhivas_Kari-Kutatasi-Palyazat_2024.pdf\"><strong><em>Felh\u00edv\u00e1s_Kari Kutat\u00e1si P\u00e1ly\u00e1zat_2024<\/em><\/strong><\/a><br \/>\n<a href=\"https:\/\/semmelweis.hu\/fok\/files\/2024\/01\/Absztrakt-formai-kovetelmenyek_Kari-Kutatasi-Palyazat_2024.pdf\"><strong><em>Absztrakt formai k\u00f6vetelm\u00e9nyek_Kari Kutat\u00e1si P\u00e1ly\u00e1zat_2024<\/em><\/strong><\/a><br \/>\n<a href=\"https:\/\/semmelweis.hu\/fok\/files\/2024\/01\/Szerkesztheto-adatlap_Kari-Kutatasi-Palyazat_2024.docx\"><strong><em>Szerkeszthet\u0151 adatlap_Kari Kutat\u00e1si P\u00e1ly\u00e1zat_2024<\/em><\/strong><\/a><br \/>\n<a href=\"https:\/\/semmelweis.hu\/fok\/files\/2024\/01\/Besza%CC%81molo%CC%81_Kari-Kutatasi-Palyazat_2024.docx\"><strong><em>Besza\u0301molo\u0301_Kari Kutat\u00e1si P\u00e1ly\u00e1zat_2024<\/em><\/strong><\/a><\/p>\n<h3><a href=\"https:\/\/semmelweis.hu\/fok\/files\/2023\/02\/Nyertesek-2012-2023-Kari-Kutatasi-Palyazat.pdf\">Nyertesek: 2012-2023 (pdf)<\/a><\/h3>\n","protected":false},"excerpt":{"rendered":"<p>Fogorvostudom\u00e1nyi Kar Kari Kutat\u00e1si P\u00e1ly\u00e1zat A Semmelweis Egyetem Fogorvostudom\u00e1nyi Kara\u00a0bels\u0151 p\u00e1ly\u00e1zatot\u00a0hirdet a kari kutat\u00f3munka t\u00e1mogat\u00e1s\u00e1ra a\u00a02024. \u00e9vre. P\u00e1ly\u00e1zatot ny\u00fajthatnak be a\u00a0Kar oktat\u00f3i \u00e9s kutat\u00f3i,\u00a0bele\u00e9rtve a\u00a0Fogorvostudom\u00e1nyi Ph.D. program hallgat\u00f3it\u00a0is. Az elm\u00falt \u00e9vi p\u00e1ly\u00e1zatban t\u00e1mogat\u00e1st nyert r\u00e9sztvev\u0151k k\u00f6z\u00fcl csak azok p\u00e1ly\u00e1zhatnak \u00fajra, akik a megadott hat\u00e1rid\u0151re mind szakmai, mind p\u00e9nz\u00fcgyi besz\u00e1mol\u00f3t beny\u00fajtottak. A p\u00e1ly\u00e1zatok b\u00edr\u00e1lata tudom\u00e1nyos \u00e9rt\u00e9k\u00fck &hellip;<\/p>\n","protected":false},"author":102174,"featured_media":0,"parent":4382,"menu_order":4,"comment_status":"closed","ping_status":"closed","template":"","meta":{"_acf_changed":false,"footnotes":""},"categories":[],"tags":[],"class_list":["post-5235","page","type-page","status-publish","hentry"],"acf":[],"_links":{"self":[{"href":"https:\/\/semmelweis.hu\/fszoi\/wp-json\/wp\/v2\/pages\/5235","targetHints":{"allow":["GET"]}}],"collection":[{"href":"https:\/\/semmelweis.hu\/fszoi\/wp-json\/wp\/v2\/pages"}],"about":[{"href":"https:\/\/semmelweis.hu\/fszoi\/wp-json\/wp\/v2\/types\/page"}],"author":[{"embeddable":true,"href":"https:\/\/semmelweis.hu\/fszoi\/wp-json\/wp\/v2\/users\/102174"}],"replies":[{"embeddable":true,"href":"https:\/\/semmelweis.hu\/fszoi\/wp-json\/wp\/v2\/comments?post=5235"}],"version-history":[{"count":1,"href":"https:\/\/semmelweis.hu\/fszoi\/wp-json\/wp\/v2\/pages\/5235\/revisions"}],"predecessor-version":[{"id":5236,"href":"https:\/\/semmelweis.hu\/fszoi\/wp-json\/wp\/v2\/pages\/5235\/revisions\/5236"}],"up":[{"embeddable":true,"href":"https:\/\/semmelweis.hu\/fszoi\/wp-json\/wp\/v2\/pages\/4382"}],"wp:attachment":[{"href":"https:\/\/semmelweis.hu\/fszoi\/wp-json\/wp\/v2\/media?parent=5235"}],"wp:term":[{"taxonomy":"category","embeddable":true,"href":"https:\/\/semmelweis.hu\/fszoi\/wp-json\/wp\/v2\/categories?post=5235"},{"taxonomy":"post_tag","embeddable":true,"href":"https:\/\/semmelweis.hu\/fszoi\/wp-json\/wp\/v2\/tags?post=5235"}],"curies":[{"name":"wp","href":"https:\/\/api.w.org\/{rel}","templated":true}]}}