{"id":5195,"date":"2024-01-18T11:01:04","date_gmt":"2024-01-18T10:01:04","guid":{"rendered":"https:\/\/semmelweis.hu\/fszoi\/?page_id=5195"},"modified":"2024-02-06T15:06:03","modified_gmt":"2024-02-06T14:06:03","slug":"phd-temak","status":"publish","type":"page","link":"https:\/\/semmelweis.hu\/fszoi\/kutatas\/phd-temak\/","title":{"rendered":"PhD t\u00e9m\u00e1k"},"content":{"rendered":"<p><strong>Int\u00e9zet\u00fcnkben jelenleg az al\u00e1bbi PhD t\u00e9m\u00e1kkal foglalkozunk:<br \/>\n<\/strong><\/p>\n<table style=\"width: 84.093%\" width=\"1007\">\n<tbody>\n<tr>\n<td style=\"width: 18.842%;text-align: center\" width=\"177\">PhD hallgat\u00f3 neve<\/td>\n<td style=\"width: 16.9545%;text-align: center\" width=\"129\">T\u00e9mavezet\u0151<\/td>\n<td style=\"width: 17.9087%;text-align: center\" width=\"238\">Doktori Iskola\/ Program<\/td>\n<td style=\"width: 61.1133%;text-align: center\" width=\"463\">T\u00e9ma c\u00edme<\/td>\n<\/tr>\n<tr>\n<td style=\"width: 18.842%;text-align: center\" width=\"177\">Bruna Katherine Guimar\u00e3es Carvalho<\/td>\n<td style=\"width: 16.9545%;text-align: center\">Dr. Kivovics M\u00e1rton<\/td>\n<td style=\"width: 17.9087%;text-align: center\" width=\"238\">Transzl\u00e1ci\u00f3s Medicina K\u00f6zpont<\/td>\n<td style=\"width: 61.1133%;text-align: center\" width=\"463\"><a href=\"https:\/\/semmelweis.hu\/fszoi\/files\/2021\/01\/Digit%C3%A1lis-fog%C3%A1szati-technik%C3%A1k.pdf\">Digital Dental Solutions in the Surgical Rehabilitation of the Dento-Maxillofacial Region<\/a><\/td>\n<\/tr>\n<tr>\n<td style=\"width: 18.842%;text-align: center\">Dr. Iv\u00e1nyi D\u00f3ra\u00a0<\/td>\n<td style=\"width: 16.9545%;text-align: center\">Dr. N\u00e9meth Orsolya<\/td>\n<td style=\"width: 17.9087%;text-align: center\" width=\"238\">Semmelweis Egyetem Doktori Iskola<\/td>\n<td style=\"width: 61.1133%;text-align: center\" width=\"463\"><a href=\"https:\/\/semmelweis.hu\/fszoi\/files\/2021\/01\/Periimplantaris-gyullad%C3%A1sok-%C3%A9s-prevenci%C3%B3juk.pdf\">Periimplant\u00e1lis gyullad\u00e1sok prevenci\u00f3ja<\/a><\/td>\n<\/tr>\n<tr>\n<td style=\"width: 18.842%;text-align: center\">Dr. Domokos Zsuzsanna<\/td>\n<td style=\"width: 16.9545%;text-align: center\">Dr. N\u00e9meth Orsolya<\/td>\n<td style=\"width: 17.9087%;text-align: center\" width=\"238\">Semmelweis Egyetem Doktori Iskola<\/td>\n<td style=\"width: 61.1133%;text-align: center\" width=\"463\">Investigation of the link between different diseases from the aspect of the oral microbiome<\/td>\n<\/tr>\n<tr>\n<td style=\"width: 18.842%;text-align: center\">Dr. T\u00e1bi Dalma<\/td>\n<td style=\"width: 16.9545%;text-align: center\">Dr. N\u00e9meth Orsolya<\/td>\n<td style=\"width: 17.9087%;text-align: center\" width=\"238\">Transzl\u00e1ci\u00f3s Medicina K\u00f6zpont<\/td>\n<td style=\"width: 61.1133%;text-align: center\" width=\"463\">Dental prevention procedures in childhood and children with special needs<\/td>\n<\/tr>\n<tr>\n<td style=\"width: 18.842%;text-align: center\">Dr. Tak\u00e1cs Anna<\/td>\n<td style=\"width: 16.9545%;text-align: center\">Dr. Kivovics M\u00e1rton<\/td>\n<td style=\"width: 17.9087%;text-align: center\" width=\"238\">Transzl\u00e1ci\u00f3s Medicina K\u00f6zpont<\/td>\n<td style=\"width: 61.1133%;text-align: center\" width=\"463\">Digit\u00e1lis fog\u00e1szati megold\u00e1sok az or\u00e1lis rehabilit\u00e1ci\u00f3ban<\/td>\n<\/tr>\n<tr>\n<td style=\"width: 18.842%;text-align: center\">Dr. S\u00e1rai B\u00e1lint Zsombor<\/td>\n<td style=\"width: 16.9545%;text-align: center\">Dr. N\u00e9meth Orsolya<\/td>\n<td style=\"width: 17.9087%;text-align: center\" width=\"238\">Transzl\u00e1ci\u00f3s Medicina K\u00f6zpont<\/td>\n<td style=\"width: 61.1133%;text-align: center\" width=\"463\">Daily aspects of oral medicine<\/td>\n<\/tr>\n<tr>\n<td style=\"width: 18.842%;text-align: center\">Dr. Uhrin Eszter<\/td>\n<td style=\"width: 16.9545%;text-align: center\">Dr. N\u00e9meth Orsolya<\/td>\n<td style=\"width: 17.9087%;text-align: center\" width=\"238\">Transzl\u00e1ci\u00f3s Medicina K\u00f6zpont<\/td>\n<td style=\"width: 61.1133%;text-align: center\" width=\"463\">Teledentistry in oral medicine<\/td>\n<\/tr>\n<tr>\n<td style=\"width: 18.842%;text-align: center\">Dr. Simon Fanni<\/td>\n<td style=\"width: 16.9545%;text-align: center\">Dr. N\u00e9meth Orsolya<\/td>\n<td style=\"width: 17.9087%;text-align: center\" width=\"238\">Semmelweis Egyetem Doktori Iskola<\/td>\n<td style=\"width: 61.1133%;text-align: center\" width=\"463\"><a href=\"https:\/\/semmelweis.hu\/fszoi\/files\/2021\/01\/Kutata%CC%81si_o%CC%88sszefoglalo_Simon.pdf\">Comparative Analysis of Modern Dental Prevention Techniques in Periodontal Therapy and Their Integration into eHealth<\/a><\/td>\n<\/tr>\n<\/tbody>\n<\/table>\n<p><strong><br \/>\nInt\u00e9zet\u00fcnkben kor\u00e1bban az al\u00e1bbi PhD t\u00e9m\u00e1kkal foglalkoztunk:\u00a0<\/strong><\/p>\n<ul>\n<li><a href=\"https:\/\/semmelweis.hu\/fszoi\/files\/2021\/01\/Ajak-%C3%A9s-sz%C3%A1jpadhasad%C3%A9kos-betegek-protetikai-rehabilit%C3%A1ci%C3%B3ja.pdf\">Ajak- \u00e9s sz\u00e1jpadhasad\u00e9kos betegek protetikai rehabilit\u00e1ci\u00f3ja<\/a><\/li>\n<li><a href=\"https:\/\/semmelweis.hu\/fszoi\/files\/2021\/01\/Speci%C3%A1lis-ell%C3%A1t%C3%A1st-ig%C3%A9nyl%C5%91-p%C3%A1ciensek-fog%C3%A1szati-ell%C3%A1t%C3%A1sa.pdf\">Speci\u00e1lis ell\u00e1t\u00e1st ig\u00e9nyl\u0151 p\u00e1ciensek fog\u00e1szati ell\u00e1t\u00e1sa<\/a><\/li>\n<li><a href=\"https:\/\/semmelweis.hu\/fszoi\/files\/2021\/01\/Bioanyagok_felhaszn%C3%A1l%C3%A1sa_az_arc-_%C3%A1llcsont_%C3%A9s_sz%C3%A1jk%C3%A9pletek.pdf\">Bioanyagok felhaszn\u00e1l\u00e1sa az arc-, \u00e1llcsont \u00e9s sz\u00e1jk\u00e9pletek seb\u00e9szi helyre\u00e1ll\u00edt\u00e1s\u00e1ban<\/a><\/li>\n<li><a href=\"https:\/\/semmelweis.hu\/fszoi\/files\/2021\/01\/Digit%C3%A1lis-fog%C3%A1szati-technik%C3%A1k.pdf\">Digit\u00e1lis fog\u00e1szati technik\u00e1k felhaszn\u00e1l\u00e1sa az arc-, \u00e1llcsont \u00e9s sz\u00e1jk\u00e9pletek seb\u00e9szi helyre\u00e1ll\u00edt\u00e1s\u00e1ban<\/a><\/li>\n<li><a href=\"https:\/\/semmelweis.hu\/fszoi\/files\/2021\/01\/M%C3%B3dos%C3%ADtott-t%C3%A1g%C3%ADt%C3%A1sos-osteotomia-m%C5%B1t%C3%A9ttechnika.pdf\">M\u00f3dos\u00edtott t\u00e1g\u00edt\u00e1sos osteotomia m\u0171t\u00e9ttechnika eredm\u00e9nyess\u00e9g\u00e9nek vizsg\u00e1lata klinikai, sz\u00f6vettani \u00e9s microCT m\u00f3dszerekkel<\/a><\/li>\n<\/ul>\n<p>Egyetem\u00fcnk<a href=\"https:\/\/semmelweis.hu\/phd\/doktori-iskolak\/\">\u00a0Doktori Iskol\u00e1j\u00e1nak\u00a0<\/a>honlapj\u00e1t ide kattintva tal\u00e1lj\u00e1k.<\/p>\n","protected":false},"excerpt":{"rendered":"<p>Int\u00e9zet\u00fcnkben jelenleg az al\u00e1bbi PhD t\u00e9m\u00e1kkal foglalkozunk: PhD hallgat\u00f3 neve T\u00e9mavezet\u0151 Doktori Iskola\/ Program T\u00e9ma c\u00edme Bruna Katherine Guimar\u00e3es Carvalho Dr. Kivovics M\u00e1rton Transzl\u00e1ci\u00f3s Medicina K\u00f6zpont <a href=\"https:\/\/semmelweis.hu\/fszoi\/files\/2021\/01\/Digit%C3%A1lis-fog%C3%A1szati-technik%C3%A1k.pdf\">Digital Dental Solutions in the Surgical Rehabilitation of the Dento-Maxillofacial Region<\/a> Dr. Iv\u00e1nyi D\u00f3ra\u00a0 Dr. N\u00e9meth Orsolya Semmelweis Egyetem Doktori Iskola <a href=\"https:\/\/semmelweis.hu\/fszoi\/files\/2021\/01\/Periimplantaris-gyullad%C3%A1sok-%C3%A9s-prevenci%C3%B3juk.pdf\">Periimplant\u00e1lis gyullad\u00e1sok prevenci\u00f3ja<\/a> Dr. Domokos Zsuzsanna Dr. N\u00e9meth Orsolya Semmelweis Egyetem Doktori Iskola Investigation of the link between different diseases from the &hellip;<\/p>\n","protected":false},"author":102174,"featured_media":0,"parent":4382,"menu_order":2,"comment_status":"closed","ping_status":"closed","template":"","meta":{"_acf_changed":false,"footnotes":""},"categories":[],"tags":[],"class_list":["post-5195","page","type-page","status-publish","hentry"],"acf":[],"_links":{"self":[{"href":"https:\/\/semmelweis.hu\/fszoi\/wp-json\/wp\/v2\/pages\/5195","targetHints":{"allow":["GET"]}}],"collection":[{"href":"https:\/\/semmelweis.hu\/fszoi\/wp-json\/wp\/v2\/pages"}],"about":[{"href":"https:\/\/semmelweis.hu\/fszoi\/wp-json\/wp\/v2\/types\/page"}],"author":[{"embeddable":true,"href":"https:\/\/semmelweis.hu\/fszoi\/wp-json\/wp\/v2\/users\/102174"}],"replies":[{"embeddable":true,"href":"https:\/\/semmelweis.hu\/fszoi\/wp-json\/wp\/v2\/comments?post=5195"}],"version-history":[{"count":4,"href":"https:\/\/semmelweis.hu\/fszoi\/wp-json\/wp\/v2\/pages\/5195\/revisions"}],"predecessor-version":[{"id":5213,"href":"https:\/\/semmelweis.hu\/fszoi\/wp-json\/wp\/v2\/pages\/5195\/revisions\/5213"}],"up":[{"embeddable":true,"href":"https:\/\/semmelweis.hu\/fszoi\/wp-json\/wp\/v2\/pages\/4382"}],"wp:attachment":[{"href":"https:\/\/semmelweis.hu\/fszoi\/wp-json\/wp\/v2\/media?parent=5195"}],"wp:term":[{"taxonomy":"category","embeddable":true,"href":"https:\/\/semmelweis.hu\/fszoi\/wp-json\/wp\/v2\/categories?post=5195"},{"taxonomy":"post_tag","embeddable":true,"href":"https:\/\/semmelweis.hu\/fszoi\/wp-json\/wp\/v2\/tags?post=5195"}],"curies":[{"name":"wp","href":"https:\/\/api.w.org\/{rel}","templated":true}]}}