{"id":5123,"date":"2023-12-05T12:57:20","date_gmt":"2023-12-05T11:57:20","guid":{"rendered":"https:\/\/semmelweis.hu\/fszoi\/?page_id=5123"},"modified":"2025-04-28T11:31:05","modified_gmt":"2025-04-28T09:31:05","slug":"betegtajekoztatok","status":"publish","type":"page","link":"https:\/\/semmelweis.hu\/fszoi\/jarobetegszakrendelesek-ambulanciak\/betegtajekoztatok\/","title":{"rendered":"Betegt\u00e1j\u00e9koztat\u00f3k"},"content":{"rendered":"<div class=\"keretes w-100\">\n<ul style=\"list-style-type: square\">\n<li>\n<h5><a href=\"https:\/\/semmelweis.hu\/fszoi\/files\/2025\/04\/Tanacsok-fogeltavolitas-utan-FRISS.pdf\"><strong>Tan\u00e1csok a fogelt\u00e1vol\u00edt\u00e1s ut\u00e1n<\/strong><\/a><\/h5>\n<\/li>\n<li>\n<h5><a href=\"https:\/\/semmelweis.hu\/fszoi\/files\/2025\/04\/Tanacsok-szajszarassag-eseten-FRISS.pdf\"><strong>Tan\u00e1csok sz\u00e1jsz\u00e1razs\u00e1g eset\u00e9n<\/strong><\/a><\/h5>\n<\/li>\n<li>\n<h5><strong><a href=\"https:\/\/semmelweis.hu\/fszoi\/files\/2025\/04\/Beleegyezo-nyilatkozat-altalanos-FRISS.pdf\">\u00c1ltal\u00e1nos beleegyez\u0151 nyilatkozat<\/a><\/strong><\/h5>\n<\/li>\n<\/ul>\n<\/div>\n","protected":false},"excerpt":{"rendered":"<p><a href=\"https:\/\/semmelweis.hu\/fszoi\/files\/2025\/04\/Tanacsok-fogeltavolitas-utan-FRISS.pdf\">Tan\u00e1csok a fogelt\u00e1vol\u00edt\u00e1s ut\u00e1n<\/a><\/p>\n<p><a href=\"https:\/\/semmelweis.hu\/fszoi\/files\/2025\/04\/Tanacsok-szajszarassag-eseten-FRISS.pdf\">Tan\u00e1csok sz\u00e1jsz\u00e1razs\u00e1g eset\u00e9n<\/a><\/p>\n<p><a href=\"https:\/\/semmelweis.hu\/fszoi\/files\/2025\/04\/Beleegyezo-nyilatkozat-altalanos-FRISS.pdf\">\u00c1ltal\u00e1nos beleegyez\u0151 nyilatkozat<\/a><\/p>\n","protected":false},"author":102174,"featured_media":0,"parent":958,"menu_order":0,"comment_status":"closed","ping_status":"closed","template":"","meta":{"_acf_changed":false,"footnotes":""},"categories":[],"tags":[],"class_list":["post-5123","page","type-page","status-publish","hentry"],"acf":[],"_links":{"self":[{"href":"https:\/\/semmelweis.hu\/fszoi\/wp-json\/wp\/v2\/pages\/5123","targetHints":{"allow":["GET"]}}],"collection":[{"href":"https:\/\/semmelweis.hu\/fszoi\/wp-json\/wp\/v2\/pages"}],"about":[{"href":"https:\/\/semmelweis.hu\/fszoi\/wp-json\/wp\/v2\/types\/page"}],"author":[{"embeddable":true,"href":"https:\/\/semmelweis.hu\/fszoi\/wp-json\/wp\/v2\/users\/102174"}],"replies":[{"embeddable":true,"href":"https:\/\/semmelweis.hu\/fszoi\/wp-json\/wp\/v2\/comments?post=5123"}],"version-history":[{"count":10,"href":"https:\/\/semmelweis.hu\/fszoi\/wp-json\/wp\/v2\/pages\/5123\/revisions"}],"predecessor-version":[{"id":5491,"href":"https:\/\/semmelweis.hu\/fszoi\/wp-json\/wp\/v2\/pages\/5123\/revisions\/5491"}],"up":[{"embeddable":true,"href":"https:\/\/semmelweis.hu\/fszoi\/wp-json\/wp\/v2\/pages\/958"}],"wp:attachment":[{"href":"https:\/\/semmelweis.hu\/fszoi\/wp-json\/wp\/v2\/media?parent=5123"}],"wp:term":[{"taxonomy":"category","embeddable":true,"href":"https:\/\/semmelweis.hu\/fszoi\/wp-json\/wp\/v2\/categories?post=5123"},{"taxonomy":"post_tag","embeddable":true,"href":"https:\/\/semmelweis.hu\/fszoi\/wp-json\/wp\/v2\/tags?post=5123"}],"curies":[{"name":"wp","href":"https:\/\/api.w.org\/{rel}","templated":true}]}}